{"id":22723,"date":"2021-12-23T11:03:53","date_gmt":"2021-12-23T02:03:53","guid":{"rendered":"https:\/\/taritali.com\/?page_id=22723"},"modified":"2026-04-28T13:12:52","modified_gmt":"2026-04-28T05:12:52","slug":"increase","status":"publish","type":"page","link":"https:\/\/taritali.com\/vi\/increase","title":{"rendered":"N\u00e2ng cao t\u1ef7 l\u1ec7 ho\u00e0n ph\u00ed hoa h\u1ed3ng"},"content":{"rendered":"<p><img fetchpriority=\"high\" decoding=\"async\" class=\"alignnone size-full wp-image-34898\" src=\"https:\/\/taritali.com\/vi\/wp-content\/uploads\/sites\/2\/2026\/04\/333ae505bb7653a2aef2948054f59fac.png\" alt=\"\" width=\"1135\" height=\"340\" \/><\/p>\n<p><span style=\"font-weight: 400\">TariTali \u0111\u1ea3m b\u1ea3o mang \u0111\u1ebfn t\u1ef7 l\u1ec7 ho\u00e0n ph\u00ed hoa h\u1ed3ng v\u01b0\u1ee3t tr\u1ed9i so v\u1edbi c\u00e1c nh\u00e0 cung c\u1ea5p IB kh\u00e1c.<\/span><span style=\"font-weight: 400\"><br \/>\n<\/span><span style=\"font-weight: 400\">N\u1ebfu b\u1ea1n nh\u1eadn th\u1ea5y t\u1ef7 l\u1ec7 ho\u00e0n ph\u00ed t\u1eeb IB hi\u1ec7n t\u1ea1i ho\u1eb7c t\u1eeb c\u00e1c IB kh\u00e1c tr\u00ean th\u1ecb tr\u01b0\u1eddng cao h\u01a1n so v\u1edbi TariTali, h\u00e3y li\u00ean h\u1ec7 v\u1edbi ch\u00fang t\u00f4i qua bi\u1ec3u m\u1eabu b\u00ean d\u01b0\u1edbi.<\/span><\/p>\n<p><span style=\"font-weight: 400\">Khi t\u1ef7 l\u1ec7 ho\u00e0n ph\u00ed \u0111\u00e3 \u0111\u01b0\u1ee3c \u0111i\u1ec1u ch\u1ec9nh t\u0103ng, ch\u00fang t\u00f4i \u0111\u1ea3m b\u1ea3o r\u1eb1ng s\u1ebd kh\u00f4ng c\u00f3 s\u1ef1 gi\u1ea3m tr\u1eeb tr\u1eeb khi c\u00f3 thay \u0111\u1ed5i l\u1edbn v\u1ec1 d\u1ecbch v\u1ee5.<\/span><span style=\"font-weight: 400\"><br \/>\n<\/span><span style=\"font-weight: 400\">Xin l\u01b0u \u00fd: vui l\u00f2ng ho\u00e0n t\u1ea5t \u0111\u0103ng k\u00fd th\u00e0nh vi\u00ean trong <a href=\"https:\/\/taritali.com\/vi\/usermanual\">h\u1ec7 th\u1ed1ng ho\u00e0n ph\u00ed<\/a> c\u1ee7a ch\u00fang t\u00f4i tr\u01b0\u1edbc khi g\u1eedi y\u00eau c\u1ea7u.<\/span><\/p>\n<h3><span style=\"font-weight: 400\">M\u1eabu li\u00ean h\u1ec7 \u0111\u00e0m ph\u00e1n t\u1ef7 l\u1ec7 ho\u00e0n tr\u1ea3<\/span><\/h3>\n\n<div class=\"wpcf7 no-js\" id=\"wpcf7-f4827-o1\" lang=\"ja\" dir=\"ltr\">\n<div class=\"screen-reader-response\"><p role=\"status\" aria-live=\"polite\" aria-atomic=\"true\"><\/p> <ul><\/ul><\/div>\n<form action=\"\/vi\/wp-json\/wp\/v2\/pages\/22723#wpcf7-f4827-o1\" method=\"post\" class=\"wpcf7-form init\" aria-label=\"\u30b3\u30f3\u30bf\u30af\u30c8\u30d5\u30a9\u30fc\u30e0\" novalidate=\"novalidate\" data-status=\"init\">\n<div style=\"display: none;\">\n<input type=\"hidden\" name=\"_wpcf7\" value=\"4827\" \/>\n<input type=\"hidden\" name=\"_wpcf7_version\" value=\"5.8.1\" \/>\n<input type=\"hidden\" name=\"_wpcf7_locale\" value=\"ja\" \/>\n<input type=\"hidden\" name=\"_wpcf7_unit_tag\" value=\"wpcf7-f4827-o1\" \/>\n<input type=\"hidden\" name=\"_wpcf7_container_post\" value=\"0\" \/>\n<input type=\"hidden\" name=\"_wpcf7_posted_data_hash\" value=\"\" \/>\n<input type=\"hidden\" name=\"_wpcf7_recaptcha_response\" value=\"\" \/>\n<\/div>\n<p><label> H\u1ecd t\u00ean (b\u1eaft bu\u1ed9c)<br \/>\n<span class=\"wpcf7-form-control-wrap\" data-name=\"your-name\"><input size=\"40\" class=\"wpcf7-form-control wpcf7-text wpcf7-validates-as-required\" aria-required=\"true\" aria-invalid=\"false\" value=\"\" type=\"text\" name=\"your-name\" \/><\/span> <\/label>\n<\/p>\n<p><label> Email (b\u1eaft bu\u1ed9c)<br \/>\n<span class=\"wpcf7-form-control-wrap\" data-name=\"your-email\"><input size=\"40\" class=\"wpcf7-form-control wpcf7-email wpcf7-validates-as-required wpcf7-text wpcf7-validates-as-email\" aria-required=\"true\" aria-invalid=\"false\" value=\"\" type=\"email\" name=\"your-email\" \/><\/span> <\/label>\n<\/p>\n<p><label> T\u00ean IB hi\u1ec7n \u0111ang s\u1eed d\u1ee5ng ho\u1eb7c c\u00f3 t\u1ef7 l\u1ec7 ho\u00e0n ph\u00ed cao h\u01a1n (b\u1eaft bu\u1ed9c)<br \/>\n<span class=\"wpcf7-form-control-wrap\" data-name=\"your-ib\"><input size=\"40\" class=\"wpcf7-form-control wpcf7-text wpcf7-validates-as-required\" aria-required=\"true\" aria-invalid=\"false\" value=\"\" type=\"text\" name=\"your-ib\" \/><\/span> <\/label>\n<\/p>\n<p><label> Broker mu\u1ed1n s\u1eed d\u1ee5ng (b\u1eaft bu\u1ed9c)<br \/>\n<span class=\"wpcf7-form-control-wrap\" data-name=\"your-broker\"><input size=\"40\" class=\"wpcf7-form-control wpcf7-text wpcf7-validates-as-required\" aria-required=\"true\" aria-invalid=\"false\" value=\"\" type=\"text\" name=\"your-broker\" \/><\/span> <\/label>\n<\/p>\n<p><label> Th\u00f4ng tin li\u00ean quan \u0111\u1ebfn vi\u1ec7c IB kh\u00e1c t\u1ef7 l\u1ec7 ho\u00e0n ph\u00ed cao h\u01a1n<br \/>\n<span class=\"wpcf7-form-control-wrap\" data-name=\"your-message\"><textarea cols=\"40\" rows=\"10\" class=\"wpcf7-form-control wpcf7-textarea\" aria-invalid=\"false\" name=\"your-message\"><\/textarea><\/span> <\/label>\n<\/p>\n<p><input class=\"wpcf7-form-control wpcf7-submit has-spinner\" type=\"submit\" value=\"G\u1eedi\" \/>\n<\/p><p style=\"display: none !important;\"><label>&#916;<textarea name=\"_wpcf7_ak_hp_textarea\" cols=\"45\" rows=\"8\" maxlength=\"100\"><\/textarea><\/label><input type=\"hidden\" id=\"ak_js_1\" name=\"_wpcf7_ak_js\" value=\"166\"\/><script>document.getElementById( \"ak_js_1\" ).setAttribute( \"value\", ( new Date() ).getTime() );<\/script><\/p><div class=\"wpcf7-response-output\" aria-hidden=\"true\"><\/div>\n<\/form>\n<\/div>\n\n","protected":false},"excerpt":{"rendered":"<p>TariTali \u0111\u1ea3m b\u1ea3o mang \u0111\u1ebfn t\u1ef7 l\u1ec7 ho\u00e0n ph\u00ed hoa h\u1ed3ng v\u01b0\u1ee3t tr\u1ed9i so v\u1edbi c\u00e1c nh\u00e0 cung c\u1ea5p IB kh\u00e1c. N\u1ebfu b\u1ea1n nh\u1eadn th\u1ea5y t\u1ef7 l\u1ec7 ho\u00e0n ph\u00ed t\u1eeb IB hi\u1ec7n t\u1ea1i ho\u1eb7c t\u1eeb c\u00e1c IB kh\u00e1c tr\u00ean th\u1ecb tr\u01b0\u1eddng cao h\u01a1n so v\u1edbi TariTali, h\u00e3y li\u00ean h\u1ec7 v\u1edbi ch\u00fang t\u00f4i qua bi\u1ec3u m\u1eabu b\u00ean d\u01b0\u1edbi. Khi t\u1ef7 l\u1ec7 ho\u00e0n ph\u00ed \u0111\u00e3 \u0111\u01b0\u1ee3c \u0111i\u1ec1u ch\u1ec9nh t\u0103ng, ch\u00fang t\u00f4i \u0111\u1ea3m b\u1ea3o r\u1eb1ng s\u1ebd kh\u00f4ng c\u00f3 s\u1ef1 gi\u1ea3m tr\u1eeb tr\u1eeb khi c\u00f3 thay \u0111\u1ed5i l\u1edbn v\u1ec1 d\u1ecbch v\u1ee5. Xin l\u01b0u \u00fd: vui l\u00f2ng ho\u00e0n t\u1ea5t \u0111\u0103ng k\u00fd th\u00e0nh vi\u00ean trong h\u1ec7 th\u1ed1ng ho\u00e0n ph\u00ed c\u1ee7a ch\u00fang t\u00f4i tr\u01b0\u1edbc khi g\u1eedi y\u00eau\u30fb\u30fb\u30fb<\/p>\n","protected":false},"author":2,"featured_media":34891,"parent":0,"menu_order":0,"comment_status":"closed","ping_status":"closed","template":"","meta":{"footnotes":""},"yoast_head":"<!-- This site is optimized with the Yoast SEO plugin v23.1 - https:\/\/yoast.com\/wordpress\/plugins\/seo\/ -->\n<title>N\u00e2ng cao t\u1ef7 l\u1ec7 ho\u00e0n ph\u00ed hoa h\u1ed3ng - TariTali - L\u1ef1a ch\u1ecdn h\u00e0ng \u0111\u1ea7u cho ho\u00e0n tr\u1ea3 Forex<\/title>\n<meta name=\"robots\" content=\"index, follow, max-snippet:-1, max-image-preview:large, max-video-preview:-1\" \/>\n<link rel=\"canonical\" href=\"https:\/\/taritali.com\/vi\/increase\" \/>\n<meta property=\"og:locale\" content=\"vi_VN\" \/>\n<meta property=\"og:type\" content=\"article\" \/>\n<meta property=\"og:title\" content=\"N\u00e2ng cao t\u1ef7 l\u1ec7 ho\u00e0n ph\u00ed hoa h\u1ed3ng - TariTali - L\u1ef1a ch\u1ecdn h\u00e0ng \u0111\u1ea7u cho ho\u00e0n tr\u1ea3 Forex\" \/>\n<meta property=\"og:description\" content=\"TariTali \u0111\u1ea3m b\u1ea3o mang \u0111\u1ebfn t\u1ef7 l\u1ec7 ho\u00e0n ph\u00ed hoa h\u1ed3ng v\u01b0\u1ee3t tr\u1ed9i so v\u1edbi c\u00e1c nh\u00e0 cung c\u1ea5p IB kh\u00e1c. N\u1ebfu b\u1ea1n nh\u1eadn th\u1ea5y t\u1ef7 l\u1ec7 ho\u00e0n ph\u00ed t\u1eeb IB hi\u1ec7n t\u1ea1i ho\u1eb7c t\u1eeb c\u00e1c IB kh\u00e1c tr\u00ean th\u1ecb tr\u01b0\u1eddng cao h\u01a1n so v\u1edbi TariTali, h\u00e3y li\u00ean h\u1ec7 v\u1edbi ch\u00fang t\u00f4i qua bi\u1ec3u m\u1eabu b\u00ean d\u01b0\u1edbi. Khi t\u1ef7 l\u1ec7 ho\u00e0n ph\u00ed \u0111\u00e3 \u0111\u01b0\u1ee3c \u0111i\u1ec1u ch\u1ec9nh t\u0103ng, ch\u00fang t\u00f4i \u0111\u1ea3m b\u1ea3o r\u1eb1ng s\u1ebd kh\u00f4ng c\u00f3 s\u1ef1 gi\u1ea3m tr\u1eeb tr\u1eeb khi c\u00f3 thay \u0111\u1ed5i l\u1edbn v\u1ec1 d\u1ecbch v\u1ee5. Xin l\u01b0u \u00fd: vui l\u00f2ng ho\u00e0n t\u1ea5t \u0111\u0103ng k\u00fd th\u00e0nh vi\u00ean trong h\u1ec7 th\u1ed1ng ho\u00e0n ph\u00ed c\u1ee7a ch\u00fang t\u00f4i tr\u01b0\u1edbc khi g\u1eedi y\u00eau\u30fb\u30fb\u30fb\" \/>\n<meta property=\"og:url\" content=\"https:\/\/taritali.com\/vi\/increase\" \/>\n<meta property=\"og:site_name\" content=\"TariTali - L\u1ef1a ch\u1ecdn h\u00e0ng \u0111\u1ea7u cho ho\u00e0n tr\u1ea3 Forex\" \/>\n<meta property=\"article:modified_time\" content=\"2026-04-28T05:12:52+00:00\" \/>\n<meta property=\"og:image\" content=\"https:\/\/taritali.com\/vi\/wp-content\/uploads\/sites\/2\/2026\/04\/70c0b6d85f0db0964eb43d1650fed752.png\" \/>\n\t<meta property=\"og:image:width\" content=\"666\" \/>\n\t<meta property=\"og:image:height\" content=\"200\" \/>\n\t<meta property=\"og:image:type\" content=\"image\/png\" \/>\n<meta name=\"twitter:card\" content=\"summary_large_image\" \/>\n<meta name=\"twitter:label1\" content=\"\u01af\u1edbc t\u00ednh th\u1eddi gian \u0111\u1ecdc\" \/>\n\t<meta name=\"twitter:data1\" content=\"2 ph\u00fat\" \/>\n<script type=\"application\/ld+json\" class=\"yoast-schema-graph\">{\"@context\":\"https:\/\/schema.org\",\"@graph\":[{\"@type\":\"WebPage\",\"@id\":\"https:\/\/taritali.com\/vi\/increase\",\"url\":\"https:\/\/taritali.com\/vi\/increase\",\"name\":\"N\u00e2ng cao t\u1ef7 l\u1ec7 ho\u00e0n ph\u00ed hoa h\u1ed3ng - TariTali - L\u1ef1a ch\u1ecdn h\u00e0ng \u0111\u1ea7u cho ho\u00e0n tr\u1ea3 Forex\",\"isPartOf\":{\"@id\":\"https:\/\/taritali.com\/vi\/#website\"},\"primaryImageOfPage\":{\"@id\":\"https:\/\/taritali.com\/vi\/increase#primaryimage\"},\"image\":{\"@id\":\"https:\/\/taritali.com\/vi\/increase#primaryimage\"},\"thumbnailUrl\":\"https:\/\/taritali.com\/vi\/wp-content\/uploads\/sites\/2\/2026\/04\/70c0b6d85f0db0964eb43d1650fed752.png\",\"datePublished\":\"2021-12-23T02:03:53+00:00\",\"dateModified\":\"2026-04-28T05:12:52+00:00\",\"breadcrumb\":{\"@id\":\"https:\/\/taritali.com\/vi\/increase#breadcrumb\"},\"inLanguage\":\"vi\",\"potentialAction\":[{\"@type\":\"ReadAction\",\"target\":[\"https:\/\/taritali.com\/vi\/increase\"]}]},{\"@type\":\"ImageObject\",\"inLanguage\":\"vi\",\"@id\":\"https:\/\/taritali.com\/vi\/increase#primaryimage\",\"url\":\"https:\/\/taritali.com\/vi\/wp-content\/uploads\/sites\/2\/2026\/04\/70c0b6d85f0db0964eb43d1650fed752.png\",\"contentUrl\":\"https:\/\/taritali.com\/vi\/wp-content\/uploads\/sites\/2\/2026\/04\/70c0b6d85f0db0964eb43d1650fed752.png\",\"width\":666,\"height\":200},{\"@type\":\"BreadcrumbList\",\"@id\":\"https:\/\/taritali.com\/vi\/increase#breadcrumb\",\"itemListElement\":[{\"@type\":\"ListItem\",\"position\":1,\"name\":\"Trang ch\u1ee7\",\"item\":\"https:\/\/taritali.com\/vi\/\"},{\"@type\":\"ListItem\",\"position\":2,\"name\":\"N\u00e2ng cao t\u1ef7 l\u1ec7 ho\u00e0n ph\u00ed hoa h\u1ed3ng\"}]},{\"@type\":\"WebSite\",\"@id\":\"https:\/\/taritali.com\/vi\/#website\",\"url\":\"https:\/\/taritali.com\/vi\/\",\"name\":\"TariTali - L\u1ef1a ch\u1ecdn h\u00e0ng \u0111\u1ea7u cho ho\u00e0n tr\u1ea3 Forex\",\"description\":\"\",\"publisher\":{\"@id\":\"https:\/\/taritali.com\/vi\/#organization\"},\"potentialAction\":[{\"@type\":\"SearchAction\",\"target\":{\"@type\":\"EntryPoint\",\"urlTemplate\":\"https:\/\/taritali.com\/vi\/?s={search_term_string}\"},\"query-input\":\"required name=search_term_string\"}],\"inLanguage\":\"vi\"},{\"@type\":\"Organization\",\"@id\":\"https:\/\/taritali.com\/vi\/#organization\",\"name\":\"TariTali - L\u1ef1a ch\u1ecdn h\u00e0ng \u0111\u1ea7u cho ho\u00e0n tr\u1ea3 Forex\",\"url\":\"https:\/\/taritali.com\/vi\/\",\"logo\":{\"@type\":\"ImageObject\",\"inLanguage\":\"vi\",\"@id\":\"https:\/\/taritali.com\/vi\/#\/schema\/logo\/image\/\",\"url\":\"https:\/\/taritali.com\/vi\/wp-content\/uploads\/sites\/2\/2024\/01\/logo.png\",\"contentUrl\":\"https:\/\/taritali.com\/vi\/wp-content\/uploads\/sites\/2\/2024\/01\/logo.png\",\"width\":215,\"height\":90,\"caption\":\"TariTali - L\u1ef1a ch\u1ecdn h\u00e0ng \u0111\u1ea7u cho ho\u00e0n tr\u1ea3 Forex\"},\"image\":{\"@id\":\"https:\/\/taritali.com\/vi\/#\/schema\/logo\/image\/\"}}]}<\/script>\n<!-- \/ Yoast SEO plugin. -->","yoast_head_json":{"title":"N\u00e2ng cao t\u1ef7 l\u1ec7 ho\u00e0n ph\u00ed hoa h\u1ed3ng - TariTali - L\u1ef1a ch\u1ecdn h\u00e0ng \u0111\u1ea7u cho ho\u00e0n tr\u1ea3 Forex","robots":{"index":"index","follow":"follow","max-snippet":"max-snippet:-1","max-image-preview":"max-image-preview:large","max-video-preview":"max-video-preview:-1"},"canonical":"https:\/\/taritali.com\/vi\/increase","og_locale":"vi_VN","og_type":"article","og_title":"N\u00e2ng cao t\u1ef7 l\u1ec7 ho\u00e0n ph\u00ed hoa h\u1ed3ng - TariTali - L\u1ef1a ch\u1ecdn h\u00e0ng \u0111\u1ea7u cho ho\u00e0n tr\u1ea3 Forex","og_description":"TariTali \u0111\u1ea3m b\u1ea3o mang \u0111\u1ebfn t\u1ef7 l\u1ec7 ho\u00e0n ph\u00ed hoa h\u1ed3ng v\u01b0\u1ee3t tr\u1ed9i so v\u1edbi c\u00e1c nh\u00e0 cung c\u1ea5p IB kh\u00e1c. N\u1ebfu b\u1ea1n nh\u1eadn th\u1ea5y t\u1ef7 l\u1ec7 ho\u00e0n ph\u00ed t\u1eeb IB hi\u1ec7n t\u1ea1i ho\u1eb7c t\u1eeb c\u00e1c IB kh\u00e1c tr\u00ean th\u1ecb tr\u01b0\u1eddng cao h\u01a1n so v\u1edbi TariTali, h\u00e3y li\u00ean h\u1ec7 v\u1edbi ch\u00fang t\u00f4i qua bi\u1ec3u m\u1eabu b\u00ean d\u01b0\u1edbi. Khi t\u1ef7 l\u1ec7 ho\u00e0n ph\u00ed \u0111\u00e3 \u0111\u01b0\u1ee3c \u0111i\u1ec1u ch\u1ec9nh t\u0103ng, ch\u00fang t\u00f4i \u0111\u1ea3m b\u1ea3o r\u1eb1ng s\u1ebd kh\u00f4ng c\u00f3 s\u1ef1 gi\u1ea3m tr\u1eeb tr\u1eeb khi c\u00f3 thay \u0111\u1ed5i l\u1edbn v\u1ec1 d\u1ecbch v\u1ee5. Xin l\u01b0u \u00fd: vui l\u00f2ng ho\u00e0n t\u1ea5t \u0111\u0103ng k\u00fd th\u00e0nh vi\u00ean trong h\u1ec7 th\u1ed1ng ho\u00e0n ph\u00ed c\u1ee7a ch\u00fang t\u00f4i tr\u01b0\u1edbc khi g\u1eedi y\u00eau\u30fb\u30fb\u30fb","og_url":"https:\/\/taritali.com\/vi\/increase","og_site_name":"TariTali - L\u1ef1a ch\u1ecdn h\u00e0ng \u0111\u1ea7u cho ho\u00e0n tr\u1ea3 Forex","article_modified_time":"2026-04-28T05:12:52+00:00","og_image":[{"width":666,"height":200,"url":"https:\/\/taritali.com\/vi\/wp-content\/uploads\/sites\/2\/2026\/04\/70c0b6d85f0db0964eb43d1650fed752.png","type":"image\/png"}],"twitter_card":"summary_large_image","twitter_misc":{"\u01af\u1edbc t\u00ednh th\u1eddi gian \u0111\u1ecdc":"2 ph\u00fat"},"schema":{"@context":"https:\/\/schema.org","@graph":[{"@type":"WebPage","@id":"https:\/\/taritali.com\/vi\/increase","url":"https:\/\/taritali.com\/vi\/increase","name":"N\u00e2ng cao t\u1ef7 l\u1ec7 ho\u00e0n ph\u00ed hoa h\u1ed3ng - TariTali - L\u1ef1a ch\u1ecdn h\u00e0ng \u0111\u1ea7u cho ho\u00e0n tr\u1ea3 Forex","isPartOf":{"@id":"https:\/\/taritali.com\/vi\/#website"},"primaryImageOfPage":{"@id":"https:\/\/taritali.com\/vi\/increase#primaryimage"},"image":{"@id":"https:\/\/taritali.com\/vi\/increase#primaryimage"},"thumbnailUrl":"https:\/\/taritali.com\/vi\/wp-content\/uploads\/sites\/2\/2026\/04\/70c0b6d85f0db0964eb43d1650fed752.png","datePublished":"2021-12-23T02:03:53+00:00","dateModified":"2026-04-28T05:12:52+00:00","breadcrumb":{"@id":"https:\/\/taritali.com\/vi\/increase#breadcrumb"},"inLanguage":"vi","potentialAction":[{"@type":"ReadAction","target":["https:\/\/taritali.com\/vi\/increase"]}]},{"@type":"ImageObject","inLanguage":"vi","@id":"https:\/\/taritali.com\/vi\/increase#primaryimage","url":"https:\/\/taritali.com\/vi\/wp-content\/uploads\/sites\/2\/2026\/04\/70c0b6d85f0db0964eb43d1650fed752.png","contentUrl":"https:\/\/taritali.com\/vi\/wp-content\/uploads\/sites\/2\/2026\/04\/70c0b6d85f0db0964eb43d1650fed752.png","width":666,"height":200},{"@type":"BreadcrumbList","@id":"https:\/\/taritali.com\/vi\/increase#breadcrumb","itemListElement":[{"@type":"ListItem","position":1,"name":"Trang ch\u1ee7","item":"https:\/\/taritali.com\/vi\/"},{"@type":"ListItem","position":2,"name":"N\u00e2ng cao t\u1ef7 l\u1ec7 ho\u00e0n ph\u00ed hoa h\u1ed3ng"}]},{"@type":"WebSite","@id":"https:\/\/taritali.com\/vi\/#website","url":"https:\/\/taritali.com\/vi\/","name":"TariTali - L\u1ef1a ch\u1ecdn h\u00e0ng \u0111\u1ea7u cho ho\u00e0n tr\u1ea3 Forex","description":"","publisher":{"@id":"https:\/\/taritali.com\/vi\/#organization"},"potentialAction":[{"@type":"SearchAction","target":{"@type":"EntryPoint","urlTemplate":"https:\/\/taritali.com\/vi\/?s={search_term_string}"},"query-input":"required name=search_term_string"}],"inLanguage":"vi"},{"@type":"Organization","@id":"https:\/\/taritali.com\/vi\/#organization","name":"TariTali - L\u1ef1a ch\u1ecdn h\u00e0ng \u0111\u1ea7u cho ho\u00e0n tr\u1ea3 Forex","url":"https:\/\/taritali.com\/vi\/","logo":{"@type":"ImageObject","inLanguage":"vi","@id":"https:\/\/taritali.com\/vi\/#\/schema\/logo\/image\/","url":"https:\/\/taritali.com\/vi\/wp-content\/uploads\/sites\/2\/2024\/01\/logo.png","contentUrl":"https:\/\/taritali.com\/vi\/wp-content\/uploads\/sites\/2\/2024\/01\/logo.png","width":215,"height":90,"caption":"TariTali - L\u1ef1a ch\u1ecdn h\u00e0ng \u0111\u1ea7u cho ho\u00e0n tr\u1ea3 Forex"},"image":{"@id":"https:\/\/taritali.com\/vi\/#\/schema\/logo\/image\/"}}]}},"_links":{"self":[{"href":"https:\/\/taritali.com\/vi\/wp-json\/wp\/v2\/pages\/22723"}],"collection":[{"href":"https:\/\/taritali.com\/vi\/wp-json\/wp\/v2\/pages"}],"about":[{"href":"https:\/\/taritali.com\/vi\/wp-json\/wp\/v2\/types\/page"}],"author":[{"embeddable":true,"href":"https:\/\/taritali.com\/vi\/wp-json\/wp\/v2\/users\/2"}],"replies":[{"embeddable":true,"href":"https:\/\/taritali.com\/vi\/wp-json\/wp\/v2\/comments?post=22723"}],"version-history":[{"count":8,"href":"https:\/\/taritali.com\/vi\/wp-json\/wp\/v2\/pages\/22723\/revisions"}],"predecessor-version":[{"id":34899,"href":"https:\/\/taritali.com\/vi\/wp-json\/wp\/v2\/pages\/22723\/revisions\/34899"}],"wp:featuredmedia":[{"embeddable":true,"href":"https:\/\/taritali.com\/vi\/wp-json\/wp\/v2\/media\/34891"}],"wp:attachment":[{"href":"https:\/\/taritali.com\/vi\/wp-json\/wp\/v2\/media?parent=22723"}],"curies":[{"name":"wp","href":"https:\/\/api.w.org\/{rel}","templated":true}]}}