{"id":2490,"date":"2016-08-23T04:06:20","date_gmt":"2016-08-22T19:06:20","guid":{"rendered":"https:\/\/taritali.com\/?page_id=2490"},"modified":"2024-11-29T12:57:56","modified_gmt":"2024-11-29T04:57:56","slug":"company","status":"publish","type":"page","link":"https:\/\/taritali.com\/vi\/company","title":{"rendered":"Th\u00f4ng tin t\u1ed5ng quan v\u1ec1 TariTali"},"content":{"rendered":"<p><span style=\"font-weight: 400\">TariTali Pte. Ltd. l\u00e0 m\u1ed9t c\u00f4ng ty ph\u00e1t tri\u1ec3n h\u1ec7 th\u1ed1ng, c\u00f3 tr\u1ee5 s\u1edf ho\u1ea1t \u0111\u1ed9ng ch\u1ee7 y\u1ebfu t\u1ea1i Malaysia. C\u00f4ng ty chuy\u00ean v\u1ec1 ph\u00e1t tri\u1ec3n v\u00e0 v\u1eadn h\u00e0nh c\u00e1c h\u1ec7 th\u1ed1ng li\u00ean k\u1ebft qu\u1ea3ng c\u00e1o, m\u1ea1ng x\u00e3 h\u1ed9i v\u00e0 h\u1ec7 th\u1ed1ng t\u00e0i ch\u00ednh.<\/span><\/p>\n<h2><span style=\"font-weight: 400\">T\u1ed5ng quan v\u1ec1 TariTali<\/span><\/h2>\n<table>\n<tbody>\n<tr>\n<td><b>T\u00ean c\u00f4ng ty<\/b><\/td>\n<td><span style=\"font-weight: 400\">TariTali Pte, Ltd.<\/span><\/td>\n<\/tr>\n<tr>\n<td><b>Ng\u00e0y th\u00e0nh l\u1eadp<\/b><\/td>\n<td><span style=\"font-weight: 400\">Ng\u00e0y 1 th\u00e1ng 10 n\u0103m 2012<\/span><\/td>\n<\/tr>\n<tr>\n<td><b>To\u00e0n b\u1ed9 v\u1ed1n<\/b><\/td>\n<td><span style=\"font-weight: 400\">500,000 MYR<\/span><\/td>\n<\/tr>\n<tr>\n<td><b>T\u00ean ng\u01b0\u1eddi \u0111\u1ea1i di\u1ec7n<\/b><\/td>\n<td><span style=\"font-weight: 400\">Takahiro Suzuki<\/span><\/td>\n<\/tr>\n<tr>\n<td><b>\u0110\u1ecba ch\u1ec9 c\u00f4ng ty<\/b><\/td>\n<td><span style=\"font-weight: 400\">3.02D (East Wing), Level 3, Menara BRDB, 285, Jalan Maarof, Bukit Bandaraya, 59000<\/span><\/p>\n<p><span style=\"font-weight: 400\">Kuala Lumpur, Malaysia, Kuala Lumpur, Malaysia, 59100<\/span><\/td>\n<\/tr>\n<tr>\n<td><b>D\u1ecbch v\u1ee5 v\u1eadn h\u00e0nh<\/b><\/td>\n<td>\n<ul>\n<li style=\"font-weight: 400\"><a href=\"https:\/\/taritali.com\/vi\"><span style=\"font-weight: 400\">https:\/\/taritali.com\/vi<\/span><\/a><\/li>\n<\/ul>\n<\/td>\n<\/tr>\n<tr>\n<td><b>Th\u00f4ng tin kinh doanh<\/b><\/td>\n<td>\n<ol>\n<li style=\"font-weight: 400\"><span style=\"font-weight: 400\">Ph\u00e1t tri\u1ec3n v\u00e0 b\u1ea3o tr\u00ec ph\u1ea7n m\u1ec1m.<\/span><\/li>\n<li style=\"font-weight: 400\"><span style=\"font-weight: 400\">L\u1eadp k\u1ebf ho\u1ea1ch, s\u1ea3n xu\u1ea5t v\u00e0 v\u1eadn h\u00e0nh website.<\/span><\/li>\n<li style=\"font-weight: 400\"><span style=\"font-weight: 400\">C\u00e1c ho\u1ea1t \u0111\u1ed9ng kinh doanh li\u00ean quan \u0111\u1ebfn b\u00e1n h\u00e0ng qua Internet.<\/span><\/li>\n<li style=\"font-weight: 400\"><span style=\"font-weight: 400\">C\u00e1c ho\u1ea1t \u0111\u1ed9ng kinh doanh li\u00ean quan \u0111\u1ebfn c\u00e1c d\u1ecbch v\u1ee5 tr\u00ean.<\/span><\/li>\n<\/ol>\n<\/td>\n<\/tr>\n<\/tbody>\n<\/table>\n","protected":false},"excerpt":{"rendered":"<p>TariTali Pte. Ltd. l\u00e0 m\u1ed9t c\u00f4ng ty ph\u00e1t tri\u1ec3n h\u1ec7 th\u1ed1ng, c\u00f3 tr\u1ee5 s\u1edf ho\u1ea1t \u0111\u1ed9ng ch\u1ee7 y\u1ebfu t\u1ea1i Malaysia. C\u00f4ng ty chuy\u00ean v\u1ec1 ph\u00e1t tri\u1ec3n v\u00e0 v\u1eadn h\u00e0nh c\u00e1c h\u1ec7 th\u1ed1ng li\u00ean k\u1ebft qu\u1ea3ng c\u00e1o, m\u1ea1ng x\u00e3 h\u1ed9i v\u00e0 h\u1ec7 th\u1ed1ng t\u00e0i ch\u00ednh. T\u1ed5ng quan v\u1ec1 TariTali T\u00ean c\u00f4ng ty TariTali Pte, Ltd. Ng\u00e0y th\u00e0nh l\u1eadp Ng\u00e0y 1 th\u00e1ng 10 n\u0103m 2012 To\u00e0n b\u1ed9 v\u1ed1n 500,000 MYR T\u00ean ng\u01b0\u1eddi \u0111\u1ea1i di\u1ec7n Takahiro Suzuki \u0110\u1ecba ch\u1ec9 c\u00f4ng ty 3.02D (East Wing), Level 3, Menara BRDB, 285, Jalan Maarof, Bukit Bandaraya, 59000 Kuala Lumpur, Malaysia, Kuala Lumpur, Malaysia, 59100 D\u1ecbch v\u1ee5 v\u1eadn h\u00e0nh https:\/\/taritali.com\/vi Th\u00f4ng tin kinh doanh Ph\u00e1t tri\u1ec3n v\u00e0&#8230;<\/p>\n","protected":false},"author":2,"featured_media":0,"parent":0,"menu_order":0,"comment_status":"closed","ping_status":"closed","template":"","meta":{"footnotes":""},"tags":[],"yoast_head":"<!-- This site is optimized with the Yoast SEO plugin v23.1 - https:\/\/yoast.com\/wordpress\/plugins\/seo\/ -->\n<title>Th\u00f4ng tin t\u1ed5ng quan v\u1ec1 TariTali - TariTali - L\u1ef1a ch\u1ecdn h\u00e0ng \u0111\u1ea7u cho ho\u00e0n tr\u1ea3 Forex<\/title>\n<meta name=\"robots\" content=\"index, follow, max-snippet:-1, max-image-preview:large, max-video-preview:-1\" \/>\n<link rel=\"canonical\" href=\"https:\/\/taritali.com\/vi\/company\" \/>\n<meta property=\"og:locale\" content=\"vi_VN\" \/>\n<meta property=\"og:type\" content=\"article\" \/>\n<meta property=\"og:title\" content=\"Th\u00f4ng tin t\u1ed5ng quan v\u1ec1 TariTali - TariTali - L\u1ef1a ch\u1ecdn h\u00e0ng \u0111\u1ea7u cho ho\u00e0n tr\u1ea3 Forex\" \/>\n<meta property=\"og:description\" content=\"TariTali Pte. Ltd. l\u00e0 m\u1ed9t c\u00f4ng ty ph\u00e1t tri\u1ec3n h\u1ec7 th\u1ed1ng, c\u00f3 tr\u1ee5 s\u1edf ho\u1ea1t \u0111\u1ed9ng ch\u1ee7 y\u1ebfu t\u1ea1i Malaysia. C\u00f4ng ty chuy\u00ean v\u1ec1 ph\u00e1t tri\u1ec3n v\u00e0 v\u1eadn h\u00e0nh c\u00e1c h\u1ec7 th\u1ed1ng li\u00ean k\u1ebft qu\u1ea3ng c\u00e1o, m\u1ea1ng x\u00e3 h\u1ed9i v\u00e0 h\u1ec7 th\u1ed1ng t\u00e0i ch\u00ednh. T\u1ed5ng quan v\u1ec1 TariTali T\u00ean c\u00f4ng ty TariTali Pte, Ltd. Ng\u00e0y th\u00e0nh l\u1eadp Ng\u00e0y 1 th\u00e1ng 10 n\u0103m 2012 To\u00e0n b\u1ed9 v\u1ed1n 500,000 MYR T\u00ean ng\u01b0\u1eddi \u0111\u1ea1i di\u1ec7n Takahiro Suzuki \u0110\u1ecba ch\u1ec9 c\u00f4ng ty 3.02D (East Wing), Level 3, Menara BRDB, 285, Jalan Maarof, Bukit Bandaraya, 59000 Kuala Lumpur, Malaysia, Kuala Lumpur, Malaysia, 59100 D\u1ecbch v\u1ee5 v\u1eadn h\u00e0nh https:\/\/taritali.com\/vi Th\u00f4ng tin kinh doanh Ph\u00e1t tri\u1ec3n v\u00e0...\" \/>\n<meta property=\"og:url\" content=\"https:\/\/taritali.com\/vi\/company\" \/>\n<meta property=\"og:site_name\" content=\"TariTali - L\u1ef1a ch\u1ecdn h\u00e0ng \u0111\u1ea7u cho ho\u00e0n tr\u1ea3 Forex\" \/>\n<meta property=\"article:modified_time\" content=\"2024-11-29T04:57:56+00:00\" \/>\n<meta name=\"twitter:card\" content=\"summary_large_image\" \/>\n<meta name=\"twitter:label1\" content=\"\u01af\u1edbc t\u00ednh th\u1eddi gian \u0111\u1ecdc\" \/>\n\t<meta name=\"twitter:data1\" content=\"2 ph\u00fat\" \/>\n<script type=\"application\/ld+json\" class=\"yoast-schema-graph\">{\"@context\":\"https:\/\/schema.org\",\"@graph\":[{\"@type\":\"WebPage\",\"@id\":\"https:\/\/taritali.com\/vi\/company\",\"url\":\"https:\/\/taritali.com\/vi\/company\",\"name\":\"Th\u00f4ng tin t\u1ed5ng quan v\u1ec1 TariTali - TariTali - L\u1ef1a ch\u1ecdn h\u00e0ng \u0111\u1ea7u cho ho\u00e0n tr\u1ea3 Forex\",\"isPartOf\":{\"@id\":\"https:\/\/taritali.com\/vi\/#website\"},\"datePublished\":\"2016-08-22T19:06:20+00:00\",\"dateModified\":\"2024-11-29T04:57:56+00:00\",\"breadcrumb\":{\"@id\":\"https:\/\/taritali.com\/vi\/company#breadcrumb\"},\"inLanguage\":\"vi\",\"potentialAction\":[{\"@type\":\"ReadAction\",\"target\":[\"https:\/\/taritali.com\/vi\/company\"]}]},{\"@type\":\"BreadcrumbList\",\"@id\":\"https:\/\/taritali.com\/vi\/company#breadcrumb\",\"itemListElement\":[{\"@type\":\"ListItem\",\"position\":1,\"name\":\"Trang ch\u1ee7\",\"item\":\"https:\/\/taritali.com\/vi\/\"},{\"@type\":\"ListItem\",\"position\":2,\"name\":\"Th\u00f4ng tin t\u1ed5ng quan v\u1ec1 TariTali\"}]},{\"@type\":\"WebSite\",\"@id\":\"https:\/\/taritali.com\/vi\/#website\",\"url\":\"https:\/\/taritali.com\/vi\/\",\"name\":\"TariTali - L\u1ef1a ch\u1ecdn h\u00e0ng \u0111\u1ea7u cho ho\u00e0n tr\u1ea3 Forex\",\"description\":\"\",\"publisher\":{\"@id\":\"https:\/\/taritali.com\/vi\/#organization\"},\"potentialAction\":[{\"@type\":\"SearchAction\",\"target\":{\"@type\":\"EntryPoint\",\"urlTemplate\":\"https:\/\/taritali.com\/vi\/?s={search_term_string}\"},\"query-input\":\"required name=search_term_string\"}],\"inLanguage\":\"vi\"},{\"@type\":\"Organization\",\"@id\":\"https:\/\/taritali.com\/vi\/#organization\",\"name\":\"TariTali - L\u1ef1a ch\u1ecdn h\u00e0ng \u0111\u1ea7u cho ho\u00e0n tr\u1ea3 Forex\",\"url\":\"https:\/\/taritali.com\/vi\/\",\"logo\":{\"@type\":\"ImageObject\",\"inLanguage\":\"vi\",\"@id\":\"https:\/\/taritali.com\/vi\/#\/schema\/logo\/image\/\",\"url\":\"https:\/\/taritali.com\/vi\/wp-content\/uploads\/sites\/2\/2024\/01\/logo.png\",\"contentUrl\":\"https:\/\/taritali.com\/vi\/wp-content\/uploads\/sites\/2\/2024\/01\/logo.png\",\"width\":215,\"height\":90,\"caption\":\"TariTali - L\u1ef1a ch\u1ecdn h\u00e0ng \u0111\u1ea7u cho ho\u00e0n tr\u1ea3 Forex\"},\"image\":{\"@id\":\"https:\/\/taritali.com\/vi\/#\/schema\/logo\/image\/\"}}]}<\/script>\n<!-- \/ Yoast SEO plugin. -->","yoast_head_json":{"title":"Th\u00f4ng tin t\u1ed5ng quan v\u1ec1 TariTali - TariTali - L\u1ef1a ch\u1ecdn h\u00e0ng \u0111\u1ea7u cho ho\u00e0n tr\u1ea3 Forex","robots":{"index":"index","follow":"follow","max-snippet":"max-snippet:-1","max-image-preview":"max-image-preview:large","max-video-preview":"max-video-preview:-1"},"canonical":"https:\/\/taritali.com\/vi\/company","og_locale":"vi_VN","og_type":"article","og_title":"Th\u00f4ng tin t\u1ed5ng quan v\u1ec1 TariTali - TariTali - L\u1ef1a ch\u1ecdn h\u00e0ng \u0111\u1ea7u cho ho\u00e0n tr\u1ea3 Forex","og_description":"TariTali Pte. Ltd. l\u00e0 m\u1ed9t c\u00f4ng ty ph\u00e1t tri\u1ec3n h\u1ec7 th\u1ed1ng, c\u00f3 tr\u1ee5 s\u1edf ho\u1ea1t \u0111\u1ed9ng ch\u1ee7 y\u1ebfu t\u1ea1i Malaysia. C\u00f4ng ty chuy\u00ean v\u1ec1 ph\u00e1t tri\u1ec3n v\u00e0 v\u1eadn h\u00e0nh c\u00e1c h\u1ec7 th\u1ed1ng li\u00ean k\u1ebft qu\u1ea3ng c\u00e1o, m\u1ea1ng x\u00e3 h\u1ed9i v\u00e0 h\u1ec7 th\u1ed1ng t\u00e0i ch\u00ednh. T\u1ed5ng quan v\u1ec1 TariTali T\u00ean c\u00f4ng ty TariTali Pte, Ltd. Ng\u00e0y th\u00e0nh l\u1eadp Ng\u00e0y 1 th\u00e1ng 10 n\u0103m 2012 To\u00e0n b\u1ed9 v\u1ed1n 500,000 MYR T\u00ean ng\u01b0\u1eddi \u0111\u1ea1i di\u1ec7n Takahiro Suzuki \u0110\u1ecba ch\u1ec9 c\u00f4ng ty 3.02D (East Wing), Level 3, Menara BRDB, 285, Jalan Maarof, Bukit Bandaraya, 59000 Kuala Lumpur, Malaysia, Kuala Lumpur, Malaysia, 59100 D\u1ecbch v\u1ee5 v\u1eadn h\u00e0nh https:\/\/taritali.com\/vi Th\u00f4ng tin kinh doanh Ph\u00e1t tri\u1ec3n v\u00e0...","og_url":"https:\/\/taritali.com\/vi\/company","og_site_name":"TariTali - L\u1ef1a ch\u1ecdn h\u00e0ng \u0111\u1ea7u cho ho\u00e0n tr\u1ea3 Forex","article_modified_time":"2024-11-29T04:57:56+00:00","twitter_card":"summary_large_image","twitter_misc":{"\u01af\u1edbc t\u00ednh th\u1eddi gian \u0111\u1ecdc":"2 ph\u00fat"},"schema":{"@context":"https:\/\/schema.org","@graph":[{"@type":"WebPage","@id":"https:\/\/taritali.com\/vi\/company","url":"https:\/\/taritali.com\/vi\/company","name":"Th\u00f4ng tin t\u1ed5ng quan v\u1ec1 TariTali - TariTali - L\u1ef1a ch\u1ecdn h\u00e0ng \u0111\u1ea7u cho ho\u00e0n tr\u1ea3 Forex","isPartOf":{"@id":"https:\/\/taritali.com\/vi\/#website"},"datePublished":"2016-08-22T19:06:20+00:00","dateModified":"2024-11-29T04:57:56+00:00","breadcrumb":{"@id":"https:\/\/taritali.com\/vi\/company#breadcrumb"},"inLanguage":"vi","potentialAction":[{"@type":"ReadAction","target":["https:\/\/taritali.com\/vi\/company"]}]},{"@type":"BreadcrumbList","@id":"https:\/\/taritali.com\/vi\/company#breadcrumb","itemListElement":[{"@type":"ListItem","position":1,"name":"Trang ch\u1ee7","item":"https:\/\/taritali.com\/vi\/"},{"@type":"ListItem","position":2,"name":"Th\u00f4ng tin t\u1ed5ng quan v\u1ec1 TariTali"}]},{"@type":"WebSite","@id":"https:\/\/taritali.com\/vi\/#website","url":"https:\/\/taritali.com\/vi\/","name":"TariTali - L\u1ef1a ch\u1ecdn h\u00e0ng \u0111\u1ea7u cho ho\u00e0n tr\u1ea3 Forex","description":"","publisher":{"@id":"https:\/\/taritali.com\/vi\/#organization"},"potentialAction":[{"@type":"SearchAction","target":{"@type":"EntryPoint","urlTemplate":"https:\/\/taritali.com\/vi\/?s={search_term_string}"},"query-input":"required name=search_term_string"}],"inLanguage":"vi"},{"@type":"Organization","@id":"https:\/\/taritali.com\/vi\/#organization","name":"TariTali - L\u1ef1a ch\u1ecdn h\u00e0ng \u0111\u1ea7u cho ho\u00e0n tr\u1ea3 Forex","url":"https:\/\/taritali.com\/vi\/","logo":{"@type":"ImageObject","inLanguage":"vi","@id":"https:\/\/taritali.com\/vi\/#\/schema\/logo\/image\/","url":"https:\/\/taritali.com\/vi\/wp-content\/uploads\/sites\/2\/2024\/01\/logo.png","contentUrl":"https:\/\/taritali.com\/vi\/wp-content\/uploads\/sites\/2\/2024\/01\/logo.png","width":215,"height":90,"caption":"TariTali - L\u1ef1a ch\u1ecdn h\u00e0ng \u0111\u1ea7u cho ho\u00e0n tr\u1ea3 Forex"},"image":{"@id":"https:\/\/taritali.com\/vi\/#\/schema\/logo\/image\/"}}]}},"_links":{"self":[{"href":"https:\/\/taritali.com\/vi\/wp-json\/wp\/v2\/pages\/2490"}],"collection":[{"href":"https:\/\/taritali.com\/vi\/wp-json\/wp\/v2\/pages"}],"about":[{"href":"https:\/\/taritali.com\/vi\/wp-json\/wp\/v2\/types\/page"}],"author":[{"embeddable":true,"href":"https:\/\/taritali.com\/vi\/wp-json\/wp\/v2\/users\/2"}],"replies":[{"embeddable":true,"href":"https:\/\/taritali.com\/vi\/wp-json\/wp\/v2\/comments?post=2490"}],"version-history":[{"count":5,"href":"https:\/\/taritali.com\/vi\/wp-json\/wp\/v2\/pages\/2490\/revisions"}],"predecessor-version":[{"id":34548,"href":"https:\/\/taritali.com\/vi\/wp-json\/wp\/v2\/pages\/2490\/revisions\/34548"}],"wp:attachment":[{"href":"https:\/\/taritali.com\/vi\/wp-json\/wp\/v2\/media?parent=2490"}],"wp:term":[{"taxonomy":"post_tag","embeddable":true,"href":"https:\/\/taritali.com\/vi\/wp-json\/wp\/v2\/tags?post=2490"}],"curies":[{"name":"wp","href":"https:\/\/api.w.org\/{rel}","templated":true}]}}