{"id":2496,"date":"2016-08-23T04:56:35","date_gmt":"2016-08-22T19:56:35","guid":{"rendered":"https:\/\/taritali.com\/?page_id=2496"},"modified":"2026-04-22T19:25:55","modified_gmt":"2026-04-22T11:25:55","slug":"policies","status":"publish","type":"page","link":"https:\/\/taritali.com\/vi\/policies","title":{"rendered":"\u0110i\u1ec1u kho\u1ea3n s\u1eed d\u1ee5ng"},"content":{"rendered":"<p><span style=\"font-weight: 400;\">\u0110i\u1ec1u kho\u1ea3n s\u1eed d\u1ee5ng n\u00e0y quy \u0111\u1ecbnh c\u00e1c \u0111i\u1ec1u ki\u1ec7n m\u00e0 TariTali Pte, Ltd. (d\u01b0\u1edbi \u0111\u00e2y g\u1ecdi l\u00e0 C\u00f4ng ty) \u00e1p d\u1ee5ng \u0111\u1ed1i v\u1edbi d\u1ecbch v\u1ee5 t\u1ef1 qu\u1ea3ng c\u00e1o tr\u00ean trang web c\u1ee7a ch\u00fang t\u00f4i. Th\u00e0nh vi\u00ean \u0111\u00e3 \u0111\u0103ng k\u00fd (d\u01b0\u1edbi \u0111\u00e2y g\u1ecdi l\u00e0 kh\u00e1ch h\u00e0ng) ph\u1ea3i tu\u00e2n th\u1ee7 c\u00e1c \u0111i\u1ec1u kho\u1ea3n n\u00e0y \u0111\u1ec3 s\u1eed d\u1ee5ng d\u1ecbch v\u1ee5.<\/span><\/p>\n<h2><strong>\u0110i\u1ec1u 1: Ph\u1ea1m vi \u00e1p d\u1ee5ng<\/strong><\/h2>\n<p><span style=\"font-weight: 400;\">\u0110i\u1ec1u kho\u1ea3n n\u00e0y \u00e1p d\u1ee5ng cho m\u1ed1i quan h\u1ec7 gi\u1eefa Kh\u00e1ch h\u00e0ng v\u00e0 C\u00f4ng ty li\u00ean quan \u0111\u1ebfn vi\u1ec7c s\u1eed d\u1ee5ng d\u1ecbch v\u1ee5.<\/span><\/p>\n<h2><strong>\u0110i\u1ec1u 2: \u0110\u0103ng k\u00fd th\u00e0nh vi\u00ean<\/strong><\/h2>\n<ol>\n<li style=\"font-weight: 400;\"><span style=\"font-weight: 400;\">Kh\u00e1ch h\u00e0ng ph\u1ea3i th\u1ef1c hi\u1ec7n \u0111\u0103ng k\u00fd theo quy \u0111\u1ecbnh c\u1ee7a C\u00f4ng ty. \u0110\u0103ng k\u00fd s\u1ebd \u0111\u01b0\u1ee3c ho\u00e0n t\u1ea5t sau khi C\u00f4ng ty ph\u00ea duy\u1ec7t.\u00a0<\/span><\/li>\n<li style=\"font-weight: 400;\"><span style=\"font-weight: 400;\">C\u00f4ng ty c\u00f3 quy\u1ec1n t\u1eeb ch\u1ed1i \u0111\u01a1n \u0111\u0103ng k\u00fd m\u00e0 kh\u00f4ng c\u1ea7n gi\u1ea3i th\u00edch l\u00fd do, trong c\u00e1c tr\u01b0\u1eddng h\u1ee3p sau:<\/span><\/li>\n<\/ol>\n<ul>\n<li style=\"font-weight: 400;\"><span style=\"font-weight: 400;\">Cung c\u1ea5p th\u00f4ng tin gi\u1ea3 m\u1ea1o khi \u0111\u0103ng k\u00fd.<\/span><\/li>\n<li style=\"font-weight: 400;\"><span style=\"font-weight: 400;\">Vi ph\u1ea1m c\u00e1c \u0111i\u1ec1u kho\u1ea3n n\u00e0y.<\/span><\/li>\n<\/ul>\n<ul>\n<li style=\"font-weight: 400;\"><span style=\"font-weight: 400;\">C\u00e1c tr\u01b0\u1eddng h\u1ee3p kh\u00e1c m\u00e0 C\u00f4ng ty cho l\u00e0 kh\u00f4ng ph\u00f9 h\u1ee3p \u0111\u1ec3 \u0111\u0103ng k\u00fd.<\/span><\/li>\n<\/ul>\n<h2><strong>\u0110i\u1ec1u 3: Qu\u1ea3n l\u00fd email v\u00e0 m\u1eadt kh\u1ea9u<\/strong><\/h2>\n<ol>\n<li style=\"font-weight: 400;\"><span style=\"font-weight: 400;\">Kh\u00e1ch h\u00e0ng ch\u1ecbu tr\u00e1ch nhi\u1ec7m ho\u00e0n to\u00e0n v\u1ec1 vi\u1ec7c qu\u1ea3n l\u00fd email v\u00e0 m\u1eadt kh\u1ea9u khi s\u1eed d\u1ee5ng d\u1ecbch v\u1ee5.<\/span><\/li>\n<li style=\"font-weight: 400;\"><span style=\"font-weight: 400;\">D\u01b0\u1edbi m\u1ecdi ho\u00e0n c\u1ea3nh, kh\u00e1ch h\u00e0ng kh\u00f4ng \u0111\u01b0\u1ee3c ph\u00e9p ti\u1ebft l\u1ed9, chuy\u1ec3n nh\u01b0\u1ee3ng, ho\u1eb7c cho m\u01b0\u1ee3n email v\u00e0 m\u1eadt kh\u1ea9u c\u1ee7a m\u00ecnh cho b\u00ean th\u1ee9 ba. Khi s\u1eed d\u1ee5ng email v\u00e0 m\u1eadt kh\u1ea9u ph\u00f9 h\u1ee3p v\u1edbi th\u00f4ng tin \u0111\u0103ng k\u00fd v\u00e0 ho\u00e0n t\u1ea5t \u0111\u0103ng nh\u1eadp, C\u00f4ng ty s\u1ebd coi \u0111\u00f3 l\u00e0 h\u00e0nh \u0111\u1ed9ng c\u1ee7a ch\u00ednh kh\u00e1ch h\u00e0ng \u0111\u0103ng k\u00fd email.<\/span><\/li>\n<\/ol>\n<h2><strong>\u0110i\u1ec1u 4: Ho\u00e0n tr\u1ea3<\/strong><\/h2>\n<ol>\n<li style=\"font-weight: 400;\"><span style=\"font-weight: 400;\">Kh\u00e1ch h\u00e0ng ph\u1ea3i thanh to\u00e1n c\u00e1c kho\u1ea3n ph\u00ed d\u1ecbch v\u1ee5 do C\u00f4ng ty quy \u0111\u1ecbnh v\u00e0 hi\u1ec3n th\u1ecb tr\u00ean trang web khi s\u1eed d\u1ee5ng d\u1ecbch v\u1ee5. Kh\u00e1ch h\u00e0ng s\u1ebd nh\u1eadn \u0111\u01b0\u1ee3c kho\u1ea3n ho\u00e0n tr\u1ea3 t\u01b0\u01a1ng \u1ee9ng v\u1edbi s\u1ed1 ti\u1ec1n \u0111\u00e3 thanh to\u00e1n.<\/span><\/li>\n<li style=\"font-weight: 400;\"><span style=\"font-weight: 400;\">Trong tr\u01b0\u1eddng h\u1ee3p nh\u00e0 cung c\u1ea5p ngu\u1ed3n (broker) gi\u1ea3m t\u1ef7 l\u1ec7 ho\u00e0n tr\u1ea3, kh\u00e1ch h\u00e0ng ph\u1ea3i ch\u1ea5p nh\u1eadn \u0111i\u1ec1u ch\u1ec9nh t\u1ef7 l\u1ec7 ho\u00e0n tr\u1ea3 theo quy \u0111\u1ecbnh m\u1edbi.<\/span><\/li>\n<li style=\"font-weight: 400;\"><span style=\"font-weight: 400;\">Vi\u1ec7c thanh to\u00e1n ti\u1ec1n ho\u00e0n tr\u1ea3 s\u1ebd \u0111\u01b0\u1ee3c coi l\u00e0 thanh to\u00e1n ph\u00ed qu\u1ea3ng c\u00e1o gi\u1eefa kh\u00e1ch h\u00e0ng v\u00e0 c\u01a1 quan thu ph\u00ed.<\/span><\/li>\n<li>Kho\u1ea3n ho\u00e0n tr\u1ea3 li\u00ean quan \u0111\u1ebfn c\u00e1c giao d\u1ecbch ph\u00e1t sinh t\u1eeb h\u00e0nh vi vi ph\u1ea1m c\u00e1c \u0111i\u1ec1u kho\u1ea3n n\u00e0y s\u1ebd \u0111\u01b0\u1ee3c coi l\u00e0 kh\u00f4ng ph\u00e1t sinh. Quy \u0111\u1ecbnh n\u00e0y \u0111\u01b0\u1ee3c \u00e1p d\u1ee5ng b\u1ea5t k\u1ec3 C\u00f4ng ty c\u00f3 nh\u1eadn \u0111\u01b0\u1ee3c kho\u1ea3n hoa h\u1ed3ng t\u01b0\u01a1ng \u1ee9ng t\u1eeb broker hay kh\u00f4ng.<\/li>\n<\/ol>\n<h2><strong>\u0110i\u1ec1u 5: C\u1ea5m h\u00e0nh vi<\/strong><\/h2>\n<p><span style=\"font-weight: 400;\">Khi s\u1eed d\u1ee5ng d\u1ecbch v\u1ee5, kh\u00e1ch h\u00e0ng b\u1ecb c\u1ea5m th\u1ef1c hi\u1ec7n c\u00e1c h\u00e0nh vi sau:<\/span><\/p>\n<ol>\n<li style=\"font-weight: 400;\"><span style=\"font-weight: 400;\">X\u00e2m ph\u1ea1m ho\u1eb7c c\u1ea3n tr\u1edf ch\u1ee9c n\u0103ng c\u1ee7a m\u00e1y ch\u1ee7 ho\u1eb7c m\u1ea1ng c\u1ee7a C\u00f4ng ty.<\/span><\/li>\n<li style=\"font-weight: 400;\"><span style=\"font-weight: 400;\">C\u1ea3n tr\u1edf ho\u1ea1t \u0111\u1ed9ng c\u1ee7a d\u1ecbch v\u1ee5 C\u00f4ng ty.<\/span><\/li>\n<li style=\"font-weight: 400;\"><span style=\"font-weight: 400;\">Thu th\u1eadp ho\u1eb7c t\u00edch l\u0169y th\u00f4ng tin c\u00e1 nh\u00e2n c\u1ee7a th\u00e0nh vi\u00ean kh\u00e1c.<\/span><\/li>\n<li style=\"font-weight: 400;\"><span style=\"font-weight: 400;\">Gi\u1ea3 m\u1ea1o danh t\u00ednh c\u1ee7a th\u00e0nh vi\u00ean kh\u00e1c.<\/span><\/li>\n<li style=\"font-weight: 400;\"><span style=\"font-weight: 400;\">C\u00e1c h\u00e0nh vi kh\u00e1c m\u00e0 C\u00f4ng ty cho l\u00e0 kh\u00f4ng ph\u00f9 h\u1ee3p.<\/span><\/li>\n<\/ol>\n<h2><strong>\u0110i\u1ec1u 6: Cung c\u1ea5p d\u1ecbch v\u1ee5, t\u1ea1m ng\u1eebng, v.v.<\/strong><\/h2>\n<ol>\n<li style=\"font-weight: 400;\"><span style=\"font-weight: 400;\">C\u00f4ng ty c\u00f3 th\u1ec3 t\u1ea1m ng\u1eebng ho\u1eb7c ng\u1eebng cung c\u1ea5p to\u00e0n b\u1ed9 ho\u1eb7c m\u1ed9t ph\u1ea7n d\u1ecbch v\u1ee5 m\u00e0 kh\u00f4ng c\u1ea7n th\u00f4ng b\u00e1o tr\u01b0\u1edbc cho kh\u00e1ch h\u00e0ng trong c\u00e1c tr\u01b0\u1eddng h\u1ee3p sau (ho\u00e0n ti\u1ec1n tr\u01b0\u1edbc khi t\u1ea1m ng\u1eebng d\u1ecbch v\u1ee5 s\u1ebd \u0111\u01b0\u1ee3c thanh to\u00e1n t\u1eeb t\u00e0i kho\u1ea3n t\u01b0\u01a1ng \u1ee9ng, ch\u1ec9 trong tr\u01b0\u1eddng h\u1ee3p kh\u00e1ch h\u00e0ng kh\u00f4ng vi ph\u1ea1m c\u00e1c \u0111i\u1ec1u kho\u1ea3n n\u00e0y):<\/span>\n<ul>\n<li style=\"font-weight: 400;\"><span style=\"font-weight: 400;\">C\u1ea7n b\u1ea3o tr\u00ec, ki\u1ec3m tra ho\u1eb7c c\u1eadp nh\u1eadt h\u1ec7 th\u1ed1ng m\u00e1y t\u00ednh ch\u1ee7.<\/span><\/li>\n<li style=\"font-weight: 400;\"><span style=\"font-weight: 400;\">X\u1ea3y ra c\u00e1c s\u1ef1 c\u1ed1 kh\u00f4ng th\u1ec3 ki\u1ec3m so\u00e1t nh\u01b0 \u0111\u1ed9ng \u0111\u1ea5t, s\u00e9t \u0111\u00e1nh, h\u1ecfa ho\u1ea1n, m\u1ea5t \u0111i\u1ec7n ho\u1eb7c c\u00e1c thi\u00ean tai kh\u00e1c g\u00e2y ng\u1eebng ho\u1eb7c gi\u00e1n \u0111o\u1ea1n d\u1ecbch v\u1ee5.<\/span><\/li>\n<li style=\"font-weight: 400;\"><span style=\"font-weight: 400;\">D\u1ecbch v\u1ee5 \u0111i\u1ec7n th\u00f4ng tin b\u1ecb gi\u00e1n \u0111o\u1ea1n do s\u1ef1 c\u1ed1.<\/span><\/li>\n<li style=\"font-weight: 400;\"><span style=\"font-weight: 400;\">C\u00f4ng ty \u0111\u00e1nh gi\u00e1 vi\u1ec7c cung c\u1ea5p d\u1ecbch v\u1ee5 tr\u1edf n\u00ean kh\u00f3 kh\u0103n.<\/span><\/li>\n<\/ul>\n<\/li>\n<li style=\"font-weight: 400;\"><span style=\"font-weight: 400;\">C\u00f4ng ty kh\u00f4ng ch\u1ecbu tr\u00e1ch nhi\u1ec7m \u0111\u1ed1i v\u1edbi b\u1ea5t k\u1ef3 t\u1ed5n th\u1ea5t n\u00e0o m\u00e0 kh\u00e1ch h\u00e0ng ho\u1eb7c b\u00ean th\u1ee9 ba ph\u1ea3i ch\u1ecbu do vi\u1ec7c t\u1ea1m ng\u1eebng ho\u1eb7c ch\u1ea5m d\u1ee9t d\u1ecbch v\u1ee5.<\/span><\/li>\n<\/ol>\n<h2><strong>\u0110i\u1ec1u 7: H\u1ea1n ch\u1ebf s\u1eed d\u1ee5ng v\u00e0 x\u00f3a \u0111\u0103ng k\u00fd<\/strong><\/h2>\n<ol>\n<li style=\"font-weight: 400;\"><span style=\"font-weight: 400;\">C\u00f4ng ty c\u00f3 quy\u1ec1n, kh\u00f4ng c\u1ea7n th\u00f4ng b\u00e1o tr\u01b0\u1edbc, th\u1ef1c hi\u1ec7n m\u1ed9t ho\u1eb7c nhi\u1ec1u h\u00e0nh \u0111\u1ed9ng sau \u0111\u00e2y:<br \/>\n<\/span><span style=\"font-weight: 400;\">\u00a0 \u00a0 \u00a0 1.1\u00a0 H\u1ea1n ch\u1ebf quy\u1ec1n truy c\u1eadp c\u1ee7a th\u00e0nh vi\u00ean v\u00e0o to\u00e0n b\u1ed9 ho\u1eb7c m\u1ed9t ph\u1ea7n d\u1ecbch v\u1ee5 c\u1ee7a c\u00f4ng ty.<br \/>\n<\/span><span style=\"font-weight: 400;\">\u00a0 \u00a0 \u00a0 1.2\u00a0 H\u1ee7y b\u1ecf \u0111\u0103ng k\u00fd c\u1ee7a kh\u00e1ch h\u00e0ng.<br \/>\n<\/span><span style=\"font-weight: 400;\">\u00a0 \u00a0 \u00a0 1.3\u00a0 C\u00e1c tr\u01b0\u1eddng h\u1ee3p d\u1eabn \u0111\u1ebfn vi\u1ec7c th\u1ef1c hi\u1ec7n c\u00e1c h\u00e0nh \u0111\u1ed9ng tr\u00ean bao g\u1ed3m:<br \/>\n<\/span><span style=\"font-weight: 400;\">\u00a0 \u00a0 \u00a0 \u00a0 \u00a0 \u00a0 \u00a0 \u00a0 \u00a0 \u00a0\u2022 Vi ph\u1ea1m b\u1ea5t k\u1ef3 \u0111i\u1ec1u kho\u1ea3n n\u00e0o c\u1ee7a quy \u0111\u1ecbnh n\u00e0y.<br \/>\n<\/span><span style=\"font-weight: 400;\">\u00a0 \u00a0 \u00a0 \u00a0 \u00a0 \u00a0 \u00a0 \u00a0 \u00a0 \u00a0\u2022 Ph\u00e1t hi\u1ec7n th\u00f4ng tin \u0111\u0103ng k\u00fd kh\u00f4ng ch\u00ednh x\u00e1c.<br \/>\n<\/span><span style=\"font-weight: 400;\">\u00a0 \u00a0 \u00a0 \u00a0 \u00a0 \u00a0 \u00a0 \u00a0 \u00a0 \u00a0\u2022 C\u00e1c tr\u01b0\u1eddng h\u1ee3p kh\u00e1c m\u00e0 c\u00f4ng ty \u0111\u00e1nh gi\u00e1 l\u00e0 kh\u00f4ng ph\u00f9 h\u1ee3p \u0111\u1ec3 ti\u1ebfp t\u1ee5c s\u1eed d\u1ee5ng d\u1ecbch v\u1ee5.<\/span><\/li>\n<li style=\"font-weight: 400;\"><span style=\"font-weight: 400;\">C\u00f4ng ty kh\u00f4ng ch\u1ecbu tr\u00e1ch nhi\u1ec7m v\u1ec1 b\u1ea5t k\u1ef3 thi\u1ec7t h\u1ea1i n\u00e0o c\u1ee7a kh\u00e1ch h\u00e0ng ph\u00e1t sinh t\u1eeb c\u00e1c h\u00e0nh \u0111\u1ed9ng theo quy \u0111\u1ecbnh n\u00e0y.<\/span><\/li>\n<\/ol>\n<h2><strong>\u0110i\u1ec1u 8: Mi\u1ec5n tr\u00e1ch nhi\u1ec7m<\/strong><\/h2>\n<ol>\n<li style=\"font-weight: 400;\"><span style=\"font-weight: 400;\">C\u00f4ng ty kh\u00f4ng ch\u1ecbu tr\u00e1ch nhi\u1ec7m \u0111\u1ed1i v\u1edbi c\u00e1c kho\u1ea3n n\u1ee3 kh\u00f4ng th\u1ef1c hi\u1ec7n n\u1ebfu kh\u00f4ng ph\u1ea3i do l\u1ed7i c\u1ed1 \u00fd ho\u1eb7c s\u01a1 su\u1ea5t nghi\u00eam tr\u1ecdng c\u1ee7a c\u00f4ng ty.<\/span><\/li>\n<li style=\"font-weight: 400;\"><span style=\"font-weight: 400;\">C\u00f4ng ty c\u0169ng kh\u00f4ng ch\u1ecbu tr\u00e1ch nhi\u1ec7m v\u1ec1 b\u1ea5t k\u1ef3 giao d\u1ecbch, li\u00ean l\u1ea1c ho\u1eb7c tranh ch\u1ea5p n\u00e0o gi\u1eefa kh\u00e1ch h\u00e0ng v\u1edbi c\u00e1c b\u00ean kh\u00e1c ho\u1eb7c b\u00ean th\u1ee9 ba ph\u00e1t sinh t\u1eeb d\u1ecbch v\u1ee5 n\u00e0y.<\/span><\/li>\n<\/ol>\n<h2><strong>\u0110i\u1ec1u 9: Thay \u0111\u1ed5i n\u1ed9i dung d\u1ecbch v\u1ee5<\/strong><\/h2>\n<p><span style=\"font-weight: 400;\">C\u00f4ng ty c\u00f3 quy\u1ec1n thay \u0111\u1ed5i ho\u1eb7c \u0111\u00ecnh ch\u1ec9 n\u1ed9i dung d\u1ecbch v\u1ee5 m\u00e0 kh\u00f4ng c\u1ea7n th\u00f4ng b\u00e1o tr\u01b0\u1edbc cho th\u00e0nh vi\u00ean. C\u00f4ng ty kh\u00f4ng ch\u1ecbu tr\u00e1ch nhi\u1ec7m v\u1ec1 b\u1ea5t k\u1ef3 thi\u1ec7t h\u1ea1i n\u00e0o x\u1ea3y ra \u0111\u1ed1i v\u1edbi th\u00e0nh vi\u00ean do c\u00e1c thay \u0111\u1ed5i n\u00e0y.<\/span><\/p>\n<p><span style=\"font-weight: 400;\">(Tr\u1eeb tr\u01b0\u1eddng h\u1ee3p ho\u00e0n tr\u1ea3 hoa h\u1ed3ng cho c\u00e1c t\u00e0i kho\u1ea3n \u0111\u01b0\u1ee3c qu\u1ea3n l\u00fd ri\u00eang bi\u1ec7t).<\/span><\/p>\n<h2><b>\u0110i\u1ec1u 10: Thay \u0111\u1ed5i c\u00e1c \u0111i\u1ec1u kho\u1ea3n s\u1eed d\u1ee5ng<\/b><\/h2>\n<p><span style=\"font-weight: 400;\">C\u00f4ng ty c\u00f3 quy\u1ec1n thay \u0111\u1ed5i c\u00e1c \u0111i\u1ec1u kho\u1ea3n s\u1eed d\u1ee5ng c\u1ee7a quy \u0111\u1ecbnh n\u00e0y b\u1ea5t c\u1ee9 khi n\u00e0o m\u00e0 kh\u00f4ng c\u1ea7n th\u00f4ng b\u00e1o tr\u01b0\u1edbc cho kh\u00e1ch h\u00e0ng, n\u1ebfu c\u00f4ng ty cho l\u00e0 c\u1ea7n thi\u1ebft.<\/span><\/p>\n<p>&nbsp;<\/p>\n<h2><strong>\u0110i\u1ec1u 11: Th\u00f4ng b\u00e1o ho\u1eb7c li\u00ean l\u1ea1c<\/strong><\/h2>\n<p><span style=\"font-weight: 400;\">C\u00e1c th\u00f4ng b\u00e1o ho\u1eb7c li\u00ean l\u1ea1c gi\u1eefa kh\u00e1ch h\u00e0ng v\u00e0 c\u00f4ng ty ph\u1ea3i \u0111\u01b0\u1ee3c th\u1ef1c hi\u1ec7n theo ph\u01b0\u01a1ng th\u1ee9c quy \u0111\u1ecbnh c\u1ee7a c\u00f4ng ty.<\/span><\/p>\n<h2><strong>\u0110i\u1ec1u 12: C\u1ea5m chuy\u1ec3n nh\u01b0\u1ee3ng quy\u1ec1n v\u00e0 ngh\u0129a v\u1ee5<\/strong><\/h2>\n<p><span style=\"font-weight: 400;\">Kh\u00e1ch h\u00e0ng kh\u00f4ng \u0111\u01b0\u1ee3c chuy\u1ec3n nh\u01b0\u1ee3ng v\u1ecb tr\u00ed h\u1ee3p \u0111\u1ed3ng ho\u1eb7c c\u00e1c quy\u1ec1n v\u00e0 ngh\u0129a v\u1ee5 d\u1ef1a tr\u00ean quy \u0111\u1ecbnh n\u00e0y cho b\u00ean th\u1ee9 ba ho\u1eb7c s\u1eed d\u1ee5ng l\u00e0m t\u00e0i s\u1ea3n \u0111\u1ea3m b\u1ea3o m\u00e0 kh\u00f4ng c\u00f3 s\u1ef1 \u0111\u1ed3ng \u00fd b\u1eb1ng v\u0103n b\u1ea3n c\u1ee7a c\u00f4ng ty tr\u01b0\u1edbc.<\/span><\/p>\n","protected":false},"excerpt":{"rendered":"<p>\u0110i\u1ec1u kho\u1ea3n s\u1eed d\u1ee5ng n\u00e0y quy \u0111\u1ecbnh c\u00e1c \u0111i\u1ec1u ki\u1ec7n m\u00e0 TariTali Pte, Ltd. (d\u01b0\u1edbi \u0111\u00e2y g\u1ecdi l\u00e0 C\u00f4ng ty) \u00e1p d\u1ee5ng \u0111\u1ed1i v\u1edbi d\u1ecbch v\u1ee5 t\u1ef1 qu\u1ea3ng c\u00e1o tr\u00ean trang web c\u1ee7a ch\u00fang t\u00f4i. Th\u00e0nh vi\u00ean \u0111\u00e3 \u0111\u0103ng k\u00fd (d\u01b0\u1edbi \u0111\u00e2y g\u1ecdi l\u00e0 kh\u00e1ch h\u00e0ng) ph\u1ea3i tu\u00e2n th\u1ee7 c\u00e1c \u0111i\u1ec1u kho\u1ea3n n\u00e0y \u0111\u1ec3 s\u1eed d\u1ee5ng d\u1ecbch v\u1ee5. \u0110i\u1ec1u 1: Ph\u1ea1m vi \u00e1p d\u1ee5ng \u0110i\u1ec1u kho\u1ea3n n\u00e0y \u00e1p d\u1ee5ng cho m\u1ed1i quan h\u1ec7 gi\u1eefa Kh\u00e1ch h\u00e0ng v\u00e0 C\u00f4ng ty li\u00ean quan \u0111\u1ebfn vi\u1ec7c s\u1eed d\u1ee5ng d\u1ecbch v\u1ee5. \u0110i\u1ec1u 2: \u0110\u0103ng k\u00fd th\u00e0nh vi\u00ean Kh\u00e1ch h\u00e0ng ph\u1ea3i th\u1ef1c hi\u1ec7n \u0111\u0103ng k\u00fd theo quy \u0111\u1ecbnh c\u1ee7a C\u00f4ng ty. \u0110\u0103ng k\u00fd s\u1ebd \u0111\u01b0\u1ee3c&#8230;<\/p>\n","protected":false},"author":2,"featured_media":0,"parent":0,"menu_order":0,"comment_status":"closed","ping_status":"closed","template":"","meta":{"footnotes":""},"tags":[],"yoast_head":"<!-- This site is optimized with the Yoast SEO plugin v23.1 - https:\/\/yoast.com\/wordpress\/plugins\/seo\/ -->\n<title>\u0110i\u1ec1u kho\u1ea3n s\u1eed d\u1ee5ng - TariTali - L\u1ef1a ch\u1ecdn h\u00e0ng \u0111\u1ea7u cho ho\u00e0n tr\u1ea3 Forex<\/title>\n<meta name=\"robots\" content=\"index, follow, max-snippet:-1, max-image-preview:large, max-video-preview:-1\" \/>\n<link rel=\"canonical\" href=\"https:\/\/taritali.com\/vi\/policies\" \/>\n<meta property=\"og:locale\" content=\"vi_VN\" \/>\n<meta property=\"og:type\" content=\"article\" \/>\n<meta property=\"og:title\" content=\"\u0110i\u1ec1u kho\u1ea3n s\u1eed d\u1ee5ng - TariTali - L\u1ef1a ch\u1ecdn h\u00e0ng \u0111\u1ea7u cho ho\u00e0n tr\u1ea3 Forex\" \/>\n<meta property=\"og:description\" content=\"\u0110i\u1ec1u kho\u1ea3n s\u1eed d\u1ee5ng n\u00e0y quy \u0111\u1ecbnh c\u00e1c \u0111i\u1ec1u ki\u1ec7n m\u00e0 TariTali Pte, Ltd. (d\u01b0\u1edbi \u0111\u00e2y g\u1ecdi l\u00e0 C\u00f4ng ty) \u00e1p d\u1ee5ng \u0111\u1ed1i v\u1edbi d\u1ecbch v\u1ee5 t\u1ef1 qu\u1ea3ng c\u00e1o tr\u00ean trang web c\u1ee7a ch\u00fang t\u00f4i. Th\u00e0nh vi\u00ean \u0111\u00e3 \u0111\u0103ng k\u00fd (d\u01b0\u1edbi \u0111\u00e2y g\u1ecdi l\u00e0 kh\u00e1ch h\u00e0ng) ph\u1ea3i tu\u00e2n th\u1ee7 c\u00e1c \u0111i\u1ec1u kho\u1ea3n n\u00e0y \u0111\u1ec3 s\u1eed d\u1ee5ng d\u1ecbch v\u1ee5. \u0110i\u1ec1u 1: Ph\u1ea1m vi \u00e1p d\u1ee5ng \u0110i\u1ec1u kho\u1ea3n n\u00e0y \u00e1p d\u1ee5ng cho m\u1ed1i quan h\u1ec7 gi\u1eefa Kh\u00e1ch h\u00e0ng v\u00e0 C\u00f4ng ty li\u00ean quan \u0111\u1ebfn vi\u1ec7c s\u1eed d\u1ee5ng d\u1ecbch v\u1ee5. \u0110i\u1ec1u 2: \u0110\u0103ng k\u00fd th\u00e0nh vi\u00ean Kh\u00e1ch h\u00e0ng ph\u1ea3i th\u1ef1c hi\u1ec7n \u0111\u0103ng k\u00fd theo quy \u0111\u1ecbnh c\u1ee7a C\u00f4ng ty. \u0110\u0103ng k\u00fd s\u1ebd \u0111\u01b0\u1ee3c...\" \/>\n<meta property=\"og:url\" content=\"https:\/\/taritali.com\/vi\/policies\" \/>\n<meta property=\"og:site_name\" content=\"TariTali - L\u1ef1a ch\u1ecdn h\u00e0ng \u0111\u1ea7u cho ho\u00e0n tr\u1ea3 Forex\" \/>\n<meta property=\"article:modified_time\" content=\"2026-04-22T11:25:55+00:00\" \/>\n<meta name=\"twitter:card\" content=\"summary_large_image\" \/>\n<meta name=\"twitter:label1\" content=\"\u01af\u1edbc t\u00ednh th\u1eddi gian \u0111\u1ecdc\" \/>\n\t<meta name=\"twitter:data1\" content=\"6 ph\u00fat\" \/>\n<script type=\"application\/ld+json\" class=\"yoast-schema-graph\">{\"@context\":\"https:\/\/schema.org\",\"@graph\":[{\"@type\":\"WebPage\",\"@id\":\"https:\/\/taritali.com\/vi\/policies\",\"url\":\"https:\/\/taritali.com\/vi\/policies\",\"name\":\"\u0110i\u1ec1u kho\u1ea3n s\u1eed d\u1ee5ng - TariTali - L\u1ef1a ch\u1ecdn h\u00e0ng \u0111\u1ea7u cho ho\u00e0n tr\u1ea3 Forex\",\"isPartOf\":{\"@id\":\"https:\/\/taritali.com\/vi\/#website\"},\"datePublished\":\"2016-08-22T19:56:35+00:00\",\"dateModified\":\"2026-04-22T11:25:55+00:00\",\"breadcrumb\":{\"@id\":\"https:\/\/taritali.com\/vi\/policies#breadcrumb\"},\"inLanguage\":\"vi\",\"potentialAction\":[{\"@type\":\"ReadAction\",\"target\":[\"https:\/\/taritali.com\/vi\/policies\"]}]},{\"@type\":\"BreadcrumbList\",\"@id\":\"https:\/\/taritali.com\/vi\/policies#breadcrumb\",\"itemListElement\":[{\"@type\":\"ListItem\",\"position\":1,\"name\":\"Trang ch\u1ee7\",\"item\":\"https:\/\/taritali.com\/vi\/\"},{\"@type\":\"ListItem\",\"position\":2,\"name\":\"\u0110i\u1ec1u kho\u1ea3n s\u1eed d\u1ee5ng\"}]},{\"@type\":\"WebSite\",\"@id\":\"https:\/\/taritali.com\/vi\/#website\",\"url\":\"https:\/\/taritali.com\/vi\/\",\"name\":\"TariTali - L\u1ef1a ch\u1ecdn h\u00e0ng \u0111\u1ea7u cho ho\u00e0n tr\u1ea3 Forex\",\"description\":\"\",\"publisher\":{\"@id\":\"https:\/\/taritali.com\/vi\/#organization\"},\"potentialAction\":[{\"@type\":\"SearchAction\",\"target\":{\"@type\":\"EntryPoint\",\"urlTemplate\":\"https:\/\/taritali.com\/vi\/?s={search_term_string}\"},\"query-input\":\"required name=search_term_string\"}],\"inLanguage\":\"vi\"},{\"@type\":\"Organization\",\"@id\":\"https:\/\/taritali.com\/vi\/#organization\",\"name\":\"TariTali - L\u1ef1a ch\u1ecdn h\u00e0ng \u0111\u1ea7u cho ho\u00e0n tr\u1ea3 Forex\",\"url\":\"https:\/\/taritali.com\/vi\/\",\"logo\":{\"@type\":\"ImageObject\",\"inLanguage\":\"vi\",\"@id\":\"https:\/\/taritali.com\/vi\/#\/schema\/logo\/image\/\",\"url\":\"https:\/\/taritali.com\/vi\/wp-content\/uploads\/sites\/2\/2024\/01\/logo.png\",\"contentUrl\":\"https:\/\/taritali.com\/vi\/wp-content\/uploads\/sites\/2\/2024\/01\/logo.png\",\"width\":215,\"height\":90,\"caption\":\"TariTali - L\u1ef1a ch\u1ecdn h\u00e0ng \u0111\u1ea7u cho ho\u00e0n tr\u1ea3 Forex\"},\"image\":{\"@id\":\"https:\/\/taritali.com\/vi\/#\/schema\/logo\/image\/\"}}]}<\/script>\n<!-- \/ Yoast SEO plugin. -->","yoast_head_json":{"title":"\u0110i\u1ec1u kho\u1ea3n s\u1eed d\u1ee5ng - TariTali - L\u1ef1a ch\u1ecdn h\u00e0ng \u0111\u1ea7u cho ho\u00e0n tr\u1ea3 Forex","robots":{"index":"index","follow":"follow","max-snippet":"max-snippet:-1","max-image-preview":"max-image-preview:large","max-video-preview":"max-video-preview:-1"},"canonical":"https:\/\/taritali.com\/vi\/policies","og_locale":"vi_VN","og_type":"article","og_title":"\u0110i\u1ec1u kho\u1ea3n s\u1eed d\u1ee5ng - TariTali - L\u1ef1a ch\u1ecdn h\u00e0ng \u0111\u1ea7u cho ho\u00e0n tr\u1ea3 Forex","og_description":"\u0110i\u1ec1u kho\u1ea3n s\u1eed d\u1ee5ng n\u00e0y quy \u0111\u1ecbnh c\u00e1c \u0111i\u1ec1u ki\u1ec7n m\u00e0 TariTali Pte, Ltd. (d\u01b0\u1edbi \u0111\u00e2y g\u1ecdi l\u00e0 C\u00f4ng ty) \u00e1p d\u1ee5ng \u0111\u1ed1i v\u1edbi d\u1ecbch v\u1ee5 t\u1ef1 qu\u1ea3ng c\u00e1o tr\u00ean trang web c\u1ee7a ch\u00fang t\u00f4i. Th\u00e0nh vi\u00ean \u0111\u00e3 \u0111\u0103ng k\u00fd (d\u01b0\u1edbi \u0111\u00e2y g\u1ecdi l\u00e0 kh\u00e1ch h\u00e0ng) ph\u1ea3i tu\u00e2n th\u1ee7 c\u00e1c \u0111i\u1ec1u kho\u1ea3n n\u00e0y \u0111\u1ec3 s\u1eed d\u1ee5ng d\u1ecbch v\u1ee5. \u0110i\u1ec1u 1: Ph\u1ea1m vi \u00e1p d\u1ee5ng \u0110i\u1ec1u kho\u1ea3n n\u00e0y \u00e1p d\u1ee5ng cho m\u1ed1i quan h\u1ec7 gi\u1eefa Kh\u00e1ch h\u00e0ng v\u00e0 C\u00f4ng ty li\u00ean quan \u0111\u1ebfn vi\u1ec7c s\u1eed d\u1ee5ng d\u1ecbch v\u1ee5. \u0110i\u1ec1u 2: \u0110\u0103ng k\u00fd th\u00e0nh vi\u00ean Kh\u00e1ch h\u00e0ng ph\u1ea3i th\u1ef1c hi\u1ec7n \u0111\u0103ng k\u00fd theo quy \u0111\u1ecbnh c\u1ee7a C\u00f4ng ty. \u0110\u0103ng k\u00fd s\u1ebd \u0111\u01b0\u1ee3c...","og_url":"https:\/\/taritali.com\/vi\/policies","og_site_name":"TariTali - L\u1ef1a ch\u1ecdn h\u00e0ng \u0111\u1ea7u cho ho\u00e0n tr\u1ea3 Forex","article_modified_time":"2026-04-22T11:25:55+00:00","twitter_card":"summary_large_image","twitter_misc":{"\u01af\u1edbc t\u00ednh th\u1eddi gian \u0111\u1ecdc":"6 ph\u00fat"},"schema":{"@context":"https:\/\/schema.org","@graph":[{"@type":"WebPage","@id":"https:\/\/taritali.com\/vi\/policies","url":"https:\/\/taritali.com\/vi\/policies","name":"\u0110i\u1ec1u kho\u1ea3n s\u1eed d\u1ee5ng - TariTali - L\u1ef1a ch\u1ecdn h\u00e0ng \u0111\u1ea7u cho ho\u00e0n tr\u1ea3 Forex","isPartOf":{"@id":"https:\/\/taritali.com\/vi\/#website"},"datePublished":"2016-08-22T19:56:35+00:00","dateModified":"2026-04-22T11:25:55+00:00","breadcrumb":{"@id":"https:\/\/taritali.com\/vi\/policies#breadcrumb"},"inLanguage":"vi","potentialAction":[{"@type":"ReadAction","target":["https:\/\/taritali.com\/vi\/policies"]}]},{"@type":"BreadcrumbList","@id":"https:\/\/taritali.com\/vi\/policies#breadcrumb","itemListElement":[{"@type":"ListItem","position":1,"name":"Trang ch\u1ee7","item":"https:\/\/taritali.com\/vi\/"},{"@type":"ListItem","position":2,"name":"\u0110i\u1ec1u kho\u1ea3n s\u1eed d\u1ee5ng"}]},{"@type":"WebSite","@id":"https:\/\/taritali.com\/vi\/#website","url":"https:\/\/taritali.com\/vi\/","name":"TariTali - L\u1ef1a ch\u1ecdn h\u00e0ng \u0111\u1ea7u cho ho\u00e0n tr\u1ea3 Forex","description":"","publisher":{"@id":"https:\/\/taritali.com\/vi\/#organization"},"potentialAction":[{"@type":"SearchAction","target":{"@type":"EntryPoint","urlTemplate":"https:\/\/taritali.com\/vi\/?s={search_term_string}"},"query-input":"required name=search_term_string"}],"inLanguage":"vi"},{"@type":"Organization","@id":"https:\/\/taritali.com\/vi\/#organization","name":"TariTali - L\u1ef1a ch\u1ecdn h\u00e0ng \u0111\u1ea7u cho ho\u00e0n tr\u1ea3 Forex","url":"https:\/\/taritali.com\/vi\/","logo":{"@type":"ImageObject","inLanguage":"vi","@id":"https:\/\/taritali.com\/vi\/#\/schema\/logo\/image\/","url":"https:\/\/taritali.com\/vi\/wp-content\/uploads\/sites\/2\/2024\/01\/logo.png","contentUrl":"https:\/\/taritali.com\/vi\/wp-content\/uploads\/sites\/2\/2024\/01\/logo.png","width":215,"height":90,"caption":"TariTali - L\u1ef1a ch\u1ecdn h\u00e0ng \u0111\u1ea7u cho ho\u00e0n tr\u1ea3 Forex"},"image":{"@id":"https:\/\/taritali.com\/vi\/#\/schema\/logo\/image\/"}}]}},"_links":{"self":[{"href":"https:\/\/taritali.com\/vi\/wp-json\/wp\/v2\/pages\/2496"}],"collection":[{"href":"https:\/\/taritali.com\/vi\/wp-json\/wp\/v2\/pages"}],"about":[{"href":"https:\/\/taritali.com\/vi\/wp-json\/wp\/v2\/types\/page"}],"author":[{"embeddable":true,"href":"https:\/\/taritali.com\/vi\/wp-json\/wp\/v2\/users\/2"}],"replies":[{"embeddable":true,"href":"https:\/\/taritali.com\/vi\/wp-json\/wp\/v2\/comments?post=2496"}],"version-history":[{"count":7,"href":"https:\/\/taritali.com\/vi\/wp-json\/wp\/v2\/pages\/2496\/revisions"}],"predecessor-version":[{"id":34890,"href":"https:\/\/taritali.com\/vi\/wp-json\/wp\/v2\/pages\/2496\/revisions\/34890"}],"wp:attachment":[{"href":"https:\/\/taritali.com\/vi\/wp-json\/wp\/v2\/media?parent=2496"}],"wp:term":[{"taxonomy":"post_tag","embeddable":true,"href":"https:\/\/taritali.com\/vi\/wp-json\/wp\/v2\/tags?post=2496"}],"curies":[{"name":"wp","href":"https:\/\/api.w.org\/{rel}","templated":true}]}}