{"id":26,"date":"2016-01-14T07:30:58","date_gmt":"2016-01-13T22:30:58","guid":{"rendered":"http:\/\/taritali.com\/?page_id=26"},"modified":"2024-10-07T12:35:39","modified_gmt":"2024-10-07T03:35:39","slug":"contact","status":"publish","type":"page","link":"https:\/\/taritali.com\/vi\/contact","title":{"rendered":"Li\u00ean h\u1ec7 v\u1edbi ch\u00fang t\u00f4i"},"content":{"rendered":"<h3><b>Tr\u01b0\u1edbc khi li\u00ean h\u1ec7 v\u1edbi ch\u00fang t\u00f4i<\/b><\/h3>\n<p><span style=\"font-weight: 400\">Tr\u01b0\u1edbc khi li\u00ean h\u1ec7 v\u1edbi ch\u00fang t\u00f4i, h\u00e3y tham kh\u1ea3o ph\u1ea7n &#8220;C\u00e2u h\u1ecfi th\u01b0\u1eddng g\u1eb7p&#8221; \u0111\u1ec3 xem li\u1ec7u c\u00e2u h\u1ecfi c\u1ee7a b\u1ea1n \u0111\u00e3 \u0111\u01b0\u1ee3c gi\u1ea3i \u0111\u00e1p hay ch\u01b0a.<\/span><\/p>\n<p><span style=\"font-weight: 400\">B\u1ea1n c\u00f3 th\u1ec3 t\u00ecm th\u1ea5y c\u00e1c c\u00e2u h\u1ecfi ph\u1ed5 bi\u1ebfn t\u1eeb kh\u00e1ch h\u00e0ng trong m\u1ee5c &#8220;C\u00e2u h\u1ecfi th\u01b0\u1eddng g\u1eb7p&#8221; c\u1ee7a ch\u00fang t\u00f4i, c\u00f3 th\u1ec3 gi\u00fap b\u1ea1n gi\u1ea3i \u0111\u00e1p th\u1eafc m\u1eafc m\u1ed9t c\u00e1ch nhanh ch\u00f3ng.<\/span><\/p>\n<p><a href=\"https:\/\/taritali.com\/vi\/contact\/faq\"><span style=\"font-weight: 400\">TariTali\/C\u00e2u h\u1ecfi th\u01b0\u1eddng g\u1eb7p<\/span><\/a><\/p>\n<h3><b>N\u1ebfu b\u1ea1n kh\u00f4ng nh\u1eadn \u0111\u01b0\u1ee3c email ph\u1ea3n h\u1ed3i<\/b><\/h3>\n<p><span style=\"font-weight: 400\">Ch\u00fang t\u00f4i th\u01b0\u1eddng ph\u1ea3n h\u1ed3i trong v\u00f2ng 24 gi\u1edd sau khi nh\u1eadn \u0111\u01b0\u1ee3c c\u00e2u h\u1ecfi c\u1ee7a b\u1ea1n. N\u1ebfu sau 2 ng\u00e0y b\u1ea1n v\u1eabn ch\u01b0a nh\u1eadn \u0111\u01b0\u1ee3c ph\u1ea3n h\u1ed3i, c\u00f3 th\u1ec3 \u0111\u1ecba ch\u1ec9 email b\u1ea1n cung c\u1ea5p kh\u00f4ng ch\u00ednh x\u00e1c. Vui l\u00f2ng s\u1eed d\u1ee5ng bi\u1ec3u m\u1eabu li\u00ean h\u1ec7 n\u00e0y \u0111\u1ec3 g\u1eedi l\u1ea1i y\u00eau c\u1ea7u.<\/span><\/p>\n<p><span style=\"font-weight: 400\">Ngo\u00e0i ra, h\u00e3y ki\u1ec3m tra th\u01b0 m\u1ee5c th\u01b0 r\u00e1c c\u1ee7a b\u1ea1n \u0111\u1ec3 \u0111\u1ea3m b\u1ea3o email ph\u1ea3n h\u1ed3i kh\u00f4ng b\u1ecb ph\u00e2n lo\u1ea1i v\u00e0o \u0111\u00f3.<\/span><\/p>\n<h3><\/h3>\n<h3><b>Bi\u1ec3u m\u1eabu li\u00ean h\u1ec7<\/b><\/h3>\n\n<div class=\"wpcf7 no-js\" id=\"wpcf7-f4823-o1\" lang=\"ja\" dir=\"ltr\">\n<div class=\"screen-reader-response\"><p role=\"status\" aria-live=\"polite\" aria-atomic=\"true\"><\/p> <ul><\/ul><\/div>\n<form action=\"\/vi\/wp-json\/wp\/v2\/pages\/26#wpcf7-f4823-o1\" method=\"post\" class=\"wpcf7-form init\" aria-label=\"\u30b3\u30f3\u30bf\u30af\u30c8\u30d5\u30a9\u30fc\u30e0\" novalidate=\"novalidate\" data-status=\"init\">\n<div style=\"display: none;\">\n<input type=\"hidden\" name=\"_wpcf7\" value=\"4823\" \/>\n<input type=\"hidden\" name=\"_wpcf7_version\" value=\"5.8.1\" \/>\n<input type=\"hidden\" name=\"_wpcf7_locale\" value=\"ja\" \/>\n<input type=\"hidden\" name=\"_wpcf7_unit_tag\" value=\"wpcf7-f4823-o1\" \/>\n<input type=\"hidden\" name=\"_wpcf7_container_post\" value=\"0\" \/>\n<input type=\"hidden\" name=\"_wpcf7_posted_data_hash\" value=\"\" \/>\n<input type=\"hidden\" name=\"_wpcf7_recaptcha_response\" value=\"\" \/>\n<\/div>\n<p>B\u1ea1n \u0111\u00e3 m\u1edf t\u00e0i kho\u1ea3n ho\u00e0n tr\u1ea3 qua trang web c\u1ee7a ch\u00fang t\u00f4i ch\u01b0a? (B\u1eaft bu\u1ed9c)<br \/>\n<span class=\"wpcf7-form-control-wrap\" data-name=\"menu-489\"><select class=\"wpcf7-form-control wpcf7-select wpcf7-validates-as-required\" aria-required=\"true\" aria-invalid=\"false\" name=\"menu-489\"><option value=\"C\u00f3\">C\u00f3<\/option><option value=\"Kh\u00f4ng\">Kh\u00f4ng<\/option><\/select><\/span>\n<\/p>\n<p><label> H\u1ecd v\u00e0 t\u00ean (B\u1eaft bu\u1ed9c)<br \/>\n<span class=\"wpcf7-form-control-wrap\" data-name=\"your-name\"><input size=\"40\" class=\"wpcf7-form-control wpcf7-text wpcf7-validates-as-required\" aria-required=\"true\" aria-invalid=\"false\" value=\"\" type=\"text\" name=\"your-name\" \/><\/span> <\/label>\n<\/p>\n<p><label> \u0110\u1ecba ch\u1ec9 email (B\u1eaft bu\u1ed9c)<br \/>\n<span class=\"wpcf7-form-control-wrap\" data-name=\"your-email\"><input size=\"40\" class=\"wpcf7-form-control wpcf7-email wpcf7-validates-as-required wpcf7-text wpcf7-validates-as-email\" aria-required=\"true\" aria-invalid=\"false\" value=\"\" type=\"email\" name=\"your-email\" \/><\/span> <\/label>\n<\/p>\n<p><label> T\u00ean c\u1ee7a nh\u00e0 m\u00f4i gi\u1edbi (Broker)<br \/>\n<span class=\"wpcf7-form-control-wrap\" data-name=\"your-broker\"><input size=\"40\" class=\"wpcf7-form-control wpcf7-text\" aria-invalid=\"false\" value=\"\" type=\"text\" name=\"your-broker\" \/><\/span> <\/label>\n<\/p>\n<p><label> S\u1ed1 t\u00e0i kho\u1ea3n<br \/>\n<span class=\"wpcf7-form-control-wrap\" data-name=\"your-account\"><input size=\"40\" class=\"wpcf7-form-control wpcf7-text\" aria-invalid=\"false\" value=\"\" type=\"text\" name=\"your-account\" \/><\/span> <\/label>\n<\/p>\n<p><label> Ch\u1ee7 \u0111\u1ec1 (B\u1eaft bu\u1ed9c)<br \/>\n<span class=\"wpcf7-form-control-wrap\" data-name=\"your-subject\"><input size=\"40\" class=\"wpcf7-form-control wpcf7-text wpcf7-validates-as-required\" aria-required=\"true\" aria-invalid=\"false\" value=\"\" type=\"text\" name=\"your-subject\" \/><\/span> <\/label>\n<\/p>\n<p><label> N\u1ed9i dung th\u00f4ng tin (B\u1eaft bu\u1ed9c)<br \/>\n<span class=\"wpcf7-form-control-wrap\" data-name=\"your-message\"><textarea cols=\"40\" rows=\"10\" class=\"wpcf7-form-control wpcf7-textarea wpcf7-validates-as-required\" aria-required=\"true\" aria-invalid=\"false\" name=\"your-message\"><\/textarea><\/span> <\/label>\n<\/p>\n<p><input class=\"wpcf7-form-control wpcf7-submit has-spinner\" type=\"submit\" value=\"G\u1eedi\" \/>\n<\/p><p style=\"display: none !important;\"><label>&#916;<textarea name=\"_wpcf7_ak_hp_textarea\" cols=\"45\" rows=\"8\" maxlength=\"100\"><\/textarea><\/label><input type=\"hidden\" id=\"ak_js_1\" name=\"_wpcf7_ak_js\" value=\"65\"\/><script>document.getElementById( \"ak_js_1\" ).setAttribute( \"value\", ( new Date() ).getTime() );<\/script><\/p><div class=\"wpcf7-response-output\" aria-hidden=\"true\"><\/div>\n<\/form>\n<\/div>\n\n","protected":false},"excerpt":{"rendered":"<p>Tr\u01b0\u1edbc khi li\u00ean h\u1ec7 v\u1edbi ch\u00fang t\u00f4i Tr\u01b0\u1edbc khi li\u00ean h\u1ec7 v\u1edbi ch\u00fang t\u00f4i, h\u00e3y tham kh\u1ea3o ph\u1ea7n &#8220;C\u00e2u h\u1ecfi th\u01b0\u1eddng g\u1eb7p&#8221; \u0111\u1ec3 xem li\u1ec7u c\u00e2u h\u1ecfi c\u1ee7a b\u1ea1n \u0111\u00e3 \u0111\u01b0\u1ee3c gi\u1ea3i \u0111\u00e1p hay ch\u01b0a. B\u1ea1n c\u00f3 th\u1ec3 t\u00ecm th\u1ea5y c\u00e1c c\u00e2u h\u1ecfi ph\u1ed5 bi\u1ebfn t\u1eeb kh\u00e1ch h\u00e0ng trong m\u1ee5c &#8220;C\u00e2u h\u1ecfi th\u01b0\u1eddng g\u1eb7p&#8221; c\u1ee7a ch\u00fang t\u00f4i, c\u00f3 th\u1ec3 gi\u00fap b\u1ea1n gi\u1ea3i \u0111\u00e1p th\u1eafc m\u1eafc m\u1ed9t c\u00e1ch nhanh ch\u00f3ng. TariTali\/C\u00e2u h\u1ecfi th\u01b0\u1eddng g\u1eb7p N\u1ebfu b\u1ea1n kh\u00f4ng nh\u1eadn \u0111\u01b0\u1ee3c email ph\u1ea3n h\u1ed3i Ch\u00fang t\u00f4i th\u01b0\u1eddng ph\u1ea3n h\u1ed3i trong v\u00f2ng 24 gi\u1edd sau khi nh\u1eadn \u0111\u01b0\u1ee3c c\u00e2u h\u1ecfi c\u1ee7a b\u1ea1n. N\u1ebfu sau 2 ng\u00e0y b\u1ea1n v\u1eabn ch\u01b0a nh\u1eadn \u0111\u01b0\u1ee3c ph\u1ea3n h\u1ed3i, c\u00f3\u30fb\u30fb\u30fb<\/p>\n","protected":false},"author":2,"featured_media":0,"parent":0,"menu_order":0,"comment_status":"closed","ping_status":"closed","template":"","meta":{"footnotes":""},"yoast_head":"<!-- This site is optimized with the Yoast SEO plugin v23.1 - https:\/\/yoast.com\/wordpress\/plugins\/seo\/ -->\n<title>Li\u00ean h\u1ec7 v\u1edbi ch\u00fang t\u00f4i - TariTali - L\u1ef1a ch\u1ecdn h\u00e0ng \u0111\u1ea7u cho ho\u00e0n tr\u1ea3 Forex<\/title>\n<meta name=\"robots\" content=\"index, follow, max-snippet:-1, max-image-preview:large, max-video-preview:-1\" \/>\n<link rel=\"canonical\" href=\"https:\/\/taritali.com\/vi\/contact\" \/>\n<meta property=\"og:locale\" content=\"vi_VN\" \/>\n<meta property=\"og:type\" content=\"article\" \/>\n<meta property=\"og:title\" content=\"Li\u00ean h\u1ec7 v\u1edbi ch\u00fang t\u00f4i - TariTali - L\u1ef1a ch\u1ecdn h\u00e0ng \u0111\u1ea7u cho ho\u00e0n tr\u1ea3 Forex\" \/>\n<meta property=\"og:description\" content=\"Tr\u01b0\u1edbc khi li\u00ean h\u1ec7 v\u1edbi ch\u00fang t\u00f4i Tr\u01b0\u1edbc khi li\u00ean h\u1ec7 v\u1edbi ch\u00fang t\u00f4i, h\u00e3y tham kh\u1ea3o ph\u1ea7n &#8220;C\u00e2u h\u1ecfi th\u01b0\u1eddng g\u1eb7p&#8221; \u0111\u1ec3 xem li\u1ec7u c\u00e2u h\u1ecfi c\u1ee7a b\u1ea1n \u0111\u00e3 \u0111\u01b0\u1ee3c gi\u1ea3i \u0111\u00e1p hay ch\u01b0a. B\u1ea1n c\u00f3 th\u1ec3 t\u00ecm th\u1ea5y c\u00e1c c\u00e2u h\u1ecfi ph\u1ed5 bi\u1ebfn t\u1eeb kh\u00e1ch h\u00e0ng trong m\u1ee5c &#8220;C\u00e2u h\u1ecfi th\u01b0\u1eddng g\u1eb7p&#8221; c\u1ee7a ch\u00fang t\u00f4i, c\u00f3 th\u1ec3 gi\u00fap b\u1ea1n gi\u1ea3i \u0111\u00e1p th\u1eafc m\u1eafc m\u1ed9t c\u00e1ch nhanh ch\u00f3ng. TariTali\/C\u00e2u h\u1ecfi th\u01b0\u1eddng g\u1eb7p N\u1ebfu b\u1ea1n kh\u00f4ng nh\u1eadn \u0111\u01b0\u1ee3c email ph\u1ea3n h\u1ed3i Ch\u00fang t\u00f4i th\u01b0\u1eddng ph\u1ea3n h\u1ed3i trong v\u00f2ng 24 gi\u1edd sau khi nh\u1eadn \u0111\u01b0\u1ee3c c\u00e2u h\u1ecfi c\u1ee7a b\u1ea1n. N\u1ebfu sau 2 ng\u00e0y b\u1ea1n v\u1eabn ch\u01b0a nh\u1eadn \u0111\u01b0\u1ee3c ph\u1ea3n h\u1ed3i, c\u00f3\u30fb\u30fb\u30fb\" \/>\n<meta property=\"og:url\" content=\"https:\/\/taritali.com\/vi\/contact\" \/>\n<meta property=\"og:site_name\" content=\"TariTali - L\u1ef1a ch\u1ecdn h\u00e0ng \u0111\u1ea7u cho ho\u00e0n tr\u1ea3 Forex\" \/>\n<meta property=\"article:modified_time\" content=\"2024-10-07T03:35:39+00:00\" \/>\n<meta name=\"twitter:card\" content=\"summary_large_image\" \/>\n<meta name=\"twitter:label1\" content=\"\u01af\u1edbc t\u00ednh th\u1eddi gian \u0111\u1ecdc\" \/>\n\t<meta name=\"twitter:data1\" content=\"2 ph\u00fat\" \/>\n<script type=\"application\/ld+json\" class=\"yoast-schema-graph\">{\"@context\":\"https:\/\/schema.org\",\"@graph\":[{\"@type\":\"WebPage\",\"@id\":\"https:\/\/taritali.com\/vi\/contact\",\"url\":\"https:\/\/taritali.com\/vi\/contact\",\"name\":\"Li\u00ean h\u1ec7 v\u1edbi ch\u00fang t\u00f4i - TariTali - L\u1ef1a ch\u1ecdn h\u00e0ng \u0111\u1ea7u cho ho\u00e0n tr\u1ea3 Forex\",\"isPartOf\":{\"@id\":\"https:\/\/taritali.com\/vi\/#website\"},\"datePublished\":\"2016-01-13T22:30:58+00:00\",\"dateModified\":\"2024-10-07T03:35:39+00:00\",\"breadcrumb\":{\"@id\":\"https:\/\/taritali.com\/vi\/contact#breadcrumb\"},\"inLanguage\":\"vi\",\"potentialAction\":[{\"@type\":\"ReadAction\",\"target\":[\"https:\/\/taritali.com\/vi\/contact\"]}]},{\"@type\":\"BreadcrumbList\",\"@id\":\"https:\/\/taritali.com\/vi\/contact#breadcrumb\",\"itemListElement\":[{\"@type\":\"ListItem\",\"position\":1,\"name\":\"Trang ch\u1ee7\",\"item\":\"https:\/\/taritali.com\/vi\/\"},{\"@type\":\"ListItem\",\"position\":2,\"name\":\"Li\u00ean h\u1ec7 v\u1edbi ch\u00fang t\u00f4i\"}]},{\"@type\":\"WebSite\",\"@id\":\"https:\/\/taritali.com\/vi\/#website\",\"url\":\"https:\/\/taritali.com\/vi\/\",\"name\":\"TariTali - L\u1ef1a ch\u1ecdn h\u00e0ng \u0111\u1ea7u cho ho\u00e0n tr\u1ea3 Forex\",\"description\":\"\",\"publisher\":{\"@id\":\"https:\/\/taritali.com\/vi\/#organization\"},\"potentialAction\":[{\"@type\":\"SearchAction\",\"target\":{\"@type\":\"EntryPoint\",\"urlTemplate\":\"https:\/\/taritali.com\/vi\/?s={search_term_string}\"},\"query-input\":\"required name=search_term_string\"}],\"inLanguage\":\"vi\"},{\"@type\":\"Organization\",\"@id\":\"https:\/\/taritali.com\/vi\/#organization\",\"name\":\"TariTali - L\u1ef1a ch\u1ecdn h\u00e0ng \u0111\u1ea7u cho ho\u00e0n tr\u1ea3 Forex\",\"url\":\"https:\/\/taritali.com\/vi\/\",\"logo\":{\"@type\":\"ImageObject\",\"inLanguage\":\"vi\",\"@id\":\"https:\/\/taritali.com\/vi\/#\/schema\/logo\/image\/\",\"url\":\"https:\/\/taritali.com\/vi\/wp-content\/uploads\/sites\/2\/2024\/01\/logo.png\",\"contentUrl\":\"https:\/\/taritali.com\/vi\/wp-content\/uploads\/sites\/2\/2024\/01\/logo.png\",\"width\":215,\"height\":90,\"caption\":\"TariTali - L\u1ef1a ch\u1ecdn h\u00e0ng \u0111\u1ea7u cho ho\u00e0n tr\u1ea3 Forex\"},\"image\":{\"@id\":\"https:\/\/taritali.com\/vi\/#\/schema\/logo\/image\/\"}}]}<\/script>\n<!-- \/ Yoast SEO plugin. -->","yoast_head_json":{"title":"Li\u00ean h\u1ec7 v\u1edbi ch\u00fang t\u00f4i - TariTali - L\u1ef1a ch\u1ecdn h\u00e0ng \u0111\u1ea7u cho ho\u00e0n tr\u1ea3 Forex","robots":{"index":"index","follow":"follow","max-snippet":"max-snippet:-1","max-image-preview":"max-image-preview:large","max-video-preview":"max-video-preview:-1"},"canonical":"https:\/\/taritali.com\/vi\/contact","og_locale":"vi_VN","og_type":"article","og_title":"Li\u00ean h\u1ec7 v\u1edbi ch\u00fang t\u00f4i - TariTali - L\u1ef1a ch\u1ecdn h\u00e0ng \u0111\u1ea7u cho ho\u00e0n tr\u1ea3 Forex","og_description":"Tr\u01b0\u1edbc khi li\u00ean h\u1ec7 v\u1edbi ch\u00fang t\u00f4i Tr\u01b0\u1edbc khi li\u00ean h\u1ec7 v\u1edbi ch\u00fang t\u00f4i, h\u00e3y tham kh\u1ea3o ph\u1ea7n &#8220;C\u00e2u h\u1ecfi th\u01b0\u1eddng g\u1eb7p&#8221; \u0111\u1ec3 xem li\u1ec7u c\u00e2u h\u1ecfi c\u1ee7a b\u1ea1n \u0111\u00e3 \u0111\u01b0\u1ee3c gi\u1ea3i \u0111\u00e1p hay ch\u01b0a. B\u1ea1n c\u00f3 th\u1ec3 t\u00ecm th\u1ea5y c\u00e1c c\u00e2u h\u1ecfi ph\u1ed5 bi\u1ebfn t\u1eeb kh\u00e1ch h\u00e0ng trong m\u1ee5c &#8220;C\u00e2u h\u1ecfi th\u01b0\u1eddng g\u1eb7p&#8221; c\u1ee7a ch\u00fang t\u00f4i, c\u00f3 th\u1ec3 gi\u00fap b\u1ea1n gi\u1ea3i \u0111\u00e1p th\u1eafc m\u1eafc m\u1ed9t c\u00e1ch nhanh ch\u00f3ng. TariTali\/C\u00e2u h\u1ecfi th\u01b0\u1eddng g\u1eb7p N\u1ebfu b\u1ea1n kh\u00f4ng nh\u1eadn \u0111\u01b0\u1ee3c email ph\u1ea3n h\u1ed3i Ch\u00fang t\u00f4i th\u01b0\u1eddng ph\u1ea3n h\u1ed3i trong v\u00f2ng 24 gi\u1edd sau khi nh\u1eadn \u0111\u01b0\u1ee3c c\u00e2u h\u1ecfi c\u1ee7a b\u1ea1n. N\u1ebfu sau 2 ng\u00e0y b\u1ea1n v\u1eabn ch\u01b0a nh\u1eadn \u0111\u01b0\u1ee3c ph\u1ea3n h\u1ed3i, c\u00f3\u30fb\u30fb\u30fb","og_url":"https:\/\/taritali.com\/vi\/contact","og_site_name":"TariTali - L\u1ef1a ch\u1ecdn h\u00e0ng \u0111\u1ea7u cho ho\u00e0n tr\u1ea3 Forex","article_modified_time":"2024-10-07T03:35:39+00:00","twitter_card":"summary_large_image","twitter_misc":{"\u01af\u1edbc t\u00ednh th\u1eddi gian \u0111\u1ecdc":"2 ph\u00fat"},"schema":{"@context":"https:\/\/schema.org","@graph":[{"@type":"WebPage","@id":"https:\/\/taritali.com\/vi\/contact","url":"https:\/\/taritali.com\/vi\/contact","name":"Li\u00ean h\u1ec7 v\u1edbi ch\u00fang t\u00f4i - TariTali - L\u1ef1a ch\u1ecdn h\u00e0ng \u0111\u1ea7u cho ho\u00e0n tr\u1ea3 Forex","isPartOf":{"@id":"https:\/\/taritali.com\/vi\/#website"},"datePublished":"2016-01-13T22:30:58+00:00","dateModified":"2024-10-07T03:35:39+00:00","breadcrumb":{"@id":"https:\/\/taritali.com\/vi\/contact#breadcrumb"},"inLanguage":"vi","potentialAction":[{"@type":"ReadAction","target":["https:\/\/taritali.com\/vi\/contact"]}]},{"@type":"BreadcrumbList","@id":"https:\/\/taritali.com\/vi\/contact#breadcrumb","itemListElement":[{"@type":"ListItem","position":1,"name":"Trang ch\u1ee7","item":"https:\/\/taritali.com\/vi\/"},{"@type":"ListItem","position":2,"name":"Li\u00ean h\u1ec7 v\u1edbi ch\u00fang t\u00f4i"}]},{"@type":"WebSite","@id":"https:\/\/taritali.com\/vi\/#website","url":"https:\/\/taritali.com\/vi\/","name":"TariTali - L\u1ef1a ch\u1ecdn h\u00e0ng \u0111\u1ea7u cho ho\u00e0n tr\u1ea3 Forex","description":"","publisher":{"@id":"https:\/\/taritali.com\/vi\/#organization"},"potentialAction":[{"@type":"SearchAction","target":{"@type":"EntryPoint","urlTemplate":"https:\/\/taritali.com\/vi\/?s={search_term_string}"},"query-input":"required name=search_term_string"}],"inLanguage":"vi"},{"@type":"Organization","@id":"https:\/\/taritali.com\/vi\/#organization","name":"TariTali - L\u1ef1a ch\u1ecdn h\u00e0ng \u0111\u1ea7u cho ho\u00e0n tr\u1ea3 Forex","url":"https:\/\/taritali.com\/vi\/","logo":{"@type":"ImageObject","inLanguage":"vi","@id":"https:\/\/taritali.com\/vi\/#\/schema\/logo\/image\/","url":"https:\/\/taritali.com\/vi\/wp-content\/uploads\/sites\/2\/2024\/01\/logo.png","contentUrl":"https:\/\/taritali.com\/vi\/wp-content\/uploads\/sites\/2\/2024\/01\/logo.png","width":215,"height":90,"caption":"TariTali - L\u1ef1a ch\u1ecdn h\u00e0ng \u0111\u1ea7u cho ho\u00e0n tr\u1ea3 Forex"},"image":{"@id":"https:\/\/taritali.com\/vi\/#\/schema\/logo\/image\/"}}]}},"_links":{"self":[{"href":"https:\/\/taritali.com\/vi\/wp-json\/wp\/v2\/pages\/26"}],"collection":[{"href":"https:\/\/taritali.com\/vi\/wp-json\/wp\/v2\/pages"}],"about":[{"href":"https:\/\/taritali.com\/vi\/wp-json\/wp\/v2\/types\/page"}],"author":[{"embeddable":true,"href":"https:\/\/taritali.com\/vi\/wp-json\/wp\/v2\/users\/2"}],"replies":[{"embeddable":true,"href":"https:\/\/taritali.com\/vi\/wp-json\/wp\/v2\/comments?post=26"}],"version-history":[{"count":5,"href":"https:\/\/taritali.com\/vi\/wp-json\/wp\/v2\/pages\/26\/revisions"}],"predecessor-version":[{"id":34214,"href":"https:\/\/taritali.com\/vi\/wp-json\/wp\/v2\/pages\/26\/revisions\/34214"}],"wp:attachment":[{"href":"https:\/\/taritali.com\/vi\/wp-json\/wp\/v2\/media?parent=26"}],"curies":[{"name":"wp","href":"https:\/\/api.w.org\/{rel}","templated":true}]}}