{"id":2855,"date":"2016-08-31T16:30:44","date_gmt":"2016-08-31T07:30:44","guid":{"rendered":"https:\/\/taritali.com\/?page_id=2855"},"modified":"2026-04-28T12:15:15","modified_gmt":"2026-04-28T04:15:15","slug":"acting","status":"publish","type":"page","link":"https:\/\/taritali.com\/vi\/acting","title":{"rendered":"D\u1ecbch v\u1ee5 h\u1ed7 tr\u1ee3 m\u1edf t\u00e0i kho\u1ea3n"},"content":{"rendered":"<p><img fetchpriority=\"high\" decoding=\"async\" class=\"alignnone size-full wp-image-34892\" src=\"https:\/\/taritali.com\/vi\/wp-content\/uploads\/sites\/2\/2026\/04\/60409d5eb2a83a84f039f6d2a143ebc1.png\" alt=\"\" width=\"1280\" height=\"700\" \/><\/p>\n<ul>\n<li style=\"font-weight: 400\"><span style=\"font-weight: 400\">B\u1ea1n \u0111ang b\u01b0\u1edbc ch\u00e2n v\u00e0o th\u1ebf gi\u1edbi giao d\u1ecbch ngo\u1ea1i h\u1ed1i v\u00e0 c\u1ea3m th\u1ea5y h\u01a1i lo l\u1eafng?\u00a0<\/span><\/li>\n<li style=\"font-weight: 400\"><span style=\"font-weight: 400\">Ti\u1ebfng Anh ch\u01b0a ph\u1ea3i l\u00e0 th\u1ebf m\u1ea1nh c\u1ee7a b\u1ea1n v\u00e0 b\u1ea1n \u0111ang t\u00ecm ki\u1ebfm m\u1ed9t n\u01a1i h\u1ed7 tr\u1ee3 b\u1eb1ng ti\u1ebfng Vi\u1ec7t?<\/span><\/li>\n<li style=\"font-weight: 400\"><span style=\"font-weight: 400\">B\u1ea1n \u0111\u00e3 c\u00f3 t\u00e0i kho\u1ea3n v\u00e0 mu\u1ed1n bi\u1ebft li\u1ec7u m\u00ecnh c\u00f3 th\u1ec3 nh\u1eadn l\u1ea1i ph\u00ed hoa h\u1ed3ng hay kh\u00f4ng?<\/span><\/li>\n<li style=\"font-weight: 400\"><span style=\"font-weight: 400\">N\u1ed9i dung trong b\u00e0i vi\u1ebft kh\u00f3 hi\u1ec3u qu\u00e1 \u0111\u1ed1i v\u1edbi b\u1ea1n.<\/span><\/li>\n<\/ul>\n<p><span style=\"font-weight: 400\">\u0110\u1eebng lo, ch\u00fang t\u00f4i \u0111\u00e3 c\u00f3 gi\u1ea3i ph\u00e1p cho b\u1ea1n!<\/span><\/p>\n<p><span style=\"font-weight: 400\"><br \/>\n<\/span><span style=\"font-weight: 400\">V\u1edbi d\u1ecbch v\u1ee5 h\u1ed7 tr\u1ee3 chuy\u00ean nghi\u1ec7p c\u1ee7a TariTali, b\u1ea1n s\u1ebd kh\u00f4ng ph\u1ea3i \u0111\u1ed1i m\u1eb7t m\u1ed9t m\u00ecnh v\u1edbi nh\u1eefng kh\u00f3 kh\u0103n khi m\u1edf t\u00e0i kho\u1ea3n ho\u00e0n tr\u1ea3. B\u1ea5t k\u1ec3 b\u1ea1n g\u1eb7p v\u1ea5n \u0111\u1ec1 g\u00ec, TariTali lu\u00f4n s\u1eb5n s\u00e0ng gi\u00fap \u0111\u1ee1 v\u00e0 h\u01b0\u1edbng d\u1eabn b\u1ea1n t\u1eebng b\u01b0\u1edbc trong qu\u00e1 tr\u00ecnh t\u1eeb khi m\u1edf t\u00e0i kho\u1ea3n \u0111\u1ebfn khi nh\u1eadn \u0111\u01b0\u1ee3c ho\u00e0n ph\u00ed hoa h\u1ed3ng.<\/span><\/p>\n<p><span style=\"font-weight: 400\">Kh\u00f4ng c\u1ea7n lo l\u1eafng v\u1ec1 chi ph\u00ed, v\u00ec t\u1ea5t c\u1ea3 d\u1ecbch v\u1ee5 h\u1ed7 tr\u1ee3 c\u1ee7a TariTali \u0111\u1ec1u ho\u00e0n to\u00e0n mi\u1ec5n ph\u00ed.<\/span><span style=\"font-weight: 400\"><br \/>\n<\/span><span style=\"font-weight: 400\">L\u01b0u \u00fd: \u0110\u1ec3 ph\u1ee5c v\u1ee5 b\u1ea1n t\u1ed1t h\u01a1n, c\u00f3 th\u1ec3 ch\u00fang t\u00f4i s\u1ebd y\u00eau c\u1ea7u m\u1ed9t s\u1ed1 th\u00f4ng tin c\u00e1 nh\u00e2n c\u1ea7n thi\u1ebft trong qu\u00e1 tr\u00ecnh h\u1ed7 tr\u1ee3.<\/span><\/p>\n<p><span style=\"font-weight: 400\">H\u00e3y li\u00ean h\u1ec7 v\u1edbi TariTali b\u1ea5t c\u1ee9 khi n\u00e0o b\u1ea1n c\u1ea7n gi\u00fap \u0111\u1ee1!<\/span><\/p>\n<h3><b>L\u00e0m g\u00ec khi kh\u00f4ng nh\u1eadn \u0111\u01b0\u1ee3c ph\u1ea3n h\u1ed3i?<\/b><\/h3>\n<p><span style=\"font-weight: 400\">TariTali lu\u00f4n c\u1ed1 g\u1eafng ph\u1ea3n h\u1ed3i trong v\u00f2ng 24 gi\u1edd sau khi nh\u1eadn \u0111\u01b0\u1ee3c y\u00eau c\u1ea7u t\u1eeb b\u1ea1n.<\/span><\/p>\n<p><span style=\"font-weight: 400\">Tuy nhi\u00ean, n\u1ebfu sau 48 gi\u1edd b\u1ea1n v\u1eabn ch\u01b0a nh\u1eadn \u0111\u01b0\u1ee3c h\u1ed3i \u0111\u00e1p, h\u00e3y ki\u1ec3m tra th\u01b0 m\u1ee5c spam trong email c\u1ee7a b\u1ea1n. N\u1ebfu email c\u1ee7a ch\u00fang t\u00f4i b\u1ecb chuy\u1ec3n v\u00e0o \u0111\u00f3, b\u1ea1n ch\u1ec9 c\u1ea7n \u0111\u00e1nh d\u1ea5u l\u00e0 kh\u00f4ng ph\u1ea3i spam.<\/span><\/p>\n<p><span style=\"font-weight: 400\">N\u1ebfu v\u1eabn kh\u00f4ng t\u00ecm th\u1ea5y, vui l\u00f2ng li\u00ean h\u1ec7 l\u1ea1i v\u1edbi ch\u00fang t\u00f4i qua <\/span><a href=\"https:\/\/taritali.com\/vi\/contact\"><span style=\"font-weight: 400\">bi\u1ec3u m\u1eabu li\u00ean h\u1ec7<\/span><\/a><span style=\"font-weight: 400\"> \u0111\u1ec3 \u0111\u01b0\u1ee3c h\u1ed7 tr\u1ee3 k\u1ecbp th\u1eddi.<\/span><\/p>\n\n<div class=\"wpcf7 no-js\" id=\"wpcf7-f4829-o1\" lang=\"ja\" dir=\"ltr\">\n<div class=\"screen-reader-response\"><p role=\"status\" aria-live=\"polite\" aria-atomic=\"true\"><\/p> <ul><\/ul><\/div>\n<form action=\"\/vi\/wp-json\/wp\/v2\/pages\/2855#wpcf7-f4829-o1\" method=\"post\" class=\"wpcf7-form init\" aria-label=\"\u30b3\u30f3\u30bf\u30af\u30c8\u30d5\u30a9\u30fc\u30e0\" novalidate=\"novalidate\" data-status=\"init\">\n<div style=\"display: none;\">\n<input type=\"hidden\" name=\"_wpcf7\" value=\"4829\" \/>\n<input type=\"hidden\" name=\"_wpcf7_version\" value=\"5.8.1\" \/>\n<input type=\"hidden\" name=\"_wpcf7_locale\" value=\"ja\" \/>\n<input type=\"hidden\" name=\"_wpcf7_unit_tag\" value=\"wpcf7-f4829-o1\" \/>\n<input type=\"hidden\" name=\"_wpcf7_container_post\" value=\"0\" \/>\n<input type=\"hidden\" name=\"_wpcf7_posted_data_hash\" value=\"\" \/>\n<input type=\"hidden\" name=\"_wpcf7_recaptcha_response\" value=\"\" \/>\n<\/div>\n<h5> H\u1ecd t\u00ean (b\u1eaft bu\u1ed9c)\n<\/h5>\n<p><span class=\"wpcf7-form-control-wrap\" data-name=\"your-name\"><input size=\"40\" class=\"wpcf7-form-control wpcf7-text wpcf7-validates-as-required\" aria-required=\"true\" aria-invalid=\"false\" value=\"\" type=\"text\" name=\"your-name\" \/><\/span>\n<\/p>\n<h5>Email (b\u1eaft bu\u1ed9c)\n<\/h5>\n<p><span class=\"wpcf7-form-control-wrap\" data-name=\"your-email\"><input size=\"40\" class=\"wpcf7-form-control wpcf7-email wpcf7-validates-as-required wpcf7-text wpcf7-validates-as-email\" aria-required=\"true\" aria-invalid=\"false\" value=\"\" type=\"email\" name=\"your-email\" \/><\/span>\n<\/p>\n<h5>Broker c\u1ea7n h\u1ed7 tr\u1ee3 (b\u1eaft bu\u1ed9c)\n<\/h5>\n<p><span class=\"wpcf7-form-control-wrap\" data-name=\"checkbox-232\"><span class=\"wpcf7-form-control wpcf7-checkbox wpcf7-validates-as-required\"><span class=\"wpcf7-list-item first\"><input type=\"checkbox\" name=\"checkbox-232[]\" value=\"Exness\" \/><span class=\"wpcf7-list-item-label\">Exness<\/span><\/span><span class=\"wpcf7-list-item\"><input type=\"checkbox\" name=\"checkbox-232[]\" value=\"IC Markets\" \/><span class=\"wpcf7-list-item-label\">IC Markets<\/span><\/span><span class=\"wpcf7-list-item\"><input type=\"checkbox\" name=\"checkbox-232[]\" value=\"XM\uff08XM Global\uff09\" \/><span class=\"wpcf7-list-item-label\">XM\uff08XM Global\uff09<\/span><\/span><span class=\"wpcf7-list-item\"><input type=\"checkbox\" name=\"checkbox-232[]\" value=\"FXGT\" \/><span class=\"wpcf7-list-item-label\">FXGT<\/span><\/span><span class=\"wpcf7-list-item\"><input type=\"checkbox\" name=\"checkbox-232[]\" value=\"HFM\uff08HotForex\uff09\" \/><span class=\"wpcf7-list-item-label\">HFM\uff08HotForex\uff09<\/span><\/span><span class=\"wpcf7-list-item\"><input type=\"checkbox\" name=\"checkbox-232[]\" value=\"Axi\" \/><span class=\"wpcf7-list-item-label\">Axi<\/span><\/span><span class=\"wpcf7-list-item last\"><input type=\"checkbox\" name=\"checkbox-232[]\" value=\"Ch\u01b0a x\u00e1c \u0111\u1ecbnh\" \/><span class=\"wpcf7-list-item-label\">Ch\u01b0a x\u00e1c \u0111\u1ecbnh<\/span><\/span><\/span><\/span>\n<\/p>\n<h5>Ti\u00eau \u0111\u1ec1 (b\u1eaft bu\u1ed9c)\n<\/h5>\n<p><span class=\"wpcf7-form-control-wrap\" data-name=\"checkbox-233\"><span class=\"wpcf7-form-control wpcf7-checkbox wpcf7-validates-as-required\"><span class=\"wpcf7-list-item first\"><input type=\"checkbox\" name=\"checkbox-233[]\" value=\"\u0110\u0103ng k\u00fd t\u00e0i kho\u1ea3n\" \/><span class=\"wpcf7-list-item-label\">\u0110\u0103ng k\u00fd t\u00e0i kho\u1ea3n<\/span><\/span><span class=\"wpcf7-list-item\"><input type=\"checkbox\" name=\"checkbox-233[]\" value=\"Thay \u0111\u1ed5i IB\" \/><span class=\"wpcf7-list-item-label\">Thay \u0111\u1ed5i IB<\/span><\/span><span class=\"wpcf7-list-item last\"><input type=\"checkbox\" name=\"checkbox-233[]\" value=\"Kh\u00e1c\" \/><span class=\"wpcf7-list-item-label\">Kh\u00e1c<\/span><\/span><\/span><\/span>\n<\/p>\n<h5>N\u1ed9i dung h\u1ed7 tr\u1ee3 (b\u1eaft bu\u1ed9c)\n<\/h5>\n<p><span class=\"wpcf7-form-control-wrap\" data-name=\"your-message\"><textarea cols=\"40\" rows=\"10\" class=\"wpcf7-form-control wpcf7-textarea wpcf7-validates-as-required\" aria-required=\"true\" aria-invalid=\"false\" name=\"your-message\"><\/textarea><\/span>\n<\/p>\n<p><input class=\"wpcf7-form-control wpcf7-submit has-spinner\" type=\"submit\" value=\"G\u1eedi\" \/>\n<\/p><p style=\"display: none !important;\"><label>&#916;<textarea name=\"_wpcf7_ak_hp_textarea\" cols=\"45\" rows=\"8\" maxlength=\"100\"><\/textarea><\/label><input type=\"hidden\" id=\"ak_js_1\" name=\"_wpcf7_ak_js\" value=\"48\"\/><script>document.getElementById( \"ak_js_1\" ).setAttribute( \"value\", ( new Date() ).getTime() );<\/script><\/p><div class=\"wpcf7-response-output\" aria-hidden=\"true\"><\/div>\n<\/form>\n<\/div>\n\n","protected":false},"excerpt":{"rendered":"<p>B\u1ea1n \u0111ang b\u01b0\u1edbc ch\u00e2n v\u00e0o th\u1ebf gi\u1edbi giao d\u1ecbch ngo\u1ea1i h\u1ed1i v\u00e0 c\u1ea3m th\u1ea5y h\u01a1i lo l\u1eafng?\u00a0 Ti\u1ebfng Anh ch\u01b0a ph\u1ea3i l\u00e0 th\u1ebf m\u1ea1nh c\u1ee7a b\u1ea1n v\u00e0 b\u1ea1n \u0111ang t\u00ecm ki\u1ebfm m\u1ed9t n\u01a1i h\u1ed7 tr\u1ee3 b\u1eb1ng ti\u1ebfng Vi\u1ec7t? B\u1ea1n \u0111\u00e3 c\u00f3 t\u00e0i kho\u1ea3n v\u00e0 mu\u1ed1n bi\u1ebft li\u1ec7u m\u00ecnh c\u00f3 th\u1ec3 nh\u1eadn l\u1ea1i ph\u00ed hoa h\u1ed3ng hay kh\u00f4ng? N\u1ed9i dung trong b\u00e0i vi\u1ebft kh\u00f3 hi\u1ec3u qu\u00e1 \u0111\u1ed1i v\u1edbi b\u1ea1n. \u0110\u1eebng lo, ch\u00fang t\u00f4i \u0111\u00e3 c\u00f3 gi\u1ea3i ph\u00e1p cho b\u1ea1n! V\u1edbi d\u1ecbch v\u1ee5 h\u1ed7 tr\u1ee3 chuy\u00ean nghi\u1ec7p c\u1ee7a TariTali, b\u1ea1n s\u1ebd kh\u00f4ng ph\u1ea3i \u0111\u1ed1i m\u1eb7t m\u1ed9t m\u00ecnh v\u1edbi nh\u1eefng kh\u00f3 kh\u0103n khi m\u1edf t\u00e0i kho\u1ea3n ho\u00e0n tr\u1ea3. B\u1ea5t k\u1ec3 b\u1ea1n g\u1eb7p v\u1ea5n\u30fb\u30fb\u30fb<\/p>\n","protected":false},"author":2,"featured_media":34892,"parent":0,"menu_order":0,"comment_status":"closed","ping_status":"closed","template":"","meta":{"footnotes":""},"yoast_head":"<!-- This site is optimized with the Yoast SEO plugin v23.1 - https:\/\/yoast.com\/wordpress\/plugins\/seo\/ -->\n<title>D\u1ecbch v\u1ee5 h\u1ed7 tr\u1ee3 m\u1edf t\u00e0i kho\u1ea3n - TariTali - L\u1ef1a ch\u1ecdn h\u00e0ng \u0111\u1ea7u cho ho\u00e0n tr\u1ea3 Forex<\/title>\n<meta name=\"robots\" content=\"index, follow, max-snippet:-1, max-image-preview:large, max-video-preview:-1\" \/>\n<link rel=\"canonical\" href=\"https:\/\/taritali.com\/vi\/acting\" \/>\n<meta property=\"og:locale\" content=\"vi_VN\" \/>\n<meta property=\"og:type\" content=\"article\" \/>\n<meta property=\"og:title\" content=\"D\u1ecbch v\u1ee5 h\u1ed7 tr\u1ee3 m\u1edf t\u00e0i kho\u1ea3n - TariTali - L\u1ef1a ch\u1ecdn h\u00e0ng \u0111\u1ea7u cho ho\u00e0n tr\u1ea3 Forex\" \/>\n<meta property=\"og:description\" content=\"B\u1ea1n \u0111ang b\u01b0\u1edbc ch\u00e2n v\u00e0o th\u1ebf gi\u1edbi giao d\u1ecbch ngo\u1ea1i h\u1ed1i v\u00e0 c\u1ea3m th\u1ea5y h\u01a1i lo l\u1eafng?\u00a0 Ti\u1ebfng Anh ch\u01b0a ph\u1ea3i l\u00e0 th\u1ebf m\u1ea1nh c\u1ee7a b\u1ea1n v\u00e0 b\u1ea1n \u0111ang t\u00ecm ki\u1ebfm m\u1ed9t n\u01a1i h\u1ed7 tr\u1ee3 b\u1eb1ng ti\u1ebfng Vi\u1ec7t? B\u1ea1n \u0111\u00e3 c\u00f3 t\u00e0i kho\u1ea3n v\u00e0 mu\u1ed1n bi\u1ebft li\u1ec7u m\u00ecnh c\u00f3 th\u1ec3 nh\u1eadn l\u1ea1i ph\u00ed hoa h\u1ed3ng hay kh\u00f4ng? N\u1ed9i dung trong b\u00e0i vi\u1ebft kh\u00f3 hi\u1ec3u qu\u00e1 \u0111\u1ed1i v\u1edbi b\u1ea1n. \u0110\u1eebng lo, ch\u00fang t\u00f4i \u0111\u00e3 c\u00f3 gi\u1ea3i ph\u00e1p cho b\u1ea1n! V\u1edbi d\u1ecbch v\u1ee5 h\u1ed7 tr\u1ee3 chuy\u00ean nghi\u1ec7p c\u1ee7a TariTali, b\u1ea1n s\u1ebd kh\u00f4ng ph\u1ea3i \u0111\u1ed1i m\u1eb7t m\u1ed9t m\u00ecnh v\u1edbi nh\u1eefng kh\u00f3 kh\u0103n khi m\u1edf t\u00e0i kho\u1ea3n ho\u00e0n tr\u1ea3. B\u1ea5t k\u1ec3 b\u1ea1n g\u1eb7p v\u1ea5n\u30fb\u30fb\u30fb\" \/>\n<meta property=\"og:url\" content=\"https:\/\/taritali.com\/vi\/acting\" \/>\n<meta property=\"og:site_name\" content=\"TariTali - L\u1ef1a ch\u1ecdn h\u00e0ng \u0111\u1ea7u cho ho\u00e0n tr\u1ea3 Forex\" \/>\n<meta property=\"article:modified_time\" content=\"2026-04-28T04:15:15+00:00\" \/>\n<meta property=\"og:image\" content=\"https:\/\/taritali.com\/vi\/wp-content\/uploads\/sites\/2\/2026\/04\/60409d5eb2a83a84f039f6d2a143ebc1.png\" \/>\n\t<meta property=\"og:image:width\" content=\"1280\" \/>\n\t<meta property=\"og:image:height\" content=\"700\" \/>\n\t<meta property=\"og:image:type\" content=\"image\/png\" \/>\n<meta name=\"twitter:card\" content=\"summary_large_image\" \/>\n<meta name=\"twitter:label1\" content=\"\u01af\u1edbc t\u00ednh th\u1eddi gian \u0111\u1ecdc\" \/>\n\t<meta name=\"twitter:data1\" content=\"2 ph\u00fat\" \/>\n<script type=\"application\/ld+json\" class=\"yoast-schema-graph\">{\"@context\":\"https:\/\/schema.org\",\"@graph\":[{\"@type\":\"WebPage\",\"@id\":\"https:\/\/taritali.com\/vi\/acting\",\"url\":\"https:\/\/taritali.com\/vi\/acting\",\"name\":\"D\u1ecbch v\u1ee5 h\u1ed7 tr\u1ee3 m\u1edf t\u00e0i kho\u1ea3n - TariTali - L\u1ef1a ch\u1ecdn h\u00e0ng \u0111\u1ea7u cho ho\u00e0n tr\u1ea3 Forex\",\"isPartOf\":{\"@id\":\"https:\/\/taritali.com\/vi\/#website\"},\"primaryImageOfPage\":{\"@id\":\"https:\/\/taritali.com\/vi\/acting#primaryimage\"},\"image\":{\"@id\":\"https:\/\/taritali.com\/vi\/acting#primaryimage\"},\"thumbnailUrl\":\"https:\/\/taritali.com\/vi\/wp-content\/uploads\/sites\/2\/2026\/04\/60409d5eb2a83a84f039f6d2a143ebc1.png\",\"datePublished\":\"2016-08-31T07:30:44+00:00\",\"dateModified\":\"2026-04-28T04:15:15+00:00\",\"breadcrumb\":{\"@id\":\"https:\/\/taritali.com\/vi\/acting#breadcrumb\"},\"inLanguage\":\"vi\",\"potentialAction\":[{\"@type\":\"ReadAction\",\"target\":[\"https:\/\/taritali.com\/vi\/acting\"]}]},{\"@type\":\"ImageObject\",\"inLanguage\":\"vi\",\"@id\":\"https:\/\/taritali.com\/vi\/acting#primaryimage\",\"url\":\"https:\/\/taritali.com\/vi\/wp-content\/uploads\/sites\/2\/2026\/04\/60409d5eb2a83a84f039f6d2a143ebc1.png\",\"contentUrl\":\"https:\/\/taritali.com\/vi\/wp-content\/uploads\/sites\/2\/2026\/04\/60409d5eb2a83a84f039f6d2a143ebc1.png\",\"width\":1280,\"height\":700},{\"@type\":\"BreadcrumbList\",\"@id\":\"https:\/\/taritali.com\/vi\/acting#breadcrumb\",\"itemListElement\":[{\"@type\":\"ListItem\",\"position\":1,\"name\":\"Trang ch\u1ee7\",\"item\":\"https:\/\/taritali.com\/vi\/\"},{\"@type\":\"ListItem\",\"position\":2,\"name\":\"D\u1ecbch v\u1ee5 h\u1ed7 tr\u1ee3 m\u1edf t\u00e0i kho\u1ea3n\"}]},{\"@type\":\"WebSite\",\"@id\":\"https:\/\/taritali.com\/vi\/#website\",\"url\":\"https:\/\/taritali.com\/vi\/\",\"name\":\"TariTali - L\u1ef1a ch\u1ecdn h\u00e0ng \u0111\u1ea7u cho ho\u00e0n tr\u1ea3 Forex\",\"description\":\"\",\"publisher\":{\"@id\":\"https:\/\/taritali.com\/vi\/#organization\"},\"potentialAction\":[{\"@type\":\"SearchAction\",\"target\":{\"@type\":\"EntryPoint\",\"urlTemplate\":\"https:\/\/taritali.com\/vi\/?s={search_term_string}\"},\"query-input\":\"required name=search_term_string\"}],\"inLanguage\":\"vi\"},{\"@type\":\"Organization\",\"@id\":\"https:\/\/taritali.com\/vi\/#organization\",\"name\":\"TariTali - L\u1ef1a ch\u1ecdn h\u00e0ng \u0111\u1ea7u cho ho\u00e0n tr\u1ea3 Forex\",\"url\":\"https:\/\/taritali.com\/vi\/\",\"logo\":{\"@type\":\"ImageObject\",\"inLanguage\":\"vi\",\"@id\":\"https:\/\/taritali.com\/vi\/#\/schema\/logo\/image\/\",\"url\":\"https:\/\/taritali.com\/vi\/wp-content\/uploads\/sites\/2\/2024\/01\/logo.png\",\"contentUrl\":\"https:\/\/taritali.com\/vi\/wp-content\/uploads\/sites\/2\/2024\/01\/logo.png\",\"width\":215,\"height\":90,\"caption\":\"TariTali - L\u1ef1a ch\u1ecdn h\u00e0ng \u0111\u1ea7u cho ho\u00e0n tr\u1ea3 Forex\"},\"image\":{\"@id\":\"https:\/\/taritali.com\/vi\/#\/schema\/logo\/image\/\"}}]}<\/script>\n<!-- \/ Yoast SEO plugin. -->","yoast_head_json":{"title":"D\u1ecbch v\u1ee5 h\u1ed7 tr\u1ee3 m\u1edf t\u00e0i kho\u1ea3n - TariTali - L\u1ef1a ch\u1ecdn h\u00e0ng \u0111\u1ea7u cho ho\u00e0n tr\u1ea3 Forex","robots":{"index":"index","follow":"follow","max-snippet":"max-snippet:-1","max-image-preview":"max-image-preview:large","max-video-preview":"max-video-preview:-1"},"canonical":"https:\/\/taritali.com\/vi\/acting","og_locale":"vi_VN","og_type":"article","og_title":"D\u1ecbch v\u1ee5 h\u1ed7 tr\u1ee3 m\u1edf t\u00e0i kho\u1ea3n - TariTali - L\u1ef1a ch\u1ecdn h\u00e0ng \u0111\u1ea7u cho ho\u00e0n tr\u1ea3 Forex","og_description":"B\u1ea1n \u0111ang b\u01b0\u1edbc ch\u00e2n v\u00e0o th\u1ebf gi\u1edbi giao d\u1ecbch ngo\u1ea1i h\u1ed1i v\u00e0 c\u1ea3m th\u1ea5y h\u01a1i lo l\u1eafng?\u00a0 Ti\u1ebfng Anh ch\u01b0a ph\u1ea3i l\u00e0 th\u1ebf m\u1ea1nh c\u1ee7a b\u1ea1n v\u00e0 b\u1ea1n \u0111ang t\u00ecm ki\u1ebfm m\u1ed9t n\u01a1i h\u1ed7 tr\u1ee3 b\u1eb1ng ti\u1ebfng Vi\u1ec7t? B\u1ea1n \u0111\u00e3 c\u00f3 t\u00e0i kho\u1ea3n v\u00e0 mu\u1ed1n bi\u1ebft li\u1ec7u m\u00ecnh c\u00f3 th\u1ec3 nh\u1eadn l\u1ea1i ph\u00ed hoa h\u1ed3ng hay kh\u00f4ng? N\u1ed9i dung trong b\u00e0i vi\u1ebft kh\u00f3 hi\u1ec3u qu\u00e1 \u0111\u1ed1i v\u1edbi b\u1ea1n. \u0110\u1eebng lo, ch\u00fang t\u00f4i \u0111\u00e3 c\u00f3 gi\u1ea3i ph\u00e1p cho b\u1ea1n! V\u1edbi d\u1ecbch v\u1ee5 h\u1ed7 tr\u1ee3 chuy\u00ean nghi\u1ec7p c\u1ee7a TariTali, b\u1ea1n s\u1ebd kh\u00f4ng ph\u1ea3i \u0111\u1ed1i m\u1eb7t m\u1ed9t m\u00ecnh v\u1edbi nh\u1eefng kh\u00f3 kh\u0103n khi m\u1edf t\u00e0i kho\u1ea3n ho\u00e0n tr\u1ea3. B\u1ea5t k\u1ec3 b\u1ea1n g\u1eb7p v\u1ea5n\u30fb\u30fb\u30fb","og_url":"https:\/\/taritali.com\/vi\/acting","og_site_name":"TariTali - L\u1ef1a ch\u1ecdn h\u00e0ng \u0111\u1ea7u cho ho\u00e0n tr\u1ea3 Forex","article_modified_time":"2026-04-28T04:15:15+00:00","og_image":[{"width":1280,"height":700,"url":"https:\/\/taritali.com\/vi\/wp-content\/uploads\/sites\/2\/2026\/04\/60409d5eb2a83a84f039f6d2a143ebc1.png","type":"image\/png"}],"twitter_card":"summary_large_image","twitter_misc":{"\u01af\u1edbc t\u00ednh th\u1eddi gian \u0111\u1ecdc":"2 ph\u00fat"},"schema":{"@context":"https:\/\/schema.org","@graph":[{"@type":"WebPage","@id":"https:\/\/taritali.com\/vi\/acting","url":"https:\/\/taritali.com\/vi\/acting","name":"D\u1ecbch v\u1ee5 h\u1ed7 tr\u1ee3 m\u1edf t\u00e0i kho\u1ea3n - TariTali - L\u1ef1a ch\u1ecdn h\u00e0ng \u0111\u1ea7u cho ho\u00e0n tr\u1ea3 Forex","isPartOf":{"@id":"https:\/\/taritali.com\/vi\/#website"},"primaryImageOfPage":{"@id":"https:\/\/taritali.com\/vi\/acting#primaryimage"},"image":{"@id":"https:\/\/taritali.com\/vi\/acting#primaryimage"},"thumbnailUrl":"https:\/\/taritali.com\/vi\/wp-content\/uploads\/sites\/2\/2026\/04\/60409d5eb2a83a84f039f6d2a143ebc1.png","datePublished":"2016-08-31T07:30:44+00:00","dateModified":"2026-04-28T04:15:15+00:00","breadcrumb":{"@id":"https:\/\/taritali.com\/vi\/acting#breadcrumb"},"inLanguage":"vi","potentialAction":[{"@type":"ReadAction","target":["https:\/\/taritali.com\/vi\/acting"]}]},{"@type":"ImageObject","inLanguage":"vi","@id":"https:\/\/taritali.com\/vi\/acting#primaryimage","url":"https:\/\/taritali.com\/vi\/wp-content\/uploads\/sites\/2\/2026\/04\/60409d5eb2a83a84f039f6d2a143ebc1.png","contentUrl":"https:\/\/taritali.com\/vi\/wp-content\/uploads\/sites\/2\/2026\/04\/60409d5eb2a83a84f039f6d2a143ebc1.png","width":1280,"height":700},{"@type":"BreadcrumbList","@id":"https:\/\/taritali.com\/vi\/acting#breadcrumb","itemListElement":[{"@type":"ListItem","position":1,"name":"Trang ch\u1ee7","item":"https:\/\/taritali.com\/vi\/"},{"@type":"ListItem","position":2,"name":"D\u1ecbch v\u1ee5 h\u1ed7 tr\u1ee3 m\u1edf t\u00e0i kho\u1ea3n"}]},{"@type":"WebSite","@id":"https:\/\/taritali.com\/vi\/#website","url":"https:\/\/taritali.com\/vi\/","name":"TariTali - L\u1ef1a ch\u1ecdn h\u00e0ng \u0111\u1ea7u cho ho\u00e0n tr\u1ea3 Forex","description":"","publisher":{"@id":"https:\/\/taritali.com\/vi\/#organization"},"potentialAction":[{"@type":"SearchAction","target":{"@type":"EntryPoint","urlTemplate":"https:\/\/taritali.com\/vi\/?s={search_term_string}"},"query-input":"required name=search_term_string"}],"inLanguage":"vi"},{"@type":"Organization","@id":"https:\/\/taritali.com\/vi\/#organization","name":"TariTali - L\u1ef1a ch\u1ecdn h\u00e0ng \u0111\u1ea7u cho ho\u00e0n tr\u1ea3 Forex","url":"https:\/\/taritali.com\/vi\/","logo":{"@type":"ImageObject","inLanguage":"vi","@id":"https:\/\/taritali.com\/vi\/#\/schema\/logo\/image\/","url":"https:\/\/taritali.com\/vi\/wp-content\/uploads\/sites\/2\/2024\/01\/logo.png","contentUrl":"https:\/\/taritali.com\/vi\/wp-content\/uploads\/sites\/2\/2024\/01\/logo.png","width":215,"height":90,"caption":"TariTali - L\u1ef1a ch\u1ecdn h\u00e0ng \u0111\u1ea7u cho ho\u00e0n tr\u1ea3 Forex"},"image":{"@id":"https:\/\/taritali.com\/vi\/#\/schema\/logo\/image\/"}}]}},"_links":{"self":[{"href":"https:\/\/taritali.com\/vi\/wp-json\/wp\/v2\/pages\/2855"}],"collection":[{"href":"https:\/\/taritali.com\/vi\/wp-json\/wp\/v2\/pages"}],"about":[{"href":"https:\/\/taritali.com\/vi\/wp-json\/wp\/v2\/types\/page"}],"author":[{"embeddable":true,"href":"https:\/\/taritali.com\/vi\/wp-json\/wp\/v2\/users\/2"}],"replies":[{"embeddable":true,"href":"https:\/\/taritali.com\/vi\/wp-json\/wp\/v2\/comments?post=2855"}],"version-history":[{"count":6,"href":"https:\/\/taritali.com\/vi\/wp-json\/wp\/v2\/pages\/2855\/revisions"}],"predecessor-version":[{"id":34894,"href":"https:\/\/taritali.com\/vi\/wp-json\/wp\/v2\/pages\/2855\/revisions\/34894"}],"wp:featuredmedia":[{"embeddable":true,"href":"https:\/\/taritali.com\/vi\/wp-json\/wp\/v2\/media\/34892"}],"wp:attachment":[{"href":"https:\/\/taritali.com\/vi\/wp-json\/wp\/v2\/media?parent=2855"}],"curies":[{"name":"wp","href":"https:\/\/api.w.org\/{rel}","templated":true}]}}