{"id":29353,"date":"2023-04-07T20:09:47","date_gmt":"2023-04-07T11:09:47","guid":{"rendered":"https:\/\/taritali.com\/?page_id=29353"},"modified":"2024-10-25T17:50:17","modified_gmt":"2024-10-25T08:50:17","slug":"deposit","status":"publish","type":"page","link":"https:\/\/taritali.com\/vi\/axi\/deposit","title":{"rendered":"H\u01b0\u1edbng d\u1eabn n\u1ea1p ti\u1ec1n t\u1ea1i Axi"},"content":{"rendered":"<p>&nbsp;<\/p>\n<p><span style=\"font-weight: 400\">Axi cung c\u1ea5p c\u00e1c ph\u01b0\u01a1ng th\u1ee9c n\u1ea1p ti\u1ec1n sau.<\/span><\/p>\n<p><span style=\"font-weight: 400\">D\u01b0\u1edbi \u0111\u00e2y, ch\u00fang t\u00f4i s\u1ebd h\u01b0\u1edbng d\u1eabn chi ti\u1ebft quy tr\u00ecnh thao t\u00e1c cho t\u1eebng ph\u01b0\u01a1ng th\u1ee9c n\u1ea1p ti\u1ec1n.<\/span><\/p>\n<table>\n<tbody>\n<tr>\n<th><b>Ph\u01b0\u01a1ng th\u1ee9c n\u1ea1p ti\u1ec1n<\/b><\/th>\n<th><b>Lo\u1ea1i ti\u1ec1n t\u1ec7<\/b><\/th>\n<th><b>Ph\u00ed x\u1eed l\u00fd<\/b><\/th>\n<th><b>M\u1ee9c n\u1ea1p t\u1ed1i thi\u1ec3u<\/b><\/th>\n<th><b>Th\u1eddi gian x\u1eed l\u00fd<\/b><\/th>\n<\/tr>\n<tr>\n<th><b>Chuy\u1ec3n kho\u1ea3n ng\u00e2n h\u00e0ng n\u1ed9i \u0111\u1ecba<\/b><\/th>\n<td><span style=\"font-weight: 400\"> USD<\/span><\/td>\n<td><span style=\"font-weight: 400\">Mi\u1ec5n ph\u00ed<\/span><\/td>\n<td><span style=\"font-weight: 400\">Kh\u00f4ng y\u00eau c\u1ea7u<\/span><\/td>\n<td><span style=\"font-weight: 400\">1\uff5e3 ng\u00e0y<\/span><\/td>\n<\/tr>\n<tr>\n<th><b>Bitwallet<\/b><\/th>\n<td><span style=\"font-weight: 400\">USD<\/span><\/td>\n<td><span style=\"font-weight: 400\">Mi\u1ec5n ph\u00ed<\/span><\/td>\n<td><span style=\"font-weight: 400\">10 USD<\/span><\/td>\n<td><span style=\"font-weight: 400\">Ngay l\u1eadp t\u1ee9c<\/span><\/td>\n<\/tr>\n<tr>\n<th><b>Ti\u1ec1n \u0111i\u1ec7n t\u1eed<\/b><\/th>\n<td><span style=\"font-weight: 400\">BTC, ETH, LTC, XLM, XRP, USDT<\/span><\/td>\n<td><span style=\"font-weight: 400\">Mi\u1ec5n ph\u00ed<\/span><\/td>\n<td><span style=\"font-weight: 400\">30 USD<\/span><\/td>\n<td><span style=\"font-weight: 400\">1 gi\u1edd<\/span><\/td>\n<\/tr>\n<\/tbody>\n<\/table>\n<h2><b>N\u1ea1p ti\u1ec1n qua chuy\u1ec3n kho\u1ea3n ng\u00e2n h\u00e0ng n\u1ed9i \u0111\u1ecba<\/b><\/h2>\n<p><span style=\"font-weight: 400\">Vi\u1ec7c n\u1ea1p ti\u1ec1n qua ng\u00e2n h\u00e0ng n\u1ed9i \u0111\u1ecba th\u01b0\u1eddng \u0111\u01b0\u1ee3c x\u1eed l\u00fd trong v\u00f2ng 30 ph\u00fat.<\/span><\/p>\n<p><span style=\"font-weight: 400\">\u0110\u1ea7u ti\u00ean, h\u00e3y \u0111\u0103ng nh\u1eadp v\u00e0o trang th\u00e0nh vi\u00ean v\u00e0 ch\u1ecdn m\u1ee5c &#8220;B\u1ed5 sung ti\u1ec1n&#8221; t\u1eeb menu b\u00ean tr\u00e1i. Sau \u0111\u00f3, t\u1eeb danh s\u00e1ch c\u00e1c ph\u01b0\u01a1ng th\u1ee9c n\u1ea1p ti\u1ec1n, ch\u1ecdn &#8220;Chuy\u1ec3n kho\u1ea3n ng\u00e2n h\u00e0ng tr\u1ef1c tuy\u1ebfn&#8221;.<\/span><\/p>\n<p><img fetchpriority=\"high\" decoding=\"async\" class=\"aligncenter wp-image-29356\" src=\"https:\/\/taritali.com\/vi\/wp-content\/uploads\/2023\/04\/b3ddd9c17db890e66555d042aeacd29d-1024x457.png\" alt=\"\" width=\"800\" height=\"357\" \/><\/p>\n<p>&nbsp;<\/p>\n<p><span style=\"font-weight: 400\">Nh\u1eadp &#8220;S\u1ed1 ti\u1ec1n c\u1ea7n thanh to\u00e1n&#8221;, \u0111\u00e1nh d\u1ea5u v\u00e0o \u00f4 x\u00e1c nh\u1eadn, r\u1ed3i nh\u1ea5p v\u00e0o &#8220;Thanh to\u00e1n&#8221;.<\/span><\/p>\n<p><span style=\"font-weight: 400\">V\u1edbi t\u00e0i kho\u1ea3n ti\u00eau chu\u1ea9n, kh\u00f4ng y\u00eau c\u1ea7u s\u1ed1 ti\u1ec1n n\u1ea1p t\u1ed1i thi\u1ec3u, nh\u01b0ng b\u1ea1n c\u00f3 th\u1ec3 b\u1eaft \u0111\u1ea7u t\u1eeb <\/span><span style=\"font-weight: 400\">200 USD<\/span><span style=\"font-weight: 400\"> tr\u1edf l\u00ean.<\/span><\/p>\n<p><img decoding=\"async\" class=\"aligncenter wp-image-29357\" src=\"https:\/\/taritali.com\/vi\/wp-content\/uploads\/2023\/04\/55c253a90a7d45e718f66e15164dd5d3-1024x558.png\" alt=\"\" width=\"800\" height=\"436\" \/><\/p>\n<p>&nbsp;<\/p>\n<p><span style=\"font-weight: 400\">Sau \u0111\u00f3, th\u00f4ng tin ng\u00e2n h\u00e0ng nh\u1eadn ti\u1ec1n s\u1ebd \u0111\u01b0\u1ee3c hi\u1ec3n th\u1ecb.<\/span><\/p>\n<p><span style=\"font-weight: 400\">B\u1ea1n c\u1ea7n nh\u1eadp &#8220;M\u00e3 tham chi\u1ebfu&#8221; v\u00e0o ph\u1ea7n &#8220;T\u00ean ch\u1ee7 t\u00e0i kho\u1ea3n&#8221; khi th\u1ef1c hi\u1ec7n chuy\u1ec3n kho\u1ea3n.<\/span><\/p>\n<p><span style=\"font-weight: 400\">N\u1ebfu kh\u00f4ng nh\u1eadp m\u00e3 n\u00e0y, qu\u00e1 tr\u00ecnh x\u1eed l\u00fd c\u00f3 th\u1ec3 b\u1ecb tr\u00ec ho\u00e3n, v\u00ec v\u1eady c\u1ea7n l\u01b0u \u00fd k\u1ef9 b\u01b0\u1edbc n\u00e0y.<\/span><\/p>\n<p><img decoding=\"async\" class=\"aligncenter wp-image-29358\" src=\"https:\/\/taritali.com\/vi\/wp-content\/uploads\/2023\/04\/af773ca384fbe58caec95241f5c787e6-1024x610.png\" alt=\"\" width=\"800\" height=\"477\" \/><\/p>\n<p>&nbsp;<\/p>\n<p><span style=\"font-weight: 400\">Sau khi th\u1ef1c hi\u1ec7n chuy\u1ec3n kho\u1ea3n qua ng\u00e2n h\u00e0ng tr\u1ef1c tuy\u1ebfn ho\u1eb7c t\u1ea1i qu\u1ea7y giao d\u1ecbch, qu\u00e1 tr\u00ecnh n\u1ea1p ti\u1ec1n s\u1ebd \u0111\u01b0\u1ee3c ho\u00e0n t\u1ea5t.<\/span><\/p>\n<h2><b>N\u1ea1p ti\u1ec1n b\u1eb1ng Bitwallet<\/b><\/h2>\n<p><span style=\"font-weight: 400\">T\u1eeb th\u00e1ng 5 n\u0103m 2023, Axi \u0111\u00e3 h\u1ed7 tr\u1ee3 n\u1ea1p v\u00e0 r\u00fat ti\u1ec1n th\u00f4ng qua bitwallet.<\/span><\/p>\n<p><span style=\"font-weight: 400\">\u0110\u1ea7u ti\u00ean, h\u00e3y \u0111\u0103ng nh\u1eadp v\u00e0o trang th\u00e0nh vi\u00ean v\u00e0 ch\u1ecdn &#8220;B\u1ed5 sung ti\u1ec1n&#8221; t\u1eeb menu b\u00ean tr\u00e1i. Sau \u0111\u00f3, ch\u1ecdn &#8220;bitwallet&#8221; t\u1eeb danh s\u00e1ch c\u00e1c ph\u01b0\u01a1ng th\u1ee9c n\u1ea1p ti\u1ec1n.<\/span><\/p>\n<p><img loading=\"lazy\" decoding=\"async\" class=\"aligncenter wp-image-30311\" src=\"https:\/\/taritali.com\/vi\/wp-content\/uploads\/2023\/05\/BW1-1.png\" alt=\"\" width=\"800\" height=\"310\" \/><\/p>\n<p>&nbsp;<\/p>\n<p><span style=\"font-weight: 400\">Nh\u1eadp &#8220;\u0110\u1ecba ch\u1ec9 email&#8221; \u0111\u00e3 \u0111\u0103ng k\u00fd v\u1edbi bitwallet v\u00e0 &#8220;S\u1ed1 ti\u1ec1n c\u1ea7n thanh to\u00e1n&#8221;.<\/span><\/p>\n<p><span style=\"font-weight: 400\">\u0110\u00e1nh d\u1ea5u v\u00e0o \u00f4 \u201cx\u00e1c nh\u1eadn\u201d, r\u1ed3i nh\u1ea5p v\u00e0o &#8220;Thanh to\u00e1n&#8221;.<\/span><\/p>\n<p><img loading=\"lazy\" decoding=\"async\" class=\"aligncenter wp-image-30312\" src=\"https:\/\/taritali.com\/vi\/wp-content\/uploads\/2023\/05\/BW2.png\" alt=\"\" width=\"800\" height=\"398\" \/><\/p>\n<p>&nbsp;<\/p>\n<p><span style=\"font-weight: 400\">Khi \u0111\u01b0\u1ee3c chuy\u1ec3n h\u01b0\u1edbng \u0111\u1ebfn trang bitwallet, vui l\u00f2ng ki\u1ec3m tra k\u1ef9 th\u00f4ng tin thanh to\u00e1n.<\/span><\/p>\n<p><span style=\"font-weight: 400\">Nh\u1eadp \u0111\u1ecba ch\u1ec9 email v\u00e0 m\u1eadt kh\u1ea9u c\u1ee7a b\u1ea1n, \u0111\u00e1nh d\u1ea5u v\u00e0o \u00f4 x\u00e1c nh\u1eadn, sau \u0111\u00f3 nh\u1ea5p v\u00e0o &#8220;\u0110\u0103ng nh\u1eadp&#8221;.<\/span><\/p>\n<p><img loading=\"lazy\" decoding=\"async\" class=\"aligncenter wp-image-30313\" src=\"https:\/\/taritali.com\/vi\/wp-content\/uploads\/2023\/05\/BW3.jpg\" alt=\"\" width=\"800\" height=\"485\" \/><\/p>\n<p>&nbsp;<\/p>\n<p><span style=\"font-weight: 400\">Cu\u1ed1i c\u00f9ng, sau khi ki\u1ec3m tra v\u00e0 x\u00e1c nh\u1eadn n\u1ed9i dung chuy\u1ec3n ti\u1ec1n, nh\u1ea5p v\u00e0o &#8220;Th\u1ef1c hi\u1ec7n thanh to\u00e1n&#8221; \u0111\u1ec3 ho\u00e0n t\u1ea5t y\u00eau c\u1ea7u n\u1ea1p ti\u1ec1n qua bitwallet.<\/span><\/p>\n<p><img loading=\"lazy\" decoding=\"async\" class=\"aligncenter size-full wp-image-31345\" src=\"https:\/\/taritali.com\/vi\/wp-content\/uploads\/2023\/07\/bitwallet4-2.png\" alt=\"\" width=\"601\" height=\"900\" \/><\/p>\n<h2><b>N\u1ea1p ti\u1ec1n qua ti\u1ec1n \u0111i\u1ec7n t\u1eed<\/b><\/h2>\n<p><span style=\"font-weight: 400\">Axi h\u1ed7 tr\u1ee3 n\u1ea1p ti\u1ec1n th\u00f4ng qua 6 lo\u1ea1i ti\u1ec1n \u0111i\u1ec7n t\u1eed kh\u00e1c nhau.<\/span><\/p>\n<p><span style=\"font-weight: 400\">\u0110\u1ea7u ti\u00ean, h\u00e3y \u0111\u0103ng nh\u1eadp v\u00e0o trang th\u00e0nh vi\u00ean v\u00e0 m\u1edf m\u1ee5c &#8220;N\u1ea1p &#8221; t\u1eeb menu b\u00ean tr\u00e1i. Sau \u0111\u00f3, ch\u1ecdn lo\u1ea1i ti\u1ec1n m\u00e3 h\u00f3a b\u1ea1n mu\u1ed1n s\u1eed d\u1ee5ng t\u1eeb danh s\u00e1ch c\u00e1c ph\u01b0\u01a1ng th\u1ee9c n\u1ea1p ti\u1ec1n.<\/span><\/p>\n<p><img loading=\"lazy\" decoding=\"async\" class=\"aligncenter wp-image-29359\" src=\"https:\/\/taritali.com\/vi\/wp-content\/uploads\/2023\/04\/b4c088b5ec154cb9f979325084b8567f-1024x466.png\" alt=\"\" width=\"800\" height=\"364\" \/><\/p>\n<p>&nbsp;<\/p>\n<p><span style=\"font-weight: 400\">Ti\u1ebfp theo, nh\u1eadp \u0111\u1ecba ch\u1ec9 v\u00ed ti\u1ec1n m\u00e3 h\u00f3a c\u1ee7a b\u1ea1n l\u00e0m ngu\u1ed3n n\u1ea1p ti\u1ec1n.<\/span><\/p>\n<p><span style=\"font-weight: 400\">Nh\u1ea5p v\u00e0o &#8220;\u0110\u0103ng k\u00fd \u0111\u1ecba ch\u1ec9&#8221; v\u00e0 th\u1ef1c hi\u1ec7n x\u00e1c minh m\u00e3 PIN qua email ho\u1eb7c SMS.<\/span><\/p>\n<p><img loading=\"lazy\" decoding=\"async\" class=\"aligncenter wp-image-29360\" src=\"https:\/\/taritali.com\/vi\/wp-content\/uploads\/2023\/04\/5129d6523b5412c0d5119cb33ff29b80-1024x553.png\" alt=\"\" width=\"800\" height=\"432\" \/><\/p>\n<p>&nbsp;<\/p>\n<p><span style=\"font-weight: 400\">Sau khi \u0111\u1ecba ch\u1ec9 \u0111\u01b0\u1ee3c l\u01b0u, nh\u1eadp s\u1ed1 ti\u1ec1n c\u1ea7n n\u1ea1p.<\/span><\/p>\n<p><span style=\"font-weight: 400\">B\u1ea1n c\u00f3 th\u1ec3 nh\u1eadp s\u1ed1 ti\u1ec1n theo \u0111\u01a1n v\u1ecb ti\u1ec1n m\u00e3 h\u00f3a ho\u1eb7c \u0111\u01a1n v\u1ecb ti\u1ec1n t\u1ec7 c\u1ee7a n\u1ec1n t\u1ea3ng, r\u1ed3i nh\u1ea5p v\u00e0o &#8220;Chuy\u1ec3n \u0111\u1ed5i&#8221; \u0111\u1ec3 h\u1ec7 th\u1ed1ng t\u1ef1 \u0111\u1ed9ng t\u00ednh to\u00e1n t\u1ef7 gi\u00e1.<\/span><\/p>\n<p><span style=\"font-weight: 400\">\u0110\u00e1nh d\u1ea5u v\u00e0o \u00f4 x\u00e1c nh\u1eadn v\u00e0 nh\u1ea5p v\u00e0o &#8220;Ti\u1ebfp t\u1ee5c&#8221;.<\/span><\/p>\n<p><img loading=\"lazy\" decoding=\"async\" class=\"aligncenter wp-image-29361\" src=\"https:\/\/taritali.com\/vi\/wp-content\/uploads\/2023\/04\/83b5ec6e98f75c5380a219e99495b4e6-1024x605.png\" alt=\"\" width=\"800\" height=\"473\" \/><\/p>\n<p>&nbsp;<\/p>\n<p><span style=\"font-weight: 400\">Th\u00f4ng tin v\u00ed ti\u1ec1n nh\u1eadn ti\u1ec1n s\u1ebd \u0111\u01b0\u1ee3c hi\u1ec3n th\u1ecb c\u00f9ng v\u1edbi m\u00e3 QR.<\/span><\/p>\n<p><span style=\"font-weight: 400\">S\u1eed d\u1ee5ng v\u00ed ti\u1ec1n m\u00e3 h\u00f3a \u0111\u00e3 \u0111\u0103ng k\u00fd tr\u01b0\u1edbc \u0111\u00f3 \u0111\u1ec3 th\u1ef1c hi\u1ec7n giao d\u1ecbch n\u1ea1p ti\u1ec1n.<\/span><\/p>\n<p><img loading=\"lazy\" decoding=\"async\" class=\"aligncenter wp-image-29362\" src=\"https:\/\/taritali.com\/vi\/wp-content\/uploads\/2023\/04\/0c4935b45b6a1c10618b33aa8dcb1a6e.png\" alt=\"\" width=\"700\" height=\"466\" \/><\/p>\n<p>&nbsp;<\/p>\n<p><span style=\"font-weight: 400\">Th\u00f4ng th\u01b0\u1eddng, qu\u00e1 tr\u00ecnh n\u1ea1p ti\u1ec1n s\u1ebd \u0111\u01b0\u1ee3c x\u1eed l\u00fd trong v\u00e0i ph\u00fat \u0111\u1ebfn m\u1ed9t gi\u1edd.<\/span><\/p>\n<p><span style=\"font-weight: 400\">Tr\u00ean \u0111\u00e2y l\u00e0 h\u01b0\u1edbng d\u1eabn c\u00e1c ph\u01b0\u01a1ng th\u1ee9c n\u1ea1p ti\u1ec1n c\u1ee7a Axi.<\/span><\/p>\n","protected":false},"excerpt":{"rendered":"<p>&nbsp; Axi cung c\u1ea5p c\u00e1c ph\u01b0\u01a1ng th\u1ee9c n\u1ea1p ti\u1ec1n sau. D\u01b0\u1edbi \u0111\u00e2y, ch\u00fang t\u00f4i s\u1ebd h\u01b0\u1edbng d\u1eabn chi ti\u1ebft quy tr\u00ecnh thao t\u00e1c cho t\u1eebng ph\u01b0\u01a1ng th\u1ee9c n\u1ea1p ti\u1ec1n. Ph\u01b0\u01a1ng th\u1ee9c n\u1ea1p ti\u1ec1n Lo\u1ea1i ti\u1ec1n t\u1ec7 Ph\u00ed x\u1eed l\u00fd M\u1ee9c n\u1ea1p t\u1ed1i thi\u1ec3u Th\u1eddi gian x\u1eed l\u00fd Chuy\u1ec3n kho\u1ea3n ng\u00e2n h\u00e0ng n\u1ed9i \u0111\u1ecba USD Mi\u1ec5n ph\u00ed Kh\u00f4ng y\u00eau c\u1ea7u 1\uff5e3 ng\u00e0y Bitwallet USD Mi\u1ec5n ph\u00ed 10 USD Ngay l\u1eadp t\u1ee9c Ti\u1ec1n \u0111i\u1ec7n t\u1eed BTC, ETH, LTC, XLM, XRP, USDT Mi\u1ec5n ph\u00ed 30 USD 1 gi\u1edd N\u1ea1p ti\u1ec1n qua chuy\u1ec3n kho\u1ea3n ng\u00e2n h\u00e0ng n\u1ed9i \u0111\u1ecba Vi\u1ec7c n\u1ea1p ti\u1ec1n qua ng\u00e2n h\u00e0ng n\u1ed9i \u0111\u1ecba th\u01b0\u1eddng \u0111\u01b0\u1ee3c x\u1eed l\u00fd trong v\u00f2ng 30 ph\u00fat&#8230;.<\/p>\n","protected":false},"author":2,"featured_media":29356,"parent":29240,"menu_order":0,"comment_status":"closed","ping_status":"closed","template":"","meta":{"footnotes":""},"tags":[],"yoast_head":"<!-- This site is optimized with the Yoast SEO plugin v23.1 - https:\/\/yoast.com\/wordpress\/plugins\/seo\/ -->\n<title>H\u01b0\u1edbng d\u1eabn n\u1ea1p ti\u1ec1n t\u1ea1i Axi - TariTali - L\u1ef1a ch\u1ecdn h\u00e0ng \u0111\u1ea7u cho ho\u00e0n tr\u1ea3 Forex<\/title>\n<meta name=\"robots\" content=\"index, follow, max-snippet:-1, max-image-preview:large, max-video-preview:-1\" \/>\n<link rel=\"canonical\" href=\"https:\/\/taritali.com\/vi\/axi\/deposit\" \/>\n<meta property=\"og:locale\" content=\"vi_VN\" \/>\n<meta property=\"og:type\" content=\"article\" \/>\n<meta property=\"og:title\" content=\"H\u01b0\u1edbng d\u1eabn n\u1ea1p ti\u1ec1n t\u1ea1i Axi - TariTali - L\u1ef1a ch\u1ecdn h\u00e0ng \u0111\u1ea7u cho ho\u00e0n tr\u1ea3 Forex\" \/>\n<meta property=\"og:description\" content=\"&nbsp; Axi cung c\u1ea5p c\u00e1c ph\u01b0\u01a1ng th\u1ee9c n\u1ea1p ti\u1ec1n sau. D\u01b0\u1edbi \u0111\u00e2y, ch\u00fang t\u00f4i s\u1ebd h\u01b0\u1edbng d\u1eabn chi ti\u1ebft quy tr\u00ecnh thao t\u00e1c cho t\u1eebng ph\u01b0\u01a1ng th\u1ee9c n\u1ea1p ti\u1ec1n. Ph\u01b0\u01a1ng th\u1ee9c n\u1ea1p ti\u1ec1n Lo\u1ea1i ti\u1ec1n t\u1ec7 Ph\u00ed x\u1eed l\u00fd M\u1ee9c n\u1ea1p t\u1ed1i thi\u1ec3u Th\u1eddi gian x\u1eed l\u00fd Chuy\u1ec3n kho\u1ea3n ng\u00e2n h\u00e0ng n\u1ed9i \u0111\u1ecba USD Mi\u1ec5n ph\u00ed Kh\u00f4ng y\u00eau c\u1ea7u 1\uff5e3 ng\u00e0y Bitwallet USD Mi\u1ec5n ph\u00ed 10 USD Ngay l\u1eadp t\u1ee9c Ti\u1ec1n \u0111i\u1ec7n t\u1eed BTC, ETH, LTC, XLM, XRP, USDT Mi\u1ec5n ph\u00ed 30 USD 1 gi\u1edd N\u1ea1p ti\u1ec1n qua chuy\u1ec3n kho\u1ea3n ng\u00e2n h\u00e0ng n\u1ed9i \u0111\u1ecba Vi\u1ec7c n\u1ea1p ti\u1ec1n qua ng\u00e2n h\u00e0ng n\u1ed9i \u0111\u1ecba th\u01b0\u1eddng \u0111\u01b0\u1ee3c x\u1eed l\u00fd trong v\u00f2ng 30 ph\u00fat....\" \/>\n<meta property=\"og:url\" content=\"https:\/\/taritali.com\/vi\/axi\/deposit\" \/>\n<meta property=\"og:site_name\" content=\"TariTali - L\u1ef1a ch\u1ecdn h\u00e0ng \u0111\u1ea7u cho ho\u00e0n tr\u1ea3 Forex\" \/>\n<meta property=\"article:modified_time\" content=\"2024-10-25T08:50:17+00:00\" \/>\n<meta name=\"twitter:card\" content=\"summary_large_image\" \/>\n<meta name=\"twitter:label1\" content=\"\u01af\u1edbc t\u00ednh th\u1eddi gian \u0111\u1ecdc\" \/>\n\t<meta name=\"twitter:data1\" content=\"9 ph\u00fat\" \/>\n<script type=\"application\/ld+json\" class=\"yoast-schema-graph\">{\"@context\":\"https:\/\/schema.org\",\"@graph\":[{\"@type\":\"WebPage\",\"@id\":\"https:\/\/taritali.com\/vi\/axi\/deposit\",\"url\":\"https:\/\/taritali.com\/vi\/axi\/deposit\",\"name\":\"H\u01b0\u1edbng d\u1eabn n\u1ea1p ti\u1ec1n t\u1ea1i Axi - TariTali - L\u1ef1a ch\u1ecdn h\u00e0ng \u0111\u1ea7u cho ho\u00e0n tr\u1ea3 Forex\",\"isPartOf\":{\"@id\":\"https:\/\/taritali.com\/vi\/#website\"},\"primaryImageOfPage\":{\"@id\":\"https:\/\/taritali.com\/vi\/axi\/deposit#primaryimage\"},\"image\":{\"@id\":\"https:\/\/taritali.com\/vi\/axi\/deposit#primaryimage\"},\"thumbnailUrl\":\"\",\"datePublished\":\"2023-04-07T11:09:47+00:00\",\"dateModified\":\"2024-10-25T08:50:17+00:00\",\"breadcrumb\":{\"@id\":\"https:\/\/taritali.com\/vi\/axi\/deposit#breadcrumb\"},\"inLanguage\":\"vi\",\"potentialAction\":[{\"@type\":\"ReadAction\",\"target\":[\"https:\/\/taritali.com\/vi\/axi\/deposit\"]}]},{\"@type\":\"ImageObject\",\"inLanguage\":\"vi\",\"@id\":\"https:\/\/taritali.com\/vi\/axi\/deposit#primaryimage\",\"url\":\"\",\"contentUrl\":\"\"},{\"@type\":\"BreadcrumbList\",\"@id\":\"https:\/\/taritali.com\/vi\/axi\/deposit#breadcrumb\",\"itemListElement\":[{\"@type\":\"ListItem\",\"position\":1,\"name\":\"Trang ch\u1ee7\",\"item\":\"https:\/\/taritali.com\/vi\/\"},{\"@type\":\"ListItem\",\"position\":2,\"name\":\"\u0110\u0103ng k\u00fd t\u00e0i kho\u1ea3n ho\u00e0n tr\u1ea3 Axi\",\"item\":\"https:\/\/taritali.com\/vi\/axi\"},{\"@type\":\"ListItem\",\"position\":3,\"name\":\"H\u01b0\u1edbng d\u1eabn n\u1ea1p ti\u1ec1n t\u1ea1i Axi\"}]},{\"@type\":\"WebSite\",\"@id\":\"https:\/\/taritali.com\/vi\/#website\",\"url\":\"https:\/\/taritali.com\/vi\/\",\"name\":\"TariTali - L\u1ef1a ch\u1ecdn h\u00e0ng \u0111\u1ea7u cho ho\u00e0n tr\u1ea3 Forex\",\"description\":\"\",\"publisher\":{\"@id\":\"https:\/\/taritali.com\/vi\/#organization\"},\"potentialAction\":[{\"@type\":\"SearchAction\",\"target\":{\"@type\":\"EntryPoint\",\"urlTemplate\":\"https:\/\/taritali.com\/vi\/?s={search_term_string}\"},\"query-input\":\"required name=search_term_string\"}],\"inLanguage\":\"vi\"},{\"@type\":\"Organization\",\"@id\":\"https:\/\/taritali.com\/vi\/#organization\",\"name\":\"TariTali - L\u1ef1a ch\u1ecdn h\u00e0ng \u0111\u1ea7u cho ho\u00e0n tr\u1ea3 Forex\",\"url\":\"https:\/\/taritali.com\/vi\/\",\"logo\":{\"@type\":\"ImageObject\",\"inLanguage\":\"vi\",\"@id\":\"https:\/\/taritali.com\/vi\/#\/schema\/logo\/image\/\",\"url\":\"https:\/\/taritali.com\/vi\/wp-content\/uploads\/sites\/2\/2024\/01\/logo.png\",\"contentUrl\":\"https:\/\/taritali.com\/vi\/wp-content\/uploads\/sites\/2\/2024\/01\/logo.png\",\"width\":215,\"height\":90,\"caption\":\"TariTali - L\u1ef1a ch\u1ecdn h\u00e0ng \u0111\u1ea7u cho ho\u00e0n tr\u1ea3 Forex\"},\"image\":{\"@id\":\"https:\/\/taritali.com\/vi\/#\/schema\/logo\/image\/\"}}]}<\/script>\n<!-- \/ Yoast SEO plugin. -->","yoast_head_json":{"title":"H\u01b0\u1edbng d\u1eabn n\u1ea1p ti\u1ec1n t\u1ea1i Axi - TariTali - L\u1ef1a ch\u1ecdn h\u00e0ng \u0111\u1ea7u cho ho\u00e0n tr\u1ea3 Forex","robots":{"index":"index","follow":"follow","max-snippet":"max-snippet:-1","max-image-preview":"max-image-preview:large","max-video-preview":"max-video-preview:-1"},"canonical":"https:\/\/taritali.com\/vi\/axi\/deposit","og_locale":"vi_VN","og_type":"article","og_title":"H\u01b0\u1edbng d\u1eabn n\u1ea1p ti\u1ec1n t\u1ea1i Axi - TariTali - L\u1ef1a ch\u1ecdn h\u00e0ng \u0111\u1ea7u cho ho\u00e0n tr\u1ea3 Forex","og_description":"&nbsp; Axi cung c\u1ea5p c\u00e1c ph\u01b0\u01a1ng th\u1ee9c n\u1ea1p ti\u1ec1n sau. D\u01b0\u1edbi \u0111\u00e2y, ch\u00fang t\u00f4i s\u1ebd h\u01b0\u1edbng d\u1eabn chi ti\u1ebft quy tr\u00ecnh thao t\u00e1c cho t\u1eebng ph\u01b0\u01a1ng th\u1ee9c n\u1ea1p ti\u1ec1n. Ph\u01b0\u01a1ng th\u1ee9c n\u1ea1p ti\u1ec1n Lo\u1ea1i ti\u1ec1n t\u1ec7 Ph\u00ed x\u1eed l\u00fd M\u1ee9c n\u1ea1p t\u1ed1i thi\u1ec3u Th\u1eddi gian x\u1eed l\u00fd Chuy\u1ec3n kho\u1ea3n ng\u00e2n h\u00e0ng n\u1ed9i \u0111\u1ecba USD Mi\u1ec5n ph\u00ed Kh\u00f4ng y\u00eau c\u1ea7u 1\uff5e3 ng\u00e0y Bitwallet USD Mi\u1ec5n ph\u00ed 10 USD Ngay l\u1eadp t\u1ee9c Ti\u1ec1n \u0111i\u1ec7n t\u1eed BTC, ETH, LTC, XLM, XRP, USDT Mi\u1ec5n ph\u00ed 30 USD 1 gi\u1edd N\u1ea1p ti\u1ec1n qua chuy\u1ec3n kho\u1ea3n ng\u00e2n h\u00e0ng n\u1ed9i \u0111\u1ecba Vi\u1ec7c n\u1ea1p ti\u1ec1n qua ng\u00e2n h\u00e0ng n\u1ed9i \u0111\u1ecba th\u01b0\u1eddng \u0111\u01b0\u1ee3c x\u1eed l\u00fd trong v\u00f2ng 30 ph\u00fat....","og_url":"https:\/\/taritali.com\/vi\/axi\/deposit","og_site_name":"TariTali - L\u1ef1a ch\u1ecdn h\u00e0ng \u0111\u1ea7u cho ho\u00e0n tr\u1ea3 Forex","article_modified_time":"2024-10-25T08:50:17+00:00","twitter_card":"summary_large_image","twitter_misc":{"\u01af\u1edbc t\u00ednh th\u1eddi gian \u0111\u1ecdc":"9 ph\u00fat"},"schema":{"@context":"https:\/\/schema.org","@graph":[{"@type":"WebPage","@id":"https:\/\/taritali.com\/vi\/axi\/deposit","url":"https:\/\/taritali.com\/vi\/axi\/deposit","name":"H\u01b0\u1edbng d\u1eabn n\u1ea1p ti\u1ec1n t\u1ea1i Axi - TariTali - L\u1ef1a ch\u1ecdn h\u00e0ng \u0111\u1ea7u cho ho\u00e0n tr\u1ea3 Forex","isPartOf":{"@id":"https:\/\/taritali.com\/vi\/#website"},"primaryImageOfPage":{"@id":"https:\/\/taritali.com\/vi\/axi\/deposit#primaryimage"},"image":{"@id":"https:\/\/taritali.com\/vi\/axi\/deposit#primaryimage"},"thumbnailUrl":"","datePublished":"2023-04-07T11:09:47+00:00","dateModified":"2024-10-25T08:50:17+00:00","breadcrumb":{"@id":"https:\/\/taritali.com\/vi\/axi\/deposit#breadcrumb"},"inLanguage":"vi","potentialAction":[{"@type":"ReadAction","target":["https:\/\/taritali.com\/vi\/axi\/deposit"]}]},{"@type":"ImageObject","inLanguage":"vi","@id":"https:\/\/taritali.com\/vi\/axi\/deposit#primaryimage","url":"","contentUrl":""},{"@type":"BreadcrumbList","@id":"https:\/\/taritali.com\/vi\/axi\/deposit#breadcrumb","itemListElement":[{"@type":"ListItem","position":1,"name":"Trang ch\u1ee7","item":"https:\/\/taritali.com\/vi\/"},{"@type":"ListItem","position":2,"name":"\u0110\u0103ng k\u00fd t\u00e0i kho\u1ea3n ho\u00e0n tr\u1ea3 Axi","item":"https:\/\/taritali.com\/vi\/axi"},{"@type":"ListItem","position":3,"name":"H\u01b0\u1edbng d\u1eabn n\u1ea1p ti\u1ec1n t\u1ea1i Axi"}]},{"@type":"WebSite","@id":"https:\/\/taritali.com\/vi\/#website","url":"https:\/\/taritali.com\/vi\/","name":"TariTali - L\u1ef1a ch\u1ecdn h\u00e0ng \u0111\u1ea7u cho ho\u00e0n tr\u1ea3 Forex","description":"","publisher":{"@id":"https:\/\/taritali.com\/vi\/#organization"},"potentialAction":[{"@type":"SearchAction","target":{"@type":"EntryPoint","urlTemplate":"https:\/\/taritali.com\/vi\/?s={search_term_string}"},"query-input":"required name=search_term_string"}],"inLanguage":"vi"},{"@type":"Organization","@id":"https:\/\/taritali.com\/vi\/#organization","name":"TariTali - L\u1ef1a ch\u1ecdn h\u00e0ng \u0111\u1ea7u cho ho\u00e0n tr\u1ea3 Forex","url":"https:\/\/taritali.com\/vi\/","logo":{"@type":"ImageObject","inLanguage":"vi","@id":"https:\/\/taritali.com\/vi\/#\/schema\/logo\/image\/","url":"https:\/\/taritali.com\/vi\/wp-content\/uploads\/sites\/2\/2024\/01\/logo.png","contentUrl":"https:\/\/taritali.com\/vi\/wp-content\/uploads\/sites\/2\/2024\/01\/logo.png","width":215,"height":90,"caption":"TariTali - L\u1ef1a ch\u1ecdn h\u00e0ng \u0111\u1ea7u cho ho\u00e0n tr\u1ea3 Forex"},"image":{"@id":"https:\/\/taritali.com\/vi\/#\/schema\/logo\/image\/"}}]}},"_links":{"self":[{"href":"https:\/\/taritali.com\/vi\/wp-json\/wp\/v2\/pages\/29353"}],"collection":[{"href":"https:\/\/taritali.com\/vi\/wp-json\/wp\/v2\/pages"}],"about":[{"href":"https:\/\/taritali.com\/vi\/wp-json\/wp\/v2\/types\/page"}],"author":[{"embeddable":true,"href":"https:\/\/taritali.com\/vi\/wp-json\/wp\/v2\/users\/2"}],"replies":[{"embeddable":true,"href":"https:\/\/taritali.com\/vi\/wp-json\/wp\/v2\/comments?post=29353"}],"version-history":[{"count":4,"href":"https:\/\/taritali.com\/vi\/wp-json\/wp\/v2\/pages\/29353\/revisions"}],"predecessor-version":[{"id":34328,"href":"https:\/\/taritali.com\/vi\/wp-json\/wp\/v2\/pages\/29353\/revisions\/34328"}],"up":[{"embeddable":true,"href":"https:\/\/taritali.com\/vi\/wp-json\/wp\/v2\/pages\/29240"}],"wp:featuredmedia":[{"embeddable":true,"href":"https:\/\/taritali.com\/vi\/wp-json\/"}],"wp:attachment":[{"href":"https:\/\/taritali.com\/vi\/wp-json\/wp\/v2\/media?parent=29353"}],"wp:term":[{"taxonomy":"post_tag","embeddable":true,"href":"https:\/\/taritali.com\/vi\/wp-json\/wp\/v2\/tags?post=29353"}],"curies":[{"name":"wp","href":"https:\/\/api.w.org\/{rel}","templated":true}]}}