{"id":29595,"date":"2023-04-18T11:30:13","date_gmt":"2023-04-18T02:30:13","guid":{"rendered":"https:\/\/taritali.com\/?page_id=29595"},"modified":"2024-10-25T17:50:20","modified_gmt":"2024-10-25T08:50:20","slug":"withdrawal","status":"publish","type":"page","link":"https:\/\/taritali.com\/vi\/axi\/withdrawal","title":{"rendered":"H\u01b0\u1edbng d\u1eabn r\u00fat ti\u1ec1n t\u1ea1i Axi"},"content":{"rendered":"<p>&nbsp;<\/p>\n<p><span style=\"font-weight: 400\">Axi cung c\u1ea5p c\u00e1c ph\u01b0\u01a1ng th\u1ee9c r\u00fat ti\u1ec1n sau \u0111\u00e2y.<\/span><\/p>\n<p><span style=\"font-weight: 400\">D\u01b0\u1edbi \u0111\u00e2y, ch\u00fang t\u00f4i s\u1ebd gi\u1edbi thi\u1ec7u quy tr\u00ecnh c\u1ee5 th\u1ec3 cho t\u1eebng ph\u01b0\u01a1ng th\u1ee9c r\u00fat ti\u1ec1n.<\/span><\/p>\n<table>\n<tbody>\n<tr>\n<th style=\"text-align: left\"><b>Ph\u01b0\u01a1ng th\u1ee9c r\u00fat ti\u1ec1n<\/b><\/th>\n<th style=\"text-align: left\"><b>Lo\u1ea1i ti\u1ec1n t\u1ec7<\/b><\/th>\n<th style=\"text-align: left\"><b>Ph\u00ed x\u1eed l\u00fd<\/b><\/th>\n<th style=\"text-align: left\"><b>M\u1ee9c r\u00fat t\u1ed1i thi\u1ec3u<\/b><\/th>\n<th style=\"text-align: left\"><b>Th\u1eddi gian x\u1eed l\u00fd<\/b><\/th>\n<\/tr>\n<tr>\n<th style=\"text-align: left\"><b>Chuy\u1ec3n kho\u1ea3n ng\u00e2n h\u00e0ng n\u1ed9i \u0111\u1ecba<\/b><\/th>\n<td style=\"text-align: left\"><span style=\"font-weight: 400\">USD<\/span><\/td>\n<td style=\"text-align: left\"><span style=\"font-weight: 400\">Mi\u1ec5n ph\u00ed<\/span><\/td>\n<td style=\"text-align: left\"><span style=\"font-weight: 400\">Kho\u1ea3ng 10 USD<\/span><\/td>\n<td style=\"text-align: left\"><span style=\"font-weight: 400\">1\uff5e3 ng\u00e0y<\/span><\/td>\n<\/tr>\n<tr>\n<th style=\"text-align: left\"><b>bitwallet<\/b><\/th>\n<td style=\"text-align: left\"><span style=\"font-weight: 400\">USD<\/span><\/td>\n<td style=\"text-align: left\"><span style=\"font-weight: 400\">Mi\u1ec5n ph\u00ed<\/span><\/td>\n<td style=\"text-align: left\"><span style=\"font-weight: 400\">10 USD<\/span><\/td>\n<td style=\"text-align: left\"><span style=\"font-weight: 400\">1\uff5e2 ng\u00e0y<\/span><\/td>\n<\/tr>\n<tr>\n<th style=\"text-align: left\"><b>Ti\u1ec1n \u0111i\u1ec7n t\u1eed<\/b><\/th>\n<td style=\"text-align: left\"><span style=\"font-weight: 400\">BTC, ETH, LTC, XLM, XRP, USDT<\/span><\/td>\n<td style=\"text-align: left\"><span style=\"font-weight: 400\">Mi\u1ec5n ph\u00ed<\/span><\/td>\n<td style=\"text-align: left\"><span style=\"font-weight: 400\">30 USD<\/span><\/td>\n<td style=\"text-align: left\"><span style=\"font-weight: 400\">1 gi\u1edd<\/span><\/td>\n<\/tr>\n<\/tbody>\n<\/table>\n<h2><b>R\u00fat ti\u1ec1n qua chuy\u1ec3n kho\u1ea3n ng\u00e2n h\u00e0ng n\u1ed9i \u0111\u1ecba<\/b><\/h2>\n<p><span style=\"font-weight: 400\">\u0110\u1ea7u ti\u00ean, vui l\u00f2ng \u0111\u0103ng nh\u1eadp v\u00e0o trang th\u00e0nh vi\u00ean, sau \u0111\u00f3 m\u1edf menu b\u00ean tr\u00e1i v\u00e0 ch\u1ecdn m\u1ee5c \u201cR\u00fat ti\u1ec1n\u201d.<\/span><\/p>\n<p><span style=\"font-weight: 400\">T\u1eeb danh s\u00e1ch c\u00e1c ph\u01b0\u01a1ng th\u1ee9c r\u00fat ti\u1ec1n, ch\u1ecdn \u201cNg\u00e2n h\u00e0ng tr\u1ef1c tuy\u1ebfn\u201d.<\/span><\/p>\n<p><img fetchpriority=\"high\" decoding=\"async\" class=\"aligncenter wp-image-29597\" src=\"https:\/\/taritali.com\/vi\/wp-content\/uploads\/2023\/04\/1-2-1024x461.jpg\" alt=\"\" width=\"800\" height=\"360\" \/><\/p>\n<p>&nbsp;<\/p>\n<p><span style=\"font-weight: 400\">Sau khi \u0111\u1ecdc k\u1ef9 c\u00e1c \u0111i\u1ec1u kho\u1ea3n v\u00e0 \u0111i\u1ec1u ki\u1ec7n, h\u00e3y t\u00edch v\u00e0o \u00f4 x\u00e1c nh\u1eadn v\u00e0 nh\u1ea5n \u201cTi\u1ebfp t\u1ee5c\u201d.<\/span><\/p>\n<p><img decoding=\"async\" class=\"aligncenter wp-image-29601\" src=\"https:\/\/taritali.com\/vi\/wp-content\/uploads\/2023\/04\/2-1-1024x462.jpg\" alt=\"\" width=\"800\" height=\"361\" \/><\/p>\n<p>&nbsp;<\/p>\n<p><span style=\"font-weight: 400\">Khi r\u00fat ti\u1ec1n l\u1ea7n \u0111\u1ea7u, b\u1ea1n c\u1ea7n \u0111\u0103ng k\u00fd th\u00f4ng tin ng\u00e2n h\u00e0ng v\u00e0 t\u1ea3i l\u00ean sao k\u00ea giao d\u1ecbch ng\u00e2n h\u00e0ng.<\/span><\/p>\n<p><span style=\"font-weight: 400\">Xin l\u01b0u \u00fd: n\u1ebfu t\u00ean tr\u00ean sao k\u00ea giao d\u1ecbch ng\u00e2n h\u00e0ng kh\u00f4ng tr\u00f9ng kh\u1edbp v\u1edbi t\u00ean t\u00e0i kho\u1ea3n, y\u00eau c\u1ea7u s\u1ebd b\u1ecb t\u1eeb ch\u1ed1i.<\/span><\/p>\n<p><img decoding=\"async\" class=\"aligncenter wp-image-29600\" src=\"https:\/\/taritali.com\/vi\/wp-content\/uploads\/2023\/04\/2-2.jpg\" alt=\"\" width=\"800\" height=\"815\" \/><\/p>\n<p>&nbsp;<\/p>\n<p><span style=\"font-weight: 400\">H\u00e3y nh\u1eadp s\u1ed1 ti\u1ec1n b\u1ea1n mu\u1ed1n r\u00fat v\u00e0o m\u1ee5c \u201cS\u1ed1 ti\u1ec1n trong t\u00e0i kho\u1ea3n MT4\u201d, sau \u0111\u00f3 nh\u1ea5n \u201cG\u1eedi y\u00eau c\u1ea7u\u201d \u0111\u1ec3 ho\u00e0n t\u1ea5t \u0111\u01a1n r\u00fat ti\u1ec1n.<\/span><\/p>\n<p><img loading=\"lazy\" decoding=\"async\" class=\"aligncenter wp-image-29605\" src=\"https:\/\/taritali.com\/vi\/wp-content\/uploads\/2023\/04\/2-3.jpg\" alt=\"\" width=\"800\" height=\"558\" \/><\/p>\n<h2><b>R\u00fat ti\u1ec1n qua ti\u1ec1n \u0111i\u1ec7n t\u1eed<\/b><\/h2>\n<p><span style=\"font-weight: 400\">R\u00fat ti\u1ec1n b\u1eb1ng ti\u1ec1n \u0111i\u1ec7n t\u1eed h\u1ed7 tr\u1ee3 6 lo\u1ea1i ti\u1ec1n t\u1ec7.<\/span><\/p>\n<p><span style=\"font-weight: 400\">\u0110\u1ea7u ti\u00ean, vui l\u00f2ng \u0111\u0103ng nh\u1eadp v\u00e0o trang th\u00e0nh vi\u00ean, sau \u0111\u00f3 m\u1edf menu b\u00ean tr\u00e1i v\u00e0 ch\u1ecdn m\u1ee5c \u201cR\u00fat ti\u1ec1n\u201d.<\/span><\/p>\n<p><span style=\"font-weight: 400\">T\u1eeb danh s\u00e1ch c\u00e1c ph\u01b0\u01a1ng th\u1ee9c r\u00fat ti\u1ec1n, ch\u1ecdn lo\u1ea1i ti\u1ec1n t\u1ec7 m\u00e0 b\u1ea1n mu\u1ed1n r\u00fat.<\/span><\/p>\n<p><img loading=\"lazy\" decoding=\"async\" class=\"aligncenter wp-image-29598\" src=\"https:\/\/taritali.com\/vi\/wp-content\/uploads\/2023\/04\/1-1-1-1024x461.jpg\" alt=\"\" width=\"800\" height=\"360\" \/><\/p>\n<p>&nbsp;<\/p>\n<p><span style=\"font-weight: 400\">H\u00e3y nh\u1eadp \u0111\u1ecba ch\u1ec9 v\u00ed ti\u1ec1n \u0111i\u1ec7n t\u1eed c\u1ee7a b\u1ea1n v\u00e0o m\u1ee5c \u201c\u0110\u1ecba ch\u1ec9 ti\u1ec1n \u0111i\u1ec7n t\u1eed\u201d, \u0111\u1ecba ch\u1ec9 n\u00e0y s\u1ebd \u0111\u01b0\u1ee3c s\u1eed d\u1ee5ng l\u00e0m ngu\u1ed3n ti\u1ec1n g\u1eedi.<\/span><\/p>\n<p><span style=\"font-weight: 400\">Sau khi t\u00edch v\u00e0o \u00f4 x\u00e1c nh\u1eadn, nh\u1ea5n \u201cL\u01b0u \u0111\u1ecba ch\u1ec9\u201d.<\/span><\/p>\n<p><img loading=\"lazy\" decoding=\"async\" class=\"aligncenter wp-image-29618\" src=\"https:\/\/taritali.com\/vi\/wp-content\/uploads\/2023\/04\/01.jpg\" alt=\"\" width=\"800\" height=\"273\" \/><\/p>\n<p>&nbsp;<\/p>\n<p><span style=\"font-weight: 400\">Ti\u1ebfp theo, h\u00e3y nh\u1eadp s\u1ed1 ti\u1ec1n b\u1ea1n mu\u1ed1n r\u00fat v\u00e0o m\u1ee5c \u201cS\u1ed1 ti\u1ec1n trong t\u00e0i kho\u1ea3n MT4\u201d ho\u1eb7c \u201cS\u1ed1 ti\u1ec1n trong t\u00e0i kho\u1ea3n ng\u00e2n h\u00e0ng\u201d.<\/span><\/p>\n<p><span style=\"font-weight: 400\">Sau khi x\u00e1c nh\u1eadn s\u1ed1 ti\u1ec1n y\u00eau c\u1ea7u, nh\u1ea5n \u201cG\u1eedi y\u00eau c\u1ea7u\u201d.<\/span><\/p>\n<p><img loading=\"lazy\" decoding=\"async\" class=\"aligncenter wp-image-29619\" src=\"https:\/\/taritali.com\/vi\/wp-content\/uploads\/2023\/04\/02-1024x719.jpg\" alt=\"\" width=\"800\" height=\"562\" \/><\/p>\n<p>&nbsp;<\/p>\n<p><span style=\"font-weight: 400\">Th\u00f4ng th\u01b0\u1eddng, vi\u1ec7c r\u00fat ti\u1ec1n s\u1ebd ho\u00e0n t\u1ea5t trong v\u00f2ng v\u00e0i ph\u00fat \u0111\u1ebfn m\u1ed9t gi\u1edd.<\/span><\/p>\n<p><span style=\"font-weight: 400\">Tr\u00ean \u0111\u00e2y l\u00e0 th\u00f4ng tin v\u1ec1 c\u00e1c ph\u01b0\u01a1ng th\u1ee9c r\u00fat ti\u1ec1n c\u1ee7a Axi.<\/span><\/p>\n","protected":false},"excerpt":{"rendered":"<p>&nbsp; Axi cung c\u1ea5p c\u00e1c ph\u01b0\u01a1ng th\u1ee9c r\u00fat ti\u1ec1n sau \u0111\u00e2y. D\u01b0\u1edbi \u0111\u00e2y, ch\u00fang t\u00f4i s\u1ebd gi\u1edbi thi\u1ec7u quy tr\u00ecnh c\u1ee5 th\u1ec3 cho t\u1eebng ph\u01b0\u01a1ng th\u1ee9c r\u00fat ti\u1ec1n. Ph\u01b0\u01a1ng th\u1ee9c r\u00fat ti\u1ec1n Lo\u1ea1i ti\u1ec1n t\u1ec7 Ph\u00ed x\u1eed l\u00fd M\u1ee9c r\u00fat t\u1ed1i thi\u1ec3u Th\u1eddi gian x\u1eed l\u00fd Chuy\u1ec3n kho\u1ea3n ng\u00e2n h\u00e0ng n\u1ed9i \u0111\u1ecba USD Mi\u1ec5n ph\u00ed Kho\u1ea3ng 10 USD 1\uff5e3 ng\u00e0y bitwallet USD Mi\u1ec5n ph\u00ed 10 USD 1\uff5e2 ng\u00e0y Ti\u1ec1n \u0111i\u1ec7n t\u1eed BTC, ETH, LTC, XLM, XRP, USDT Mi\u1ec5n ph\u00ed 30 USD 1 gi\u1edd R\u00fat ti\u1ec1n qua chuy\u1ec3n kho\u1ea3n ng\u00e2n h\u00e0ng n\u1ed9i \u0111\u1ecba \u0110\u1ea7u ti\u00ean, vui l\u00f2ng \u0111\u0103ng nh\u1eadp v\u00e0o trang th\u00e0nh vi\u00ean, sau \u0111\u00f3 m\u1edf menu b\u00ean tr\u00e1i v\u00e0 ch\u1ecdn&#8230;<\/p>\n","protected":false},"author":2,"featured_media":29597,"parent":29240,"menu_order":0,"comment_status":"closed","ping_status":"closed","template":"","meta":{"footnotes":""},"tags":[],"yoast_head":"<!-- This site is optimized with the Yoast SEO plugin v23.1 - https:\/\/yoast.com\/wordpress\/plugins\/seo\/ -->\n<title>H\u01b0\u1edbng d\u1eabn r\u00fat ti\u1ec1n t\u1ea1i Axi - TariTali - L\u1ef1a ch\u1ecdn h\u00e0ng \u0111\u1ea7u cho ho\u00e0n tr\u1ea3 Forex<\/title>\n<meta name=\"robots\" content=\"index, follow, max-snippet:-1, max-image-preview:large, max-video-preview:-1\" \/>\n<link rel=\"canonical\" href=\"https:\/\/taritali.com\/vi\/axi\/withdrawal\" \/>\n<meta property=\"og:locale\" content=\"vi_VN\" \/>\n<meta property=\"og:type\" content=\"article\" \/>\n<meta property=\"og:title\" content=\"H\u01b0\u1edbng d\u1eabn r\u00fat ti\u1ec1n t\u1ea1i Axi - TariTali - L\u1ef1a ch\u1ecdn h\u00e0ng \u0111\u1ea7u cho ho\u00e0n tr\u1ea3 Forex\" \/>\n<meta property=\"og:description\" content=\"&nbsp; Axi cung c\u1ea5p c\u00e1c ph\u01b0\u01a1ng th\u1ee9c r\u00fat ti\u1ec1n sau \u0111\u00e2y. D\u01b0\u1edbi \u0111\u00e2y, ch\u00fang t\u00f4i s\u1ebd gi\u1edbi thi\u1ec7u quy tr\u00ecnh c\u1ee5 th\u1ec3 cho t\u1eebng ph\u01b0\u01a1ng th\u1ee9c r\u00fat ti\u1ec1n. Ph\u01b0\u01a1ng th\u1ee9c r\u00fat ti\u1ec1n Lo\u1ea1i ti\u1ec1n t\u1ec7 Ph\u00ed x\u1eed l\u00fd M\u1ee9c r\u00fat t\u1ed1i thi\u1ec3u Th\u1eddi gian x\u1eed l\u00fd Chuy\u1ec3n kho\u1ea3n ng\u00e2n h\u00e0ng n\u1ed9i \u0111\u1ecba USD Mi\u1ec5n ph\u00ed Kho\u1ea3ng 10 USD 1\uff5e3 ng\u00e0y bitwallet USD Mi\u1ec5n ph\u00ed 10 USD 1\uff5e2 ng\u00e0y Ti\u1ec1n \u0111i\u1ec7n t\u1eed BTC, ETH, LTC, XLM, XRP, USDT Mi\u1ec5n ph\u00ed 30 USD 1 gi\u1edd R\u00fat ti\u1ec1n qua chuy\u1ec3n kho\u1ea3n ng\u00e2n h\u00e0ng n\u1ed9i \u0111\u1ecba \u0110\u1ea7u ti\u00ean, vui l\u00f2ng \u0111\u0103ng nh\u1eadp v\u00e0o trang th\u00e0nh vi\u00ean, sau \u0111\u00f3 m\u1edf menu b\u00ean tr\u00e1i v\u00e0 ch\u1ecdn...\" \/>\n<meta property=\"og:url\" content=\"https:\/\/taritali.com\/vi\/axi\/withdrawal\" \/>\n<meta property=\"og:site_name\" content=\"TariTali - L\u1ef1a ch\u1ecdn h\u00e0ng \u0111\u1ea7u cho ho\u00e0n tr\u1ea3 Forex\" \/>\n<meta property=\"article:modified_time\" content=\"2024-10-25T08:50:20+00:00\" \/>\n<meta name=\"twitter:card\" content=\"summary_large_image\" \/>\n<meta name=\"twitter:label1\" content=\"\u01af\u1edbc t\u00ednh th\u1eddi gian \u0111\u1ecdc\" \/>\n\t<meta name=\"twitter:data1\" content=\"6 ph\u00fat\" \/>\n<script type=\"application\/ld+json\" class=\"yoast-schema-graph\">{\"@context\":\"https:\/\/schema.org\",\"@graph\":[{\"@type\":\"WebPage\",\"@id\":\"https:\/\/taritali.com\/vi\/axi\/withdrawal\",\"url\":\"https:\/\/taritali.com\/vi\/axi\/withdrawal\",\"name\":\"H\u01b0\u1edbng d\u1eabn r\u00fat ti\u1ec1n t\u1ea1i Axi - TariTali - L\u1ef1a ch\u1ecdn h\u00e0ng \u0111\u1ea7u cho ho\u00e0n tr\u1ea3 Forex\",\"isPartOf\":{\"@id\":\"https:\/\/taritali.com\/vi\/#website\"},\"primaryImageOfPage\":{\"@id\":\"https:\/\/taritali.com\/vi\/axi\/withdrawal#primaryimage\"},\"image\":{\"@id\":\"https:\/\/taritali.com\/vi\/axi\/withdrawal#primaryimage\"},\"thumbnailUrl\":\"\",\"datePublished\":\"2023-04-18T02:30:13+00:00\",\"dateModified\":\"2024-10-25T08:50:20+00:00\",\"breadcrumb\":{\"@id\":\"https:\/\/taritali.com\/vi\/axi\/withdrawal#breadcrumb\"},\"inLanguage\":\"vi\",\"potentialAction\":[{\"@type\":\"ReadAction\",\"target\":[\"https:\/\/taritali.com\/vi\/axi\/withdrawal\"]}]},{\"@type\":\"ImageObject\",\"inLanguage\":\"vi\",\"@id\":\"https:\/\/taritali.com\/vi\/axi\/withdrawal#primaryimage\",\"url\":\"\",\"contentUrl\":\"\"},{\"@type\":\"BreadcrumbList\",\"@id\":\"https:\/\/taritali.com\/vi\/axi\/withdrawal#breadcrumb\",\"itemListElement\":[{\"@type\":\"ListItem\",\"position\":1,\"name\":\"Trang ch\u1ee7\",\"item\":\"https:\/\/taritali.com\/vi\/\"},{\"@type\":\"ListItem\",\"position\":2,\"name\":\"\u0110\u0103ng k\u00fd t\u00e0i kho\u1ea3n ho\u00e0n tr\u1ea3 Axi\",\"item\":\"https:\/\/taritali.com\/vi\/axi\"},{\"@type\":\"ListItem\",\"position\":3,\"name\":\"H\u01b0\u1edbng d\u1eabn r\u00fat ti\u1ec1n t\u1ea1i Axi\"}]},{\"@type\":\"WebSite\",\"@id\":\"https:\/\/taritali.com\/vi\/#website\",\"url\":\"https:\/\/taritali.com\/vi\/\",\"name\":\"TariTali - L\u1ef1a ch\u1ecdn h\u00e0ng \u0111\u1ea7u cho ho\u00e0n tr\u1ea3 Forex\",\"description\":\"\",\"publisher\":{\"@id\":\"https:\/\/taritali.com\/vi\/#organization\"},\"potentialAction\":[{\"@type\":\"SearchAction\",\"target\":{\"@type\":\"EntryPoint\",\"urlTemplate\":\"https:\/\/taritali.com\/vi\/?s={search_term_string}\"},\"query-input\":\"required name=search_term_string\"}],\"inLanguage\":\"vi\"},{\"@type\":\"Organization\",\"@id\":\"https:\/\/taritali.com\/vi\/#organization\",\"name\":\"TariTali - L\u1ef1a ch\u1ecdn h\u00e0ng \u0111\u1ea7u cho ho\u00e0n tr\u1ea3 Forex\",\"url\":\"https:\/\/taritali.com\/vi\/\",\"logo\":{\"@type\":\"ImageObject\",\"inLanguage\":\"vi\",\"@id\":\"https:\/\/taritali.com\/vi\/#\/schema\/logo\/image\/\",\"url\":\"https:\/\/taritali.com\/vi\/wp-content\/uploads\/sites\/2\/2024\/01\/logo.png\",\"contentUrl\":\"https:\/\/taritali.com\/vi\/wp-content\/uploads\/sites\/2\/2024\/01\/logo.png\",\"width\":215,\"height\":90,\"caption\":\"TariTali - L\u1ef1a ch\u1ecdn h\u00e0ng \u0111\u1ea7u cho ho\u00e0n tr\u1ea3 Forex\"},\"image\":{\"@id\":\"https:\/\/taritali.com\/vi\/#\/schema\/logo\/image\/\"}}]}<\/script>\n<!-- \/ Yoast SEO plugin. -->","yoast_head_json":{"title":"H\u01b0\u1edbng d\u1eabn r\u00fat ti\u1ec1n t\u1ea1i Axi - TariTali - L\u1ef1a ch\u1ecdn h\u00e0ng \u0111\u1ea7u cho ho\u00e0n tr\u1ea3 Forex","robots":{"index":"index","follow":"follow","max-snippet":"max-snippet:-1","max-image-preview":"max-image-preview:large","max-video-preview":"max-video-preview:-1"},"canonical":"https:\/\/taritali.com\/vi\/axi\/withdrawal","og_locale":"vi_VN","og_type":"article","og_title":"H\u01b0\u1edbng d\u1eabn r\u00fat ti\u1ec1n t\u1ea1i Axi - TariTali - L\u1ef1a ch\u1ecdn h\u00e0ng \u0111\u1ea7u cho ho\u00e0n tr\u1ea3 Forex","og_description":"&nbsp; Axi cung c\u1ea5p c\u00e1c ph\u01b0\u01a1ng th\u1ee9c r\u00fat ti\u1ec1n sau \u0111\u00e2y. D\u01b0\u1edbi \u0111\u00e2y, ch\u00fang t\u00f4i s\u1ebd gi\u1edbi thi\u1ec7u quy tr\u00ecnh c\u1ee5 th\u1ec3 cho t\u1eebng ph\u01b0\u01a1ng th\u1ee9c r\u00fat ti\u1ec1n. Ph\u01b0\u01a1ng th\u1ee9c r\u00fat ti\u1ec1n Lo\u1ea1i ti\u1ec1n t\u1ec7 Ph\u00ed x\u1eed l\u00fd M\u1ee9c r\u00fat t\u1ed1i thi\u1ec3u Th\u1eddi gian x\u1eed l\u00fd Chuy\u1ec3n kho\u1ea3n ng\u00e2n h\u00e0ng n\u1ed9i \u0111\u1ecba USD Mi\u1ec5n ph\u00ed Kho\u1ea3ng 10 USD 1\uff5e3 ng\u00e0y bitwallet USD Mi\u1ec5n ph\u00ed 10 USD 1\uff5e2 ng\u00e0y Ti\u1ec1n \u0111i\u1ec7n t\u1eed BTC, ETH, LTC, XLM, XRP, USDT Mi\u1ec5n ph\u00ed 30 USD 1 gi\u1edd R\u00fat ti\u1ec1n qua chuy\u1ec3n kho\u1ea3n ng\u00e2n h\u00e0ng n\u1ed9i \u0111\u1ecba \u0110\u1ea7u ti\u00ean, vui l\u00f2ng \u0111\u0103ng nh\u1eadp v\u00e0o trang th\u00e0nh vi\u00ean, sau \u0111\u00f3 m\u1edf menu b\u00ean tr\u00e1i v\u00e0 ch\u1ecdn...","og_url":"https:\/\/taritali.com\/vi\/axi\/withdrawal","og_site_name":"TariTali - L\u1ef1a ch\u1ecdn h\u00e0ng \u0111\u1ea7u cho ho\u00e0n tr\u1ea3 Forex","article_modified_time":"2024-10-25T08:50:20+00:00","twitter_card":"summary_large_image","twitter_misc":{"\u01af\u1edbc t\u00ednh th\u1eddi gian \u0111\u1ecdc":"6 ph\u00fat"},"schema":{"@context":"https:\/\/schema.org","@graph":[{"@type":"WebPage","@id":"https:\/\/taritali.com\/vi\/axi\/withdrawal","url":"https:\/\/taritali.com\/vi\/axi\/withdrawal","name":"H\u01b0\u1edbng d\u1eabn r\u00fat ti\u1ec1n t\u1ea1i Axi - TariTali - L\u1ef1a ch\u1ecdn h\u00e0ng \u0111\u1ea7u cho ho\u00e0n tr\u1ea3 Forex","isPartOf":{"@id":"https:\/\/taritali.com\/vi\/#website"},"primaryImageOfPage":{"@id":"https:\/\/taritali.com\/vi\/axi\/withdrawal#primaryimage"},"image":{"@id":"https:\/\/taritali.com\/vi\/axi\/withdrawal#primaryimage"},"thumbnailUrl":"","datePublished":"2023-04-18T02:30:13+00:00","dateModified":"2024-10-25T08:50:20+00:00","breadcrumb":{"@id":"https:\/\/taritali.com\/vi\/axi\/withdrawal#breadcrumb"},"inLanguage":"vi","potentialAction":[{"@type":"ReadAction","target":["https:\/\/taritali.com\/vi\/axi\/withdrawal"]}]},{"@type":"ImageObject","inLanguage":"vi","@id":"https:\/\/taritali.com\/vi\/axi\/withdrawal#primaryimage","url":"","contentUrl":""},{"@type":"BreadcrumbList","@id":"https:\/\/taritali.com\/vi\/axi\/withdrawal#breadcrumb","itemListElement":[{"@type":"ListItem","position":1,"name":"Trang ch\u1ee7","item":"https:\/\/taritali.com\/vi\/"},{"@type":"ListItem","position":2,"name":"\u0110\u0103ng k\u00fd t\u00e0i kho\u1ea3n ho\u00e0n tr\u1ea3 Axi","item":"https:\/\/taritali.com\/vi\/axi"},{"@type":"ListItem","position":3,"name":"H\u01b0\u1edbng d\u1eabn r\u00fat ti\u1ec1n t\u1ea1i Axi"}]},{"@type":"WebSite","@id":"https:\/\/taritali.com\/vi\/#website","url":"https:\/\/taritali.com\/vi\/","name":"TariTali - L\u1ef1a ch\u1ecdn h\u00e0ng \u0111\u1ea7u cho ho\u00e0n tr\u1ea3 Forex","description":"","publisher":{"@id":"https:\/\/taritali.com\/vi\/#organization"},"potentialAction":[{"@type":"SearchAction","target":{"@type":"EntryPoint","urlTemplate":"https:\/\/taritali.com\/vi\/?s={search_term_string}"},"query-input":"required name=search_term_string"}],"inLanguage":"vi"},{"@type":"Organization","@id":"https:\/\/taritali.com\/vi\/#organization","name":"TariTali - L\u1ef1a ch\u1ecdn h\u00e0ng \u0111\u1ea7u cho ho\u00e0n tr\u1ea3 Forex","url":"https:\/\/taritali.com\/vi\/","logo":{"@type":"ImageObject","inLanguage":"vi","@id":"https:\/\/taritali.com\/vi\/#\/schema\/logo\/image\/","url":"https:\/\/taritali.com\/vi\/wp-content\/uploads\/sites\/2\/2024\/01\/logo.png","contentUrl":"https:\/\/taritali.com\/vi\/wp-content\/uploads\/sites\/2\/2024\/01\/logo.png","width":215,"height":90,"caption":"TariTali - L\u1ef1a ch\u1ecdn h\u00e0ng \u0111\u1ea7u cho ho\u00e0n tr\u1ea3 Forex"},"image":{"@id":"https:\/\/taritali.com\/vi\/#\/schema\/logo\/image\/"}}]}},"_links":{"self":[{"href":"https:\/\/taritali.com\/vi\/wp-json\/wp\/v2\/pages\/29595"}],"collection":[{"href":"https:\/\/taritali.com\/vi\/wp-json\/wp\/v2\/pages"}],"about":[{"href":"https:\/\/taritali.com\/vi\/wp-json\/wp\/v2\/types\/page"}],"author":[{"embeddable":true,"href":"https:\/\/taritali.com\/vi\/wp-json\/wp\/v2\/users\/2"}],"replies":[{"embeddable":true,"href":"https:\/\/taritali.com\/vi\/wp-json\/wp\/v2\/comments?post=29595"}],"version-history":[{"count":3,"href":"https:\/\/taritali.com\/vi\/wp-json\/wp\/v2\/pages\/29595\/revisions"}],"predecessor-version":[{"id":34327,"href":"https:\/\/taritali.com\/vi\/wp-json\/wp\/v2\/pages\/29595\/revisions\/34327"}],"up":[{"embeddable":true,"href":"https:\/\/taritali.com\/vi\/wp-json\/wp\/v2\/pages\/29240"}],"wp:featuredmedia":[{"embeddable":true,"href":"https:\/\/taritali.com\/vi\/wp-json\/"}],"wp:attachment":[{"href":"https:\/\/taritali.com\/vi\/wp-json\/wp\/v2\/media?parent=29595"}],"wp:term":[{"taxonomy":"post_tag","embeddable":true,"href":"https:\/\/taritali.com\/vi\/wp-json\/wp\/v2\/tags?post=29595"}],"curies":[{"name":"wp","href":"https:\/\/api.w.org\/{rel}","templated":true}]}}