{"id":30701,"date":"2023-06-20T13:42:45","date_gmt":"2023-06-20T04:42:45","guid":{"rendered":"https:\/\/taritali.com\/?page_id=30701"},"modified":"2024-12-05T08:06:11","modified_gmt":"2024-12-05T00:06:11","slug":"auto","status":"publish","type":"page","link":"https:\/\/taritali.com\/vi\/hotforex\/auto","title":{"rendered":"\u3010HFM\u3011\u0110\u0103ng k\u00fd chuy\u1ec3n \u0111\u1ed5i thanh to\u00e1n tr\u1ef1c ti\u1ebfp v\u00e0o t\u00e0i kho\u1ea3n giao d\u1ecbch"},"content":{"rendered":"<p><span style=\"font-weight: 400\">\u203bN\u1ebfu b\u1ea1n mu\u1ed1n h\u1ee7y b\u1ecf vi\u1ec7c thanh to\u00e1n tr\u1ef1c ti\u1ebfp v\u00e0o t\u00e0i kho\u1ea3n giao d\u1ecbch, h\u00e3y \u0111\u0103ng k\u00fd <\/span><a href=\"https:\/\/taritali.com\/vi\/hotforex\/unauto\"><span style=\"font-weight: 400\">t\u1ea1i \u0111\u00e2y<\/span><\/a><span style=\"font-weight: 400\">.<\/span><\/p>\n<p><span style=\"font-weight: 400\">Khi thanh to\u00e1n tr\u1ef1c ti\u1ebfp v\u00e0o t\u00e0i kho\u1ea3n giao d\u1ecbch HFM, s\u1ebd \u00e1p d\u1ee5ng t\u1ef7 gi\u00e1 \u0111\u00e3 quy \u0111\u1ecbnh. Kho\u1ea3n ho\u00e0n tr\u1ea3 t\u1eeb t\u00e0i kho\u1ea3n sao ch\u00e9p giao d\u1ecbch HFM s\u1ebd \u0111\u01b0\u1ee3c chuy\u1ec3n v\u00e0o t\u00e0i kho\u1ea3n v\u00ed c\u1ee7a b\u1ea1n.<\/span><\/p>\n<table style=\"width: 530px\">\n<tbody>\n<tr>\n<td style=\"width: 338px\"><b>T\u00e0i kho\u1ea3n Premium \/T\u00e0i kho\u1ea3n th\u01b0\u1edfng n\u1ea1p ti\u1ec1n<\/b><\/td>\n<td style=\"width: 192px\" rowspan=\"2\"><span style=\"font-weight: 400\">9.9 USD\uff5e29.7 USD\u00a0<\/span><\/td>\n<\/tr>\n<tr>\n<td style=\"width: 338px\"><b>T\u00e0i kho\u1ea3n Cent<\/b><\/td>\n<\/tr>\n<tr>\n<td style=\"width: 338px\"><b>T\u00e0i kho\u1ea3n Zero\/Pro<\/b><\/td>\n<td style=\"width: 192px\"><span style=\"font-weight: 400\">3.6 USD<\/span><\/td>\n<\/tr>\n<\/tbody>\n<\/table>\n<h2><b>\u01afu \u0111i\u1ec3m<\/b><\/h2>\n<p><span style=\"font-weight: 400\">\u01afu \u0111i\u1ec3m c\u1ee7a vi\u1ec7c thanh to\u00e1n tr\u1ef1c ti\u1ebfp v\u00e0o t\u00e0i kho\u1ea3n giao d\u1ecbch l\u00e0 b\u1ea1n c\u00f3 th\u1ec3 s\u1eed d\u1ee5ng ngay s\u1ed1 ti\u1ec1n ho\u00e0n tr\u1ea3 cho c\u00e1c giao d\u1ecbch<\/span><\/p>\n<h2><b>Nh\u01b0\u1ee3c \u0111i\u1ec3m<\/b><\/h2>\n<p><span style=\"font-weight: 400\">Nh\u01b0\u1ee3c \u0111i\u1ec3m l\u00e0 ph\u00ed c\u00f3 th\u1ec3 ph\u00e1t sinh khi chuy\u1ec3n ti\u1ec1n t\u1eeb v\u00ed \u0111i\u1ec7n t\u1eed sang ng\u00e2n h\u00e0ng. HFM cung c\u1ea5p c\u01a1 h\u1ed9i giao d\u1ecbch v\u1edbi \u0111\u00f2n b\u1ea9y cao t\u1eeb ti\u1ec1n th\u01b0\u1edfng, nh\u01b0ng n\u1ebfu thanh to\u00e1n v\u00e0o t\u00e0i kho\u1ea3n giao d\u1ecbch, kho\u1ea3n ho\u00e0n tr\u1ea3 c\u00f3 th\u1ec3 b\u1ecb \u1ea3nh h\u01b0\u1edfng b\u1edfi l\u1ec7nh \u0111\u00f3ng v\u1ecb th\u1ebf b\u1eaft bu\u1ed9c.<\/span><\/p>\n<p><span style=\"font-weight: 400\">V\u00ec v\u1eady, h\u00e3y qu\u1ea3n l\u00fd v\u1ed1n c\u1ea9n th\u1eadn tr\u01b0\u1edbc khi \u0111\u0103ng k\u00fd chuy\u1ec3n sang h\u00ecnh th\u1ee9c n\u00e0y.<\/span><\/p>\n<h2><b>Bi\u1ec3u m\u1eabu \u0111\u0103ng k\u00fd thanh to\u00e1n tr\u1ef1c ti\u1ebfp v\u00e0o t\u00e0i kho\u1ea3n giao d\u1ecbch<\/b><\/h2>\n\n<div class=\"wpcf7 no-js\" id=\"wpcf7-f30704-o1\" lang=\"ja\" dir=\"ltr\">\n<div class=\"screen-reader-response\"><p role=\"status\" aria-live=\"polite\" aria-atomic=\"true\"><\/p> <ul><\/ul><\/div>\n<form action=\"\/vi\/wp-json\/wp\/v2\/pages\/30701#wpcf7-f30704-o1\" method=\"post\" class=\"wpcf7-form init\" aria-label=\"\u30b3\u30f3\u30bf\u30af\u30c8\u30d5\u30a9\u30fc\u30e0\" novalidate=\"novalidate\" data-status=\"init\">\n<div style=\"display: none;\">\n<input type=\"hidden\" name=\"_wpcf7\" value=\"30704\" \/>\n<input type=\"hidden\" name=\"_wpcf7_version\" value=\"5.8.1\" \/>\n<input type=\"hidden\" name=\"_wpcf7_locale\" value=\"ja\" \/>\n<input type=\"hidden\" name=\"_wpcf7_unit_tag\" value=\"wpcf7-f30704-o1\" \/>\n<input type=\"hidden\" name=\"_wpcf7_container_post\" value=\"0\" \/>\n<input type=\"hidden\" name=\"_wpcf7_posted_data_hash\" value=\"\" \/>\n<input type=\"hidden\" name=\"_wpcf7_recaptcha_response\" value=\"\" \/>\n<\/div>\n<p><label> H\u1ecd t\u00ean (b\u1eaft bu\u1ed9c)<br \/>\n<span class=\"wpcf7-form-control-wrap\" data-name=\"your-name\"><input size=\"40\" class=\"wpcf7-form-control wpcf7-text wpcf7-validates-as-required\" aria-required=\"true\" aria-invalid=\"false\" value=\"\" type=\"text\" name=\"your-name\" \/><\/span> <\/label>\n<\/p>\n<p><label> Email (b\u1eaft bu\u1ed9c)<br \/>\n<span class=\"wpcf7-form-control-wrap\" data-name=\"your-email\"><input size=\"40\" class=\"wpcf7-form-control wpcf7-email wpcf7-validates-as-required wpcf7-text wpcf7-validates-as-email\" aria-required=\"true\" aria-invalid=\"false\" value=\"\" type=\"email\" name=\"your-email\" \/><\/span> <\/label>\n<\/p>\n<p><label> T\u00e0i kho\u1ea3n giao d\u1ecbch (b\u1eaft bu\u1ed9c)<br \/>\n<span class=\"wpcf7-form-control-wrap\" data-name=\"your-account\"><input class=\"wpcf7-form-control wpcf7-number wpcf7-validates-as-required wpcf7-validates-as-number\" aria-required=\"true\" aria-invalid=\"false\" value=\"\" type=\"number\" name=\"your-account\" \/><\/span> <\/label>\n<\/p>\n<p><input class=\"wpcf7-form-control wpcf7-submit has-spinner\" type=\"submit\" value=\"G\u1eedi\" \/>\n<\/p><p style=\"display: none !important;\"><label>&#916;<textarea name=\"_wpcf7_ak_hp_textarea\" cols=\"45\" rows=\"8\" maxlength=\"100\"><\/textarea><\/label><input type=\"hidden\" id=\"ak_js_1\" name=\"_wpcf7_ak_js\" value=\"127\"\/><script>document.getElementById( \"ak_js_1\" ).setAttribute( \"value\", ( new Date() ).getTime() );<\/script><\/p><div class=\"wpcf7-response-output\" aria-hidden=\"true\"><\/div>\n<\/form>\n<\/div>\n\n<h2><b>\u0110\u0103ng k\u00fd r\u00fat ti\u1ec1n v\u1ec1 t\u00e0i kho\u1ea3n giao d\u1ecbch<\/b><\/h2>\n<p><span style=\"font-weight: 400\">Sau khi t\u00e0i kho\u1ea3n c\u1ee7a b\u1ea1n \u0111\u01b0\u1ee3c chuy\u1ec3n \u0111\u1ed5i sang lo\u1ea1i t\u00e0i kho\u1ea3n HFM h\u1ed7 tr\u1ee3 thanh to\u00e1n v\u00e0o t\u00e0i kho\u1ea3n giao d\u1ecbch, m\u1ee5c <\/span><span style=\"font-weight: 400\">L\u1ecbch s\u1eed giao d\u1ecbch tr\u00ean c\u00e1c n\u1ec1n t\u1ea3ng<\/span><span style=\"font-weight: 400\">&#8221; s\u1ebd xu\u1ea5t hi\u1ec7n th\u00eam trang &#8220;<\/span><span style=\"font-weight: 400\">HFM<\/span><span style=\"font-weight: 400\">. T\u1ea1i trang &#8220;<\/span><span style=\"font-weight: 400\">Xem l\u1ecbch s\u1eed giao d\u1ecbch HFM<\/span><span style=\"font-weight: 400\">, b\u1ea1n c\u00f3 th\u1ec3 th\u1ef1c hi\u1ec7n y\u00eau c\u1ea7u r\u00fat ti\u1ec1n cho t\u1eebng t\u00e0i kho\u1ea3n giao d\u1ecbch c\u1ee7a m\u00ecnh.<\/span><\/p>\n","protected":false},"excerpt":{"rendered":"<p>\u203bN\u1ebfu b\u1ea1n mu\u1ed1n h\u1ee7y b\u1ecf vi\u1ec7c thanh to\u00e1n tr\u1ef1c ti\u1ebfp v\u00e0o t\u00e0i kho\u1ea3n giao d\u1ecbch, h\u00e3y \u0111\u0103ng k\u00fd t\u1ea1i \u0111\u00e2y. Khi thanh to\u00e1n tr\u1ef1c ti\u1ebfp v\u00e0o t\u00e0i kho\u1ea3n giao d\u1ecbch HFM, s\u1ebd \u00e1p d\u1ee5ng t\u1ef7 gi\u00e1 \u0111\u00e3 quy \u0111\u1ecbnh. Kho\u1ea3n ho\u00e0n tr\u1ea3 t\u1eeb t\u00e0i kho\u1ea3n sao ch\u00e9p giao d\u1ecbch HFM s\u1ebd \u0111\u01b0\u1ee3c chuy\u1ec3n v\u00e0o t\u00e0i kho\u1ea3n v\u00ed c\u1ee7a b\u1ea1n. T\u00e0i kho\u1ea3n Premium \/T\u00e0i kho\u1ea3n th\u01b0\u1edfng n\u1ea1p ti\u1ec1n 9.9 USD\uff5e29.7 USD\u00a0 T\u00e0i kho\u1ea3n Cent T\u00e0i kho\u1ea3n Zero\/Pro 3.6 USD \u01afu \u0111i\u1ec3m \u01afu \u0111i\u1ec3m c\u1ee7a vi\u1ec7c thanh to\u00e1n tr\u1ef1c ti\u1ebfp v\u00e0o t\u00e0i kho\u1ea3n giao d\u1ecbch l\u00e0 b\u1ea1n c\u00f3 th\u1ec3 s\u1eed d\u1ee5ng ngay s\u1ed1 ti\u1ec1n ho\u00e0n tr\u1ea3 cho c\u00e1c giao d\u1ecbch Nh\u01b0\u1ee3c \u0111i\u1ec3m\u30fb\u30fb\u30fb<\/p>\n","protected":false},"author":2,"featured_media":0,"parent":4418,"menu_order":0,"comment_status":"closed","ping_status":"closed","template":"","meta":{"footnotes":""},"yoast_head":"<!-- This site is optimized with the Yoast SEO plugin v23.1 - https:\/\/yoast.com\/wordpress\/plugins\/seo\/ -->\n<title>\u3010HFM\u3011\u0110\u0103ng k\u00fd chuy\u1ec3n \u0111\u1ed5i thanh to\u00e1n tr\u1ef1c ti\u1ebfp v\u00e0o t\u00e0i kho\u1ea3n giao d\u1ecbch - TariTali - L\u1ef1a ch\u1ecdn h\u00e0ng \u0111\u1ea7u cho ho\u00e0n tr\u1ea3 Forex<\/title>\n<meta name=\"robots\" content=\"index, follow, max-snippet:-1, max-image-preview:large, max-video-preview:-1\" \/>\n<link rel=\"canonical\" href=\"https:\/\/taritali.com\/vi\/hotforex\/auto\" \/>\n<meta property=\"og:locale\" content=\"vi_VN\" \/>\n<meta property=\"og:type\" content=\"article\" \/>\n<meta property=\"og:title\" content=\"\u3010HFM\u3011\u0110\u0103ng k\u00fd chuy\u1ec3n \u0111\u1ed5i thanh to\u00e1n tr\u1ef1c ti\u1ebfp v\u00e0o t\u00e0i kho\u1ea3n giao d\u1ecbch - TariTali - L\u1ef1a ch\u1ecdn h\u00e0ng \u0111\u1ea7u cho ho\u00e0n tr\u1ea3 Forex\" \/>\n<meta property=\"og:description\" content=\"\u203bN\u1ebfu b\u1ea1n mu\u1ed1n h\u1ee7y b\u1ecf vi\u1ec7c thanh to\u00e1n tr\u1ef1c ti\u1ebfp v\u00e0o t\u00e0i kho\u1ea3n giao d\u1ecbch, h\u00e3y \u0111\u0103ng k\u00fd t\u1ea1i \u0111\u00e2y. Khi thanh to\u00e1n tr\u1ef1c ti\u1ebfp v\u00e0o t\u00e0i kho\u1ea3n giao d\u1ecbch HFM, s\u1ebd \u00e1p d\u1ee5ng t\u1ef7 gi\u00e1 \u0111\u00e3 quy \u0111\u1ecbnh. Kho\u1ea3n ho\u00e0n tr\u1ea3 t\u1eeb t\u00e0i kho\u1ea3n sao ch\u00e9p giao d\u1ecbch HFM s\u1ebd \u0111\u01b0\u1ee3c chuy\u1ec3n v\u00e0o t\u00e0i kho\u1ea3n v\u00ed c\u1ee7a b\u1ea1n. T\u00e0i kho\u1ea3n Premium \/T\u00e0i kho\u1ea3n th\u01b0\u1edfng n\u1ea1p ti\u1ec1n 9.9 USD\uff5e29.7 USD\u00a0 T\u00e0i kho\u1ea3n Cent T\u00e0i kho\u1ea3n Zero\/Pro 3.6 USD \u01afu \u0111i\u1ec3m \u01afu \u0111i\u1ec3m c\u1ee7a vi\u1ec7c thanh to\u00e1n tr\u1ef1c ti\u1ebfp v\u00e0o t\u00e0i kho\u1ea3n giao d\u1ecbch l\u00e0 b\u1ea1n c\u00f3 th\u1ec3 s\u1eed d\u1ee5ng ngay s\u1ed1 ti\u1ec1n ho\u00e0n tr\u1ea3 cho c\u00e1c giao d\u1ecbch Nh\u01b0\u1ee3c \u0111i\u1ec3m\u30fb\u30fb\u30fb\" \/>\n<meta property=\"og:url\" content=\"https:\/\/taritali.com\/vi\/hotforex\/auto\" \/>\n<meta property=\"og:site_name\" content=\"TariTali - L\u1ef1a ch\u1ecdn h\u00e0ng \u0111\u1ea7u cho ho\u00e0n tr\u1ea3 Forex\" \/>\n<meta property=\"article:modified_time\" content=\"2024-12-05T00:06:11+00:00\" \/>\n<meta name=\"twitter:card\" content=\"summary_large_image\" \/>\n<meta name=\"twitter:label1\" content=\"\u01af\u1edbc t\u00ednh th\u1eddi gian \u0111\u1ecdc\" \/>\n\t<meta name=\"twitter:data1\" content=\"3 ph\u00fat\" \/>\n<script type=\"application\/ld+json\" class=\"yoast-schema-graph\">{\"@context\":\"https:\/\/schema.org\",\"@graph\":[{\"@type\":\"WebPage\",\"@id\":\"https:\/\/taritali.com\/vi\/hotforex\/auto\",\"url\":\"https:\/\/taritali.com\/vi\/hotforex\/auto\",\"name\":\"\u3010HFM\u3011\u0110\u0103ng k\u00fd chuy\u1ec3n \u0111\u1ed5i thanh to\u00e1n tr\u1ef1c ti\u1ebfp v\u00e0o t\u00e0i kho\u1ea3n giao d\u1ecbch - TariTali - L\u1ef1a ch\u1ecdn h\u00e0ng \u0111\u1ea7u cho ho\u00e0n tr\u1ea3 Forex\",\"isPartOf\":{\"@id\":\"https:\/\/taritali.com\/vi\/#website\"},\"datePublished\":\"2023-06-20T04:42:45+00:00\",\"dateModified\":\"2024-12-05T00:06:11+00:00\",\"breadcrumb\":{\"@id\":\"https:\/\/taritali.com\/vi\/hotforex\/auto#breadcrumb\"},\"inLanguage\":\"vi\",\"potentialAction\":[{\"@type\":\"ReadAction\",\"target\":[\"https:\/\/taritali.com\/vi\/hotforex\/auto\"]}]},{\"@type\":\"BreadcrumbList\",\"@id\":\"https:\/\/taritali.com\/vi\/hotforex\/auto#breadcrumb\",\"itemListElement\":[{\"@type\":\"ListItem\",\"position\":1,\"name\":\"Trang ch\u1ee7\",\"item\":\"https:\/\/taritali.com\/vi\/\"},{\"@type\":\"ListItem\",\"position\":2,\"name\":\"\u0110\u0103ng k\u00fd t\u00e0i kho\u1ea3n ho\u00e0n tr\u1ea3 HFM (HotForex)\",\"item\":\"https:\/\/taritali.com\/vi\/hotforex\"},{\"@type\":\"ListItem\",\"position\":3,\"name\":\"\u3010HFM\u3011\u0110\u0103ng k\u00fd chuy\u1ec3n \u0111\u1ed5i thanh to\u00e1n tr\u1ef1c ti\u1ebfp v\u00e0o t\u00e0i kho\u1ea3n giao d\u1ecbch\"}]},{\"@type\":\"WebSite\",\"@id\":\"https:\/\/taritali.com\/vi\/#website\",\"url\":\"https:\/\/taritali.com\/vi\/\",\"name\":\"TariTali - L\u1ef1a ch\u1ecdn h\u00e0ng \u0111\u1ea7u cho ho\u00e0n tr\u1ea3 Forex\",\"description\":\"\",\"publisher\":{\"@id\":\"https:\/\/taritali.com\/vi\/#organization\"},\"potentialAction\":[{\"@type\":\"SearchAction\",\"target\":{\"@type\":\"EntryPoint\",\"urlTemplate\":\"https:\/\/taritali.com\/vi\/?s={search_term_string}\"},\"query-input\":\"required name=search_term_string\"}],\"inLanguage\":\"vi\"},{\"@type\":\"Organization\",\"@id\":\"https:\/\/taritali.com\/vi\/#organization\",\"name\":\"TariTali - L\u1ef1a ch\u1ecdn h\u00e0ng \u0111\u1ea7u cho ho\u00e0n tr\u1ea3 Forex\",\"url\":\"https:\/\/taritali.com\/vi\/\",\"logo\":{\"@type\":\"ImageObject\",\"inLanguage\":\"vi\",\"@id\":\"https:\/\/taritali.com\/vi\/#\/schema\/logo\/image\/\",\"url\":\"https:\/\/taritali.com\/vi\/wp-content\/uploads\/sites\/2\/2024\/01\/logo.png\",\"contentUrl\":\"https:\/\/taritali.com\/vi\/wp-content\/uploads\/sites\/2\/2024\/01\/logo.png\",\"width\":215,\"height\":90,\"caption\":\"TariTali - L\u1ef1a ch\u1ecdn h\u00e0ng \u0111\u1ea7u cho ho\u00e0n tr\u1ea3 Forex\"},\"image\":{\"@id\":\"https:\/\/taritali.com\/vi\/#\/schema\/logo\/image\/\"}}]}<\/script>\n<!-- \/ Yoast SEO plugin. -->","yoast_head_json":{"title":"\u3010HFM\u3011\u0110\u0103ng k\u00fd chuy\u1ec3n \u0111\u1ed5i thanh to\u00e1n tr\u1ef1c ti\u1ebfp v\u00e0o t\u00e0i kho\u1ea3n giao d\u1ecbch - TariTali - L\u1ef1a ch\u1ecdn h\u00e0ng \u0111\u1ea7u cho ho\u00e0n tr\u1ea3 Forex","robots":{"index":"index","follow":"follow","max-snippet":"max-snippet:-1","max-image-preview":"max-image-preview:large","max-video-preview":"max-video-preview:-1"},"canonical":"https:\/\/taritali.com\/vi\/hotforex\/auto","og_locale":"vi_VN","og_type":"article","og_title":"\u3010HFM\u3011\u0110\u0103ng k\u00fd chuy\u1ec3n \u0111\u1ed5i thanh to\u00e1n tr\u1ef1c ti\u1ebfp v\u00e0o t\u00e0i kho\u1ea3n giao d\u1ecbch - TariTali - L\u1ef1a ch\u1ecdn h\u00e0ng \u0111\u1ea7u cho ho\u00e0n tr\u1ea3 Forex","og_description":"\u203bN\u1ebfu b\u1ea1n mu\u1ed1n h\u1ee7y b\u1ecf vi\u1ec7c thanh to\u00e1n tr\u1ef1c ti\u1ebfp v\u00e0o t\u00e0i kho\u1ea3n giao d\u1ecbch, h\u00e3y \u0111\u0103ng k\u00fd t\u1ea1i \u0111\u00e2y. Khi thanh to\u00e1n tr\u1ef1c ti\u1ebfp v\u00e0o t\u00e0i kho\u1ea3n giao d\u1ecbch HFM, s\u1ebd \u00e1p d\u1ee5ng t\u1ef7 gi\u00e1 \u0111\u00e3 quy \u0111\u1ecbnh. Kho\u1ea3n ho\u00e0n tr\u1ea3 t\u1eeb t\u00e0i kho\u1ea3n sao ch\u00e9p giao d\u1ecbch HFM s\u1ebd \u0111\u01b0\u1ee3c chuy\u1ec3n v\u00e0o t\u00e0i kho\u1ea3n v\u00ed c\u1ee7a b\u1ea1n. T\u00e0i kho\u1ea3n Premium \/T\u00e0i kho\u1ea3n th\u01b0\u1edfng n\u1ea1p ti\u1ec1n 9.9 USD\uff5e29.7 USD\u00a0 T\u00e0i kho\u1ea3n Cent T\u00e0i kho\u1ea3n Zero\/Pro 3.6 USD \u01afu \u0111i\u1ec3m \u01afu \u0111i\u1ec3m c\u1ee7a vi\u1ec7c thanh to\u00e1n tr\u1ef1c ti\u1ebfp v\u00e0o t\u00e0i kho\u1ea3n giao d\u1ecbch l\u00e0 b\u1ea1n c\u00f3 th\u1ec3 s\u1eed d\u1ee5ng ngay s\u1ed1 ti\u1ec1n ho\u00e0n tr\u1ea3 cho c\u00e1c giao d\u1ecbch Nh\u01b0\u1ee3c \u0111i\u1ec3m\u30fb\u30fb\u30fb","og_url":"https:\/\/taritali.com\/vi\/hotforex\/auto","og_site_name":"TariTali - L\u1ef1a ch\u1ecdn h\u00e0ng \u0111\u1ea7u cho ho\u00e0n tr\u1ea3 Forex","article_modified_time":"2024-12-05T00:06:11+00:00","twitter_card":"summary_large_image","twitter_misc":{"\u01af\u1edbc t\u00ednh th\u1eddi gian \u0111\u1ecdc":"3 ph\u00fat"},"schema":{"@context":"https:\/\/schema.org","@graph":[{"@type":"WebPage","@id":"https:\/\/taritali.com\/vi\/hotforex\/auto","url":"https:\/\/taritali.com\/vi\/hotforex\/auto","name":"\u3010HFM\u3011\u0110\u0103ng k\u00fd chuy\u1ec3n \u0111\u1ed5i thanh to\u00e1n tr\u1ef1c ti\u1ebfp v\u00e0o t\u00e0i kho\u1ea3n giao d\u1ecbch - TariTali - L\u1ef1a ch\u1ecdn h\u00e0ng \u0111\u1ea7u cho ho\u00e0n tr\u1ea3 Forex","isPartOf":{"@id":"https:\/\/taritali.com\/vi\/#website"},"datePublished":"2023-06-20T04:42:45+00:00","dateModified":"2024-12-05T00:06:11+00:00","breadcrumb":{"@id":"https:\/\/taritali.com\/vi\/hotforex\/auto#breadcrumb"},"inLanguage":"vi","potentialAction":[{"@type":"ReadAction","target":["https:\/\/taritali.com\/vi\/hotforex\/auto"]}]},{"@type":"BreadcrumbList","@id":"https:\/\/taritali.com\/vi\/hotforex\/auto#breadcrumb","itemListElement":[{"@type":"ListItem","position":1,"name":"Trang ch\u1ee7","item":"https:\/\/taritali.com\/vi\/"},{"@type":"ListItem","position":2,"name":"\u0110\u0103ng k\u00fd t\u00e0i kho\u1ea3n ho\u00e0n tr\u1ea3 HFM (HotForex)","item":"https:\/\/taritali.com\/vi\/hotforex"},{"@type":"ListItem","position":3,"name":"\u3010HFM\u3011\u0110\u0103ng k\u00fd chuy\u1ec3n \u0111\u1ed5i thanh to\u00e1n tr\u1ef1c ti\u1ebfp v\u00e0o t\u00e0i kho\u1ea3n giao d\u1ecbch"}]},{"@type":"WebSite","@id":"https:\/\/taritali.com\/vi\/#website","url":"https:\/\/taritali.com\/vi\/","name":"TariTali - L\u1ef1a ch\u1ecdn h\u00e0ng \u0111\u1ea7u cho ho\u00e0n tr\u1ea3 Forex","description":"","publisher":{"@id":"https:\/\/taritali.com\/vi\/#organization"},"potentialAction":[{"@type":"SearchAction","target":{"@type":"EntryPoint","urlTemplate":"https:\/\/taritali.com\/vi\/?s={search_term_string}"},"query-input":"required name=search_term_string"}],"inLanguage":"vi"},{"@type":"Organization","@id":"https:\/\/taritali.com\/vi\/#organization","name":"TariTali - L\u1ef1a ch\u1ecdn h\u00e0ng \u0111\u1ea7u cho ho\u00e0n tr\u1ea3 Forex","url":"https:\/\/taritali.com\/vi\/","logo":{"@type":"ImageObject","inLanguage":"vi","@id":"https:\/\/taritali.com\/vi\/#\/schema\/logo\/image\/","url":"https:\/\/taritali.com\/vi\/wp-content\/uploads\/sites\/2\/2024\/01\/logo.png","contentUrl":"https:\/\/taritali.com\/vi\/wp-content\/uploads\/sites\/2\/2024\/01\/logo.png","width":215,"height":90,"caption":"TariTali - L\u1ef1a ch\u1ecdn h\u00e0ng \u0111\u1ea7u cho ho\u00e0n tr\u1ea3 Forex"},"image":{"@id":"https:\/\/taritali.com\/vi\/#\/schema\/logo\/image\/"}}]}},"_links":{"self":[{"href":"https:\/\/taritali.com\/vi\/wp-json\/wp\/v2\/pages\/30701"}],"collection":[{"href":"https:\/\/taritali.com\/vi\/wp-json\/wp\/v2\/pages"}],"about":[{"href":"https:\/\/taritali.com\/vi\/wp-json\/wp\/v2\/types\/page"}],"author":[{"embeddable":true,"href":"https:\/\/taritali.com\/vi\/wp-json\/wp\/v2\/users\/2"}],"replies":[{"embeddable":true,"href":"https:\/\/taritali.com\/vi\/wp-json\/wp\/v2\/comments?post=30701"}],"version-history":[{"count":4,"href":"https:\/\/taritali.com\/vi\/wp-json\/wp\/v2\/pages\/30701\/revisions"}],"predecessor-version":[{"id":34582,"href":"https:\/\/taritali.com\/vi\/wp-json\/wp\/v2\/pages\/30701\/revisions\/34582"}],"up":[{"embeddable":true,"href":"https:\/\/taritali.com\/vi\/wp-json\/wp\/v2\/pages\/4418"}],"wp:attachment":[{"href":"https:\/\/taritali.com\/vi\/wp-json\/wp\/v2\/media?parent=30701"}],"curies":[{"name":"wp","href":"https:\/\/api.w.org\/{rel}","templated":true}]}}