{"id":30708,"date":"2023-06-20T13:56:17","date_gmt":"2023-06-20T04:56:17","guid":{"rendered":"https:\/\/taritali.com\/?page_id=30708"},"modified":"2024-10-08T17:43:40","modified_gmt":"2024-10-08T08:43:40","slug":"unauto","status":"publish","type":"page","link":"https:\/\/taritali.com\/vi\/hotforex\/unauto","title":{"rendered":"\u3010HFM\u3011H\u1ee7y b\u1ecf ch\u1ebf \u0111\u1ed9 thanh to\u00e1n v\u00e0o t\u00e0i kho\u1ea3n giao d\u1ecbch"},"content":{"rendered":"<p><span style=\"font-weight: 400\">\u203bN\u1ebfu b\u1ea1n mu\u1ed1n chuy\u1ec3n \u0111\u1ed5i sang thanh to\u00e1n v\u00e0o t\u00e0i kho\u1ea3n giao d\u1ecbch, h\u00e3y \u0111\u0103ng k\u00fd y\u00eau c\u1ea7u <\/span><a href=\"https:\/\/taritali.com\/vi\/hotforex\/auto\"><span style=\"font-weight: 400\">t\u1ea1i \u0111\u00e2y<\/span><\/a><span style=\"font-weight: 400\">.<\/span><\/p>\n<p><span style=\"font-weight: 400\">Sau khi h\u1ee7y b\u1ecf h\u00ecnh th\u1ee9c thanh to\u00e1n v\u00e0o t\u00e0i kho\u1ea3n giao d\u1ecbch, kho\u1ea3n ho\u00e0n tr\u1ea3 c\u1ee7a b\u1ea1n s\u1ebd \u0111\u01b0\u1ee3c ghi v\u00e0o h\u1ec7 th\u1ed1ng TariTali.<\/span><\/p>\n<p><span style=\"font-weight: 400\">L\u01b0u \u00fd: c\u00e1c kho\u1ea3n ho\u00e0n tr\u1ea3 cho nh\u1eefng giao d\u1ecbch tr\u01b0\u1edbc \u0111\u00e2y \u0111\u00e3 \u0111\u01b0\u1ee3c HFM thanh to\u00e1n v\u00e0o t\u00e0i kho\u1ea3n giao d\u1ecbch s\u1ebd kh\u00f4ng \u0111\u01b0\u1ee3c thanh to\u00e1n l\u1ea1i b\u1edfi TariTali.<\/span><\/p>\n<h2><b>Bi\u1ec3u m\u1eabu h\u1ee7y b\u1ecf thanh to\u00e1n v\u00e0o t\u00e0i kho\u1ea3n giao d\u1ecbch<\/b><\/h2>\n\n<div class=\"wpcf7 no-js\" id=\"wpcf7-f30713-o1\" lang=\"ja\" dir=\"ltr\">\n<div class=\"screen-reader-response\"><p role=\"status\" aria-live=\"polite\" aria-atomic=\"true\"><\/p> <ul><\/ul><\/div>\n<form action=\"\/vi\/wp-json\/wp\/v2\/pages\/30708#wpcf7-f30713-o1\" method=\"post\" class=\"wpcf7-form init\" aria-label=\"\u30b3\u30f3\u30bf\u30af\u30c8\u30d5\u30a9\u30fc\u30e0\" novalidate=\"novalidate\" data-status=\"init\">\n<div style=\"display: none;\">\n<input type=\"hidden\" name=\"_wpcf7\" value=\"30713\" \/>\n<input type=\"hidden\" name=\"_wpcf7_version\" value=\"5.8.1\" \/>\n<input type=\"hidden\" name=\"_wpcf7_locale\" value=\"ja\" \/>\n<input type=\"hidden\" name=\"_wpcf7_unit_tag\" value=\"wpcf7-f30713-o1\" \/>\n<input type=\"hidden\" name=\"_wpcf7_container_post\" value=\"0\" \/>\n<input type=\"hidden\" name=\"_wpcf7_posted_data_hash\" value=\"\" \/>\n<input type=\"hidden\" name=\"_wpcf7_recaptcha_response\" value=\"\" \/>\n<\/div>\n<p><label> H\u1ecd t\u00ean (b\u1eaft bu\u1ed9c)<br \/>\n<span class=\"wpcf7-form-control-wrap\" data-name=\"your-name\"><input size=\"40\" class=\"wpcf7-form-control wpcf7-text wpcf7-validates-as-required\" aria-required=\"true\" aria-invalid=\"false\" value=\"\" type=\"text\" name=\"your-name\" \/><\/span> <\/label>\n<\/p>\n<p><label> Email (b\u1eaft bu\u1ed9c)<br \/>\n<span class=\"wpcf7-form-control-wrap\" data-name=\"your-email\"><input size=\"40\" class=\"wpcf7-form-control wpcf7-email wpcf7-validates-as-required wpcf7-text wpcf7-validates-as-email\" aria-required=\"true\" aria-invalid=\"false\" value=\"\" type=\"email\" name=\"your-email\" \/><\/span> <\/label>\n<\/p>\n<p><label> T\u00e0i kho\u1ea3n giao d\u1ecbch (b\u1eaft bu\u1ed9c)<br \/>\n<span class=\"wpcf7-form-control-wrap\" data-name=\"your-account\"><input class=\"wpcf7-form-control wpcf7-number wpcf7-validates-as-required wpcf7-validates-as-number\" aria-required=\"true\" aria-invalid=\"false\" value=\"\" type=\"number\" name=\"your-account\" \/><\/span> <\/label>\n<\/p>\n<p><input class=\"wpcf7-form-control wpcf7-submit has-spinner\" type=\"submit\" value=\"G\u1eedi\" \/>\n<\/p><p style=\"display: none !important;\"><label>&#916;<textarea name=\"_wpcf7_ak_hp_textarea\" cols=\"45\" rows=\"8\" maxlength=\"100\"><\/textarea><\/label><input type=\"hidden\" id=\"ak_js_1\" name=\"_wpcf7_ak_js\" value=\"56\"\/><script>document.getElementById( \"ak_js_1\" ).setAttribute( \"value\", ( new Date() ).getTime() );<\/script><\/p><div class=\"wpcf7-response-output\" aria-hidden=\"true\"><\/div>\n<\/form>\n<\/div>\n\n","protected":false},"excerpt":{"rendered":"<p>\u203bN\u1ebfu b\u1ea1n mu\u1ed1n chuy\u1ec3n \u0111\u1ed5i sang thanh to\u00e1n v\u00e0o t\u00e0i kho\u1ea3n giao d\u1ecbch, h\u00e3y \u0111\u0103ng k\u00fd y\u00eau c\u1ea7u t\u1ea1i \u0111\u00e2y. Sau khi h\u1ee7y b\u1ecf h\u00ecnh th\u1ee9c thanh to\u00e1n v\u00e0o t\u00e0i kho\u1ea3n giao d\u1ecbch, kho\u1ea3n ho\u00e0n tr\u1ea3 c\u1ee7a b\u1ea1n s\u1ebd \u0111\u01b0\u1ee3c ghi v\u00e0o h\u1ec7 th\u1ed1ng TariTali. L\u01b0u \u00fd: c\u00e1c kho\u1ea3n ho\u00e0n tr\u1ea3 cho nh\u1eefng giao d\u1ecbch tr\u01b0\u1edbc \u0111\u00e2y \u0111\u00e3 \u0111\u01b0\u1ee3c HFM thanh to\u00e1n v\u00e0o t\u00e0i kho\u1ea3n giao d\u1ecbch s\u1ebd kh\u00f4ng \u0111\u01b0\u1ee3c thanh to\u00e1n l\u1ea1i b\u1edfi TariTali. Bi\u1ec3u m\u1eabu h\u1ee7y b\u1ecf thanh to\u00e1n v\u00e0o t\u00e0i kho\u1ea3n giao d\u1ecbch<\/p>\n","protected":false},"author":2,"featured_media":0,"parent":4418,"menu_order":0,"comment_status":"closed","ping_status":"closed","template":"","meta":{"footnotes":""},"yoast_head":"<!-- This site is optimized with the Yoast SEO plugin v23.1 - https:\/\/yoast.com\/wordpress\/plugins\/seo\/ -->\n<title>\u3010HFM\u3011H\u1ee7y b\u1ecf ch\u1ebf \u0111\u1ed9 thanh to\u00e1n v\u00e0o t\u00e0i kho\u1ea3n giao d\u1ecbch - TariTali - L\u1ef1a ch\u1ecdn h\u00e0ng \u0111\u1ea7u cho ho\u00e0n tr\u1ea3 Forex<\/title>\n<meta name=\"robots\" content=\"index, follow, max-snippet:-1, max-image-preview:large, max-video-preview:-1\" \/>\n<link rel=\"canonical\" href=\"https:\/\/taritali.com\/vi\/hotforex\/unauto\" \/>\n<meta property=\"og:locale\" content=\"vi_VN\" \/>\n<meta property=\"og:type\" content=\"article\" \/>\n<meta property=\"og:title\" content=\"\u3010HFM\u3011H\u1ee7y b\u1ecf ch\u1ebf \u0111\u1ed9 thanh to\u00e1n v\u00e0o t\u00e0i kho\u1ea3n giao d\u1ecbch - TariTali - L\u1ef1a ch\u1ecdn h\u00e0ng \u0111\u1ea7u cho ho\u00e0n tr\u1ea3 Forex\" \/>\n<meta property=\"og:description\" content=\"\u203bN\u1ebfu b\u1ea1n mu\u1ed1n chuy\u1ec3n \u0111\u1ed5i sang thanh to\u00e1n v\u00e0o t\u00e0i kho\u1ea3n giao d\u1ecbch, h\u00e3y \u0111\u0103ng k\u00fd y\u00eau c\u1ea7u t\u1ea1i \u0111\u00e2y. Sau khi h\u1ee7y b\u1ecf h\u00ecnh th\u1ee9c thanh to\u00e1n v\u00e0o t\u00e0i kho\u1ea3n giao d\u1ecbch, kho\u1ea3n ho\u00e0n tr\u1ea3 c\u1ee7a b\u1ea1n s\u1ebd \u0111\u01b0\u1ee3c ghi v\u00e0o h\u1ec7 th\u1ed1ng TariTali. L\u01b0u \u00fd: c\u00e1c kho\u1ea3n ho\u00e0n tr\u1ea3 cho nh\u1eefng giao d\u1ecbch tr\u01b0\u1edbc \u0111\u00e2y \u0111\u00e3 \u0111\u01b0\u1ee3c HFM thanh to\u00e1n v\u00e0o t\u00e0i kho\u1ea3n giao d\u1ecbch s\u1ebd kh\u00f4ng \u0111\u01b0\u1ee3c thanh to\u00e1n l\u1ea1i b\u1edfi TariTali. Bi\u1ec3u m\u1eabu h\u1ee7y b\u1ecf thanh to\u00e1n v\u00e0o t\u00e0i kho\u1ea3n giao d\u1ecbch\" \/>\n<meta property=\"og:url\" content=\"https:\/\/taritali.com\/vi\/hotforex\/unauto\" \/>\n<meta property=\"og:site_name\" content=\"TariTali - L\u1ef1a ch\u1ecdn h\u00e0ng \u0111\u1ea7u cho ho\u00e0n tr\u1ea3 Forex\" \/>\n<meta property=\"article:modified_time\" content=\"2024-10-08T08:43:40+00:00\" \/>\n<meta name=\"twitter:card\" content=\"summary_large_image\" \/>\n<meta name=\"twitter:label1\" content=\"\u01af\u1edbc t\u00ednh th\u1eddi gian \u0111\u1ecdc\" \/>\n\t<meta name=\"twitter:data1\" content=\"2 ph\u00fat\" \/>\n<script type=\"application\/ld+json\" class=\"yoast-schema-graph\">{\"@context\":\"https:\/\/schema.org\",\"@graph\":[{\"@type\":\"WebPage\",\"@id\":\"https:\/\/taritali.com\/vi\/hotforex\/unauto\",\"url\":\"https:\/\/taritali.com\/vi\/hotforex\/unauto\",\"name\":\"\u3010HFM\u3011H\u1ee7y b\u1ecf ch\u1ebf \u0111\u1ed9 thanh to\u00e1n v\u00e0o t\u00e0i kho\u1ea3n giao d\u1ecbch - TariTali - L\u1ef1a ch\u1ecdn h\u00e0ng \u0111\u1ea7u cho ho\u00e0n tr\u1ea3 Forex\",\"isPartOf\":{\"@id\":\"https:\/\/taritali.com\/vi\/#website\"},\"datePublished\":\"2023-06-20T04:56:17+00:00\",\"dateModified\":\"2024-10-08T08:43:40+00:00\",\"breadcrumb\":{\"@id\":\"https:\/\/taritali.com\/vi\/hotforex\/unauto#breadcrumb\"},\"inLanguage\":\"vi\",\"potentialAction\":[{\"@type\":\"ReadAction\",\"target\":[\"https:\/\/taritali.com\/vi\/hotforex\/unauto\"]}]},{\"@type\":\"BreadcrumbList\",\"@id\":\"https:\/\/taritali.com\/vi\/hotforex\/unauto#breadcrumb\",\"itemListElement\":[{\"@type\":\"ListItem\",\"position\":1,\"name\":\"Trang ch\u1ee7\",\"item\":\"https:\/\/taritali.com\/vi\/\"},{\"@type\":\"ListItem\",\"position\":2,\"name\":\"\u0110\u0103ng k\u00fd t\u00e0i kho\u1ea3n ho\u00e0n tr\u1ea3 HFM (HotForex)\",\"item\":\"https:\/\/taritali.com\/vi\/hotforex\"},{\"@type\":\"ListItem\",\"position\":3,\"name\":\"\u3010HFM\u3011H\u1ee7y b\u1ecf ch\u1ebf \u0111\u1ed9 thanh to\u00e1n v\u00e0o t\u00e0i kho\u1ea3n giao d\u1ecbch\"}]},{\"@type\":\"WebSite\",\"@id\":\"https:\/\/taritali.com\/vi\/#website\",\"url\":\"https:\/\/taritali.com\/vi\/\",\"name\":\"TariTali - L\u1ef1a ch\u1ecdn h\u00e0ng \u0111\u1ea7u cho ho\u00e0n tr\u1ea3 Forex\",\"description\":\"\",\"publisher\":{\"@id\":\"https:\/\/taritali.com\/vi\/#organization\"},\"potentialAction\":[{\"@type\":\"SearchAction\",\"target\":{\"@type\":\"EntryPoint\",\"urlTemplate\":\"https:\/\/taritali.com\/vi\/?s={search_term_string}\"},\"query-input\":\"required name=search_term_string\"}],\"inLanguage\":\"vi\"},{\"@type\":\"Organization\",\"@id\":\"https:\/\/taritali.com\/vi\/#organization\",\"name\":\"TariTali - L\u1ef1a ch\u1ecdn h\u00e0ng \u0111\u1ea7u cho ho\u00e0n tr\u1ea3 Forex\",\"url\":\"https:\/\/taritali.com\/vi\/\",\"logo\":{\"@type\":\"ImageObject\",\"inLanguage\":\"vi\",\"@id\":\"https:\/\/taritali.com\/vi\/#\/schema\/logo\/image\/\",\"url\":\"https:\/\/taritali.com\/vi\/wp-content\/uploads\/sites\/2\/2024\/01\/logo.png\",\"contentUrl\":\"https:\/\/taritali.com\/vi\/wp-content\/uploads\/sites\/2\/2024\/01\/logo.png\",\"width\":215,\"height\":90,\"caption\":\"TariTali - L\u1ef1a ch\u1ecdn h\u00e0ng \u0111\u1ea7u cho ho\u00e0n tr\u1ea3 Forex\"},\"image\":{\"@id\":\"https:\/\/taritali.com\/vi\/#\/schema\/logo\/image\/\"}}]}<\/script>\n<!-- \/ Yoast SEO plugin. -->","yoast_head_json":{"title":"\u3010HFM\u3011H\u1ee7y b\u1ecf ch\u1ebf \u0111\u1ed9 thanh to\u00e1n v\u00e0o t\u00e0i kho\u1ea3n giao d\u1ecbch - TariTali - L\u1ef1a ch\u1ecdn h\u00e0ng \u0111\u1ea7u cho ho\u00e0n tr\u1ea3 Forex","robots":{"index":"index","follow":"follow","max-snippet":"max-snippet:-1","max-image-preview":"max-image-preview:large","max-video-preview":"max-video-preview:-1"},"canonical":"https:\/\/taritali.com\/vi\/hotforex\/unauto","og_locale":"vi_VN","og_type":"article","og_title":"\u3010HFM\u3011H\u1ee7y b\u1ecf ch\u1ebf \u0111\u1ed9 thanh to\u00e1n v\u00e0o t\u00e0i kho\u1ea3n giao d\u1ecbch - TariTali - L\u1ef1a ch\u1ecdn h\u00e0ng \u0111\u1ea7u cho ho\u00e0n tr\u1ea3 Forex","og_description":"\u203bN\u1ebfu b\u1ea1n mu\u1ed1n chuy\u1ec3n \u0111\u1ed5i sang thanh to\u00e1n v\u00e0o t\u00e0i kho\u1ea3n giao d\u1ecbch, h\u00e3y \u0111\u0103ng k\u00fd y\u00eau c\u1ea7u t\u1ea1i \u0111\u00e2y. Sau khi h\u1ee7y b\u1ecf h\u00ecnh th\u1ee9c thanh to\u00e1n v\u00e0o t\u00e0i kho\u1ea3n giao d\u1ecbch, kho\u1ea3n ho\u00e0n tr\u1ea3 c\u1ee7a b\u1ea1n s\u1ebd \u0111\u01b0\u1ee3c ghi v\u00e0o h\u1ec7 th\u1ed1ng TariTali. L\u01b0u \u00fd: c\u00e1c kho\u1ea3n ho\u00e0n tr\u1ea3 cho nh\u1eefng giao d\u1ecbch tr\u01b0\u1edbc \u0111\u00e2y \u0111\u00e3 \u0111\u01b0\u1ee3c HFM thanh to\u00e1n v\u00e0o t\u00e0i kho\u1ea3n giao d\u1ecbch s\u1ebd kh\u00f4ng \u0111\u01b0\u1ee3c thanh to\u00e1n l\u1ea1i b\u1edfi TariTali. Bi\u1ec3u m\u1eabu h\u1ee7y b\u1ecf thanh to\u00e1n v\u00e0o t\u00e0i kho\u1ea3n giao d\u1ecbch","og_url":"https:\/\/taritali.com\/vi\/hotforex\/unauto","og_site_name":"TariTali - L\u1ef1a ch\u1ecdn h\u00e0ng \u0111\u1ea7u cho ho\u00e0n tr\u1ea3 Forex","article_modified_time":"2024-10-08T08:43:40+00:00","twitter_card":"summary_large_image","twitter_misc":{"\u01af\u1edbc t\u00ednh th\u1eddi gian \u0111\u1ecdc":"2 ph\u00fat"},"schema":{"@context":"https:\/\/schema.org","@graph":[{"@type":"WebPage","@id":"https:\/\/taritali.com\/vi\/hotforex\/unauto","url":"https:\/\/taritali.com\/vi\/hotforex\/unauto","name":"\u3010HFM\u3011H\u1ee7y b\u1ecf ch\u1ebf \u0111\u1ed9 thanh to\u00e1n v\u00e0o t\u00e0i kho\u1ea3n giao d\u1ecbch - TariTali - L\u1ef1a ch\u1ecdn h\u00e0ng \u0111\u1ea7u cho ho\u00e0n tr\u1ea3 Forex","isPartOf":{"@id":"https:\/\/taritali.com\/vi\/#website"},"datePublished":"2023-06-20T04:56:17+00:00","dateModified":"2024-10-08T08:43:40+00:00","breadcrumb":{"@id":"https:\/\/taritali.com\/vi\/hotforex\/unauto#breadcrumb"},"inLanguage":"vi","potentialAction":[{"@type":"ReadAction","target":["https:\/\/taritali.com\/vi\/hotforex\/unauto"]}]},{"@type":"BreadcrumbList","@id":"https:\/\/taritali.com\/vi\/hotforex\/unauto#breadcrumb","itemListElement":[{"@type":"ListItem","position":1,"name":"Trang ch\u1ee7","item":"https:\/\/taritali.com\/vi\/"},{"@type":"ListItem","position":2,"name":"\u0110\u0103ng k\u00fd t\u00e0i kho\u1ea3n ho\u00e0n tr\u1ea3 HFM (HotForex)","item":"https:\/\/taritali.com\/vi\/hotforex"},{"@type":"ListItem","position":3,"name":"\u3010HFM\u3011H\u1ee7y b\u1ecf ch\u1ebf \u0111\u1ed9 thanh to\u00e1n v\u00e0o t\u00e0i kho\u1ea3n giao d\u1ecbch"}]},{"@type":"WebSite","@id":"https:\/\/taritali.com\/vi\/#website","url":"https:\/\/taritali.com\/vi\/","name":"TariTali - L\u1ef1a ch\u1ecdn h\u00e0ng \u0111\u1ea7u cho ho\u00e0n tr\u1ea3 Forex","description":"","publisher":{"@id":"https:\/\/taritali.com\/vi\/#organization"},"potentialAction":[{"@type":"SearchAction","target":{"@type":"EntryPoint","urlTemplate":"https:\/\/taritali.com\/vi\/?s={search_term_string}"},"query-input":"required name=search_term_string"}],"inLanguage":"vi"},{"@type":"Organization","@id":"https:\/\/taritali.com\/vi\/#organization","name":"TariTali - L\u1ef1a ch\u1ecdn h\u00e0ng \u0111\u1ea7u cho ho\u00e0n tr\u1ea3 Forex","url":"https:\/\/taritali.com\/vi\/","logo":{"@type":"ImageObject","inLanguage":"vi","@id":"https:\/\/taritali.com\/vi\/#\/schema\/logo\/image\/","url":"https:\/\/taritali.com\/vi\/wp-content\/uploads\/sites\/2\/2024\/01\/logo.png","contentUrl":"https:\/\/taritali.com\/vi\/wp-content\/uploads\/sites\/2\/2024\/01\/logo.png","width":215,"height":90,"caption":"TariTali - L\u1ef1a ch\u1ecdn h\u00e0ng \u0111\u1ea7u cho ho\u00e0n tr\u1ea3 Forex"},"image":{"@id":"https:\/\/taritali.com\/vi\/#\/schema\/logo\/image\/"}}]}},"_links":{"self":[{"href":"https:\/\/taritali.com\/vi\/wp-json\/wp\/v2\/pages\/30708"}],"collection":[{"href":"https:\/\/taritali.com\/vi\/wp-json\/wp\/v2\/pages"}],"about":[{"href":"https:\/\/taritali.com\/vi\/wp-json\/wp\/v2\/types\/page"}],"author":[{"embeddable":true,"href":"https:\/\/taritali.com\/vi\/wp-json\/wp\/v2\/users\/2"}],"replies":[{"embeddable":true,"href":"https:\/\/taritali.com\/vi\/wp-json\/wp\/v2\/comments?post=30708"}],"version-history":[{"count":2,"href":"https:\/\/taritali.com\/vi\/wp-json\/wp\/v2\/pages\/30708\/revisions"}],"predecessor-version":[{"id":34242,"href":"https:\/\/taritali.com\/vi\/wp-json\/wp\/v2\/pages\/30708\/revisions\/34242"}],"up":[{"embeddable":true,"href":"https:\/\/taritali.com\/vi\/wp-json\/wp\/v2\/pages\/4418"}],"wp:attachment":[{"href":"https:\/\/taritali.com\/vi\/wp-json\/wp\/v2\/media?parent=30708"}],"curies":[{"name":"wp","href":"https:\/\/api.w.org\/{rel}","templated":true}]}}