{"id":33341,"date":"2023-11-29T08:40:54","date_gmt":"2023-11-28T23:40:54","guid":{"rendered":"https:\/\/taritali.com\/?page_id=33341"},"modified":"2026-02-12T04:19:02","modified_gmt":"2026-02-11T20:19:02","slug":"registration","status":"publish","type":"page","link":"https:\/\/taritali.com\/vi\/exness\/registration","title":{"rendered":"H\u01b0\u1edbng d\u1eabn \u0111\u0103ng k\u00fd t\u00e0i kho\u1ea3n Exness m\u1edbi"},"content":{"rendered":"<p>&nbsp;<\/p>\n<p>Exness\u306e\u65b0\u898f\u30a2\u30ab\u30a6\u30f3\u30c8\u3092\u767b\u9332\u3059\u308b\u306b\u306f\u3001\u307e\u305a<a href=\"https:\/\/one.exness.link\/intl\/ja\/a\/0hs1wflfcb\" target=\"_blank\" rel=\"noopener\">\u3053\u3061\u3089<\/a>\u306e\u958b\u8a2d\u30da\u30fc\u30b8\u3088\u308a\u300c\u767b\u9332\u300d\u3092\u30af\u30ea\u30c3\u30af\u3057\u307e\u3059\u3002<\/p>\n<p>\u300c\u5c45\u4f4f\u56fd\uff0f\u5730\u57df\u300d\u3001\u300c\u30e1\u30fc\u30eb\u30a2\u30c9\u30ec\u30b9\u300d\u3092\u5165\u529b\u3057\u3001\u300c\u30d1\u30b9\u30ef\u30fc\u30c9\u300d\u3092\u8a2d\u5b9a\u3057\u307e\u3059\u3002<\/p>\n<p>\u7d39\u4ecb\u30b3\u30fc\u30c9\u306e\u6b04\u306b\u306f\u3001\u5f0a\u793e\u306eIB\u756a\u53f7\u300c14258162\u300d\u3092\u5fd8\u308c\u305a\u306b\u3054\u5165\u529b\u304f\u3060\u3055\u3044\u3002<\/p>\n<p>\u30c1\u30a7\u30c3\u30af\u30dc\u30c3\u30af\u30b9\u306b\u30c1\u30a7\u30c3\u30af\u3092\u5165\u308c\u300c\u7d9a\u884c\u300d\u3092\u30af\u30ea\u30c3\u30af\u3057\u307e\u3059\u3002<\/p>\n<p>&nbsp;<\/p>\n<p><img fetchpriority=\"high\" decoding=\"async\" class=\"aligncenter size-full wp-image-32332\" src=\"https:\/\/taritali.com\/vi\/wp-content\/uploads\/2023\/09\/77b2632c8d11d760c7002f9770c9aa32-2.png\" alt=\"\" width=\"581\" height=\"811\" \/><\/p>\n<p>&nbsp;<\/p>\n<p>\u3053\u3053\u307e\u3067\u304c\u5b8c\u4e86\u3059\u308b\u3068\u3001\u30d1\u30fc\u30bd\u30ca\u30eb\u30a8\u30ea\u30a2\u306b\u30ed\u30b0\u30a4\u30f3\u3059\u308b\u3053\u3068\u304c\u3067\u304d\u308b\u3088\u3046\u306b\u306a\u308a\u307e\u3059\u3002<\/p>\n<p>\u500b\u4eba\u60c5\u5831\u306e\u5165\u529b\u3084\u5fc5\u8981\u66f8\u985e\u306e\u767b\u9332\u65b9\u6cd5\u306b\u3064\u3044\u3066\u306f\u3001<a href=\"https:\/\/taritali.com\/vi\/exness\/opening\" target=\"_blank\" rel=\"noopener\">\u3053\u3061\u3089<\/a>\u3092\u3054\u53c2\u7167\u304f\u3060\u3055\u3044\u3002<\/p>\n","protected":false},"excerpt":{"rendered":"<p>&nbsp; Exness\u306e\u65b0\u898f\u30a2\u30ab\u30a6\u30f3\u30c8\u3092\u767b\u9332\u3059\u308b\u306b\u306f\u3001\u307e\u305a\u3053\u3061\u3089\u306e\u958b\u8a2d\u30da\u30fc\u30b8\u3088\u308a\u300c\u767b\u9332\u300d\u3092\u30af\u30ea\u30c3\u30af\u3057\u307e\u3059\u3002 \u300c\u5c45\u4f4f\u56fd\uff0f\u5730\u57df\u300d\u3001\u300c\u30e1\u30fc\u30eb\u30a2\u30c9\u30ec\u30b9\u300d\u3092\u5165\u529b\u3057\u3001\u300c\u30d1\u30b9\u30ef\u30fc\u30c9\u300d\u3092\u8a2d\u5b9a\u3057\u307e\u3059\u3002 \u7d39\u4ecb\u30b3\u30fc\u30c9\u306e\u6b04\u306b\u306f\u3001\u5f0a\u793e\u306eIB\u756a\u53f7\u300c14258162\u300d\u3092\u5fd8\u308c\u305a\u306b\u3054\u5165\u529b\u304f\u3060\u3055\u3044\u3002 \u30c1\u30a7\u30c3\u30af\u30dc\u30c3\u30af\u30b9\u306b\u30c1\u30a7\u30c3\u30af\u3092\u5165\u308c\u300c\u7d9a\u884c\u300d\u3092\u30af\u30ea\u30c3\u30af\u3057\u307e\u3059\u3002 &nbsp; &nbsp; \u3053\u3053\u307e\u3067\u304c\u5b8c\u4e86\u3059\u308b\u3068\u3001\u30d1\u30fc\u30bd\u30ca\u30eb\u30a8\u30ea\u30a2\u306b\u30ed\u30b0\u30a4\u30f3\u3059\u308b\u3053\u3068\u304c\u3067\u304d\u308b\u3088\u3046\u306b\u306a\u308a\u307e\u3059\u3002 \u500b\u4eba\u60c5\u5831\u306e\u5165\u529b\u3084\u5fc5\u8981\u66f8\u985e\u306e\u767b\u9332\u65b9\u6cd5\u306b\u3064\u3044\u3066\u306f\u3001\u3053\u3061\u3089\u3092\u3054\u53c2\u7167\u304f\u3060\u3055\u3044\u3002<\/p>\n","protected":false},"author":2,"featured_media":32332,"parent":12126,"menu_order":0,"comment_status":"closed","ping_status":"closed","template":"","meta":{"footnotes":""},"tags":[],"yoast_head":"<!-- This site is optimized with the Yoast SEO plugin v23.1 - https:\/\/yoast.com\/wordpress\/plugins\/seo\/ -->\n<title>H\u01b0\u1edbng d\u1eabn \u0111\u0103ng k\u00fd t\u00e0i kho\u1ea3n Exness m\u1edbi - TariTali - L\u1ef1a ch\u1ecdn h\u00e0ng \u0111\u1ea7u cho ho\u00e0n tr\u1ea3 Forex<\/title>\n<meta name=\"robots\" content=\"index, follow, max-snippet:-1, max-image-preview:large, max-video-preview:-1\" \/>\n<link rel=\"canonical\" href=\"https:\/\/taritali.com\/vi\/exness\/registration\" \/>\n<meta property=\"og:locale\" content=\"vi_VN\" \/>\n<meta property=\"og:type\" content=\"article\" \/>\n<meta property=\"og:title\" content=\"H\u01b0\u1edbng d\u1eabn \u0111\u0103ng k\u00fd t\u00e0i kho\u1ea3n Exness m\u1edbi - TariTali - L\u1ef1a ch\u1ecdn h\u00e0ng \u0111\u1ea7u cho ho\u00e0n tr\u1ea3 Forex\" \/>\n<meta property=\"og:description\" content=\"&nbsp; Exness\u306e\u65b0\u898f\u30a2\u30ab\u30a6\u30f3\u30c8\u3092\u767b\u9332\u3059\u308b\u306b\u306f\u3001\u307e\u305a\u3053\u3061\u3089\u306e\u958b\u8a2d\u30da\u30fc\u30b8\u3088\u308a\u300c\u767b\u9332\u300d\u3092\u30af\u30ea\u30c3\u30af\u3057\u307e\u3059\u3002 \u300c\u5c45\u4f4f\u56fd\uff0f\u5730\u57df\u300d\u3001\u300c\u30e1\u30fc\u30eb\u30a2\u30c9\u30ec\u30b9\u300d\u3092\u5165\u529b\u3057\u3001\u300c\u30d1\u30b9\u30ef\u30fc\u30c9\u300d\u3092\u8a2d\u5b9a\u3057\u307e\u3059\u3002 \u7d39\u4ecb\u30b3\u30fc\u30c9\u306e\u6b04\u306b\u306f\u3001\u5f0a\u793e\u306eIB\u756a\u53f7\u300c14258162\u300d\u3092\u5fd8\u308c\u305a\u306b\u3054\u5165\u529b\u304f\u3060\u3055\u3044\u3002 \u30c1\u30a7\u30c3\u30af\u30dc\u30c3\u30af\u30b9\u306b\u30c1\u30a7\u30c3\u30af\u3092\u5165\u308c\u300c\u7d9a\u884c\u300d\u3092\u30af\u30ea\u30c3\u30af\u3057\u307e\u3059\u3002 &nbsp; &nbsp; \u3053\u3053\u307e\u3067\u304c\u5b8c\u4e86\u3059\u308b\u3068\u3001\u30d1\u30fc\u30bd\u30ca\u30eb\u30a8\u30ea\u30a2\u306b\u30ed\u30b0\u30a4\u30f3\u3059\u308b\u3053\u3068\u304c\u3067\u304d\u308b\u3088\u3046\u306b\u306a\u308a\u307e\u3059\u3002 \u500b\u4eba\u60c5\u5831\u306e\u5165\u529b\u3084\u5fc5\u8981\u66f8\u985e\u306e\u767b\u9332\u65b9\u6cd5\u306b\u3064\u3044\u3066\u306f\u3001\u3053\u3061\u3089\u3092\u3054\u53c2\u7167\u304f\u3060\u3055\u3044\u3002\" \/>\n<meta property=\"og:url\" content=\"https:\/\/taritali.com\/vi\/exness\/registration\" \/>\n<meta property=\"og:site_name\" content=\"TariTali - L\u1ef1a ch\u1ecdn h\u00e0ng \u0111\u1ea7u cho ho\u00e0n tr\u1ea3 Forex\" \/>\n<meta property=\"article:modified_time\" content=\"2026-02-11T20:19:02+00:00\" \/>\n<meta name=\"twitter:card\" content=\"summary_large_image\" \/>\n<script type=\"application\/ld+json\" class=\"yoast-schema-graph\">{\"@context\":\"https:\/\/schema.org\",\"@graph\":[{\"@type\":\"WebPage\",\"@id\":\"https:\/\/taritali.com\/vi\/exness\/registration\",\"url\":\"https:\/\/taritali.com\/vi\/exness\/registration\",\"name\":\"H\u01b0\u1edbng d\u1eabn \u0111\u0103ng k\u00fd t\u00e0i kho\u1ea3n Exness m\u1edbi - TariTali - L\u1ef1a ch\u1ecdn h\u00e0ng \u0111\u1ea7u cho ho\u00e0n tr\u1ea3 Forex\",\"isPartOf\":{\"@id\":\"https:\/\/taritali.com\/vi\/#website\"},\"primaryImageOfPage\":{\"@id\":\"https:\/\/taritali.com\/vi\/exness\/registration#primaryimage\"},\"image\":{\"@id\":\"https:\/\/taritali.com\/vi\/exness\/registration#primaryimage\"},\"thumbnailUrl\":\"\",\"datePublished\":\"2023-11-28T23:40:54+00:00\",\"dateModified\":\"2026-02-11T20:19:02+00:00\",\"breadcrumb\":{\"@id\":\"https:\/\/taritali.com\/vi\/exness\/registration#breadcrumb\"},\"inLanguage\":\"vi\",\"potentialAction\":[{\"@type\":\"ReadAction\",\"target\":[\"https:\/\/taritali.com\/vi\/exness\/registration\"]}]},{\"@type\":\"ImageObject\",\"inLanguage\":\"vi\",\"@id\":\"https:\/\/taritali.com\/vi\/exness\/registration#primaryimage\",\"url\":\"\",\"contentUrl\":\"\"},{\"@type\":\"BreadcrumbList\",\"@id\":\"https:\/\/taritali.com\/vi\/exness\/registration#breadcrumb\",\"itemListElement\":[{\"@type\":\"ListItem\",\"position\":1,\"name\":\"Trang ch\u1ee7\",\"item\":\"https:\/\/taritali.com\/vi\/\"},{\"@type\":\"ListItem\",\"position\":2,\"name\":\"\u0110\u0103ng k\u00fd t\u00e0i kho\u1ea3n ho\u00e0n tr\u1ea3 Exness\",\"item\":\"https:\/\/taritali.com\/vi\/exness\"},{\"@type\":\"ListItem\",\"position\":3,\"name\":\"H\u01b0\u1edbng d\u1eabn \u0111\u0103ng k\u00fd t\u00e0i kho\u1ea3n Exness m\u1edbi\"}]},{\"@type\":\"WebSite\",\"@id\":\"https:\/\/taritali.com\/vi\/#website\",\"url\":\"https:\/\/taritali.com\/vi\/\",\"name\":\"TariTali - L\u1ef1a ch\u1ecdn h\u00e0ng \u0111\u1ea7u cho ho\u00e0n tr\u1ea3 Forex\",\"description\":\"\",\"publisher\":{\"@id\":\"https:\/\/taritali.com\/vi\/#organization\"},\"potentialAction\":[{\"@type\":\"SearchAction\",\"target\":{\"@type\":\"EntryPoint\",\"urlTemplate\":\"https:\/\/taritali.com\/vi\/?s={search_term_string}\"},\"query-input\":\"required name=search_term_string\"}],\"inLanguage\":\"vi\"},{\"@type\":\"Organization\",\"@id\":\"https:\/\/taritali.com\/vi\/#organization\",\"name\":\"TariTali - L\u1ef1a ch\u1ecdn h\u00e0ng \u0111\u1ea7u cho ho\u00e0n tr\u1ea3 Forex\",\"url\":\"https:\/\/taritali.com\/vi\/\",\"logo\":{\"@type\":\"ImageObject\",\"inLanguage\":\"vi\",\"@id\":\"https:\/\/taritali.com\/vi\/#\/schema\/logo\/image\/\",\"url\":\"https:\/\/taritali.com\/vi\/wp-content\/uploads\/sites\/2\/2024\/01\/logo.png\",\"contentUrl\":\"https:\/\/taritali.com\/vi\/wp-content\/uploads\/sites\/2\/2024\/01\/logo.png\",\"width\":215,\"height\":90,\"caption\":\"TariTali - L\u1ef1a ch\u1ecdn h\u00e0ng \u0111\u1ea7u cho ho\u00e0n tr\u1ea3 Forex\"},\"image\":{\"@id\":\"https:\/\/taritali.com\/vi\/#\/schema\/logo\/image\/\"}}]}<\/script>\n<!-- \/ Yoast SEO plugin. -->","yoast_head_json":{"title":"H\u01b0\u1edbng d\u1eabn \u0111\u0103ng k\u00fd t\u00e0i kho\u1ea3n Exness m\u1edbi - TariTali - L\u1ef1a ch\u1ecdn h\u00e0ng \u0111\u1ea7u cho ho\u00e0n tr\u1ea3 Forex","robots":{"index":"index","follow":"follow","max-snippet":"max-snippet:-1","max-image-preview":"max-image-preview:large","max-video-preview":"max-video-preview:-1"},"canonical":"https:\/\/taritali.com\/vi\/exness\/registration","og_locale":"vi_VN","og_type":"article","og_title":"H\u01b0\u1edbng d\u1eabn \u0111\u0103ng k\u00fd t\u00e0i kho\u1ea3n Exness m\u1edbi - TariTali - L\u1ef1a ch\u1ecdn h\u00e0ng \u0111\u1ea7u cho ho\u00e0n tr\u1ea3 Forex","og_description":"&nbsp; Exness\u306e\u65b0\u898f\u30a2\u30ab\u30a6\u30f3\u30c8\u3092\u767b\u9332\u3059\u308b\u306b\u306f\u3001\u307e\u305a\u3053\u3061\u3089\u306e\u958b\u8a2d\u30da\u30fc\u30b8\u3088\u308a\u300c\u767b\u9332\u300d\u3092\u30af\u30ea\u30c3\u30af\u3057\u307e\u3059\u3002 \u300c\u5c45\u4f4f\u56fd\uff0f\u5730\u57df\u300d\u3001\u300c\u30e1\u30fc\u30eb\u30a2\u30c9\u30ec\u30b9\u300d\u3092\u5165\u529b\u3057\u3001\u300c\u30d1\u30b9\u30ef\u30fc\u30c9\u300d\u3092\u8a2d\u5b9a\u3057\u307e\u3059\u3002 \u7d39\u4ecb\u30b3\u30fc\u30c9\u306e\u6b04\u306b\u306f\u3001\u5f0a\u793e\u306eIB\u756a\u53f7\u300c14258162\u300d\u3092\u5fd8\u308c\u305a\u306b\u3054\u5165\u529b\u304f\u3060\u3055\u3044\u3002 \u30c1\u30a7\u30c3\u30af\u30dc\u30c3\u30af\u30b9\u306b\u30c1\u30a7\u30c3\u30af\u3092\u5165\u308c\u300c\u7d9a\u884c\u300d\u3092\u30af\u30ea\u30c3\u30af\u3057\u307e\u3059\u3002 &nbsp; &nbsp; \u3053\u3053\u307e\u3067\u304c\u5b8c\u4e86\u3059\u308b\u3068\u3001\u30d1\u30fc\u30bd\u30ca\u30eb\u30a8\u30ea\u30a2\u306b\u30ed\u30b0\u30a4\u30f3\u3059\u308b\u3053\u3068\u304c\u3067\u304d\u308b\u3088\u3046\u306b\u306a\u308a\u307e\u3059\u3002 \u500b\u4eba\u60c5\u5831\u306e\u5165\u529b\u3084\u5fc5\u8981\u66f8\u985e\u306e\u767b\u9332\u65b9\u6cd5\u306b\u3064\u3044\u3066\u306f\u3001\u3053\u3061\u3089\u3092\u3054\u53c2\u7167\u304f\u3060\u3055\u3044\u3002","og_url":"https:\/\/taritali.com\/vi\/exness\/registration","og_site_name":"TariTali - L\u1ef1a ch\u1ecdn h\u00e0ng \u0111\u1ea7u cho ho\u00e0n tr\u1ea3 Forex","article_modified_time":"2026-02-11T20:19:02+00:00","twitter_card":"summary_large_image","schema":{"@context":"https:\/\/schema.org","@graph":[{"@type":"WebPage","@id":"https:\/\/taritali.com\/vi\/exness\/registration","url":"https:\/\/taritali.com\/vi\/exness\/registration","name":"H\u01b0\u1edbng d\u1eabn \u0111\u0103ng k\u00fd t\u00e0i kho\u1ea3n Exness m\u1edbi - TariTali - L\u1ef1a ch\u1ecdn h\u00e0ng \u0111\u1ea7u cho ho\u00e0n tr\u1ea3 Forex","isPartOf":{"@id":"https:\/\/taritali.com\/vi\/#website"},"primaryImageOfPage":{"@id":"https:\/\/taritali.com\/vi\/exness\/registration#primaryimage"},"image":{"@id":"https:\/\/taritali.com\/vi\/exness\/registration#primaryimage"},"thumbnailUrl":"","datePublished":"2023-11-28T23:40:54+00:00","dateModified":"2026-02-11T20:19:02+00:00","breadcrumb":{"@id":"https:\/\/taritali.com\/vi\/exness\/registration#breadcrumb"},"inLanguage":"vi","potentialAction":[{"@type":"ReadAction","target":["https:\/\/taritali.com\/vi\/exness\/registration"]}]},{"@type":"ImageObject","inLanguage":"vi","@id":"https:\/\/taritali.com\/vi\/exness\/registration#primaryimage","url":"","contentUrl":""},{"@type":"BreadcrumbList","@id":"https:\/\/taritali.com\/vi\/exness\/registration#breadcrumb","itemListElement":[{"@type":"ListItem","position":1,"name":"Trang ch\u1ee7","item":"https:\/\/taritali.com\/vi\/"},{"@type":"ListItem","position":2,"name":"\u0110\u0103ng k\u00fd t\u00e0i kho\u1ea3n ho\u00e0n tr\u1ea3 Exness","item":"https:\/\/taritali.com\/vi\/exness"},{"@type":"ListItem","position":3,"name":"H\u01b0\u1edbng d\u1eabn \u0111\u0103ng k\u00fd t\u00e0i kho\u1ea3n Exness m\u1edbi"}]},{"@type":"WebSite","@id":"https:\/\/taritali.com\/vi\/#website","url":"https:\/\/taritali.com\/vi\/","name":"TariTali - L\u1ef1a ch\u1ecdn h\u00e0ng \u0111\u1ea7u cho ho\u00e0n tr\u1ea3 Forex","description":"","publisher":{"@id":"https:\/\/taritali.com\/vi\/#organization"},"potentialAction":[{"@type":"SearchAction","target":{"@type":"EntryPoint","urlTemplate":"https:\/\/taritali.com\/vi\/?s={search_term_string}"},"query-input":"required name=search_term_string"}],"inLanguage":"vi"},{"@type":"Organization","@id":"https:\/\/taritali.com\/vi\/#organization","name":"TariTali - L\u1ef1a ch\u1ecdn h\u00e0ng \u0111\u1ea7u cho ho\u00e0n tr\u1ea3 Forex","url":"https:\/\/taritali.com\/vi\/","logo":{"@type":"ImageObject","inLanguage":"vi","@id":"https:\/\/taritali.com\/vi\/#\/schema\/logo\/image\/","url":"https:\/\/taritali.com\/vi\/wp-content\/uploads\/sites\/2\/2024\/01\/logo.png","contentUrl":"https:\/\/taritali.com\/vi\/wp-content\/uploads\/sites\/2\/2024\/01\/logo.png","width":215,"height":90,"caption":"TariTali - L\u1ef1a ch\u1ecdn h\u00e0ng \u0111\u1ea7u cho ho\u00e0n tr\u1ea3 Forex"},"image":{"@id":"https:\/\/taritali.com\/vi\/#\/schema\/logo\/image\/"}}]}},"_links":{"self":[{"href":"https:\/\/taritali.com\/vi\/wp-json\/wp\/v2\/pages\/33341"}],"collection":[{"href":"https:\/\/taritali.com\/vi\/wp-json\/wp\/v2\/pages"}],"about":[{"href":"https:\/\/taritali.com\/vi\/wp-json\/wp\/v2\/types\/page"}],"author":[{"embeddable":true,"href":"https:\/\/taritali.com\/vi\/wp-json\/wp\/v2\/users\/2"}],"replies":[{"embeddable":true,"href":"https:\/\/taritali.com\/vi\/wp-json\/wp\/v2\/comments?post=33341"}],"version-history":[{"count":1,"href":"https:\/\/taritali.com\/vi\/wp-json\/wp\/v2\/pages\/33341\/revisions"}],"predecessor-version":[{"id":34758,"href":"https:\/\/taritali.com\/vi\/wp-json\/wp\/v2\/pages\/33341\/revisions\/34758"}],"up":[{"embeddable":true,"href":"https:\/\/taritali.com\/vi\/wp-json\/wp\/v2\/pages\/12126"}],"wp:featuredmedia":[{"embeddable":true,"href":"https:\/\/taritali.com\/vi\/wp-json\/"}],"wp:attachment":[{"href":"https:\/\/taritali.com\/vi\/wp-json\/wp\/v2\/media?parent=33341"}],"wp:term":[{"taxonomy":"post_tag","embeddable":true,"href":"https:\/\/taritali.com\/vi\/wp-json\/wp\/v2\/tags?post=33341"}],"curies":[{"name":"wp","href":"https:\/\/api.w.org\/{rel}","templated":true}]}}