{"id":34329,"date":"2024-10-25T18:26:56","date_gmt":"2024-10-25T09:26:56","guid":{"rendered":"https:\/\/taritali.com\/vi\/?page_id=34329"},"modified":"2024-10-31T16:08:20","modified_gmt":"2024-10-31T07:08:20","slug":"opening","status":"publish","type":"page","link":"https:\/\/taritali.com\/vi\/dlsm\/opening","title":{"rendered":"H\u01b0\u1edbng d\u1eabn \u0111\u0103ng k\u00fd t\u00e0i kho\u1ea3n m\u1edbi t\u1ea1i DLSM"},"content":{"rendered":"<p><span style=\"font-weight: 400\">D\u01b0\u1edbi \u0111\u00e2y l\u00e0 c\u00e1c b\u01b0\u1edbc \u0111\u1ec3 m\u1edf t\u00e0i kho\u1ea3n ho\u00e0n ti\u1ec1n DLSM v\u00e0 quy tr\u00ecnh \u0111\u0103ng k\u00fd t\u00e0i kho\u1ea3n. Khi m\u1edf t\u00e0i kho\u1ea3n, b\u1ea1n c\u1ea7n chu\u1ea9n b\u1ecb c\u00e1c t\u00e0i li\u1ec7u ch\u00ednh sau (ch\u1ec9 c\u1ea7n cung c\u1ea5p m\u1ed9t trong c\u00e1c lo\u1ea1i t\u01b0\u01a1ng \u1ee9ng): <\/span><b>T\u00e0i li\u1ec7u x\u00e1c minh danh t\u00ednh <\/b><span style=\"font-weight: 400\">v\u00e0<\/span><b> T\u00e0i li\u1ec7u x\u00e1c minh \u0111\u1ecba ch\u1ec9<\/b><\/p>\n<p><span style=\"font-weight: 400\">\u0110\u1ec3 qu\u00e1 tr\u00ecnh m\u1edf t\u00e0i kho\u1ea3n di\u1ec5n ra thu\u1eadn l\u1ee3i, b\u1ea1n n\u00ean chu\u1ea9n b\u1ecb s\u1eb5n c\u00e1c gi\u1ea5y t\u1edd li\u00ean quan tr\u01b0\u1edbc khi ti\u1ebfn h\u00e0nh \u0111\u0103ng k\u00fd.<\/span><\/p>\n<div class=\"su-row\"> <div class=\"su-column su-column-size-1-2 colum_center\"><div class=\"su-column-inner su-u-clearfix su-u-trim\">\n<div style=\"padding: 10px;border-radius: 10px;background: #EEE\">\n<p style=\"text-align: left\"><b>T\u00e0i li\u1ec7u x\u00e1c minh danh t\u00ednh (c\u00f2n hi\u1ec7u l\u1ef1c)<\/b><\/p>\n<ul>\n<li style=\"font-weight: 400;text-align: left\"><span style=\"font-weight: 400\">H\u1ed9 chi\u1ebfu<\/span><\/li>\n<li style=\"font-weight: 400;text-align: left\"><span style=\"font-weight: 400\">Th\u1ebb c\u0103n c\u01b0\u1edbc c\u00f4ng d\u00e2n<\/span><\/li>\n<li style=\"font-weight: 400;text-align: left\"><span style=\"font-weight: 400\">Gi\u1ea5y ph\u00e9p l\u00e1i xe<\/span><\/li>\n<\/ul>\n<\/div>\n<\/div><\/div> <div class=\"su-column su-column-size-1-2 colum_center\"><div class=\"su-column-inner su-u-clearfix su-u-trim\">\n<div style=\"padding: 10px;border-radius: 10px;background: #EEE\">\n<p style=\"text-align: left\"><b>T\u00e0i li\u1ec7u x\u00e1c minh \u0111\u1ecba ch\u1ec9<br \/>\n(\u0111\u01b0\u1ee3c ph\u00e1t h\u00e0nh trong 6 th\u00e1ng g\u1ea7n nh\u1ea5t)<\/b><\/p>\n<ul>\n<li style=\"font-weight: 400;text-align: left\"><span style=\"font-weight: 400\">H\u00f3a \u0111\u01a1n ho\u1eb7c bi\u00ean lai c\u1ee7a c\u00e1c d\u1ecbch v\u1ee5 c\u00f4ng c\u1ed9ng<br \/>\n<\/span><span style=\"font-weight: 400\"> (nh\u01b0 \u0111i\u1ec7n, n\u01b0\u1edbc, gas)<\/span><\/li>\n<li style=\"font-weight: 400;text-align: left\"><span style=\"font-weight: 400\">H\u00f3a \u0111\u01a1n ho\u1eb7c bi\u00ean lai c\u1ee7a d\u1ecbch v\u1ee5 internet,<br \/>\ntruy\u1ec1n h\u00ecnh c\u00e1p, \u0111i\u1ec7n tho\u1ea1i<\/span><\/li>\n<li style=\"font-weight: 400;text-align: left\"><span style=\"font-weight: 400\">Sao k\u00ea t\u00e0i kho\u1ea3n ng\u00e2n h\u00e0ng ho\u1eb7c sao k\u00ea th\u1ebb t\u00edn d\u1ee5ng<\/span><\/li>\n<\/ul>\n<\/div>\n<\/div><\/div> <\/div>\n<h2><b>H\u01b0\u1edbng d\u1eabn \u0111\u0103ng k\u00fd t\u00e0i kho\u1ea3n ho\u00e0n tr\u1ea3<\/b><\/h2>\n<p><span style=\"font-weight: 400\">Vui l\u00f2ng nh\u1ea5p v\u00e0o li\u00ean k\u1ebft b\u00ean d\u01b0\u1edbi t\u01b0\u01a1ng \u1ee9ng v\u1edbi lo\u1ea1i t\u00e0i kho\u1ea3n DLSM m\u00e0 b\u1ea1n mu\u1ed1n m\u1edf.<\/span><\/p>\n<p>&nbsp;<\/p>\n<div class=\"su-row\"> <div class=\"su-column su-column-size-1-2 colum_center\"><div class=\"su-column-inner su-u-clearfix su-u-trim\"><a class=\"maxbutton-5 maxbutton maxbutton-xme381aee696b0e8a68fe58fa3e5baa7e9968be8a8ad\" target=\"_blank\" rel=\"noopener\" href=\"https:\/\/portal.dlsm.com\/register?node=MjU5OQ==&#038;language=en\"><span class='mb-text'>M\u1edf t\u00e0i kho\u1ea3n Standard<\/span><\/a> <\/div><\/div><div class=\"su-column su-column-size-1-2 colum_center\"><div class=\"su-column-inner su-u-clearfix su-u-trim\"><a class=\"maxbutton-5 maxbutton maxbutton-xme381aee696b0e8a68fe58fa3e5baa7e9968be8a8ad\" target=\"_blank\" rel=\"noopener\" href=\"https:\/\/portal.dlsm.com\/register?node=MjU5OA==&#038;language=en\"><span class='mb-text'>M\u1edf t\u00e0i kho\u1ea3n ECN<\/span><\/a> <\/div><\/div> <\/div>\n<h3><b>Nh\u1eadp th\u00f4ng tin c\u00e1 nh\u00e2n<\/b><\/h3>\n<p><span style=\"font-weight: 400\">\u0110i\u1ec1n: H\u1ecd t\u00ean, Email, Qu\u1ed1c gia, S\u1ed1 \u0111i\u1ec7n tho\u1ea1i v\u00e0 thi\u1ebft l\u1eadp m\u1eadt kh\u1ea9u.<\/span><\/p>\n<p><img fetchpriority=\"high\" decoding=\"async\" class=\"aligncenter wp-image-34223 size-full\" src=\"https:\/\/taritali.com\/zh-tw\/wp-content\/uploads\/sites\/6\/2024\/10\/4388445369c48712af4c7a744a9ad50d.jpg\" alt=\"\" width=\"1913\" height=\"864\" \/><\/p>\n<p>&nbsp;<\/p>\n<p><span style=\"font-weight: 400\">Ti\u1ebfp theo, \u0111i\u1ec1n ng\u00e0y, th\u00e1ng, n\u0103m sinh v\u00e0 \u0111\u1ecba ch\u1ec9 (l\u01b0u \u00fd: \u0111\u1ecba ch\u1ec9 n\u00e0y ph\u1ea3i kh\u1edbp v\u1edbi \u0111\u1ecba ch\u1ec9 tr\u00ean t\u00e0i li\u1ec7u x\u00e1c minh).<\/span><\/p>\n<p><img decoding=\"async\" class=\"aligncenter wp-image-34224 size-full\" src=\"https:\/\/taritali.com\/zh-tw\/wp-content\/uploads\/sites\/6\/2024\/10\/21b2de8ab48707ae139c0f538292f0e0.jpg\" alt=\"\" width=\"1916\" height=\"859\" \/><\/p>\n<p>&nbsp;<\/p>\n<h3><b>Thi\u1ebft l\u1eadp t\u00e0i kho\u1ea3n<\/b><\/h3>\n<p><span style=\"font-weight: 400\">Ch\u1ecdn lo\u1ea1i t\u00e0i kho\u1ea3n, lo\u1ea1i ti\u1ec1n t\u1ec7 c\u01a1 b\u1ea3n v\u00e0 \u0111\u00f2n b\u1ea9y ph\u00f9 h\u1ee3p v\u1edbi nhu c\u1ea7u c\u1ee7a b\u1ea1n. Sau \u0111\u00f3, thi\u1ebft l\u1eadp m\u1eadt kh\u1ea9u giao d\u1ecbch (l\u01b0u \u00fd: lo\u1ea1i t\u00e0i kho\u1ea3n ph\u1ea3i t\u01b0\u01a1ng \u1ee9ng v\u1edbi li\u00ean k\u1ebft \u0111\u00e3 ch\u1ecdn).<\/span><\/p>\n<p><span style=\"font-weight: 400\">\u0110\u00e1nh d\u1ea5u v\u00e0o \u00f4 \u0111\u1ed3ng \u00fd v\u1edbi c\u00e1c \u0111i\u1ec1u kho\u1ea3n c\u1ee7a DLSM. N\u1ebfu b\u1ea1n kh\u00f4ng mu\u1ed1n nh\u1eadn th\u00f4ng tin t\u00e0i ch\u00ednh v\u00e0 khuy\u1ebfn m\u00e3i t\u1eeb DLSM, vui l\u00f2ng b\u1ecf ch\u1ecdn \u00f4 th\u1ee9 hai.<\/span><\/p>\n<p><img decoding=\"async\" class=\"aligncenter wp-image-34225 size-full\" src=\"https:\/\/taritali.com\/zh-tw\/wp-content\/uploads\/sites\/6\/2024\/10\/470b66ce0d03f565fdefb229605a9732.jpg\" alt=\"\" width=\"1919\" height=\"864\" \/><\/p>\n<p>&nbsp;<\/p>\n<h3><b>T\u1ea3i l\u00ean t\u00e0i li\u1ec7u c\u1ea7n thi\u1ebft<\/b><\/h3>\n<p><span style=\"font-weight: 400\">Th\u1ef1c hi\u1ec7n theo h\u01b0\u1edbng d\u1eabn tr\u00ean m\u00e0n h\u00ecnh \u0111\u1ec3 t\u1ea3i l\u00ean t\u00e0i li\u1ec7u x\u00e1c minh danh t\u00ednh v\u00e0 t\u00e0i li\u1ec7u x\u00e1c minh \u0111\u1ecba ch\u1ec9 v\u00e0o \u0111\u00fang v\u1ecb tr\u00ed y\u00eau c\u1ea7u.<\/span><\/p>\n<p><img loading=\"lazy\" decoding=\"async\" class=\"aligncenter wp-image-34226 size-full\" src=\"https:\/\/taritali.com\/zh-tw\/wp-content\/uploads\/sites\/6\/2024\/10\/d36b2ee1497f985f53159b2c22c1556b.jpg\" alt=\"\" width=\"1915\" height=\"846\" \/><\/p>\n<p><span style=\"font-weight: 400\">Sau khi ho\u00e0n th\u00e0nh c\u00e1c b\u01b0\u1edbc tr\u00ean, qu\u00e1 tr\u00ecnh \u0111\u0103ng k\u00fd t\u00e0i kho\u1ea3n c\u1ee7a b\u1ea1n s\u1ebd \u0111\u01b0\u1ee3c ho\u00e0n t\u1ea5t.<\/span><\/p>\n<p><span style=\"font-weight: 400\">DLSM s\u1ebd g\u1eedi th\u00f4ng b\u00e1o x\u00e1c nh\u1eadn m\u1edf t\u00e0i kho\u1ea3n th\u00e0nh c\u00f4ng qua email sau khi ho\u00e0n t\u1ea5t vi\u1ec7c x\u00e9t duy\u1ec7t th\u00f4ng tin c\u00e1 nh\u00e2n. Vui l\u00f2ng ki\u1ec3m tra email th\u01b0\u1eddng xuy\u00ean \u0111\u1ec3 nh\u1eadn th\u00f4ng tin k\u1ecbp th\u1eddi.<\/span><\/p>\n<p>&nbsp;<\/p>\n<h2><b>H\u01b0\u1edbng d\u1eabn \u0111\u0103ng k\u00fd t\u00e0i kho\u1ea3n TariTali<\/b><\/h2>\n<p><span style=\"font-weight: 400\">Sau khi ho\u00e0n t\u1ea5t b\u01b0\u1edbc n\u1ed9p \u0111\u01a1n \u0111\u0103ng k\u00fd, vui l\u00f2ng ti\u1ebfp t\u1ee5c \u0111\u0103ng k\u00fd t\u00e0i kho\u1ea3n tr\u00ean h\u1ec7 th\u1ed1ng c\u1ee7a <\/span><b>TariTali<\/b><span style=\"font-weight: 400\">.<\/span><\/p>\n<p><span style=\"font-weight: 400\">Nh\u1ea5p v\u00e0o <\/span><b>n\u00fat li\u00ean k\u1ebft<\/b><span style=\"font-weight: 400\"> d\u01b0\u1edbi \u0111\u00e2y \u0111\u1ec3 m\u1edf trang \u0111\u0103ng k\u00fd t\u00e0i kho\u1ea3n.<\/span><\/p>\n<p>&nbsp;<\/p>\n<div class=\"su-row\"> <div class=\"su-column su-column-size-1-1 colum_center\"><div class=\"su-column-inner su-u-clearfix su-u-trim\"><a class=\"maxbutton-20 maxbutton maxbutton-fxbeyonde382bce383ade382b9e38397e383ace38383e38389-usd-e58fa3e5baa7\" target=\"_blank\" rel=\"noopener\" href=\"https:\/\/taritali.com\/client\/reg.php?lang=vi\"><span class='mb-text'>\u0110\u0103ng k\u00fd t\u00e0i kho\u1ea3n TariTali<\/span><\/a> <\/div><\/div> <\/div>\n<p>&nbsp;<\/p>\n<p><span style=\"font-weight: 400\">Tr\u00ean m\u00e0n h\u00ecnh \u0111\u0103ng k\u00fd, \u0111i\u1ec1n c\u00e1c th\u00f4ng tin g\u1ed3m: H\u1ecd t\u00ean, \u0110\u1ecba ch\u1ec9 email, M\u1eadt kh\u1ea9u, v\u00e0 X\u00e1c nh\u1eadn m\u1eadt kh\u1ea9u.<\/span><\/p>\n<p><span style=\"font-weight: 400\">Sau \u0111\u00f3, b\u1ea5m \u201cX\u00e1c nh\u1eadn\u201d.<\/span><\/p>\n<p><img loading=\"lazy\" decoding=\"async\" class=\"aligncenter wp-image-25039\" src=\"https:\/\/taritali.com\/zh-tw\/wp-content\/uploads\/2022\/07\/taritali1.png\" alt=\"taritali1\" width=\"800\" height=\"481\" \/><\/p>\n<p>&nbsp;<\/p>\n<p><span style=\"font-weight: 400\">Sau khi \u0111\u0103ng k\u00fd, h\u1ec7 th\u1ed1ng s\u1ebd g\u1eedi m\u1ed9t <\/span><b>email x\u00e1c nh\u1eadn<\/b><span style=\"font-weight: 400\"> \u0111\u1ebfn \u0111\u1ecba ch\u1ec9 email b\u1ea1n \u0111\u00e3 cung c\u1ea5p.<\/span><\/p>\n<p><span style=\"font-weight: 400\">Nh\u1ea5p v\u00e0o <\/span><b>URL trong email<\/b><span style=\"font-weight: 400\"> \u0111\u1ec3 ho\u00e0n t\u1ea5t qu\u00e1 tr\u00ecnh \u0111\u0103ng k\u00fd t\u00e0i kho\u1ea3n.<\/span><\/p>\n<p><span style=\"font-weight: 400\">\u0110\u0103ng nh\u1eadp v\u00e0o <\/span><a href=\"https:\/\/taritali.com\/client\/?lang=vi\"><span style=\"font-weight: 400\">trang th\u00e0nh vi\u00ean<\/span><\/a><span style=\"font-weight: 400\"> c\u1ee7a b\u1ea1n v\u00e0 nh\u1eadp s\u1ed1 t\u00e0i kho\u1ea3n \u0111\u00e3 m\u1edf.<\/span><\/p>\n<p><span style=\"font-weight: 400\">Sau khi \u0111\u0103ng nh\u1eadp, m\u00e0n h\u00ecnh s\u1ebd hi\u1ec3n th\u1ecb n\u1ed9i dung sau, h\u00e3y ch\u1ecdn \u201cNh\u1ea5p v\u00e0o \u0111\u00e2y n\u1ebfu \u0111\u00e3 c\u00f3 t\u00e0i kho\u1ea3n ho\u00e0n tr\u1ea3\u201d.<\/span><\/p>\n<p><span style=\"font-weight: 400\">N\u1ebfu kh\u00f4ng th\u1ea5y n\u1ed9i dung \u0111\u00f3, h\u00e3y nh\u1ea5p v\u00e0o \u201cQu\u1ea3n l\u00fd t\u00e0i kho\u1ea3n\u201d.<\/span><\/p>\n<p><img loading=\"lazy\" decoding=\"async\" class=\"lazyloaded aligncenter wp-image-11885\" src=\"https:\/\/taritali.com\/zh-tw\/wp-content\/uploads\/2020\/10\/e7821c3c9242bcfd8e78a6f64206238b.png.webp\" alt=\"\" width=\"800\" height=\"433\" data-src=\"https:\/\/taritali.com\/zh-tw\/wp-content\/uploads\/2020\/10\/e7821c3c9242bcfd8e78a6f64206238b.png.webp\" data-srcset=\"https:\/\/taritali.com\/zh-tw\/wp-content\/uploads\/2020\/10\/e7821c3c9242bcfd8e78a6f64206238b.png.webp 1024w, https:\/\/taritali.com\/zh-tw\/wp-content\/uploads\/2020\/10\/e7821c3c9242bcfd8e78a6f64206238b-300x162.png.webp 300w, https:\/\/taritali.com\/zh-tw\/wp-content\/uploads\/2020\/10\/e7821c3c9242bcfd8e78a6f64206238b-768x416.png.webp 768w\" data-sizes=\"(max-width: 1024px) 100vw, 1024px\" data-src-webp=\"https:\/\/taritali.com\/zh-tw\/wp-content\/uploads\/2020\/10\/e7821c3c9242bcfd8e78a6f64206238b.png.webp\" data-srcset-webp=\"https:\/\/taritali.com\/zh-tw\/wp-content\/uploads\/2020\/10\/e7821c3c9242bcfd8e78a6f64206238b.png.webp 1024w, https:\/\/taritali.com\/zh-tw\/wp-content\/uploads\/2020\/10\/e7821c3c9242bcfd8e78a6f64206238b-300x162.png.webp 300w, https:\/\/taritali.com\/zh-tw\/wp-content\/uploads\/2020\/10\/e7821c3c9242bcfd8e78a6f64206238b-768x416.png.webp 768w\" \/><\/p>\n<p>&nbsp;<\/p>\n<p><span style=\"font-weight: 400\">M\u00e0n h\u00ecnh \u0111\u0103ng k\u00fd t\u00e0i kho\u1ea3n s\u1ebd hi\u1ec3n th\u1ecb.\u00a0<\/span><\/p>\n<p><span style=\"font-weight: 400\">Trong ph\u1ea7n \u201cBroker\u201d, ch\u1ecdn \u201cDLSM\u201d, sau \u0111\u00f3 nh\u1eadp s\u1ed1 t\u00e0i kho\u1ea3n DLSM \u0111\u00e3 m\u1edf v\u00e0o \u00f4 \u201cS\u1ed1 t\u00e0i kho\u1ea3n giao d\u1ecbch\u201d, v\u00e0 cu\u1ed1i c\u00f9ng nh\u1ea5p v\u00e0o \u201c\u0110\u0103ng k\u00fd\u201d.<\/span><\/p>\n<p><img loading=\"lazy\" decoding=\"async\" class=\"aligncenter wp-image-31943\" src=\"https:\/\/taritali.com\/zh-tw\/wp-content\/uploads\/2023\/08\/1.png\" alt=\"\" width=\"800\" height=\"218\" \/><\/p>\n<p>&nbsp;<\/p>\n<p><span style=\"font-weight: 400\">N\u1ebfu th\u00f4ng tin \u0111\u00e3 nh\u1eadp ch\u00ednh x\u00e1c, b\u1ea1n s\u1ebd nh\u1eadn \u0111\u01b0\u1ee3c email th\u00f4ng b\u00e1o \u0111\u0103ng k\u00fd th\u00e0nh c\u00f4ng; n\u1ebfu c\u00f3 b\u1ea5t k\u1ef3 v\u1ea5n \u0111\u1ec1 n\u00e0o, b\u1ea1n s\u1ebd nh\u1eadn \u0111\u01b0\u1ee3c email th\u00f4ng b\u00e1o \u0111\u0103ng k\u00fd th\u1ea5t b\u1ea1i. Vui l\u00f2ng l\u00e0m theo h\u01b0\u1edbng d\u1eabn trong email \u0111\u1ec3 m\u1edf th\u00eam t\u00e0i kho\u1ea3n m\u1edbi n\u1ebfu c\u1ea7n.<\/span><\/p>\n<p><span style=\"font-weight: 400\">Tr\u00ean \u0111\u00e2y l\u00e0 to\u00e0n b\u1ed9 h\u01b0\u1edbng d\u1eabn v\u1ec1 \u0111\u0103ng k\u00fd t\u00e0i kho\u1ea3n ho\u00e0n tr\u1ea3 DLSM v\u00e0 h\u01b0\u1edbng d\u1eabn \u0111\u0103ng k\u00fd t\u00e0i kho\u1ea3n c\u1ee7a TariTali.<\/span><\/p>\n","protected":false},"excerpt":{"rendered":"<p>D\u01b0\u1edbi \u0111\u00e2y l\u00e0 c\u00e1c b\u01b0\u1edbc \u0111\u1ec3 m\u1edf t\u00e0i kho\u1ea3n ho\u00e0n ti\u1ec1n DLSM v\u00e0 quy tr\u00ecnh \u0111\u0103ng k\u00fd t\u00e0i kho\u1ea3n. Khi m\u1edf t\u00e0i kho\u1ea3n, b\u1ea1n c\u1ea7n chu\u1ea9n b\u1ecb c\u00e1c t\u00e0i li\u1ec7u ch\u00ednh sau (ch\u1ec9 c\u1ea7n cung c\u1ea5p m\u1ed9t trong c\u00e1c lo\u1ea1i t\u01b0\u01a1ng \u1ee9ng): T\u00e0i li\u1ec7u x\u00e1c minh danh t\u00ednh v\u00e0 T\u00e0i li\u1ec7u x\u00e1c minh \u0111\u1ecba ch\u1ec9 \u0110\u1ec3 qu\u00e1 tr\u00ecnh m\u1edf t\u00e0i kho\u1ea3n di\u1ec5n ra thu\u1eadn l\u1ee3i, b\u1ea1n n\u00ean chu\u1ea9n b\u1ecb s\u1eb5n c\u00e1c gi\u1ea5y t\u1edd li\u00ean quan tr\u01b0\u1edbc khi ti\u1ebfn h\u00e0nh \u0111\u0103ng k\u00fd. H\u01b0\u1edbng d\u1eabn \u0111\u0103ng k\u00fd t\u00e0i kho\u1ea3n ho\u00e0n tr\u1ea3 Vui l\u00f2ng nh\u1ea5p v\u00e0o li\u00ean k\u1ebft b\u00ean d\u01b0\u1edbi t\u01b0\u01a1ng \u1ee9ng v\u1edbi lo\u1ea1i t\u00e0i kho\u1ea3n DLSM m\u00e0 b\u1ea1n mu\u1ed1n m\u1edf. &nbsp; Nh\u1eadp&#8230;<\/p>\n","protected":false},"author":10,"featured_media":34223,"parent":34258,"menu_order":0,"comment_status":"closed","ping_status":"closed","template":"","meta":{"footnotes":""},"tags":[],"yoast_head":"<!-- This site is optimized with the Yoast SEO plugin v23.1 - https:\/\/yoast.com\/wordpress\/plugins\/seo\/ -->\n<title>H\u01b0\u1edbng d\u1eabn \u0111\u0103ng k\u00fd t\u00e0i kho\u1ea3n m\u1edbi t\u1ea1i DLSM - TariTali - L\u1ef1a ch\u1ecdn h\u00e0ng \u0111\u1ea7u cho ho\u00e0n tr\u1ea3 Forex<\/title>\n<meta name=\"robots\" content=\"index, follow, max-snippet:-1, max-image-preview:large, max-video-preview:-1\" \/>\n<link rel=\"canonical\" href=\"https:\/\/taritali.com\/vi\/dlsm\/opening\" \/>\n<meta property=\"og:locale\" content=\"vi_VN\" \/>\n<meta property=\"og:type\" content=\"article\" \/>\n<meta property=\"og:title\" content=\"H\u01b0\u1edbng d\u1eabn \u0111\u0103ng k\u00fd t\u00e0i kho\u1ea3n m\u1edbi t\u1ea1i DLSM - TariTali - L\u1ef1a ch\u1ecdn h\u00e0ng \u0111\u1ea7u cho ho\u00e0n tr\u1ea3 Forex\" \/>\n<meta property=\"og:description\" content=\"D\u01b0\u1edbi \u0111\u00e2y l\u00e0 c\u00e1c b\u01b0\u1edbc \u0111\u1ec3 m\u1edf t\u00e0i kho\u1ea3n ho\u00e0n ti\u1ec1n DLSM v\u00e0 quy tr\u00ecnh \u0111\u0103ng k\u00fd t\u00e0i kho\u1ea3n. Khi m\u1edf t\u00e0i kho\u1ea3n, b\u1ea1n c\u1ea7n chu\u1ea9n b\u1ecb c\u00e1c t\u00e0i li\u1ec7u ch\u00ednh sau (ch\u1ec9 c\u1ea7n cung c\u1ea5p m\u1ed9t trong c\u00e1c lo\u1ea1i t\u01b0\u01a1ng \u1ee9ng): T\u00e0i li\u1ec7u x\u00e1c minh danh t\u00ednh v\u00e0 T\u00e0i li\u1ec7u x\u00e1c minh \u0111\u1ecba ch\u1ec9 \u0110\u1ec3 qu\u00e1 tr\u00ecnh m\u1edf t\u00e0i kho\u1ea3n di\u1ec5n ra thu\u1eadn l\u1ee3i, b\u1ea1n n\u00ean chu\u1ea9n b\u1ecb s\u1eb5n c\u00e1c gi\u1ea5y t\u1edd li\u00ean quan tr\u01b0\u1edbc khi ti\u1ebfn h\u00e0nh \u0111\u0103ng k\u00fd. H\u01b0\u1edbng d\u1eabn \u0111\u0103ng k\u00fd t\u00e0i kho\u1ea3n ho\u00e0n tr\u1ea3 Vui l\u00f2ng nh\u1ea5p v\u00e0o li\u00ean k\u1ebft b\u00ean d\u01b0\u1edbi t\u01b0\u01a1ng \u1ee9ng v\u1edbi lo\u1ea1i t\u00e0i kho\u1ea3n DLSM m\u00e0 b\u1ea1n mu\u1ed1n m\u1edf. &nbsp; Nh\u1eadp...\" \/>\n<meta property=\"og:url\" content=\"https:\/\/taritali.com\/vi\/dlsm\/opening\" \/>\n<meta property=\"og:site_name\" content=\"TariTali - L\u1ef1a ch\u1ecdn h\u00e0ng \u0111\u1ea7u cho ho\u00e0n tr\u1ea3 Forex\" \/>\n<meta property=\"article:modified_time\" content=\"2024-10-31T07:08:20+00:00\" \/>\n<meta name=\"twitter:card\" content=\"summary_large_image\" \/>\n<meta name=\"twitter:label1\" content=\"\u01af\u1edbc t\u00ednh th\u1eddi gian \u0111\u1ecdc\" \/>\n\t<meta name=\"twitter:data1\" content=\"10 ph\u00fat\" \/>\n<script type=\"application\/ld+json\" class=\"yoast-schema-graph\">{\"@context\":\"https:\/\/schema.org\",\"@graph\":[{\"@type\":\"WebPage\",\"@id\":\"https:\/\/taritali.com\/vi\/dlsm\/opening\",\"url\":\"https:\/\/taritali.com\/vi\/dlsm\/opening\",\"name\":\"H\u01b0\u1edbng d\u1eabn \u0111\u0103ng k\u00fd t\u00e0i kho\u1ea3n m\u1edbi t\u1ea1i DLSM - TariTali - L\u1ef1a ch\u1ecdn h\u00e0ng \u0111\u1ea7u cho ho\u00e0n tr\u1ea3 Forex\",\"isPartOf\":{\"@id\":\"https:\/\/taritali.com\/vi\/#website\"},\"primaryImageOfPage\":{\"@id\":\"https:\/\/taritali.com\/vi\/dlsm\/opening#primaryimage\"},\"image\":{\"@id\":\"https:\/\/taritali.com\/vi\/dlsm\/opening#primaryimage\"},\"thumbnailUrl\":\"\",\"datePublished\":\"2024-10-25T09:26:56+00:00\",\"dateModified\":\"2024-10-31T07:08:20+00:00\",\"breadcrumb\":{\"@id\":\"https:\/\/taritali.com\/vi\/dlsm\/opening#breadcrumb\"},\"inLanguage\":\"vi\",\"potentialAction\":[{\"@type\":\"ReadAction\",\"target\":[\"https:\/\/taritali.com\/vi\/dlsm\/opening\"]}]},{\"@type\":\"ImageObject\",\"inLanguage\":\"vi\",\"@id\":\"https:\/\/taritali.com\/vi\/dlsm\/opening#primaryimage\",\"url\":\"\",\"contentUrl\":\"\"},{\"@type\":\"BreadcrumbList\",\"@id\":\"https:\/\/taritali.com\/vi\/dlsm\/opening#breadcrumb\",\"itemListElement\":[{\"@type\":\"ListItem\",\"position\":1,\"name\":\"Trang ch\u1ee7\",\"item\":\"https:\/\/taritali.com\/vi\/\"},{\"@type\":\"ListItem\",\"position\":2,\"name\":\"\u0110\u0103ng k\u00fd t\u00e0i kho\u1ea3n ho\u00e0n tr\u1ea3 DLSM\",\"item\":\"https:\/\/taritali.com\/vi\/dlsm\"},{\"@type\":\"ListItem\",\"position\":3,\"name\":\"H\u01b0\u1edbng d\u1eabn \u0111\u0103ng k\u00fd t\u00e0i kho\u1ea3n m\u1edbi t\u1ea1i DLSM\"}]},{\"@type\":\"WebSite\",\"@id\":\"https:\/\/taritali.com\/vi\/#website\",\"url\":\"https:\/\/taritali.com\/vi\/\",\"name\":\"TariTali - L\u1ef1a ch\u1ecdn h\u00e0ng \u0111\u1ea7u cho ho\u00e0n tr\u1ea3 Forex\",\"description\":\"\",\"publisher\":{\"@id\":\"https:\/\/taritali.com\/vi\/#organization\"},\"potentialAction\":[{\"@type\":\"SearchAction\",\"target\":{\"@type\":\"EntryPoint\",\"urlTemplate\":\"https:\/\/taritali.com\/vi\/?s={search_term_string}\"},\"query-input\":\"required name=search_term_string\"}],\"inLanguage\":\"vi\"},{\"@type\":\"Organization\",\"@id\":\"https:\/\/taritali.com\/vi\/#organization\",\"name\":\"TariTali - L\u1ef1a ch\u1ecdn h\u00e0ng \u0111\u1ea7u cho ho\u00e0n tr\u1ea3 Forex\",\"url\":\"https:\/\/taritali.com\/vi\/\",\"logo\":{\"@type\":\"ImageObject\",\"inLanguage\":\"vi\",\"@id\":\"https:\/\/taritali.com\/vi\/#\/schema\/logo\/image\/\",\"url\":\"https:\/\/taritali.com\/vi\/wp-content\/uploads\/sites\/2\/2024\/01\/logo.png\",\"contentUrl\":\"https:\/\/taritali.com\/vi\/wp-content\/uploads\/sites\/2\/2024\/01\/logo.png\",\"width\":215,\"height\":90,\"caption\":\"TariTali - L\u1ef1a ch\u1ecdn h\u00e0ng \u0111\u1ea7u cho ho\u00e0n tr\u1ea3 Forex\"},\"image\":{\"@id\":\"https:\/\/taritali.com\/vi\/#\/schema\/logo\/image\/\"}}]}<\/script>\n<!-- \/ Yoast SEO plugin. -->","yoast_head_json":{"title":"H\u01b0\u1edbng d\u1eabn \u0111\u0103ng k\u00fd t\u00e0i kho\u1ea3n m\u1edbi t\u1ea1i DLSM - TariTali - L\u1ef1a ch\u1ecdn h\u00e0ng \u0111\u1ea7u cho ho\u00e0n tr\u1ea3 Forex","robots":{"index":"index","follow":"follow","max-snippet":"max-snippet:-1","max-image-preview":"max-image-preview:large","max-video-preview":"max-video-preview:-1"},"canonical":"https:\/\/taritali.com\/vi\/dlsm\/opening","og_locale":"vi_VN","og_type":"article","og_title":"H\u01b0\u1edbng d\u1eabn \u0111\u0103ng k\u00fd t\u00e0i kho\u1ea3n m\u1edbi t\u1ea1i DLSM - TariTali - L\u1ef1a ch\u1ecdn h\u00e0ng \u0111\u1ea7u cho ho\u00e0n tr\u1ea3 Forex","og_description":"D\u01b0\u1edbi \u0111\u00e2y l\u00e0 c\u00e1c b\u01b0\u1edbc \u0111\u1ec3 m\u1edf t\u00e0i kho\u1ea3n ho\u00e0n ti\u1ec1n DLSM v\u00e0 quy tr\u00ecnh \u0111\u0103ng k\u00fd t\u00e0i kho\u1ea3n. Khi m\u1edf t\u00e0i kho\u1ea3n, b\u1ea1n c\u1ea7n chu\u1ea9n b\u1ecb c\u00e1c t\u00e0i li\u1ec7u ch\u00ednh sau (ch\u1ec9 c\u1ea7n cung c\u1ea5p m\u1ed9t trong c\u00e1c lo\u1ea1i t\u01b0\u01a1ng \u1ee9ng): T\u00e0i li\u1ec7u x\u00e1c minh danh t\u00ednh v\u00e0 T\u00e0i li\u1ec7u x\u00e1c minh \u0111\u1ecba ch\u1ec9 \u0110\u1ec3 qu\u00e1 tr\u00ecnh m\u1edf t\u00e0i kho\u1ea3n di\u1ec5n ra thu\u1eadn l\u1ee3i, b\u1ea1n n\u00ean chu\u1ea9n b\u1ecb s\u1eb5n c\u00e1c gi\u1ea5y t\u1edd li\u00ean quan tr\u01b0\u1edbc khi ti\u1ebfn h\u00e0nh \u0111\u0103ng k\u00fd. H\u01b0\u1edbng d\u1eabn \u0111\u0103ng k\u00fd t\u00e0i kho\u1ea3n ho\u00e0n tr\u1ea3 Vui l\u00f2ng nh\u1ea5p v\u00e0o li\u00ean k\u1ebft b\u00ean d\u01b0\u1edbi t\u01b0\u01a1ng \u1ee9ng v\u1edbi lo\u1ea1i t\u00e0i kho\u1ea3n DLSM m\u00e0 b\u1ea1n mu\u1ed1n m\u1edf. &nbsp; Nh\u1eadp...","og_url":"https:\/\/taritali.com\/vi\/dlsm\/opening","og_site_name":"TariTali - L\u1ef1a ch\u1ecdn h\u00e0ng \u0111\u1ea7u cho ho\u00e0n tr\u1ea3 Forex","article_modified_time":"2024-10-31T07:08:20+00:00","twitter_card":"summary_large_image","twitter_misc":{"\u01af\u1edbc t\u00ednh th\u1eddi gian \u0111\u1ecdc":"10 ph\u00fat"},"schema":{"@context":"https:\/\/schema.org","@graph":[{"@type":"WebPage","@id":"https:\/\/taritali.com\/vi\/dlsm\/opening","url":"https:\/\/taritali.com\/vi\/dlsm\/opening","name":"H\u01b0\u1edbng d\u1eabn \u0111\u0103ng k\u00fd t\u00e0i kho\u1ea3n m\u1edbi t\u1ea1i DLSM - TariTali - L\u1ef1a ch\u1ecdn h\u00e0ng \u0111\u1ea7u cho ho\u00e0n tr\u1ea3 Forex","isPartOf":{"@id":"https:\/\/taritali.com\/vi\/#website"},"primaryImageOfPage":{"@id":"https:\/\/taritali.com\/vi\/dlsm\/opening#primaryimage"},"image":{"@id":"https:\/\/taritali.com\/vi\/dlsm\/opening#primaryimage"},"thumbnailUrl":"","datePublished":"2024-10-25T09:26:56+00:00","dateModified":"2024-10-31T07:08:20+00:00","breadcrumb":{"@id":"https:\/\/taritali.com\/vi\/dlsm\/opening#breadcrumb"},"inLanguage":"vi","potentialAction":[{"@type":"ReadAction","target":["https:\/\/taritali.com\/vi\/dlsm\/opening"]}]},{"@type":"ImageObject","inLanguage":"vi","@id":"https:\/\/taritali.com\/vi\/dlsm\/opening#primaryimage","url":"","contentUrl":""},{"@type":"BreadcrumbList","@id":"https:\/\/taritali.com\/vi\/dlsm\/opening#breadcrumb","itemListElement":[{"@type":"ListItem","position":1,"name":"Trang ch\u1ee7","item":"https:\/\/taritali.com\/vi\/"},{"@type":"ListItem","position":2,"name":"\u0110\u0103ng k\u00fd t\u00e0i kho\u1ea3n ho\u00e0n tr\u1ea3 DLSM","item":"https:\/\/taritali.com\/vi\/dlsm"},{"@type":"ListItem","position":3,"name":"H\u01b0\u1edbng d\u1eabn \u0111\u0103ng k\u00fd t\u00e0i kho\u1ea3n m\u1edbi t\u1ea1i DLSM"}]},{"@type":"WebSite","@id":"https:\/\/taritali.com\/vi\/#website","url":"https:\/\/taritali.com\/vi\/","name":"TariTali - L\u1ef1a ch\u1ecdn h\u00e0ng \u0111\u1ea7u cho ho\u00e0n tr\u1ea3 Forex","description":"","publisher":{"@id":"https:\/\/taritali.com\/vi\/#organization"},"potentialAction":[{"@type":"SearchAction","target":{"@type":"EntryPoint","urlTemplate":"https:\/\/taritali.com\/vi\/?s={search_term_string}"},"query-input":"required name=search_term_string"}],"inLanguage":"vi"},{"@type":"Organization","@id":"https:\/\/taritali.com\/vi\/#organization","name":"TariTali - L\u1ef1a ch\u1ecdn h\u00e0ng \u0111\u1ea7u cho ho\u00e0n tr\u1ea3 Forex","url":"https:\/\/taritali.com\/vi\/","logo":{"@type":"ImageObject","inLanguage":"vi","@id":"https:\/\/taritali.com\/vi\/#\/schema\/logo\/image\/","url":"https:\/\/taritali.com\/vi\/wp-content\/uploads\/sites\/2\/2024\/01\/logo.png","contentUrl":"https:\/\/taritali.com\/vi\/wp-content\/uploads\/sites\/2\/2024\/01\/logo.png","width":215,"height":90,"caption":"TariTali - L\u1ef1a ch\u1ecdn h\u00e0ng \u0111\u1ea7u cho ho\u00e0n tr\u1ea3 Forex"},"image":{"@id":"https:\/\/taritali.com\/vi\/#\/schema\/logo\/image\/"}}]}},"_links":{"self":[{"href":"https:\/\/taritali.com\/vi\/wp-json\/wp\/v2\/pages\/34329"}],"collection":[{"href":"https:\/\/taritali.com\/vi\/wp-json\/wp\/v2\/pages"}],"about":[{"href":"https:\/\/taritali.com\/vi\/wp-json\/wp\/v2\/types\/page"}],"author":[{"embeddable":true,"href":"https:\/\/taritali.com\/vi\/wp-json\/wp\/v2\/users\/10"}],"replies":[{"embeddable":true,"href":"https:\/\/taritali.com\/vi\/wp-json\/wp\/v2\/comments?post=34329"}],"version-history":[{"count":8,"href":"https:\/\/taritali.com\/vi\/wp-json\/wp\/v2\/pages\/34329\/revisions"}],"predecessor-version":[{"id":34359,"href":"https:\/\/taritali.com\/vi\/wp-json\/wp\/v2\/pages\/34329\/revisions\/34359"}],"up":[{"embeddable":true,"href":"https:\/\/taritali.com\/vi\/wp-json\/wp\/v2\/pages\/34258"}],"wp:featuredmedia":[{"embeddable":true,"href":"https:\/\/taritali.com\/vi\/wp-json\/"}],"wp:attachment":[{"href":"https:\/\/taritali.com\/vi\/wp-json\/wp\/v2\/media?parent=34329"}],"wp:term":[{"taxonomy":"post_tag","embeddable":true,"href":"https:\/\/taritali.com\/vi\/wp-json\/wp\/v2\/tags?post=34329"}],"curies":[{"name":"wp","href":"https:\/\/api.w.org\/{rel}","templated":true}]}}