{"id":443,"date":"2016-01-22T12:29:06","date_gmt":"2016-01-22T03:29:06","guid":{"rendered":"http:\/\/taritali.com\/?page_id=443"},"modified":"2024-12-05T07:30:34","modified_gmt":"2024-12-04T23:30:34","slug":"affiliate","status":"publish","type":"page","link":"https:\/\/taritali.com\/vi\/usermanual\/affiliate","title":{"rendered":"Tuy\u1ec3n d\u1ee5ng C\u1ed9ng t\u00e1c vi\u00ean"},"content":{"rendered":"<p><span style=\"font-weight: 400\">TariTali \u0111ang tuy\u1ec3n d\u1ee5ng c\u1ed9ng t\u00e1c vi\u00ean \u0111\u1ec3 qu\u1ea3ng b\u00e1 d\u1ecbch v\u1ee5 c\u1ee7a ch\u00fang t\u00f4i. D\u00f9 b\u1ea1n l\u00e0 qu\u1ea3n tr\u1ecb vi\u00ean c\u1ee7a blog hay trang th\u00f4ng tin, ch\u00fang t\u00f4i r\u1ea5t vui \u0111\u01b0\u1ee3c h\u1ee3p t\u00e1c v\u1edbi b\u1ea1n.<\/span><\/p>\n<h2><b>N\u1ed9i dung th\u01b0\u1edfng c\u1ed9ng t\u00e1c vi\u00ean<\/b><\/h2>\n<h3><b>C\u00e1c \u0111i\u1ec1u kho\u1ea3n s\u1eed d\u1ee5ng v\u00e0 c\u1ea5m k\u1ef5<\/b><\/h3>\n<ul>\n<li style=\"font-weight: 400\"><span style=\"font-weight: 400\">C\u1ea5m vi\u1ec7c t\u1ef1 th\u1ef1c hi\u1ec7n affiliate (bao g\u1ed3m vi\u1ec7c l\u00f4i k\u00e9o ng\u01b0\u1eddi quen, b\u1ea1n b\u00e8, ho\u1eb7c ng\u01b0\u1eddi th\u00e2n \u0111\u1ec3 \u0111\u0103ng k\u00fd KPI d\u01b0\u1edbi t\u00e0i kho\u1ea3n c\u00e1 nh\u00e2n).<\/span><\/li>\n<li style=\"font-weight: 400\"><span style=\"font-weight: 400\">Ph\u1ea7n th\u01b0\u1edfng affiliate n\u1ebfu b\u1ecb h\u1ec7 th\u1ed1ng nghi ng\u1edd l\u00e0 t\u1ef1 th\u1ef1c hi\u1ec7n ho\u1eb7c \u0111\u0103ng k\u00fd nhi\u1ec1u t\u00e0i kho\u1ea3n s\u1ebd b\u1ecb v\u00f4 hi\u1ec7u ho\u1eb7c tr\u00ec ho\u00e3n cho \u0111\u1ebfn khi x\u00e1c nh\u1eadn r\u00f5 r\u00e0ng.<\/span><\/li>\n<li style=\"font-weight: 400\"><span style=\"font-weight: 400\">Trong tr\u01b0\u1eddng h\u1ee3p h\u1ec7 th\u1ed1ng ph\u00e1t hi\u1ec7n \u0111\u0103ng k\u00fd t\u1eeb c\u00f9ng m\u1ed9t m\u00f4i tr\u01b0\u1eddng ho\u1eb7c t\u00e0i kho\u1ea3n c\u00f3 t\u00ean gi\u1ed1ng nhau, s\u1ed1 l\u01b0\u1ee3ng ng\u01b0\u1eddi d\u00f9ng \u0111\u1ea1t \u0111\u01b0\u1ee3c trong tab &#8220;Affiliate&#8221; s\u1ebd gi\u1ea3m v\u00e0 li\u00ean k\u1ebft c\u00f3 th\u1ec3 b\u1ecb h\u1ee7y b\u1ecf.<\/span><\/li>\n<li style=\"font-weight: 400\"><span style=\"font-weight: 400\">Ch\u00fang t\u00f4i nghi\u00eam c\u1ea5m \u0111\u0103ng t\u1ea3i th\u00f4ng tin sai l\u1ec7ch, thao t\u00fang th\u00f4ng tin m\u1ed9t chi\u1ec1u ho\u1eb7c b\u00f4i nh\u1ecd tr\u00ean c\u00e1c trang web kh\u00e1c.<\/span><\/li>\n<li style=\"font-weight: 400\"><span style=\"font-weight: 400\">Vi\u1ec7c s\u1eed d\u1ee5ng t\u00ean d\u1ecbch v\u1ee5 &#8220;TariTali&#8221; ho\u1eb7c &#8220;\u30bf\u30ea\u30bf\u30ea&#8221; v\u00e0 t\u00ean c\u1ee7a c\u00e1c broker trong t\u1eeb kh\u00f3a t\u00ecm ki\u1ebfm qu\u1ea3ng c\u00e1o PPC ho\u1eb7c qu\u1ea3ng c\u00e1o listing b\u1ecb c\u1ea5m.<\/span><\/li>\n<li style=\"font-weight: 400\"><span style=\"font-weight: 400\">Ph\u1ea7n th\u01b0\u1edfng affiliate s\u1ebd \u0111\u01b0\u1ee3c hi\u1ec3n th\u1ecb trong &#8220;Danh s\u00e1ch l\u1ecbch s\u1eed&#8221; sau m\u1ed9t tu\u1ea7n k\u1ec3 t\u1eeb khi cashback c\u1ee7a kh\u00e1ch h\u00e0ng \u0111\u01b0\u1ee3c ghi nh\u1eadn.<\/span><\/li>\n<\/ul>\n<h3><b>Hoa h\u1ed3ng tr\u1ecdn \u0111\u1eddi<\/b><\/h3>\n<p><span style=\"font-weight: 400\">Khi t\u00e0i kho\u1ea3n \u0111\u01b0\u1ee3c \u0111\u0103ng k\u00fd qua li\u00ean k\u1ebft qu\u1ea3ng b\u00e1 c\u1ee7a b\u1ea1n th\u1ef1c hi\u1ec7n giao d\u1ecbch, b\u1ea1n s\u1ebd nh\u1eadn \u0111\u01b0\u1ee3c <\/span><span style=\"font-weight: 400\">hoa h\u1ed3ng 10% ti\u1ec1n ho\u00e0n tr\u1ea3<\/span><span style=\"font-weight: 400\"> c\u1ee7a giao d\u1ecbch \u0111\u00f3.\u00a0<\/span><\/p>\n<p><span style=\"font-weight: 400\">\u203b Hoa h\u1ed3ng n\u00e0y \u00e1p d\u1ee5ng cho c\u1ea3 t\u00e0i kho\u1ea3n m\u1edbi v\u00e0 t\u00e0i kho\u1ea3n \u0111\u00e3 t\u1ed3n t\u1ea1i.<\/span><\/p>\n<h4><b>V\u00ed d\u1ee5: t\u1ea1i XM<\/b><\/h4>\n<table>\n<tbody>\n<tr>\n<td><b>Ho\u00e0n tr\u1ea3<\/b><\/td>\n<td><span style=\"font-weight: 400\">8.5 USD<\/span><\/td>\n<\/tr>\n<tr>\n<td><b>Ph\u1ea7n th\u01b0\u1edfng<\/b><\/td>\n<td><span style=\"font-weight: 400\">0.85 USD<\/span><\/td>\n<\/tr>\n<\/tbody>\n<\/table>\n<p><span style=\"font-weight: 400\">\u203bT\u00ednh theo \u0111\u01a1n v\u1ecb 1 Lot (100.000 \u0111\u01a1n v\u1ecb ti\u1ec1n t\u1ec7)<\/span><\/p>\n<h2><b>Ph\u01b0\u01a1ng th\u1ee9c khuy\u1ebfn m\u00e3i<\/b><\/h2>\n<p><span style=\"font-weight: 400\">Sau khi ho\u00e0n t\u1ea5t vi\u1ec7c \u0111\u0103ng k\u00fd th\u00e0nh vi\u00ean theo <\/span><a href=\"https:\/\/taritali.com\/vi\/usermanual\"><span style=\"font-weight: 400\">h\u01b0\u1edbng d\u1eabn tr\u00ean trang th\u00e0nh vi\u00ean<\/span><\/a><span style=\"font-weight: 400\">, h\u00e3y \u0111\u0103ng nh\u1eadp v\u00e0o <\/span><a href=\"https:\/\/taritali.com\/client\/?lang=vi\"><span style=\"font-weight: 400\">trang th\u00e0nh vi\u00ean<\/span><\/a><span style=\"font-weight: 400\"> v\u00e0 \u0111i\u1ec1n trang web qu\u1ea3ng b\u00e1 c\u1ee7a b\u1ea1n v\u00e0o \u00f4 &#8220;C\u1ed9ng t\u00e1c vi\u00ean&#8221; trong tab &#8220;Th\u00f4ng tin kh\u00e1ch h\u00e0ng&#8221;.<\/span><\/p>\n<p><span style=\"font-weight: 400\">B\u1ea1n s\u1ebd nh\u1eadn \u0111\u01b0\u1ee3c email x\u00e1c nh\u1eadn; vui l\u00f2ng nh\u1ea5p v\u00e0o li\u00ean k\u1ebft x\u00e1c nh\u1eadn trong email \u0111\u00f3 \u0111\u1ec3 k\u00edch ho\u1ea1t ch\u1ee9c n\u0103ng c\u1ed9ng t\u00e1c vi\u00ean.<\/span><\/p>\n<p><span style=\"font-weight: 400\">Sau khi ch\u1ee9c n\u0103ng c\u1ed9ng t\u00e1c vi\u00ean \u0111\u01b0\u1ee3c k\u00edch ho\u1ea1t, tab qu\u1ea3ng b\u00e1 s\u1ebd xu\u1ea5t hi\u1ec7n \u1edf ph\u00eda b\u00ean ph\u1ea3i c\u1ee7a <\/span><a href=\"https:\/\/taritali.com\/client\/?lang=vi\"><span style=\"font-weight: 400\">trang th\u00e0nh vi\u00ean<\/span><\/a><span style=\"font-weight: 400\">. Vui l\u00f2ng ki\u1ec3m tra li\u00ean k\u1ebft qu\u1ea3ng b\u00e1 c\u1ee7a b\u1ea1n.<\/span><\/p>\n<h2><b>Th\u00f4ng b\u00e1o khi c\u00f3 kh\u00e1ch h\u00e0ng \u0111\u0103ng k\u00fd<\/b><\/h2>\n<p><span style=\"font-weight: 400\">Khi c\u00f3 ng\u01b0\u1eddi d\u00f9ng \u0111\u0103ng k\u00fd qua li\u00ean k\u1ebft qu\u1ea3ng b\u00e1 c\u1ee7a b\u1ea1n, h\u1ec7 th\u1ed1ng s\u1ebd g\u1eedi m\u1ed9t email x\u00e1c nh\u1eadn \u0111\u1ebfn \u0111\u1ecba ch\u1ec9 email b\u1ea1n \u0111\u00e3 cung c\u1ea5p khi \u0111\u0103ng k\u00fd.<\/span><\/p>\n<p><span style=\"font-weight: 400\">L\u01b0u \u00fd: H\u1ec7 th\u1ed1ng s\u1ebd kh\u00f4ng g\u1eedi th\u00f4ng b\u00e1o qua email khi m\u1edf t\u00e0i kho\u1ea3n ho\u1eb7c khi ph\u1ea7n th\u01b0\u1edfng \u0111\u01b0\u1ee3c c\u1ea5p.<\/span><\/p>\n<h2><b>Nh\u1eadn ph\u1ea7n th\u01b0\u1edfng<\/b><\/h2>\n<ol>\n<li style=\"list-style-type: none\">\n<ol>\n<li style=\"font-weight: 400\"><b>T\u1ea3i l\u00ean l\u1ecbch s\u1eed giao d\u1ecbch<\/b><span style=\"font-weight: 400\">: T\u1ea1i TariTali, b\u1ea1n c\u1ea7n t\u1ea3i l\u00ean l\u1ecbch s\u1eed giao d\u1ecbch c\u1ee7a m\u00ecnh tr\u00ean <\/span><a href=\"https:\/\/taritali.com\/client\/?lang=vi\"><span style=\"font-weight: 400\">trang th\u00e0nh vi\u00ean<\/span><\/a><span style=\"font-weight: 400\">.<\/span><\/li>\n<li style=\"font-weight: 400\"><b>X\u00e1c nh\u1eadn v\u00e0 thanh to\u00e1n: <\/b><span style=\"font-weight: 400\">Ch\u00fang t\u00f4i s\u1ebd ti\u1ebfn h\u00e0nh thanh to\u00e1n ph\u1ea7n th\u01b0\u1edfng qu\u1ea3ng b\u00e1 t\u01b0\u01a1ng \u1ee9ng sau khi x\u00e1c nh\u1eadn l\u1ecbch s\u1eed giao d\u1ecbch c\u1ee7a b\u1ea1n.<\/span><\/li>\n<li style=\"font-weight: 400\"><b>B\u1ea3o m\u1eadt th\u00f4ng tin c\u00e1 nh\u00e2n<\/b><span style=\"font-weight: 400\">: \u0110\u1ec3 b\u1ea3o v\u1ec7 th\u00f4ng tin c\u00e1 nh\u00e2n, t\u00ean c\u1ee7a b\u1ea1n, broker s\u1eed d\u1ee5ng, s\u1ed1 t\u00e0i kho\u1ea3n v\u00e0 s\u1ed1 lot giao d\u1ecbch s\u1ebd kh\u00f4ng \u0111\u01b0\u1ee3c qu\u1ea3ng b\u00e1 xem ho\u1eb7c tra c\u1ee9u.<\/span><\/li>\n<\/ol>\n<\/li>\n<\/ol>\n","protected":false},"excerpt":{"rendered":"<p>TariTali \u0111ang tuy\u1ec3n d\u1ee5ng c\u1ed9ng t\u00e1c vi\u00ean \u0111\u1ec3 qu\u1ea3ng b\u00e1 d\u1ecbch v\u1ee5 c\u1ee7a ch\u00fang t\u00f4i. D\u00f9 b\u1ea1n l\u00e0 qu\u1ea3n tr\u1ecb vi\u00ean c\u1ee7a blog hay trang th\u00f4ng tin, ch\u00fang t\u00f4i r\u1ea5t vui \u0111\u01b0\u1ee3c h\u1ee3p t\u00e1c v\u1edbi b\u1ea1n. N\u1ed9i dung th\u01b0\u1edfng c\u1ed9ng t\u00e1c vi\u00ean C\u00e1c \u0111i\u1ec1u kho\u1ea3n s\u1eed d\u1ee5ng v\u00e0 c\u1ea5m k\u1ef5 C\u1ea5m vi\u1ec7c t\u1ef1 th\u1ef1c hi\u1ec7n affiliate (bao g\u1ed3m vi\u1ec7c l\u00f4i k\u00e9o ng\u01b0\u1eddi quen, b\u1ea1n b\u00e8, ho\u1eb7c ng\u01b0\u1eddi th\u00e2n \u0111\u1ec3 \u0111\u0103ng k\u00fd KPI d\u01b0\u1edbi t\u00e0i kho\u1ea3n c\u00e1 nh\u00e2n). Ph\u1ea7n th\u01b0\u1edfng affiliate n\u1ebfu b\u1ecb h\u1ec7 th\u1ed1ng nghi ng\u1edd l\u00e0 t\u1ef1 th\u1ef1c hi\u1ec7n ho\u1eb7c \u0111\u0103ng k\u00fd nhi\u1ec1u t\u00e0i kho\u1ea3n s\u1ebd b\u1ecb v\u00f4 hi\u1ec7u ho\u1eb7c tr\u00ec ho\u00e3n cho \u0111\u1ebfn khi x\u00e1c nh\u1eadn r\u00f5 r\u00e0ng&#8230;.<\/p>\n","protected":false},"author":2,"featured_media":0,"parent":59,"menu_order":0,"comment_status":"closed","ping_status":"closed","template":"","meta":{"footnotes":""},"tags":[],"yoast_head":"<!-- This site is optimized with the Yoast SEO plugin v23.1 - https:\/\/yoast.com\/wordpress\/plugins\/seo\/ -->\n<title>Tuy\u1ec3n d\u1ee5ng C\u1ed9ng t\u00e1c vi\u00ean - TariTali - L\u1ef1a ch\u1ecdn h\u00e0ng \u0111\u1ea7u cho ho\u00e0n tr\u1ea3 Forex<\/title>\n<meta name=\"robots\" content=\"index, follow, max-snippet:-1, max-image-preview:large, max-video-preview:-1\" \/>\n<link rel=\"canonical\" href=\"https:\/\/taritali.com\/vi\/usermanual\/affiliate\" \/>\n<meta property=\"og:locale\" content=\"vi_VN\" \/>\n<meta property=\"og:type\" content=\"article\" \/>\n<meta property=\"og:title\" content=\"Tuy\u1ec3n d\u1ee5ng C\u1ed9ng t\u00e1c vi\u00ean - TariTali - L\u1ef1a ch\u1ecdn h\u00e0ng \u0111\u1ea7u cho ho\u00e0n tr\u1ea3 Forex\" \/>\n<meta property=\"og:description\" content=\"TariTali \u0111ang tuy\u1ec3n d\u1ee5ng c\u1ed9ng t\u00e1c vi\u00ean \u0111\u1ec3 qu\u1ea3ng b\u00e1 d\u1ecbch v\u1ee5 c\u1ee7a ch\u00fang t\u00f4i. D\u00f9 b\u1ea1n l\u00e0 qu\u1ea3n tr\u1ecb vi\u00ean c\u1ee7a blog hay trang th\u00f4ng tin, ch\u00fang t\u00f4i r\u1ea5t vui \u0111\u01b0\u1ee3c h\u1ee3p t\u00e1c v\u1edbi b\u1ea1n. N\u1ed9i dung th\u01b0\u1edfng c\u1ed9ng t\u00e1c vi\u00ean C\u00e1c \u0111i\u1ec1u kho\u1ea3n s\u1eed d\u1ee5ng v\u00e0 c\u1ea5m k\u1ef5 C\u1ea5m vi\u1ec7c t\u1ef1 th\u1ef1c hi\u1ec7n affiliate (bao g\u1ed3m vi\u1ec7c l\u00f4i k\u00e9o ng\u01b0\u1eddi quen, b\u1ea1n b\u00e8, ho\u1eb7c ng\u01b0\u1eddi th\u00e2n \u0111\u1ec3 \u0111\u0103ng k\u00fd KPI d\u01b0\u1edbi t\u00e0i kho\u1ea3n c\u00e1 nh\u00e2n). Ph\u1ea7n th\u01b0\u1edfng affiliate n\u1ebfu b\u1ecb h\u1ec7 th\u1ed1ng nghi ng\u1edd l\u00e0 t\u1ef1 th\u1ef1c hi\u1ec7n ho\u1eb7c \u0111\u0103ng k\u00fd nhi\u1ec1u t\u00e0i kho\u1ea3n s\u1ebd b\u1ecb v\u00f4 hi\u1ec7u ho\u1eb7c tr\u00ec ho\u00e3n cho \u0111\u1ebfn khi x\u00e1c nh\u1eadn r\u00f5 r\u00e0ng....\" \/>\n<meta property=\"og:url\" content=\"https:\/\/taritali.com\/vi\/usermanual\/affiliate\" \/>\n<meta property=\"og:site_name\" content=\"TariTali - L\u1ef1a ch\u1ecdn h\u00e0ng \u0111\u1ea7u cho ho\u00e0n tr\u1ea3 Forex\" \/>\n<meta property=\"article:modified_time\" content=\"2024-12-04T23:30:34+00:00\" \/>\n<meta name=\"twitter:card\" content=\"summary_large_image\" \/>\n<meta name=\"twitter:label1\" content=\"\u01af\u1edbc t\u00ednh th\u1eddi gian \u0111\u1ecdc\" \/>\n\t<meta name=\"twitter:data1\" content=\"6 ph\u00fat\" \/>\n<script type=\"application\/ld+json\" class=\"yoast-schema-graph\">{\"@context\":\"https:\/\/schema.org\",\"@graph\":[{\"@type\":\"WebPage\",\"@id\":\"https:\/\/taritali.com\/vi\/usermanual\/affiliate\",\"url\":\"https:\/\/taritali.com\/vi\/usermanual\/affiliate\",\"name\":\"Tuy\u1ec3n d\u1ee5ng C\u1ed9ng t\u00e1c vi\u00ean - TariTali - L\u1ef1a ch\u1ecdn h\u00e0ng \u0111\u1ea7u cho ho\u00e0n tr\u1ea3 Forex\",\"isPartOf\":{\"@id\":\"https:\/\/taritali.com\/vi\/#website\"},\"datePublished\":\"2016-01-22T03:29:06+00:00\",\"dateModified\":\"2024-12-04T23:30:34+00:00\",\"breadcrumb\":{\"@id\":\"https:\/\/taritali.com\/vi\/usermanual\/affiliate#breadcrumb\"},\"inLanguage\":\"vi\",\"potentialAction\":[{\"@type\":\"ReadAction\",\"target\":[\"https:\/\/taritali.com\/vi\/usermanual\/affiliate\"]}]},{\"@type\":\"BreadcrumbList\",\"@id\":\"https:\/\/taritali.com\/vi\/usermanual\/affiliate#breadcrumb\",\"itemListElement\":[{\"@type\":\"ListItem\",\"position\":1,\"name\":\"Trang ch\u1ee7\",\"item\":\"https:\/\/taritali.com\/vi\/\"},{\"@type\":\"ListItem\",\"position\":2,\"name\":\"H\u01b0\u1edbng d\u1eabn s\u1eed d\u1ee5ng trang th\u00e0nh vi\u00ean\",\"item\":\"https:\/\/taritali.com\/vi\/usermanual\"},{\"@type\":\"ListItem\",\"position\":3,\"name\":\"Tuy\u1ec3n d\u1ee5ng C\u1ed9ng t\u00e1c vi\u00ean\"}]},{\"@type\":\"WebSite\",\"@id\":\"https:\/\/taritali.com\/vi\/#website\",\"url\":\"https:\/\/taritali.com\/vi\/\",\"name\":\"TariTali - L\u1ef1a ch\u1ecdn h\u00e0ng \u0111\u1ea7u cho ho\u00e0n tr\u1ea3 Forex\",\"description\":\"\",\"publisher\":{\"@id\":\"https:\/\/taritali.com\/vi\/#organization\"},\"potentialAction\":[{\"@type\":\"SearchAction\",\"target\":{\"@type\":\"EntryPoint\",\"urlTemplate\":\"https:\/\/taritali.com\/vi\/?s={search_term_string}\"},\"query-input\":\"required name=search_term_string\"}],\"inLanguage\":\"vi\"},{\"@type\":\"Organization\",\"@id\":\"https:\/\/taritali.com\/vi\/#organization\",\"name\":\"TariTali - L\u1ef1a ch\u1ecdn h\u00e0ng \u0111\u1ea7u cho ho\u00e0n tr\u1ea3 Forex\",\"url\":\"https:\/\/taritali.com\/vi\/\",\"logo\":{\"@type\":\"ImageObject\",\"inLanguage\":\"vi\",\"@id\":\"https:\/\/taritali.com\/vi\/#\/schema\/logo\/image\/\",\"url\":\"https:\/\/taritali.com\/vi\/wp-content\/uploads\/sites\/2\/2024\/01\/logo.png\",\"contentUrl\":\"https:\/\/taritali.com\/vi\/wp-content\/uploads\/sites\/2\/2024\/01\/logo.png\",\"width\":215,\"height\":90,\"caption\":\"TariTali - L\u1ef1a ch\u1ecdn h\u00e0ng \u0111\u1ea7u cho ho\u00e0n tr\u1ea3 Forex\"},\"image\":{\"@id\":\"https:\/\/taritali.com\/vi\/#\/schema\/logo\/image\/\"}}]}<\/script>\n<!-- \/ Yoast SEO plugin. -->","yoast_head_json":{"title":"Tuy\u1ec3n d\u1ee5ng C\u1ed9ng t\u00e1c vi\u00ean - TariTali - L\u1ef1a ch\u1ecdn h\u00e0ng \u0111\u1ea7u cho ho\u00e0n tr\u1ea3 Forex","robots":{"index":"index","follow":"follow","max-snippet":"max-snippet:-1","max-image-preview":"max-image-preview:large","max-video-preview":"max-video-preview:-1"},"canonical":"https:\/\/taritali.com\/vi\/usermanual\/affiliate","og_locale":"vi_VN","og_type":"article","og_title":"Tuy\u1ec3n d\u1ee5ng C\u1ed9ng t\u00e1c vi\u00ean - TariTali - L\u1ef1a ch\u1ecdn h\u00e0ng \u0111\u1ea7u cho ho\u00e0n tr\u1ea3 Forex","og_description":"TariTali \u0111ang tuy\u1ec3n d\u1ee5ng c\u1ed9ng t\u00e1c vi\u00ean \u0111\u1ec3 qu\u1ea3ng b\u00e1 d\u1ecbch v\u1ee5 c\u1ee7a ch\u00fang t\u00f4i. D\u00f9 b\u1ea1n l\u00e0 qu\u1ea3n tr\u1ecb vi\u00ean c\u1ee7a blog hay trang th\u00f4ng tin, ch\u00fang t\u00f4i r\u1ea5t vui \u0111\u01b0\u1ee3c h\u1ee3p t\u00e1c v\u1edbi b\u1ea1n. N\u1ed9i dung th\u01b0\u1edfng c\u1ed9ng t\u00e1c vi\u00ean C\u00e1c \u0111i\u1ec1u kho\u1ea3n s\u1eed d\u1ee5ng v\u00e0 c\u1ea5m k\u1ef5 C\u1ea5m vi\u1ec7c t\u1ef1 th\u1ef1c hi\u1ec7n affiliate (bao g\u1ed3m vi\u1ec7c l\u00f4i k\u00e9o ng\u01b0\u1eddi quen, b\u1ea1n b\u00e8, ho\u1eb7c ng\u01b0\u1eddi th\u00e2n \u0111\u1ec3 \u0111\u0103ng k\u00fd KPI d\u01b0\u1edbi t\u00e0i kho\u1ea3n c\u00e1 nh\u00e2n). Ph\u1ea7n th\u01b0\u1edfng affiliate n\u1ebfu b\u1ecb h\u1ec7 th\u1ed1ng nghi ng\u1edd l\u00e0 t\u1ef1 th\u1ef1c hi\u1ec7n ho\u1eb7c \u0111\u0103ng k\u00fd nhi\u1ec1u t\u00e0i kho\u1ea3n s\u1ebd b\u1ecb v\u00f4 hi\u1ec7u ho\u1eb7c tr\u00ec ho\u00e3n cho \u0111\u1ebfn khi x\u00e1c nh\u1eadn r\u00f5 r\u00e0ng....","og_url":"https:\/\/taritali.com\/vi\/usermanual\/affiliate","og_site_name":"TariTali - L\u1ef1a ch\u1ecdn h\u00e0ng \u0111\u1ea7u cho ho\u00e0n tr\u1ea3 Forex","article_modified_time":"2024-12-04T23:30:34+00:00","twitter_card":"summary_large_image","twitter_misc":{"\u01af\u1edbc t\u00ednh th\u1eddi gian \u0111\u1ecdc":"6 ph\u00fat"},"schema":{"@context":"https:\/\/schema.org","@graph":[{"@type":"WebPage","@id":"https:\/\/taritali.com\/vi\/usermanual\/affiliate","url":"https:\/\/taritali.com\/vi\/usermanual\/affiliate","name":"Tuy\u1ec3n d\u1ee5ng C\u1ed9ng t\u00e1c vi\u00ean - TariTali - L\u1ef1a ch\u1ecdn h\u00e0ng \u0111\u1ea7u cho ho\u00e0n tr\u1ea3 Forex","isPartOf":{"@id":"https:\/\/taritali.com\/vi\/#website"},"datePublished":"2016-01-22T03:29:06+00:00","dateModified":"2024-12-04T23:30:34+00:00","breadcrumb":{"@id":"https:\/\/taritali.com\/vi\/usermanual\/affiliate#breadcrumb"},"inLanguage":"vi","potentialAction":[{"@type":"ReadAction","target":["https:\/\/taritali.com\/vi\/usermanual\/affiliate"]}]},{"@type":"BreadcrumbList","@id":"https:\/\/taritali.com\/vi\/usermanual\/affiliate#breadcrumb","itemListElement":[{"@type":"ListItem","position":1,"name":"Trang ch\u1ee7","item":"https:\/\/taritali.com\/vi\/"},{"@type":"ListItem","position":2,"name":"H\u01b0\u1edbng d\u1eabn s\u1eed d\u1ee5ng trang th\u00e0nh vi\u00ean","item":"https:\/\/taritali.com\/vi\/usermanual"},{"@type":"ListItem","position":3,"name":"Tuy\u1ec3n d\u1ee5ng C\u1ed9ng t\u00e1c vi\u00ean"}]},{"@type":"WebSite","@id":"https:\/\/taritali.com\/vi\/#website","url":"https:\/\/taritali.com\/vi\/","name":"TariTali - L\u1ef1a ch\u1ecdn h\u00e0ng \u0111\u1ea7u cho ho\u00e0n tr\u1ea3 Forex","description":"","publisher":{"@id":"https:\/\/taritali.com\/vi\/#organization"},"potentialAction":[{"@type":"SearchAction","target":{"@type":"EntryPoint","urlTemplate":"https:\/\/taritali.com\/vi\/?s={search_term_string}"},"query-input":"required name=search_term_string"}],"inLanguage":"vi"},{"@type":"Organization","@id":"https:\/\/taritali.com\/vi\/#organization","name":"TariTali - L\u1ef1a ch\u1ecdn h\u00e0ng \u0111\u1ea7u cho ho\u00e0n tr\u1ea3 Forex","url":"https:\/\/taritali.com\/vi\/","logo":{"@type":"ImageObject","inLanguage":"vi","@id":"https:\/\/taritali.com\/vi\/#\/schema\/logo\/image\/","url":"https:\/\/taritali.com\/vi\/wp-content\/uploads\/sites\/2\/2024\/01\/logo.png","contentUrl":"https:\/\/taritali.com\/vi\/wp-content\/uploads\/sites\/2\/2024\/01\/logo.png","width":215,"height":90,"caption":"TariTali - L\u1ef1a ch\u1ecdn h\u00e0ng \u0111\u1ea7u cho ho\u00e0n tr\u1ea3 Forex"},"image":{"@id":"https:\/\/taritali.com\/vi\/#\/schema\/logo\/image\/"}}]}},"_links":{"self":[{"href":"https:\/\/taritali.com\/vi\/wp-json\/wp\/v2\/pages\/443"}],"collection":[{"href":"https:\/\/taritali.com\/vi\/wp-json\/wp\/v2\/pages"}],"about":[{"href":"https:\/\/taritali.com\/vi\/wp-json\/wp\/v2\/types\/page"}],"author":[{"embeddable":true,"href":"https:\/\/taritali.com\/vi\/wp-json\/wp\/v2\/users\/2"}],"replies":[{"embeddable":true,"href":"https:\/\/taritali.com\/vi\/wp-json\/wp\/v2\/comments?post=443"}],"version-history":[{"count":7,"href":"https:\/\/taritali.com\/vi\/wp-json\/wp\/v2\/pages\/443\/revisions"}],"predecessor-version":[{"id":34574,"href":"https:\/\/taritali.com\/vi\/wp-json\/wp\/v2\/pages\/443\/revisions\/34574"}],"up":[{"embeddable":true,"href":"https:\/\/taritali.com\/vi\/wp-json\/wp\/v2\/pages\/59"}],"wp:attachment":[{"href":"https:\/\/taritali.com\/vi\/wp-json\/wp\/v2\/media?parent=443"}],"wp:term":[{"taxonomy":"post_tag","embeddable":true,"href":"https:\/\/taritali.com\/vi\/wp-json\/wp\/v2\/tags?post=443"}],"curies":[{"name":"wp","href":"https:\/\/api.w.org\/{rel}","templated":true}]}}