{"id":4565,"date":"2018-08-30T21:17:43","date_gmt":"2018-08-30T12:17:43","guid":{"rendered":"https:\/\/taritali.com\/?page_id=4565"},"modified":"2024-09-16T18:02:42","modified_gmt":"2024-09-16T09:02:42","slug":"philosophy","status":"publish","type":"page","link":"https:\/\/taritali.com\/vi\/contact\/philosophy","title":{"rendered":"Quan Ni\u1ec7m D\u1ecbch V\u1ee5"},"content":{"rendered":"<p><span style=\"font-weight: 400\">Ch\u00fang t\u00f4i cam k\u1ebft cung c\u1ea5p d\u1ecbch v\u1ee5 d\u1ef1a tr\u00ean c\u00e1c nguy\u00ean t\u1eafc c\u01a1 b\u1ea3n sau:<\/span><\/p>\n<ol>\n<li style=\"font-weight: 400\"><b>T\u1ed1i \u0111a h\u00f3a t\u1ef1 \u0111\u1ed9ng h\u00f3a:<\/b><span style=\"font-weight: 400\"> \u01afu ti\u00ean t\u1ef1 \u0111\u1ed9ng h\u00f3a \u0111\u1ec3 gi\u1ea3m thi\u1ec3u l\u1ed7i c\u1ee7a con ng\u01b0\u1eddi, \u0111\u1ea3m b\u1ea3o quy tr\u00ecnh di\u1ec5n ra hi\u1ec7u qu\u1ea3 v\u00e0 ch\u00ednh x\u00e1c.<\/span><\/li>\n<li style=\"font-weight: 400\"><b>Ch\u1ed1ng h\u00e0nh vi b\u1ea5t h\u1ee3p ph\u00e1p:<\/b><span style=\"font-weight: 400\"> Tuy\u1ec7t \u0111\u1ed1i kh\u00f4ng s\u1eed d\u1ee5ng c\u00e1c ph\u01b0\u01a1ng th\u1ee9c b\u1ea5t h\u1ee3p ph\u00e1p trong qu\u00e1 tr\u00ecnh cung c\u1ea5p d\u1ecbch v\u1ee5 ho\u00e0n tr\u1ea3.<\/span><\/li>\n<li style=\"font-weight: 400\"><b>Marketing minh b\u1ea1ch:<\/b><span style=\"font-weight: 400\"> Ch\u00fang t\u00f4i kh\u00f4ng tham gia v\u00e0o c\u00e1c ho\u1ea1t \u0111\u1ed9ng marketing \u1ea9n, ch\u1eb3ng h\u1ea1n nh\u01b0 s\u1eed d\u1ee5ng c\u00e1c trang web kh\u00e1c \u0111\u1ec3 t\u1ef1 t\u0103ng \u0111\u00e1nh gi\u00e1. \u0110\u1ed3ng th\u1eddi, ch\u00fang t\u00f4i kh\u00f4ng ti\u1ebfn h\u00e0nh ti\u1ebfp th\u1ecb ti\u00eau c\u1ef1c nh\u1eb1m l\u00e0m gi\u1ea3m uy t\u00edn c\u1ee7a \u0111\u1ed1i th\u1ee7.<\/span><\/li>\n<\/ol>\n<h2><span style=\"font-weight: 400\">D\u1ecbch v\u1ee5 ch\u0103m s\u00f3c kh\u00e1ch h\u00e0ng<\/span><\/h2>\n<p><span style=\"font-weight: 400\">D\u1ecbch v\u1ee5 ch\u0103m s\u00f3c kh\u00e1ch h\u00e0ng c\u1ee7a ch\u00fang t\u00f4i bao g\u1ed3m c\u00e1c ho\u1ea1t \u0111\u1ed9ng: x\u1eed l\u00fd y\u00eau c\u1ea7u t\u1eeb kh\u00e1ch h\u00e0ng, duy\u1ec7t t\u00e0i kho\u1ea3n, cung c\u1ea5p th\u00f4ng tin l\u1ecbch s\u1eed giao d\u1ecbch, v\u00e0 chuy\u1ec3n kho\u1ea3n ti\u1ec1n ho\u00e0n tr\u1ea3.\u00a0<\/span><\/p>\n<p><span style=\"font-weight: 400\">Ch\u00fang t\u00f4i cam k\u1ebft ph\u1ea3n h\u1ed3i m\u1ecdi y\u00eau c\u1ea7u t\u1eeb kh\u00e1ch h\u00e0ng trong v\u00f2ng 24 gi\u1edd.<\/span><\/p>\n<h2><span style=\"font-weight: 400\">Ho\u1ea1t \u0111\u1ed9ng PR v\u00e0 T\u1ef7 l\u1ec7 ho\u00e0n tr\u1ea3<\/span><\/h2>\n<p><span style=\"font-weight: 400\">Ch\u00fang t\u00f4i kh\u00f4ng tham gia v\u00e0o c\u00e1c ho\u1ea1t \u0111\u1ed9ng qu\u1ea3ng c\u00e1o, m\u00e0 thay v\u00e0o \u0111\u00f3, thu h\u00fat kh\u00e1ch h\u00e0ng d\u1ef1a tr\u00ean \u0111\u00e1nh gi\u00e1 trung l\u1eadp t\u1eeb kh\u00e1ch h\u00e0ng giao d\u1ecbch v\u00e0 ng\u01b0\u1eddi gi\u1edbi thi\u1ec7u. Trong khi c\u00e1c d\u1ecbch v\u1ee5 kh\u00e1c th\u01b0\u1eddng s\u1eed d\u1ee5ng trang web marketing \u0111\u1ec3 qu\u1ea3ng b\u00e1, ch\u00fang t\u00f4i t\u1eadp trung ho\u00e0n tr\u1ea3 ph\u1ea7n l\u1edbn thu nh\u1eadp cho kh\u00e1ch h\u00e0ng giao d\u1ecbch v\u00e0 ng\u01b0\u1eddi gi\u1edbi thi\u1ec7u, v\u00ec v\u1eady kh\u00f4ng c\u1ea7n ph\u1ea3i th\u1ef1c hi\u1ec7n c\u00e1c ho\u1ea1t \u0111\u1ed9ng ti\u1ebfp th\u1ecb.<\/span><\/p>\n<p><span style=\"font-weight: 400\">Nh\u1edd v\u00e0o vi\u1ec7c t\u1ef1 \u0111\u1ed9ng h\u00f3a v\u00e0 gi\u1ea3m thi\u1ec3u chi ph\u00ed v\u1eadn h\u00e0nh, ch\u00fang t\u00f4i c\u00f3 th\u1ec3 cung c\u1ea5p t\u1ef7 l\u1ec7 ho\u00e0n ph\u00ed cao nh\u1ea5t cho kh\u00e1ch h\u00e0ng giao d\u1ecbch.<\/span><\/p>\n<h2><span style=\"font-weight: 400\">Qu\u1ea3n l\u00fd v\u1ed1n<\/span><\/h2>\n<p><span style=\"font-weight: 400\">Ti\u1ec1n ho\u00e0n tr\u1ea3 c\u1ee7a kh\u00e1ch h\u00e0ng \u0111\u01b0\u1ee3c chuy\u1ec3n v\u00e0 l\u01b0u tr\u1eef h\u00e0ng ng\u00e0y trong t\u00e0i kho\u1ea3n t\u1ea1i Citibank Singapore, \u0111\u1ea3m b\u1ea3o qu\u1ea3n l\u00fd ri\u00eang bi\u1ec7t v\u00e0 an to\u00e0n.<\/span><\/p>\n<p><span style=\"font-weight: 400\">T\u00e0i kho\u1ea3n n\u00e0y l\u00e0 t\u00e0i kho\u1ea3n ki\u1ec3m tra (checking account), v\u00ec v\u1eady d\u00f9 ng\u00e2n h\u00e0ng qu\u1ea3n l\u00fd hay c\u00f4ng ty ch\u00fang t\u00f4i c\u00f3 g\u1eb7p r\u1ee7i ro ph\u00e1 s\u1ea3n, t\u1ea5t c\u1ea3 kho\u1ea3n ti\u1ec1n c\u1ee7a kh\u00e1ch h\u00e0ng v\u1eabn \u0111\u01b0\u1ee3c b\u1ea3o \u0111\u1ea3m an to\u00e0n. \u0110\u00e2y l\u00e0 m\u1ed9t bi\u1ec7n ph\u00e1p b\u1ea3o \u0111\u1ea3m v\u1ed1n \u0111\u1ed9c l\u1eadp c\u1ee7a ch\u00fang t\u00f4i, ho\u00e0n to\u00e0n kh\u00f4ng li\u00ean quan \u0111\u1ebfn c\u00e1c d\u1ecbch v\u1ee5 kh\u00e1c.<\/span><\/p>\n","protected":false},"excerpt":{"rendered":"<p>Ch\u00fang t\u00f4i cam k\u1ebft cung c\u1ea5p d\u1ecbch v\u1ee5 d\u1ef1a tr\u00ean c\u00e1c nguy\u00ean t\u1eafc c\u01a1 b\u1ea3n sau: T\u1ed1i \u0111a h\u00f3a t\u1ef1 \u0111\u1ed9ng h\u00f3a: \u01afu ti\u00ean t\u1ef1 \u0111\u1ed9ng h\u00f3a \u0111\u1ec3 gi\u1ea3m thi\u1ec3u l\u1ed7i c\u1ee7a con ng\u01b0\u1eddi, \u0111\u1ea3m b\u1ea3o quy tr\u00ecnh di\u1ec5n ra hi\u1ec7u qu\u1ea3 v\u00e0 ch\u00ednh x\u00e1c. Ch\u1ed1ng h\u00e0nh vi b\u1ea5t h\u1ee3p ph\u00e1p: Tuy\u1ec7t \u0111\u1ed1i kh\u00f4ng s\u1eed d\u1ee5ng c\u00e1c ph\u01b0\u01a1ng th\u1ee9c b\u1ea5t h\u1ee3p ph\u00e1p trong qu\u00e1 tr\u00ecnh cung c\u1ea5p d\u1ecbch v\u1ee5 ho\u00e0n tr\u1ea3. Marketing minh b\u1ea1ch: Ch\u00fang t\u00f4i kh\u00f4ng tham gia v\u00e0o c\u00e1c ho\u1ea1t \u0111\u1ed9ng marketing \u1ea9n, ch\u1eb3ng h\u1ea1n nh\u01b0 s\u1eed d\u1ee5ng c\u00e1c trang web kh\u00e1c \u0111\u1ec3 t\u1ef1 t\u0103ng \u0111\u00e1nh gi\u00e1. \u0110\u1ed3ng th\u1eddi, ch\u00fang t\u00f4i kh\u00f4ng ti\u1ebfn h\u00e0nh ti\u1ebfp th\u1ecb ti\u00eau c\u1ef1c&#8230;<\/p>\n","protected":false},"author":2,"featured_media":0,"parent":26,"menu_order":0,"comment_status":"closed","ping_status":"closed","template":"","meta":{"footnotes":""},"tags":[],"yoast_head":"<!-- This site is optimized with the Yoast SEO plugin v23.1 - https:\/\/yoast.com\/wordpress\/plugins\/seo\/ -->\n<title>Quan Ni\u1ec7m D\u1ecbch V\u1ee5 - TariTali - L\u1ef1a ch\u1ecdn h\u00e0ng \u0111\u1ea7u cho ho\u00e0n tr\u1ea3 Forex<\/title>\n<meta name=\"robots\" content=\"index, follow, max-snippet:-1, max-image-preview:large, max-video-preview:-1\" \/>\n<link rel=\"canonical\" href=\"https:\/\/taritali.com\/vi\/contact\/philosophy\" \/>\n<meta property=\"og:locale\" content=\"vi_VN\" \/>\n<meta property=\"og:type\" content=\"article\" \/>\n<meta property=\"og:title\" content=\"Quan Ni\u1ec7m D\u1ecbch V\u1ee5 - TariTali - L\u1ef1a ch\u1ecdn h\u00e0ng \u0111\u1ea7u cho ho\u00e0n tr\u1ea3 Forex\" \/>\n<meta property=\"og:description\" content=\"Ch\u00fang t\u00f4i cam k\u1ebft cung c\u1ea5p d\u1ecbch v\u1ee5 d\u1ef1a tr\u00ean c\u00e1c nguy\u00ean t\u1eafc c\u01a1 b\u1ea3n sau: T\u1ed1i \u0111a h\u00f3a t\u1ef1 \u0111\u1ed9ng h\u00f3a: \u01afu ti\u00ean t\u1ef1 \u0111\u1ed9ng h\u00f3a \u0111\u1ec3 gi\u1ea3m thi\u1ec3u l\u1ed7i c\u1ee7a con ng\u01b0\u1eddi, \u0111\u1ea3m b\u1ea3o quy tr\u00ecnh di\u1ec5n ra hi\u1ec7u qu\u1ea3 v\u00e0 ch\u00ednh x\u00e1c. Ch\u1ed1ng h\u00e0nh vi b\u1ea5t h\u1ee3p ph\u00e1p: Tuy\u1ec7t \u0111\u1ed1i kh\u00f4ng s\u1eed d\u1ee5ng c\u00e1c ph\u01b0\u01a1ng th\u1ee9c b\u1ea5t h\u1ee3p ph\u00e1p trong qu\u00e1 tr\u00ecnh cung c\u1ea5p d\u1ecbch v\u1ee5 ho\u00e0n tr\u1ea3. Marketing minh b\u1ea1ch: Ch\u00fang t\u00f4i kh\u00f4ng tham gia v\u00e0o c\u00e1c ho\u1ea1t \u0111\u1ed9ng marketing \u1ea9n, ch\u1eb3ng h\u1ea1n nh\u01b0 s\u1eed d\u1ee5ng c\u00e1c trang web kh\u00e1c \u0111\u1ec3 t\u1ef1 t\u0103ng \u0111\u00e1nh gi\u00e1. \u0110\u1ed3ng th\u1eddi, ch\u00fang t\u00f4i kh\u00f4ng ti\u1ebfn h\u00e0nh ti\u1ebfp th\u1ecb ti\u00eau c\u1ef1c...\" \/>\n<meta property=\"og:url\" content=\"https:\/\/taritali.com\/vi\/contact\/philosophy\" \/>\n<meta property=\"og:site_name\" content=\"TariTali - L\u1ef1a ch\u1ecdn h\u00e0ng \u0111\u1ea7u cho ho\u00e0n tr\u1ea3 Forex\" \/>\n<meta property=\"article:modified_time\" content=\"2024-09-16T09:02:42+00:00\" \/>\n<meta name=\"twitter:card\" content=\"summary_large_image\" \/>\n<meta name=\"twitter:label1\" content=\"\u01af\u1edbc t\u00ednh th\u1eddi gian \u0111\u1ecdc\" \/>\n\t<meta name=\"twitter:data1\" content=\"4 ph\u00fat\" \/>\n<script type=\"application\/ld+json\" class=\"yoast-schema-graph\">{\"@context\":\"https:\/\/schema.org\",\"@graph\":[{\"@type\":\"WebPage\",\"@id\":\"https:\/\/taritali.com\/vi\/contact\/philosophy\",\"url\":\"https:\/\/taritali.com\/vi\/contact\/philosophy\",\"name\":\"Quan Ni\u1ec7m D\u1ecbch V\u1ee5 - TariTali - L\u1ef1a ch\u1ecdn h\u00e0ng \u0111\u1ea7u cho ho\u00e0n tr\u1ea3 Forex\",\"isPartOf\":{\"@id\":\"https:\/\/taritali.com\/vi\/#website\"},\"datePublished\":\"2018-08-30T12:17:43+00:00\",\"dateModified\":\"2024-09-16T09:02:42+00:00\",\"breadcrumb\":{\"@id\":\"https:\/\/taritali.com\/vi\/contact\/philosophy#breadcrumb\"},\"inLanguage\":\"vi\",\"potentialAction\":[{\"@type\":\"ReadAction\",\"target\":[\"https:\/\/taritali.com\/vi\/contact\/philosophy\"]}]},{\"@type\":\"BreadcrumbList\",\"@id\":\"https:\/\/taritali.com\/vi\/contact\/philosophy#breadcrumb\",\"itemListElement\":[{\"@type\":\"ListItem\",\"position\":1,\"name\":\"Trang ch\u1ee7\",\"item\":\"https:\/\/taritali.com\/vi\/\"},{\"@type\":\"ListItem\",\"position\":2,\"name\":\"Li\u00ean h\u1ec7 v\u1edbi ch\u00fang t\u00f4i\",\"item\":\"https:\/\/taritali.com\/vi\/contact\"},{\"@type\":\"ListItem\",\"position\":3,\"name\":\"Quan Ni\u1ec7m D\u1ecbch V\u1ee5\"}]},{\"@type\":\"WebSite\",\"@id\":\"https:\/\/taritali.com\/vi\/#website\",\"url\":\"https:\/\/taritali.com\/vi\/\",\"name\":\"TariTali - L\u1ef1a ch\u1ecdn h\u00e0ng \u0111\u1ea7u cho ho\u00e0n tr\u1ea3 Forex\",\"description\":\"\",\"publisher\":{\"@id\":\"https:\/\/taritali.com\/vi\/#organization\"},\"potentialAction\":[{\"@type\":\"SearchAction\",\"target\":{\"@type\":\"EntryPoint\",\"urlTemplate\":\"https:\/\/taritali.com\/vi\/?s={search_term_string}\"},\"query-input\":\"required name=search_term_string\"}],\"inLanguage\":\"vi\"},{\"@type\":\"Organization\",\"@id\":\"https:\/\/taritali.com\/vi\/#organization\",\"name\":\"TariTali - L\u1ef1a ch\u1ecdn h\u00e0ng \u0111\u1ea7u cho ho\u00e0n tr\u1ea3 Forex\",\"url\":\"https:\/\/taritali.com\/vi\/\",\"logo\":{\"@type\":\"ImageObject\",\"inLanguage\":\"vi\",\"@id\":\"https:\/\/taritali.com\/vi\/#\/schema\/logo\/image\/\",\"url\":\"https:\/\/taritali.com\/vi\/wp-content\/uploads\/sites\/2\/2024\/01\/logo.png\",\"contentUrl\":\"https:\/\/taritali.com\/vi\/wp-content\/uploads\/sites\/2\/2024\/01\/logo.png\",\"width\":215,\"height\":90,\"caption\":\"TariTali - L\u1ef1a ch\u1ecdn h\u00e0ng \u0111\u1ea7u cho ho\u00e0n tr\u1ea3 Forex\"},\"image\":{\"@id\":\"https:\/\/taritali.com\/vi\/#\/schema\/logo\/image\/\"}}]}<\/script>\n<!-- \/ Yoast SEO plugin. -->","yoast_head_json":{"title":"Quan Ni\u1ec7m D\u1ecbch V\u1ee5 - TariTali - L\u1ef1a ch\u1ecdn h\u00e0ng \u0111\u1ea7u cho ho\u00e0n tr\u1ea3 Forex","robots":{"index":"index","follow":"follow","max-snippet":"max-snippet:-1","max-image-preview":"max-image-preview:large","max-video-preview":"max-video-preview:-1"},"canonical":"https:\/\/taritali.com\/vi\/contact\/philosophy","og_locale":"vi_VN","og_type":"article","og_title":"Quan Ni\u1ec7m D\u1ecbch V\u1ee5 - TariTali - L\u1ef1a ch\u1ecdn h\u00e0ng \u0111\u1ea7u cho ho\u00e0n tr\u1ea3 Forex","og_description":"Ch\u00fang t\u00f4i cam k\u1ebft cung c\u1ea5p d\u1ecbch v\u1ee5 d\u1ef1a tr\u00ean c\u00e1c nguy\u00ean t\u1eafc c\u01a1 b\u1ea3n sau: T\u1ed1i \u0111a h\u00f3a t\u1ef1 \u0111\u1ed9ng h\u00f3a: \u01afu ti\u00ean t\u1ef1 \u0111\u1ed9ng h\u00f3a \u0111\u1ec3 gi\u1ea3m thi\u1ec3u l\u1ed7i c\u1ee7a con ng\u01b0\u1eddi, \u0111\u1ea3m b\u1ea3o quy tr\u00ecnh di\u1ec5n ra hi\u1ec7u qu\u1ea3 v\u00e0 ch\u00ednh x\u00e1c. Ch\u1ed1ng h\u00e0nh vi b\u1ea5t h\u1ee3p ph\u00e1p: Tuy\u1ec7t \u0111\u1ed1i kh\u00f4ng s\u1eed d\u1ee5ng c\u00e1c ph\u01b0\u01a1ng th\u1ee9c b\u1ea5t h\u1ee3p ph\u00e1p trong qu\u00e1 tr\u00ecnh cung c\u1ea5p d\u1ecbch v\u1ee5 ho\u00e0n tr\u1ea3. Marketing minh b\u1ea1ch: Ch\u00fang t\u00f4i kh\u00f4ng tham gia v\u00e0o c\u00e1c ho\u1ea1t \u0111\u1ed9ng marketing \u1ea9n, ch\u1eb3ng h\u1ea1n nh\u01b0 s\u1eed d\u1ee5ng c\u00e1c trang web kh\u00e1c \u0111\u1ec3 t\u1ef1 t\u0103ng \u0111\u00e1nh gi\u00e1. \u0110\u1ed3ng th\u1eddi, ch\u00fang t\u00f4i kh\u00f4ng ti\u1ebfn h\u00e0nh ti\u1ebfp th\u1ecb ti\u00eau c\u1ef1c...","og_url":"https:\/\/taritali.com\/vi\/contact\/philosophy","og_site_name":"TariTali - L\u1ef1a ch\u1ecdn h\u00e0ng \u0111\u1ea7u cho ho\u00e0n tr\u1ea3 Forex","article_modified_time":"2024-09-16T09:02:42+00:00","twitter_card":"summary_large_image","twitter_misc":{"\u01af\u1edbc t\u00ednh th\u1eddi gian \u0111\u1ecdc":"4 ph\u00fat"},"schema":{"@context":"https:\/\/schema.org","@graph":[{"@type":"WebPage","@id":"https:\/\/taritali.com\/vi\/contact\/philosophy","url":"https:\/\/taritali.com\/vi\/contact\/philosophy","name":"Quan Ni\u1ec7m D\u1ecbch V\u1ee5 - TariTali - L\u1ef1a ch\u1ecdn h\u00e0ng \u0111\u1ea7u cho ho\u00e0n tr\u1ea3 Forex","isPartOf":{"@id":"https:\/\/taritali.com\/vi\/#website"},"datePublished":"2018-08-30T12:17:43+00:00","dateModified":"2024-09-16T09:02:42+00:00","breadcrumb":{"@id":"https:\/\/taritali.com\/vi\/contact\/philosophy#breadcrumb"},"inLanguage":"vi","potentialAction":[{"@type":"ReadAction","target":["https:\/\/taritali.com\/vi\/contact\/philosophy"]}]},{"@type":"BreadcrumbList","@id":"https:\/\/taritali.com\/vi\/contact\/philosophy#breadcrumb","itemListElement":[{"@type":"ListItem","position":1,"name":"Trang ch\u1ee7","item":"https:\/\/taritali.com\/vi\/"},{"@type":"ListItem","position":2,"name":"Li\u00ean h\u1ec7 v\u1edbi ch\u00fang t\u00f4i","item":"https:\/\/taritali.com\/vi\/contact"},{"@type":"ListItem","position":3,"name":"Quan Ni\u1ec7m D\u1ecbch V\u1ee5"}]},{"@type":"WebSite","@id":"https:\/\/taritali.com\/vi\/#website","url":"https:\/\/taritali.com\/vi\/","name":"TariTali - L\u1ef1a ch\u1ecdn h\u00e0ng \u0111\u1ea7u cho ho\u00e0n tr\u1ea3 Forex","description":"","publisher":{"@id":"https:\/\/taritali.com\/vi\/#organization"},"potentialAction":[{"@type":"SearchAction","target":{"@type":"EntryPoint","urlTemplate":"https:\/\/taritali.com\/vi\/?s={search_term_string}"},"query-input":"required name=search_term_string"}],"inLanguage":"vi"},{"@type":"Organization","@id":"https:\/\/taritali.com\/vi\/#organization","name":"TariTali - L\u1ef1a ch\u1ecdn h\u00e0ng \u0111\u1ea7u cho ho\u00e0n tr\u1ea3 Forex","url":"https:\/\/taritali.com\/vi\/","logo":{"@type":"ImageObject","inLanguage":"vi","@id":"https:\/\/taritali.com\/vi\/#\/schema\/logo\/image\/","url":"https:\/\/taritali.com\/vi\/wp-content\/uploads\/sites\/2\/2024\/01\/logo.png","contentUrl":"https:\/\/taritali.com\/vi\/wp-content\/uploads\/sites\/2\/2024\/01\/logo.png","width":215,"height":90,"caption":"TariTali - L\u1ef1a ch\u1ecdn h\u00e0ng \u0111\u1ea7u cho ho\u00e0n tr\u1ea3 Forex"},"image":{"@id":"https:\/\/taritali.com\/vi\/#\/schema\/logo\/image\/"}}]}},"_links":{"self":[{"href":"https:\/\/taritali.com\/vi\/wp-json\/wp\/v2\/pages\/4565"}],"collection":[{"href":"https:\/\/taritali.com\/vi\/wp-json\/wp\/v2\/pages"}],"about":[{"href":"https:\/\/taritali.com\/vi\/wp-json\/wp\/v2\/types\/page"}],"author":[{"embeddable":true,"href":"https:\/\/taritali.com\/vi\/wp-json\/wp\/v2\/users\/2"}],"replies":[{"embeddable":true,"href":"https:\/\/taritali.com\/vi\/wp-json\/wp\/v2\/comments?post=4565"}],"version-history":[{"count":1,"href":"https:\/\/taritali.com\/vi\/wp-json\/wp\/v2\/pages\/4565\/revisions"}],"predecessor-version":[{"id":33878,"href":"https:\/\/taritali.com\/vi\/wp-json\/wp\/v2\/pages\/4565\/revisions\/33878"}],"up":[{"embeddable":true,"href":"https:\/\/taritali.com\/vi\/wp-json\/wp\/v2\/pages\/26"}],"wp:attachment":[{"href":"https:\/\/taritali.com\/vi\/wp-json\/wp\/v2\/media?parent=4565"}],"wp:term":[{"taxonomy":"post_tag","embeddable":true,"href":"https:\/\/taritali.com\/vi\/wp-json\/wp\/v2\/tags?post=4565"}],"curies":[{"name":"wp","href":"https:\/\/api.w.org\/{rel}","templated":true}]}}