{"id":4660,"date":"2018-10-03T05:19:49","date_gmt":"2018-10-02T20:19:49","guid":{"rendered":"https:\/\/taritali.com\/?page_id=4660"},"modified":"2024-12-05T07:51:03","modified_gmt":"2024-12-04T23:51:03","slug":"autorebate","status":"publish","type":"page","link":"https:\/\/taritali.com\/vi\/xm\/autorebate","title":{"rendered":"\u3010XM\u3011\u0110\u0103ng k\u00fd ho\u00e0n tr\u1ea3 t\u1ef1 \u0111\u1ed9ng"},"content":{"rendered":"<p><span style=\"font-weight: 400\">\u203bN\u1ebfu b\u1ea1n mu\u1ed1n h\u1ee7y ch\u1ebf \u0111\u1ed9 ho\u00e0n ti\u1ec1n t\u1ef1 \u0111\u1ed9ng, h\u00e3y y\u00eau c\u1ea7u <\/span><a href=\"https:\/\/taritali.com\/vi\/xm\/unautorebate\"><span style=\"font-weight: 400\">t\u1ea1i \u0111\u00e2y<\/span><\/a><span style=\"font-weight: 400\">.<\/span><\/p>\n<p><span style=\"font-weight: 400\">T\u00e0i kho\u1ea3n ho\u00e0n ti\u1ec1n t\u1ef1 \u0111\u1ed9ng s\u1ebd c\u00f3 m\u1ee9c ho\u00e0n ti\u1ec1n nh\u01b0 sau:<\/span><\/p>\n<div class=\"scroll-table\">\n<table style=\"width: 275px\">\n<tbody>\n<tr>\n<td style=\"width: 275px\" colspan=\"2\"><b>Lo\u1ea1i t\u00e0i kho\u1ea3n<\/b><\/td>\n<\/tr>\n<tr>\n<td style=\"width: 216px\"><b>T\u00e0i kho\u1ea3n Standard (STP)<\/b><\/td>\n<td style=\"width: 59px\"><span style=\"font-weight: 400\">9USD<\/span><\/td>\n<\/tr>\n<tr>\n<td style=\"width: 216px\"><b>T\u00e0i kho\u1ea3n Micro (STP)<\/b><\/td>\n<td style=\"width: 59px\"><span style=\"font-weight: 400\">9USD<\/span><\/td>\n<\/tr>\n<tr>\n<td style=\"width: 216px\"><b>T\u00e0i kho\u1ea3n ZERO (ECN)<\/b><\/td>\n<td style=\"width: 59px\"><span style=\"font-weight: 400\">4.5USD<\/span><\/td>\n<\/tr>\n<\/tbody>\n<\/table>\n<\/div>\n<p>&nbsp;<\/p>\n<p><span style=\"font-weight: 400\">Sau khi b\u1ea1n \u0111\u0103ng k\u00fd t\u00e0i kho\u1ea3n ho\u00e0n tr\u1ea3 t\u1ef1 \u0111\u1ed9ng, s\u1ed1 ti\u1ec1n ho\u00e0n l\u1ea1i s\u1ebd \u0111\u01b0\u1ee3c XM chuy\u1ec3n tr\u1ef1c ti\u1ebfp v\u00e0o MyWallet t\u1eeb c\u00e1c giao d\u1ecbch th\u1ef1c hi\u1ec7n sau ng\u00e0y ch\u1ec9 \u0111\u1ecbnh.<\/span><\/p>\n<p><span style=\"font-weight: 400\">L\u01b0u \u00fd: n\u1ebfu b\u1ea1n ch\u01b0a \u0111\u1ed3ng \u00fd v\u1edbi c\u00e1c \u0111i\u1ec1u kho\u1ea3n li\u00ean quan tr\u00ean trang th\u00e0nh vi\u00ean XM, b\u1ea1n s\u1ebd kh\u00f4ng th\u1ec3 k\u00edch ho\u1ea1t ch\u1ebf \u0111\u1ed9 ho\u00e0n ti\u1ec1n t\u1ef1 \u0111\u1ed9ng.<\/span><\/p>\n<h2><b>\u01afu \u0111i\u1ec3m<\/b><\/h2>\n<p><span style=\"font-weight: 400\">T\u00e0i kho\u1ea3n ho\u00e0n tr\u1ea3 t\u1ef1 \u0111\u1ed9ng c\u00f3 t\u1ef7 l\u1ec7 ho\u00e0n ti\u1ec1n cao h\u01a1n so v\u1edbi t\u00e0i kho\u1ea3n th\u00f4ng th\u01b0\u1eddng v\u00e0 kh\u00f4ng y\u00eau c\u1ea7u b\u1ea1n ph\u1ea3i \u0111\u0103ng k\u00fd th\u00f4ng tin t\u00e0i kho\u1ea3n ng\u00e2n h\u00e0ng tr\u00ean TariTali.<\/span><\/p>\n<p><span style=\"font-weight: 400\">XM s\u1ebd tr\u1ef1c ti\u1ebfp chuy\u1ec3n s\u1ed1 ti\u1ec1n ho\u00e0n l\u1ea1i v\u00e0o MyWallet c\u1ee7a b\u1ea1n, gi\u00fap ti\u1ebft ki\u1ec7m chi ph\u00ed n\u1ea1p ti\u1ec1n khi b\u1ea1n s\u1eed d\u1ee5ng s\u1ed1 ti\u1ec1n n\u00e0y \u0111\u1ec3 giao d\u1ecbch.<\/span><\/p>\n<h2><b>Nh\u01b0\u1ee3c \u0111i\u1ec3m<\/b><\/h2>\n<p><span style=\"font-weight: 400\">Khi mu\u1ed1n r\u00fat ti\u1ec1n, b\u1ea1n c\u1ea7n chuy\u1ec3n s\u1ed1 ti\u1ec1n ho\u00e0n tr\u1ea3 t\u1eeb MyWallet sang t\u00e0i kho\u1ea3n giao d\u1ecbch tr\u01b0\u1edbc v\u00e0 ph\u00ed chuy\u1ec3n kho\u1ea3n s\u1ebd b\u1ecb tr\u1eeb khi r\u00fat ti\u1ec1n.<\/span><\/p>\n<p><span style=\"font-weight: 400\">L\u01b0u \u00fd: n\u1ebfu t\u00e0i kho\u1ea3n giao d\u1ecbch c\u00f3 ph\u1ea7n th\u01b0\u1edfng t\u00edn d\u1ee5ng, s\u1ed1 ti\u1ec1n ph\u1ea7n th\u01b0\u1edfng c\u00f3 th\u1ec3 b\u1ecb m\u1ea5t \u0111i theo t\u1ef7 l\u1ec7 r\u00fat ti\u1ec1n.<\/span><\/p>\n<h2><b>Bi\u1ec3u m\u1eabu \u0111\u0103ng k\u00fd ho\u00e0n ti\u1ec1n t\u1ef1 \u0111\u1ed9ng<\/b><\/h2>\n\n<div class=\"wpcf7 no-js\" id=\"wpcf7-f4825-o1\" lang=\"ja\" dir=\"ltr\">\n<div class=\"screen-reader-response\"><p role=\"status\" aria-live=\"polite\" aria-atomic=\"true\"><\/p> <ul><\/ul><\/div>\n<form action=\"\/vi\/wp-json\/wp\/v2\/pages\/4660#wpcf7-f4825-o1\" method=\"post\" class=\"wpcf7-form init\" aria-label=\"\u30b3\u30f3\u30bf\u30af\u30c8\u30d5\u30a9\u30fc\u30e0\" novalidate=\"novalidate\" data-status=\"init\">\n<div style=\"display: none;\">\n<input type=\"hidden\" name=\"_wpcf7\" value=\"4825\" \/>\n<input type=\"hidden\" name=\"_wpcf7_version\" value=\"5.8.1\" \/>\n<input type=\"hidden\" name=\"_wpcf7_locale\" value=\"ja\" \/>\n<input type=\"hidden\" name=\"_wpcf7_unit_tag\" value=\"wpcf7-f4825-o1\" \/>\n<input type=\"hidden\" name=\"_wpcf7_container_post\" value=\"0\" \/>\n<input type=\"hidden\" name=\"_wpcf7_posted_data_hash\" value=\"\" \/>\n<input type=\"hidden\" name=\"_wpcf7_recaptcha_response\" value=\"\" \/>\n<\/div>\n<p><label> H\u1ecd t\u00ean (b\u1eaft bu\u1ed9c)<br \/>\n<span class=\"wpcf7-form-control-wrap\" data-name=\"your-name\"><input size=\"40\" class=\"wpcf7-form-control wpcf7-text wpcf7-validates-as-required\" aria-required=\"true\" aria-invalid=\"false\" value=\"\" type=\"text\" name=\"your-name\" \/><\/span> <\/label>\n<\/p>\n<p><label> Email (b\u1eaft bu\u1ed9c)<br \/>\n<span class=\"wpcf7-form-control-wrap\" data-name=\"your-email\"><input size=\"40\" class=\"wpcf7-form-control wpcf7-email wpcf7-validates-as-required wpcf7-text wpcf7-validates-as-email\" aria-required=\"true\" aria-invalid=\"false\" value=\"\" type=\"email\" name=\"your-email\" \/><\/span> <\/label>\n<\/p>\n<p><label> T\u00e0i kho\u1ea3n giao d\u1ecbch (b\u1eaft bu\u1ed9c)<br \/>\n<span class=\"wpcf7-form-control-wrap\" data-name=\"your-account\"><input class=\"wpcf7-form-control wpcf7-number wpcf7-validates-as-required wpcf7-validates-as-number\" aria-required=\"true\" aria-invalid=\"false\" value=\"\" type=\"number\" name=\"your-account\" \/><\/span> <\/label>\n<\/p>\n<p><input class=\"wpcf7-form-control wpcf7-submit has-spinner\" type=\"submit\" value=\"G\u1eedi\" \/>\n<\/p><p style=\"display: none !important;\"><label>&#916;<textarea name=\"_wpcf7_ak_hp_textarea\" cols=\"45\" rows=\"8\" maxlength=\"100\"><\/textarea><\/label><input type=\"hidden\" id=\"ak_js_1\" name=\"_wpcf7_ak_js\" value=\"229\"\/><script>document.getElementById( \"ak_js_1\" ).setAttribute( \"value\", ( new Date() ).getTime() );<\/script><\/p><div class=\"wpcf7-response-output\" aria-hidden=\"true\"><\/div>\n<\/form>\n<\/div>\n\n","protected":false},"excerpt":{"rendered":"<p>\u203bN\u1ebfu b\u1ea1n mu\u1ed1n h\u1ee7y ch\u1ebf \u0111\u1ed9 ho\u00e0n ti\u1ec1n t\u1ef1 \u0111\u1ed9ng, h\u00e3y y\u00eau c\u1ea7u t\u1ea1i \u0111\u00e2y. T\u00e0i kho\u1ea3n ho\u00e0n ti\u1ec1n t\u1ef1 \u0111\u1ed9ng s\u1ebd c\u00f3 m\u1ee9c ho\u00e0n ti\u1ec1n nh\u01b0 sau: Lo\u1ea1i t\u00e0i kho\u1ea3n T\u00e0i kho\u1ea3n Standard (STP) 9USD T\u00e0i kho\u1ea3n Micro (STP) 9USD T\u00e0i kho\u1ea3n ZERO (ECN) 4.5USD &nbsp; Sau khi b\u1ea1n \u0111\u0103ng k\u00fd t\u00e0i kho\u1ea3n ho\u00e0n tr\u1ea3 t\u1ef1 \u0111\u1ed9ng, s\u1ed1 ti\u1ec1n ho\u00e0n l\u1ea1i s\u1ebd \u0111\u01b0\u1ee3c XM chuy\u1ec3n tr\u1ef1c ti\u1ebfp v\u00e0o MyWallet t\u1eeb c\u00e1c giao d\u1ecbch th\u1ef1c hi\u1ec7n sau ng\u00e0y ch\u1ec9 \u0111\u1ecbnh. L\u01b0u \u00fd: n\u1ebfu b\u1ea1n ch\u01b0a \u0111\u1ed3ng \u00fd v\u1edbi c\u00e1c \u0111i\u1ec1u kho\u1ea3n li\u00ean quan tr\u00ean trang th\u00e0nh vi\u00ean XM, b\u1ea1n s\u1ebd kh\u00f4ng th\u1ec3 k\u00edch ho\u1ea1t ch\u1ebf \u0111\u1ed9 ho\u00e0n ti\u1ec1n t\u1ef1 \u0111\u1ed9ng.\u30fb\u30fb\u30fb<\/p>\n","protected":false},"author":2,"featured_media":0,"parent":5127,"menu_order":0,"comment_status":"closed","ping_status":"closed","template":"","meta":{"footnotes":""},"yoast_head":"<!-- This site is optimized with the Yoast SEO plugin v23.1 - https:\/\/yoast.com\/wordpress\/plugins\/seo\/ -->\n<title>\u3010XM\u3011\u0110\u0103ng k\u00fd ho\u00e0n tr\u1ea3 t\u1ef1 \u0111\u1ed9ng - TariTali - L\u1ef1a ch\u1ecdn h\u00e0ng \u0111\u1ea7u cho ho\u00e0n tr\u1ea3 Forex<\/title>\n<meta name=\"robots\" content=\"index, follow, max-snippet:-1, max-image-preview:large, max-video-preview:-1\" \/>\n<link rel=\"canonical\" href=\"https:\/\/taritali.com\/vi\/xm\/autorebate\" \/>\n<meta property=\"og:locale\" content=\"vi_VN\" \/>\n<meta property=\"og:type\" content=\"article\" \/>\n<meta property=\"og:title\" content=\"\u3010XM\u3011\u0110\u0103ng k\u00fd ho\u00e0n tr\u1ea3 t\u1ef1 \u0111\u1ed9ng - TariTali - L\u1ef1a ch\u1ecdn h\u00e0ng \u0111\u1ea7u cho ho\u00e0n tr\u1ea3 Forex\" \/>\n<meta property=\"og:description\" content=\"\u203bN\u1ebfu b\u1ea1n mu\u1ed1n h\u1ee7y ch\u1ebf \u0111\u1ed9 ho\u00e0n ti\u1ec1n t\u1ef1 \u0111\u1ed9ng, h\u00e3y y\u00eau c\u1ea7u t\u1ea1i \u0111\u00e2y. T\u00e0i kho\u1ea3n ho\u00e0n ti\u1ec1n t\u1ef1 \u0111\u1ed9ng s\u1ebd c\u00f3 m\u1ee9c ho\u00e0n ti\u1ec1n nh\u01b0 sau: Lo\u1ea1i t\u00e0i kho\u1ea3n T\u00e0i kho\u1ea3n Standard (STP) 9USD T\u00e0i kho\u1ea3n Micro (STP) 9USD T\u00e0i kho\u1ea3n ZERO (ECN) 4.5USD &nbsp; Sau khi b\u1ea1n \u0111\u0103ng k\u00fd t\u00e0i kho\u1ea3n ho\u00e0n tr\u1ea3 t\u1ef1 \u0111\u1ed9ng, s\u1ed1 ti\u1ec1n ho\u00e0n l\u1ea1i s\u1ebd \u0111\u01b0\u1ee3c XM chuy\u1ec3n tr\u1ef1c ti\u1ebfp v\u00e0o MyWallet t\u1eeb c\u00e1c giao d\u1ecbch th\u1ef1c hi\u1ec7n sau ng\u00e0y ch\u1ec9 \u0111\u1ecbnh. L\u01b0u \u00fd: n\u1ebfu b\u1ea1n ch\u01b0a \u0111\u1ed3ng \u00fd v\u1edbi c\u00e1c \u0111i\u1ec1u kho\u1ea3n li\u00ean quan tr\u00ean trang th\u00e0nh vi\u00ean XM, b\u1ea1n s\u1ebd kh\u00f4ng th\u1ec3 k\u00edch ho\u1ea1t ch\u1ebf \u0111\u1ed9 ho\u00e0n ti\u1ec1n t\u1ef1 \u0111\u1ed9ng.\u30fb\u30fb\u30fb\" \/>\n<meta property=\"og:url\" content=\"https:\/\/taritali.com\/vi\/xm\/autorebate\" \/>\n<meta property=\"og:site_name\" content=\"TariTali - L\u1ef1a ch\u1ecdn h\u00e0ng \u0111\u1ea7u cho ho\u00e0n tr\u1ea3 Forex\" \/>\n<meta property=\"article:modified_time\" content=\"2024-12-04T23:51:03+00:00\" \/>\n<meta name=\"twitter:card\" content=\"summary_large_image\" \/>\n<meta name=\"twitter:label1\" content=\"\u01af\u1edbc t\u00ednh th\u1eddi gian \u0111\u1ecdc\" \/>\n\t<meta name=\"twitter:data1\" content=\"3 ph\u00fat\" \/>\n<script type=\"application\/ld+json\" class=\"yoast-schema-graph\">{\"@context\":\"https:\/\/schema.org\",\"@graph\":[{\"@type\":\"WebPage\",\"@id\":\"https:\/\/taritali.com\/vi\/xm\/autorebate\",\"url\":\"https:\/\/taritali.com\/vi\/xm\/autorebate\",\"name\":\"\u3010XM\u3011\u0110\u0103ng k\u00fd ho\u00e0n tr\u1ea3 t\u1ef1 \u0111\u1ed9ng - TariTali - L\u1ef1a ch\u1ecdn h\u00e0ng \u0111\u1ea7u cho ho\u00e0n tr\u1ea3 Forex\",\"isPartOf\":{\"@id\":\"https:\/\/taritali.com\/vi\/#website\"},\"datePublished\":\"2018-10-02T20:19:49+00:00\",\"dateModified\":\"2024-12-04T23:51:03+00:00\",\"breadcrumb\":{\"@id\":\"https:\/\/taritali.com\/vi\/xm\/autorebate#breadcrumb\"},\"inLanguage\":\"vi\",\"potentialAction\":[{\"@type\":\"ReadAction\",\"target\":[\"https:\/\/taritali.com\/vi\/xm\/autorebate\"]}]},{\"@type\":\"BreadcrumbList\",\"@id\":\"https:\/\/taritali.com\/vi\/xm\/autorebate#breadcrumb\",\"itemListElement\":[{\"@type\":\"ListItem\",\"position\":1,\"name\":\"Trang ch\u1ee7\",\"item\":\"https:\/\/taritali.com\/vi\/\"},{\"@type\":\"ListItem\",\"position\":2,\"name\":\"\u0110\u0103ng k\u00fd t\u00e0i kho\u1ea3n ho\u00e0n tr\u1ea3 XM (XM Global)\",\"item\":\"https:\/\/taritali.com\/vi\/xm\"},{\"@type\":\"ListItem\",\"position\":3,\"name\":\"\u3010XM\u3011\u0110\u0103ng k\u00fd ho\u00e0n tr\u1ea3 t\u1ef1 \u0111\u1ed9ng\"}]},{\"@type\":\"WebSite\",\"@id\":\"https:\/\/taritali.com\/vi\/#website\",\"url\":\"https:\/\/taritali.com\/vi\/\",\"name\":\"TariTali - L\u1ef1a ch\u1ecdn h\u00e0ng \u0111\u1ea7u cho ho\u00e0n tr\u1ea3 Forex\",\"description\":\"\",\"publisher\":{\"@id\":\"https:\/\/taritali.com\/vi\/#organization\"},\"potentialAction\":[{\"@type\":\"SearchAction\",\"target\":{\"@type\":\"EntryPoint\",\"urlTemplate\":\"https:\/\/taritali.com\/vi\/?s={search_term_string}\"},\"query-input\":\"required name=search_term_string\"}],\"inLanguage\":\"vi\"},{\"@type\":\"Organization\",\"@id\":\"https:\/\/taritali.com\/vi\/#organization\",\"name\":\"TariTali - L\u1ef1a ch\u1ecdn h\u00e0ng \u0111\u1ea7u cho ho\u00e0n tr\u1ea3 Forex\",\"url\":\"https:\/\/taritali.com\/vi\/\",\"logo\":{\"@type\":\"ImageObject\",\"inLanguage\":\"vi\",\"@id\":\"https:\/\/taritali.com\/vi\/#\/schema\/logo\/image\/\",\"url\":\"https:\/\/taritali.com\/vi\/wp-content\/uploads\/sites\/2\/2024\/01\/logo.png\",\"contentUrl\":\"https:\/\/taritali.com\/vi\/wp-content\/uploads\/sites\/2\/2024\/01\/logo.png\",\"width\":215,\"height\":90,\"caption\":\"TariTali - L\u1ef1a ch\u1ecdn h\u00e0ng \u0111\u1ea7u cho ho\u00e0n tr\u1ea3 Forex\"},\"image\":{\"@id\":\"https:\/\/taritali.com\/vi\/#\/schema\/logo\/image\/\"}}]}<\/script>\n<!-- \/ Yoast SEO plugin. -->","yoast_head_json":{"title":"\u3010XM\u3011\u0110\u0103ng k\u00fd ho\u00e0n tr\u1ea3 t\u1ef1 \u0111\u1ed9ng - TariTali - L\u1ef1a ch\u1ecdn h\u00e0ng \u0111\u1ea7u cho ho\u00e0n tr\u1ea3 Forex","robots":{"index":"index","follow":"follow","max-snippet":"max-snippet:-1","max-image-preview":"max-image-preview:large","max-video-preview":"max-video-preview:-1"},"canonical":"https:\/\/taritali.com\/vi\/xm\/autorebate","og_locale":"vi_VN","og_type":"article","og_title":"\u3010XM\u3011\u0110\u0103ng k\u00fd ho\u00e0n tr\u1ea3 t\u1ef1 \u0111\u1ed9ng - TariTali - L\u1ef1a ch\u1ecdn h\u00e0ng \u0111\u1ea7u cho ho\u00e0n tr\u1ea3 Forex","og_description":"\u203bN\u1ebfu b\u1ea1n mu\u1ed1n h\u1ee7y ch\u1ebf \u0111\u1ed9 ho\u00e0n ti\u1ec1n t\u1ef1 \u0111\u1ed9ng, h\u00e3y y\u00eau c\u1ea7u t\u1ea1i \u0111\u00e2y. T\u00e0i kho\u1ea3n ho\u00e0n ti\u1ec1n t\u1ef1 \u0111\u1ed9ng s\u1ebd c\u00f3 m\u1ee9c ho\u00e0n ti\u1ec1n nh\u01b0 sau: Lo\u1ea1i t\u00e0i kho\u1ea3n T\u00e0i kho\u1ea3n Standard (STP) 9USD T\u00e0i kho\u1ea3n Micro (STP) 9USD T\u00e0i kho\u1ea3n ZERO (ECN) 4.5USD &nbsp; Sau khi b\u1ea1n \u0111\u0103ng k\u00fd t\u00e0i kho\u1ea3n ho\u00e0n tr\u1ea3 t\u1ef1 \u0111\u1ed9ng, s\u1ed1 ti\u1ec1n ho\u00e0n l\u1ea1i s\u1ebd \u0111\u01b0\u1ee3c XM chuy\u1ec3n tr\u1ef1c ti\u1ebfp v\u00e0o MyWallet t\u1eeb c\u00e1c giao d\u1ecbch th\u1ef1c hi\u1ec7n sau ng\u00e0y ch\u1ec9 \u0111\u1ecbnh. L\u01b0u \u00fd: n\u1ebfu b\u1ea1n ch\u01b0a \u0111\u1ed3ng \u00fd v\u1edbi c\u00e1c \u0111i\u1ec1u kho\u1ea3n li\u00ean quan tr\u00ean trang th\u00e0nh vi\u00ean XM, b\u1ea1n s\u1ebd kh\u00f4ng th\u1ec3 k\u00edch ho\u1ea1t ch\u1ebf \u0111\u1ed9 ho\u00e0n ti\u1ec1n t\u1ef1 \u0111\u1ed9ng.\u30fb\u30fb\u30fb","og_url":"https:\/\/taritali.com\/vi\/xm\/autorebate","og_site_name":"TariTali - L\u1ef1a ch\u1ecdn h\u00e0ng \u0111\u1ea7u cho ho\u00e0n tr\u1ea3 Forex","article_modified_time":"2024-12-04T23:51:03+00:00","twitter_card":"summary_large_image","twitter_misc":{"\u01af\u1edbc t\u00ednh th\u1eddi gian \u0111\u1ecdc":"3 ph\u00fat"},"schema":{"@context":"https:\/\/schema.org","@graph":[{"@type":"WebPage","@id":"https:\/\/taritali.com\/vi\/xm\/autorebate","url":"https:\/\/taritali.com\/vi\/xm\/autorebate","name":"\u3010XM\u3011\u0110\u0103ng k\u00fd ho\u00e0n tr\u1ea3 t\u1ef1 \u0111\u1ed9ng - TariTali - L\u1ef1a ch\u1ecdn h\u00e0ng \u0111\u1ea7u cho ho\u00e0n tr\u1ea3 Forex","isPartOf":{"@id":"https:\/\/taritali.com\/vi\/#website"},"datePublished":"2018-10-02T20:19:49+00:00","dateModified":"2024-12-04T23:51:03+00:00","breadcrumb":{"@id":"https:\/\/taritali.com\/vi\/xm\/autorebate#breadcrumb"},"inLanguage":"vi","potentialAction":[{"@type":"ReadAction","target":["https:\/\/taritali.com\/vi\/xm\/autorebate"]}]},{"@type":"BreadcrumbList","@id":"https:\/\/taritali.com\/vi\/xm\/autorebate#breadcrumb","itemListElement":[{"@type":"ListItem","position":1,"name":"Trang ch\u1ee7","item":"https:\/\/taritali.com\/vi\/"},{"@type":"ListItem","position":2,"name":"\u0110\u0103ng k\u00fd t\u00e0i kho\u1ea3n ho\u00e0n tr\u1ea3 XM (XM Global)","item":"https:\/\/taritali.com\/vi\/xm"},{"@type":"ListItem","position":3,"name":"\u3010XM\u3011\u0110\u0103ng k\u00fd ho\u00e0n tr\u1ea3 t\u1ef1 \u0111\u1ed9ng"}]},{"@type":"WebSite","@id":"https:\/\/taritali.com\/vi\/#website","url":"https:\/\/taritali.com\/vi\/","name":"TariTali - L\u1ef1a ch\u1ecdn h\u00e0ng \u0111\u1ea7u cho ho\u00e0n tr\u1ea3 Forex","description":"","publisher":{"@id":"https:\/\/taritali.com\/vi\/#organization"},"potentialAction":[{"@type":"SearchAction","target":{"@type":"EntryPoint","urlTemplate":"https:\/\/taritali.com\/vi\/?s={search_term_string}"},"query-input":"required name=search_term_string"}],"inLanguage":"vi"},{"@type":"Organization","@id":"https:\/\/taritali.com\/vi\/#organization","name":"TariTali - L\u1ef1a ch\u1ecdn h\u00e0ng \u0111\u1ea7u cho ho\u00e0n tr\u1ea3 Forex","url":"https:\/\/taritali.com\/vi\/","logo":{"@type":"ImageObject","inLanguage":"vi","@id":"https:\/\/taritali.com\/vi\/#\/schema\/logo\/image\/","url":"https:\/\/taritali.com\/vi\/wp-content\/uploads\/sites\/2\/2024\/01\/logo.png","contentUrl":"https:\/\/taritali.com\/vi\/wp-content\/uploads\/sites\/2\/2024\/01\/logo.png","width":215,"height":90,"caption":"TariTali - L\u1ef1a ch\u1ecdn h\u00e0ng \u0111\u1ea7u cho ho\u00e0n tr\u1ea3 Forex"},"image":{"@id":"https:\/\/taritali.com\/vi\/#\/schema\/logo\/image\/"}}]}},"_links":{"self":[{"href":"https:\/\/taritali.com\/vi\/wp-json\/wp\/v2\/pages\/4660"}],"collection":[{"href":"https:\/\/taritali.com\/vi\/wp-json\/wp\/v2\/pages"}],"about":[{"href":"https:\/\/taritali.com\/vi\/wp-json\/wp\/v2\/types\/page"}],"author":[{"embeddable":true,"href":"https:\/\/taritali.com\/vi\/wp-json\/wp\/v2\/users\/2"}],"replies":[{"embeddable":true,"href":"https:\/\/taritali.com\/vi\/wp-json\/wp\/v2\/comments?post=4660"}],"version-history":[{"count":4,"href":"https:\/\/taritali.com\/vi\/wp-json\/wp\/v2\/pages\/4660\/revisions"}],"predecessor-version":[{"id":34578,"href":"https:\/\/taritali.com\/vi\/wp-json\/wp\/v2\/pages\/4660\/revisions\/34578"}],"up":[{"embeddable":true,"href":"https:\/\/taritali.com\/vi\/wp-json\/wp\/v2\/pages\/5127"}],"wp:attachment":[{"href":"https:\/\/taritali.com\/vi\/wp-json\/wp\/v2\/media?parent=4660"}],"curies":[{"name":"wp","href":"https:\/\/api.w.org\/{rel}","templated":true}]}}