{"id":5407,"date":"2019-05-06T10:54:40","date_gmt":"2019-05-06T01:54:40","guid":{"rendered":"https:\/\/taritali.com\/?page_id=5407"},"modified":"2024-11-28T12:14:27","modified_gmt":"2024-11-28T04:14:27","slug":"opening","status":"publish","type":"page","link":"https:\/\/taritali.com\/vi\/xm\/opening","title":{"rendered":"H\u01b0\u1edbng d\u1eabn \u0111\u0103ng k\u00fd t\u00e0i kho\u1ea3n m\u1edbi t\u1ea1i XM\uff08XM Global\uff09"},"content":{"rendered":"<p>&nbsp;<\/p>\n<p><span style=\"font-weight: 400\">Ch\u00fang t\u00f4i s\u1ebd h\u01b0\u1edbng d\u1eabn c\u00e1ch m\u1edf t\u00e0i kho\u1ea3n ho\u00e0n ti\u1ec1n m\u1edbi XM (XM Global) th\u00f4ng qua trang web TariTali, c\u0169ng nh\u01b0 c\u00e1ch \u0111\u0103ng k\u00fd t\u00e0i kho\u1ea3n.<\/span><\/p>\n<p><span style=\"font-weight: 400\">Khi m\u1edf t\u00e0i kho\u1ea3n, b\u1ea1n c\u1ea7n chu\u1ea9n b\u1ecb m\u1ed9t b\u1ea3n sao c\u1ee7a c\u00e1c gi\u1ea5y t\u1edd x\u00e1c minh danh t\u00ednh v\u00e0 gi\u1ea5y t\u1edd ch\u1ee9ng minh \u0111\u1ecba ch\u1ec9.<\/span><\/p>\n<p><span style=\"font-weight: 400\">Ch\u00fang t\u00f4i khuy\u1ebfn ngh\u1ecb b\u1ea1n n\u00ean chu\u1ea9n b\u1ecb s\u1eb5n nh\u1eefng gi\u1ea5y t\u1edd n\u00e0y tr\u01b0\u1edbc \u0111\u1ec3 c\u00f3 th\u1ec3 t\u1ea3i l\u00ean m\u1ed9t c\u00e1ch su\u00f4n s\u1ebb. <\/span><\/p>\n<p>&nbsp;<\/p>\n<div class=\"su-row\"> <div class=\"su-column su-column-size-1-2 colum_center\"><div class=\"su-column-inner su-u-clearfix su-u-trim\">\n<div style=\"padding: 10px;border-radius: 10px;background: #EEE\">\n<p><b>Gi\u1ea5y t\u1edd x\u00e1c minh danh t\u00ednh (t\u00e0i li\u1ec7u m\u00e0u c\u00f2n hi\u1ec7u l\u1ef1c)<\/b><\/p>\n<ul>\n<li style=\"font-weight: 400\"><span style=\"font-weight: 400\">H\u1ed9 chi\u1ebfu<\/span><\/li>\n<li style=\"font-weight: 400\"><span style=\"font-weight: 400\">Gi\u1ea5y ph\u00e9p l\u00e1i xe<\/span><\/li>\n<li style=\"font-weight: 400\"><span style=\"font-weight: 400\">Th\u1ebb c\u0103n c\u01b0\u1edbc c\u00f4ng d\u00e2n<\/span><\/li>\n<\/ul>\n<\/div>\n<\/div><\/div> <div class=\"su-column su-column-size-1-2 colum_center\"><div class=\"su-column-inner su-u-clearfix su-u-trim\">\n<div style=\"padding: 10px;border-radius: 10px;background: #EEE\">\n<p><b>Gi\u1ea5y t\u1edd ch\u1ee9ng minh \u0111\u1ecba ch\u1ec9<\/b><\/p>\n<ul>\n<li style=\"font-weight: 400\"><span style=\"font-weight: 400\">H\u00f3a \u0111\u01a1n ti\u1ec7n \u00edch c\u00f4ng c\u1ed9ng, sao k\u00ea giao d\u1ecbch ng\u00e2n h\u00e0ng (\u0111\u01b0\u1ee3c ph\u00e1t h\u00e0nh trong v\u00f2ng 3 th\u00e1ng)<\/span><\/li>\n<li style=\"font-weight: 400\"><span style=\"font-weight: 400\">B\u1ea3n sao h\u1ed9 kh\u1ea9u (\u0111\u01b0\u1ee3c ph\u00e1t h\u00e0nh trong v\u00f2ng 3 th\u00e1ng), th\u00f4ng b\u00e1o n\u1ed9p thu\u1ebf c\u01b0 tr\u00fa, h\u1ee3p \u0111\u1ed3ng thu\u00ea nh\u00e0<\/span><\/li>\n<li style=\"font-weight: 400\"><span style=\"font-weight: 400\">Th\u1ebb c\u0103n c\u01b0\u1edbc c\u00f4ng d\u00e2n, gi\u1ea5y ph\u00e9p l\u00e1i xe qu\u1ed1c t\u1ebf<\/span><\/li>\n<li style=\"font-weight: 400\"><span style=\"font-weight: 400\">Gi\u1ea5y ch\u1ee9ng nh\u1eadn l\u01b0\u01a1ng h\u01b0u, th\u1ebb b\u1ea3o hi\u1ec3m y t\u1ebf<\/span><\/li>\n<\/ul>\n<\/div>\n<\/div><\/div> <\/div>\n<h2><b>H\u01b0\u1edbng d\u1eabn \u0111\u0103ng k\u00fd t\u00e0i kho\u1ea3n ho\u00e0n tr\u1ea3<\/b><\/h2>\n<p><span style=\"font-weight: 400\">Vui l\u00f2ng nh\u1ea5p v\u00e0o n\u00fat li\u00ean k\u1ebft d\u01b0\u1edbi \u0111\u00e2y \u0111\u1ec3 m\u1edf trang \u0111\u0103ng k\u00fd t\u00e0i kho\u1ea3n c\u1ee7a XM (XM Global).<\/span><\/p>\n<p>&nbsp;<\/p>\n<div class=\"su-row\"> <div class=\"su-column su-column-size-1-1 colum_center\"><div class=\"su-column-inner su-u-clearfix su-u-trim\"><a class=\"maxbutton-5 maxbutton maxbutton-xme381aee696b0e8a68fe58fa3e5baa7e9968be8a8ad\" target=\"_blank\" rel=\"noopener\" href=\"https:\/\/clicks.pipaffiliates.com\/c?c=71516&#038;l=vi&#038;p=1\"><span class='mb-text'>\u0110\u0103ng k\u00fd t\u00e0i kho\u1ea3n<\/span><\/a> <\/div><\/div> <\/div>\n<h3><b>\u0110\u0103ng k\u00fd v\u00e0 x\u00e1c nh\u1eadn Email<\/b><\/h3>\n<p><span style=\"font-weight: 400\">Vui l\u00f2ng nh\u1eadp th\u00f4ng tin c\u1ee7a b\u1ea1n v\u00e0o m\u00e0n h\u00ecnh d\u01b0\u1edbi \u0111\u00e2y.<\/span><\/p>\n<p><img fetchpriority=\"high\" decoding=\"async\" class=\"size-full wp-image-34486 aligncenter\" src=\"https:\/\/taritali.com\/vi\/wp-content\/uploads\/sites\/2\/2024\/11\/1-4.jpg\" alt=\"\" width=\"708\" height=\"943\" \/><\/p>\n<p>&nbsp;<\/p>\n<p><span style=\"font-weight: 400\">M\u1edf email \u0111\u00e3 \u0111\u0103ng k\u00fd v\u00e0 nh\u1ea5p v\u00e0o &#8220;X\u00e1c nh\u1eadn&#8221; \u0111\u1ecba ch\u1ec9 email. Sau khi x\u00e1c nh\u1eadn \u0111\u1ecba ch\u1ec9 email, b\u1ea1n c\u00f3 th\u1ec3 \u0111\u0103ng nh\u1eadp v\u00e0o trang th\u00e0nh vi\u00ean c\u1ee7a XM Global.<\/span><\/p>\n<p>Xin l\u01b0u \u00fd r\u1eb1ng email n\u00e0y s\u1ebd h\u1ebft h\u1ea1n trong v\u00f2ng 24 gi\u1edd.<\/p>\n<p><img decoding=\"async\" class=\"size-full wp-image-34487 aligncenter\" src=\"https:\/\/taritali.com\/vi\/wp-content\/uploads\/sites\/2\/2024\/11\/2-4.jpg\" alt=\"\" width=\"980\" height=\"788\" \/><\/p>\n<p>Sau \u0111\u00f3 h\u00e3y \u0111\u0103ng nh\u1eadp v\u00e0o t\u00e0i kho\u1ea3n XM v\u00e0 nh\u1ea5p ch\u1ecdn &#8220;M\u1edf t\u00e0i kho\u1ea3n th\u1ef1c&#8221;.<\/p>\n<p><img decoding=\"async\" class=\"size-full wp-image-34488 aligncenter\" src=\"https:\/\/taritali.com\/vi\/wp-content\/uploads\/sites\/2\/2024\/11\/3-4.jpg\" alt=\"\" width=\"1822\" height=\"824\" \/><\/p>\n<h3><b>Nh\u1eadp th\u00f4ng tin c\u00e1 nh\u00e2n<\/b><\/h3>\n<p><span style=\"font-weight: 400\">Sau khi ho\u00e0n t\u1ea5t vi\u1ec7c \u0111\u0103ng k\u00fd t\u00e0i kho\u1ea3n v\u00e0 \u0111\u0103ng nh\u1eadp vui l\u00f2ng nh\u1eadp c\u00e1c th\u00f4ng tin c\u00e1 nh\u00e2n theo y\u00eau c\u1ea7u v\u00e0 ch\u1ecdn &#8220;ti\u1ebfp t\u1ee5c&#8221;.<\/span><\/p>\n<p><img loading=\"lazy\" decoding=\"async\" class=\"size-full wp-image-34489 aligncenter\" src=\"https:\/\/taritali.com\/vi\/wp-content\/uploads\/sites\/2\/2024\/11\/4-4.jpg\" alt=\"\" width=\"1345\" height=\"712\" \/><\/p>\n<p>&nbsp;<\/p>\n<p>Ti\u1ebfp theo nh\u1eadp &#8220;Qu\u1ed1c gia&#8221; v\u00e0 &#8220;\u0111\u1ecba ch\u1ec9&#8221; c\u1ee7a b\u1ea1n.<\/p>\n<p><img loading=\"lazy\" decoding=\"async\" class=\"size-full wp-image-34490 aligncenter\" src=\"https:\/\/taritali.com\/vi\/wp-content\/uploads\/sites\/2\/2024\/11\/5-3.jpg\" alt=\"\" width=\"1401\" height=\"665\" \/><\/p>\n<p>Nh\u1eadp kinh nghi\u1ec7m \u0111\u1ea7u t\u01b0 c\u1ee7a b\u1ea1n.<\/p>\n<p><img loading=\"lazy\" decoding=\"async\" class=\"size-full wp-image-34491 aligncenter\" src=\"https:\/\/taritali.com\/vi\/wp-content\/uploads\/sites\/2\/2024\/11\/6-3.jpg\" alt=\"\" width=\"1341\" height=\"436\" \/><\/p>\n<p>Sau khi ho\u00e0n th\u00e0nh c\u00e1c b\u01b0\u1edbc \u0111i\u1ec1n th\u00f4ng tin tr\u00ean vui l\u00f2ng \u0111i \u0111\u1ebfn &#8220;X\u00e1c minh t\u00e0i li\u1ec7u&#8221;.<\/p>\n<p><img loading=\"lazy\" decoding=\"async\" class=\"size-full wp-image-34492 aligncenter\" src=\"https:\/\/taritali.com\/vi\/wp-content\/uploads\/sites\/2\/2024\/11\/7-3.jpg\" alt=\"\" width=\"1657\" height=\"839\" \/><\/p>\n<p>Nh\u1ea5p ch\u1ecdn &#8220;B\u1eaft \u0111\u1ea7u&#8221; \u0111\u1ec3 th\u1ef1c hi\u1ec7n x\u00e1c minh.<\/p>\n<p><img loading=\"lazy\" decoding=\"async\" class=\"size-full wp-image-34493 aligncenter\" src=\"https:\/\/taritali.com\/vi\/wp-content\/uploads\/sites\/2\/2024\/11\/8-3.jpg\" alt=\"\" width=\"893\" height=\"725\" \/><\/p>\n<p>Ti\u1ebfp \u0111\u00f3 vui l\u00f2ng t\u1ea3i c\u00e1c t\u1ec7p th\u00f4ng tin theo y\u00eau c\u1ea7u.<br \/>\n<span style=\"font-weight: 400\">Sau khi t\u1ea3i l\u00ean gi\u1ea5y t\u1edd ch\u1ee9ng minh danh t\u00ednh v\u00e0 gi\u1ea5y t\u1edd ch\u1ee9ng minh \u0111\u1ecba ch\u1ec9, qu\u00e1 tr\u00ecnh \u0111\u0103ng k\u00fd m\u1edf t\u00e0i kho\u1ea3n m\u1edbi s\u1ebd ho\u00e0n t\u1ea5t.<\/span><\/p>\n<p>&nbsp;<\/p>\n<p><img loading=\"lazy\" decoding=\"async\" class=\"size-full wp-image-34494 aligncenter\" src=\"https:\/\/taritali.com\/vi\/wp-content\/uploads\/sites\/2\/2024\/11\/9-2.jpg\" alt=\"\" width=\"891\" height=\"727\" \/><\/p>\n<p>&nbsp;<\/p>\n<p>&nbsp;<\/p>\n<h2><b>H\u01b0\u1edbng d\u1eabn \u0111\u0103ng k\u00fd t\u00e0i kho\u1ea3n c\u1ee7a TariTali<\/b><\/h2>\n<p><span style=\"font-weight: 400\">Sau khi ho\u00e0n t\u1ea5t m\u1edf t\u00e0i kho\u1ea3n, vui l\u00f2ng ti\u1ebfp t\u1ee5c \u0111\u0103ng k\u00fd t\u00e0i kho\u1ea3n c\u1ee7a c\u00f4ng ty ch\u00fang t\u00f4i.<\/span><\/p>\n<p><span style=\"font-weight: 400\">H\u00e3y nh\u1ea5p v\u00e0o n\u00fat li\u00ean k\u1ebft d\u01b0\u1edbi \u0111\u00e2y \u0111\u1ec3 m\u1edf trang \u0111\u0103ng k\u00fd t\u00e0i kho\u1ea3n.<\/span><\/p>\n<p>&nbsp;<\/p>\n<div class=\"su-row\"> <div class=\"su-column su-column-size-1-1 colum_center\"><div class=\"su-column-inner su-u-clearfix su-u-trim\"><a class=\"maxbutton-5 maxbutton maxbutton-xme381aee696b0e8a68fe58fa3e5baa7e9968be8a8ad\" target=\"_blank\" rel=\"noopener\" href=\"https:\/\/taritali.com\/client\/reg.php?lang=vi\"><span class='mb-text'>\u0110\u0103ng k\u00fd t\u00e0i kho\u1ea3n TariTali<\/span><\/a> <\/div><\/div> <\/div>\n<p>&nbsp;<\/p>\n<p><span style=\"font-weight: 400\">Trong m\u00e0n h\u00ecnh \u0111\u0103ng k\u00fd t\u00e0i kho\u1ea3n hi\u1ec3n th\u1ecb, nh\u1eadp &#8220;H\u1ecd t\u00ean&#8221;, &#8220;\u0110\u1ecba ch\u1ec9 email&#8221;, &#8220;M\u1eadt kh\u1ea9u&#8221;, &#8220;X\u00e1c nh\u1eadn m\u1eadt kh\u1ea9u&#8221;, sau \u0111\u00f3 nh\u1ea5p v\u00e0o &#8220;X\u00e1c nh\u1eadn&#8221;.<\/span><\/p>\n<p><img loading=\"lazy\" decoding=\"async\" class=\"size-full wp-image-34495 aligncenter\" src=\"https:\/\/taritali.com\/vi\/wp-content\/uploads\/sites\/2\/2024\/11\/1-1.png\" alt=\"\" width=\"977\" height=\"613\" \/><\/p>\n<p>&nbsp;<\/p>\n<p><span style=\"font-weight: 400\">Sau khi ho\u00e0n t\u1ea5t \u0111\u0103ng k\u00fd, b\u1ea1n s\u1ebd nh\u1eadn \u0111\u01b0\u1ee3c m\u1ed9t email g\u1eedi \u0111\u1ebfn \u0111\u1ecba ch\u1ec9 email \u0111\u00e3 nh\u1eadp.<\/span><\/p>\n<p><span style=\"font-weight: 400\">Nh\u1ea5p v\u00e0o li\u00ean k\u1ebft trong email \u0111\u1ec3 ho\u00e0n t\u1ea5t vi\u1ec7c \u0111\u0103ng k\u00fd t\u00e0i kho\u1ea3n.<\/span><\/p>\n<p><span style=\"font-weight: 400\">Vui l\u00f2ng \u0111\u0103ng nh\u1eadp v\u00e0o <\/span><a href=\"https:\/\/taritali.com\/client\/\"><span style=\"font-weight: 400\">trang th\u00e0nh vi\u00ean<\/span><\/a><span style=\"font-weight: 400\"> \u0111\u00e3 \u0111\u0103ng k\u00fd v\u00e0 \u0111\u0103ng k\u00fd s\u1ed1 t\u00e0i kho\u1ea3n b\u1ea1n \u0111\u00e3 m\u1edf.<\/span><\/p>\n<p><span style=\"font-weight: 400\">Sau khi \u0111\u0103ng nh\u1eadp, m\u00e0n h\u00ecnh sau s\u1ebd hi\u1ec3n th\u1ecb, nh\u1ea5p v\u00e0o &#8220;Nh\u1ea5p v\u00e0o \u0111\u00e2y n\u1ebfu \u0111\u00e3 c\u00f3 t\u00e0i kho\u1ea3n ho\u00e0n tr\u1ea3&#8221;.<\/span><\/p>\n<p><span style=\"font-weight: 400\">N\u1ebfu kh\u00f4ng th\u1ea5y hi\u1ec3n th\u1ecb, h\u00e3y nh\u1ea5p v\u00e0o tab &#8220;Qu\u1ea3n l\u00fd t\u00e0i kho\u1ea3n&#8221;.<\/span><\/p>\n<p><img loading=\"lazy\" decoding=\"async\" class=\"size-full wp-image-34496 aligncenter\" src=\"https:\/\/taritali.com\/vi\/wp-content\/uploads\/sites\/2\/2024\/11\/2-1.png\" alt=\"\" width=\"751\" height=\"824\" \/><\/p>\n<p>&nbsp;<\/p>\n<p><span style=\"font-weight: 400\">M\u00e0n h\u00ecnh \u0111\u0103ng k\u00fd t\u00e0i kho\u1ea3n s\u1ebd hi\u1ec3n th\u1ecb.<\/span><\/p>\n<p><span style=\"font-weight: 400\">Ch\u1ecdn &#8220;Broker&#8221; l\u00e0 &#8220;XM Global&#8221;, sau \u0111\u00f3 nh\u1eadp s\u1ed1 t\u00e0i kho\u1ea3n XM Global \u0111\u00e3 m\u1edf, v\u00e0 nh\u1ea5p v\u00e0o &#8220;X\u00e1c nh\u1eadn&#8221; \u0111\u1ec3 \u0111\u0103ng k\u00fd.<\/span><\/p>\n<p><img loading=\"lazy\" decoding=\"async\" class=\"size-full wp-image-34497 aligncenter\" src=\"https:\/\/taritali.com\/vi\/wp-content\/uploads\/sites\/2\/2024\/11\/3-1.png\" alt=\"\" width=\"916\" height=\"272\" \/><\/p>\n<p>&nbsp;<\/p>\n<p><span style=\"font-weight: 400\">N\u1ebfu th\u00f4ng tin nh\u1eadp v\u00e0o ch\u00ednh x\u00e1c, b\u1ea1n s\u1ebd nh\u1eadn \u0111\u01b0\u1ee3c email x\u00e1c nh\u1eadn \u0111\u0103ng k\u00fd th\u00e0nh c\u00f4ng; n\u1ebfu c\u00f3 v\u1ea5n \u0111\u1ec1, b\u1ea1n s\u1ebd nh\u1eadn \u0111\u01b0\u1ee3c email th\u00f4ng b\u00e1o \u0111\u0103ng k\u00fd t\u00e0i kho\u1ea3n th\u1ea5t b\u1ea1i.<\/span><\/p>\n<p><span style=\"font-weight: 400\">N\u1ebfu nh\u1eadn \u0111\u01b0\u1ee3c email th\u00f4ng b\u00e1o \u0111\u0103ng k\u00fd t\u00e0i kho\u1ea3n th\u1ea5t b\u1ea1i, vui l\u00f2ng l\u00e0m theo c\u00e1c b\u01b0\u1edbc trong email \u0111\u1ec3 m\u1edf th\u00eam t\u00e0i kho\u1ea3n b\u1ed5 sung.<\/span><\/p>\n<p><span style=\"font-weight: 400\">Tr\u00ean \u0111\u00e2y l\u00e0 h\u01b0\u1edbng d\u1eabn to\u00e0n b\u1ed9 c\u00e1c b\u01b0\u1edbc m\u1edf t\u00e0i kho\u1ea3n ho\u00e0n tr\u1ea3 XM Global v\u00e0 \u0111\u0103ng k\u00fd t\u00e0i kho\u1ea3n c\u1ee7a TariTali.<\/span><\/p>\n<p>&nbsp;<\/p>\n<p>&nbsp;<\/p>\n<p><strong><span style=\"font-size: 10pt\" data-sheets-root=\"1\">* N\u1ed9i dung tr\u00ean \u0111\u00e2y ch\u1ec9 mang t\u00ednh ch\u1ea5t tham kh\u1ea3o. Th\u00f4ng tin m\u1edbi nh\u1ea5t vui l\u00f2ng xem t\u1ea1i trang web ch\u00ednh th\u1ee9c c\u1ee7a Broker *<\/span><\/strong><\/p>\n","protected":false},"excerpt":{"rendered":"<p>&nbsp; Ch\u00fang t\u00f4i s\u1ebd h\u01b0\u1edbng d\u1eabn c\u00e1ch m\u1edf t\u00e0i kho\u1ea3n ho\u00e0n ti\u1ec1n m\u1edbi XM (XM Global) th\u00f4ng qua trang web TariTali, c\u0169ng nh\u01b0 c\u00e1ch \u0111\u0103ng k\u00fd t\u00e0i kho\u1ea3n. Khi m\u1edf t\u00e0i kho\u1ea3n, b\u1ea1n c\u1ea7n chu\u1ea9n b\u1ecb m\u1ed9t b\u1ea3n sao c\u1ee7a c\u00e1c gi\u1ea5y t\u1edd x\u00e1c minh danh t\u00ednh v\u00e0 gi\u1ea5y t\u1edd ch\u1ee9ng minh \u0111\u1ecba ch\u1ec9. Ch\u00fang t\u00f4i khuy\u1ebfn ngh\u1ecb b\u1ea1n n\u00ean chu\u1ea9n b\u1ecb s\u1eb5n nh\u1eefng gi\u1ea5y t\u1edd n\u00e0y tr\u01b0\u1edbc \u0111\u1ec3 c\u00f3 th\u1ec3 t\u1ea3i l\u00ean m\u1ed9t c\u00e1ch su\u00f4n s\u1ebb. &nbsp; H\u01b0\u1edbng d\u1eabn \u0111\u0103ng k\u00fd t\u00e0i kho\u1ea3n ho\u00e0n tr\u1ea3 Vui l\u00f2ng nh\u1ea5p v\u00e0o n\u00fat li\u00ean k\u1ebft d\u01b0\u1edbi \u0111\u00e2y \u0111\u1ec3 m\u1edf trang \u0111\u0103ng k\u00fd t\u00e0i kho\u1ea3n c\u1ee7a XM (XM Global). &nbsp; \u0110\u0103ng k\u00fd v\u00e0&#8230;<\/p>\n","protected":false},"author":2,"featured_media":34489,"parent":5127,"menu_order":0,"comment_status":"closed","ping_status":"closed","template":"","meta":{"footnotes":""},"tags":[],"yoast_head":"<!-- This site is optimized with the Yoast SEO plugin v23.1 - https:\/\/yoast.com\/wordpress\/plugins\/seo\/ -->\n<title>H\u01b0\u1edbng d\u1eabn \u0111\u0103ng k\u00fd t\u00e0i kho\u1ea3n m\u1edbi t\u1ea1i XM\uff08XM Global\uff09 - TariTali - L\u1ef1a ch\u1ecdn h\u00e0ng \u0111\u1ea7u cho ho\u00e0n tr\u1ea3 Forex<\/title>\n<meta name=\"robots\" content=\"index, follow, max-snippet:-1, max-image-preview:large, max-video-preview:-1\" \/>\n<link rel=\"canonical\" href=\"https:\/\/taritali.com\/vi\/xm\/opening\" \/>\n<meta property=\"og:locale\" content=\"vi_VN\" \/>\n<meta property=\"og:type\" content=\"article\" \/>\n<meta property=\"og:title\" content=\"H\u01b0\u1edbng d\u1eabn \u0111\u0103ng k\u00fd t\u00e0i kho\u1ea3n m\u1edbi t\u1ea1i XM\uff08XM Global\uff09 - TariTali - L\u1ef1a ch\u1ecdn h\u00e0ng \u0111\u1ea7u cho ho\u00e0n tr\u1ea3 Forex\" \/>\n<meta property=\"og:description\" content=\"&nbsp; Ch\u00fang t\u00f4i s\u1ebd h\u01b0\u1edbng d\u1eabn c\u00e1ch m\u1edf t\u00e0i kho\u1ea3n ho\u00e0n ti\u1ec1n m\u1edbi XM (XM Global) th\u00f4ng qua trang web TariTali, c\u0169ng nh\u01b0 c\u00e1ch \u0111\u0103ng k\u00fd t\u00e0i kho\u1ea3n. Khi m\u1edf t\u00e0i kho\u1ea3n, b\u1ea1n c\u1ea7n chu\u1ea9n b\u1ecb m\u1ed9t b\u1ea3n sao c\u1ee7a c\u00e1c gi\u1ea5y t\u1edd x\u00e1c minh danh t\u00ednh v\u00e0 gi\u1ea5y t\u1edd ch\u1ee9ng minh \u0111\u1ecba ch\u1ec9. Ch\u00fang t\u00f4i khuy\u1ebfn ngh\u1ecb b\u1ea1n n\u00ean chu\u1ea9n b\u1ecb s\u1eb5n nh\u1eefng gi\u1ea5y t\u1edd n\u00e0y tr\u01b0\u1edbc \u0111\u1ec3 c\u00f3 th\u1ec3 t\u1ea3i l\u00ean m\u1ed9t c\u00e1ch su\u00f4n s\u1ebb. &nbsp; H\u01b0\u1edbng d\u1eabn \u0111\u0103ng k\u00fd t\u00e0i kho\u1ea3n ho\u00e0n tr\u1ea3 Vui l\u00f2ng nh\u1ea5p v\u00e0o n\u00fat li\u00ean k\u1ebft d\u01b0\u1edbi \u0111\u00e2y \u0111\u1ec3 m\u1edf trang \u0111\u0103ng k\u00fd t\u00e0i kho\u1ea3n c\u1ee7a XM (XM Global). &nbsp; \u0110\u0103ng k\u00fd v\u00e0...\" \/>\n<meta property=\"og:url\" content=\"https:\/\/taritali.com\/vi\/xm\/opening\" \/>\n<meta property=\"og:site_name\" content=\"TariTali - L\u1ef1a ch\u1ecdn h\u00e0ng \u0111\u1ea7u cho ho\u00e0n tr\u1ea3 Forex\" \/>\n<meta property=\"article:modified_time\" content=\"2024-11-28T04:14:27+00:00\" \/>\n<meta property=\"og:image\" content=\"https:\/\/taritali.com\/vi\/wp-content\/uploads\/sites\/2\/2024\/11\/4-4.jpg\" \/>\n\t<meta property=\"og:image:width\" content=\"1345\" \/>\n\t<meta property=\"og:image:height\" content=\"712\" \/>\n\t<meta property=\"og:image:type\" content=\"image\/jpeg\" \/>\n<meta name=\"twitter:card\" content=\"summary_large_image\" \/>\n<meta name=\"twitter:label1\" content=\"\u01af\u1edbc t\u00ednh th\u1eddi gian \u0111\u1ecdc\" \/>\n\t<meta name=\"twitter:data1\" content=\"11 ph\u00fat\" \/>\n<script type=\"application\/ld+json\" class=\"yoast-schema-graph\">{\"@context\":\"https:\/\/schema.org\",\"@graph\":[{\"@type\":\"WebPage\",\"@id\":\"https:\/\/taritali.com\/vi\/xm\/opening\",\"url\":\"https:\/\/taritali.com\/vi\/xm\/opening\",\"name\":\"H\u01b0\u1edbng d\u1eabn \u0111\u0103ng k\u00fd t\u00e0i kho\u1ea3n m\u1edbi t\u1ea1i XM\uff08XM Global\uff09 - TariTali - L\u1ef1a ch\u1ecdn h\u00e0ng \u0111\u1ea7u cho ho\u00e0n tr\u1ea3 Forex\",\"isPartOf\":{\"@id\":\"https:\/\/taritali.com\/vi\/#website\"},\"primaryImageOfPage\":{\"@id\":\"https:\/\/taritali.com\/vi\/xm\/opening#primaryimage\"},\"image\":{\"@id\":\"https:\/\/taritali.com\/vi\/xm\/opening#primaryimage\"},\"thumbnailUrl\":\"https:\/\/taritali.com\/vi\/wp-content\/uploads\/sites\/2\/2024\/11\/4-4.jpg\",\"datePublished\":\"2019-05-06T01:54:40+00:00\",\"dateModified\":\"2024-11-28T04:14:27+00:00\",\"breadcrumb\":{\"@id\":\"https:\/\/taritali.com\/vi\/xm\/opening#breadcrumb\"},\"inLanguage\":\"vi\",\"potentialAction\":[{\"@type\":\"ReadAction\",\"target\":[\"https:\/\/taritali.com\/vi\/xm\/opening\"]}]},{\"@type\":\"ImageObject\",\"inLanguage\":\"vi\",\"@id\":\"https:\/\/taritali.com\/vi\/xm\/opening#primaryimage\",\"url\":\"https:\/\/taritali.com\/vi\/wp-content\/uploads\/sites\/2\/2024\/11\/4-4.jpg\",\"contentUrl\":\"https:\/\/taritali.com\/vi\/wp-content\/uploads\/sites\/2\/2024\/11\/4-4.jpg\",\"width\":1345,\"height\":712},{\"@type\":\"BreadcrumbList\",\"@id\":\"https:\/\/taritali.com\/vi\/xm\/opening#breadcrumb\",\"itemListElement\":[{\"@type\":\"ListItem\",\"position\":1,\"name\":\"Trang ch\u1ee7\",\"item\":\"https:\/\/taritali.com\/vi\/\"},{\"@type\":\"ListItem\",\"position\":2,\"name\":\"\u0110\u0103ng k\u00fd t\u00e0i kho\u1ea3n ho\u00e0n tr\u1ea3 XM (XM Global)\",\"item\":\"https:\/\/taritali.com\/vi\/xm\"},{\"@type\":\"ListItem\",\"position\":3,\"name\":\"H\u01b0\u1edbng d\u1eabn \u0111\u0103ng k\u00fd t\u00e0i kho\u1ea3n m\u1edbi t\u1ea1i XM\uff08XM Global\uff09\"}]},{\"@type\":\"WebSite\",\"@id\":\"https:\/\/taritali.com\/vi\/#website\",\"url\":\"https:\/\/taritali.com\/vi\/\",\"name\":\"TariTali - L\u1ef1a ch\u1ecdn h\u00e0ng \u0111\u1ea7u cho ho\u00e0n tr\u1ea3 Forex\",\"description\":\"\",\"publisher\":{\"@id\":\"https:\/\/taritali.com\/vi\/#organization\"},\"potentialAction\":[{\"@type\":\"SearchAction\",\"target\":{\"@type\":\"EntryPoint\",\"urlTemplate\":\"https:\/\/taritali.com\/vi\/?s={search_term_string}\"},\"query-input\":\"required name=search_term_string\"}],\"inLanguage\":\"vi\"},{\"@type\":\"Organization\",\"@id\":\"https:\/\/taritali.com\/vi\/#organization\",\"name\":\"TariTali - L\u1ef1a ch\u1ecdn h\u00e0ng \u0111\u1ea7u cho ho\u00e0n tr\u1ea3 Forex\",\"url\":\"https:\/\/taritali.com\/vi\/\",\"logo\":{\"@type\":\"ImageObject\",\"inLanguage\":\"vi\",\"@id\":\"https:\/\/taritali.com\/vi\/#\/schema\/logo\/image\/\",\"url\":\"https:\/\/taritali.com\/vi\/wp-content\/uploads\/sites\/2\/2024\/01\/logo.png\",\"contentUrl\":\"https:\/\/taritali.com\/vi\/wp-content\/uploads\/sites\/2\/2024\/01\/logo.png\",\"width\":215,\"height\":90,\"caption\":\"TariTali - L\u1ef1a ch\u1ecdn h\u00e0ng \u0111\u1ea7u cho ho\u00e0n tr\u1ea3 Forex\"},\"image\":{\"@id\":\"https:\/\/taritali.com\/vi\/#\/schema\/logo\/image\/\"}}]}<\/script>\n<!-- \/ Yoast SEO plugin. -->","yoast_head_json":{"title":"H\u01b0\u1edbng d\u1eabn \u0111\u0103ng k\u00fd t\u00e0i kho\u1ea3n m\u1edbi t\u1ea1i XM\uff08XM Global\uff09 - TariTali - L\u1ef1a ch\u1ecdn h\u00e0ng \u0111\u1ea7u cho ho\u00e0n tr\u1ea3 Forex","robots":{"index":"index","follow":"follow","max-snippet":"max-snippet:-1","max-image-preview":"max-image-preview:large","max-video-preview":"max-video-preview:-1"},"canonical":"https:\/\/taritali.com\/vi\/xm\/opening","og_locale":"vi_VN","og_type":"article","og_title":"H\u01b0\u1edbng d\u1eabn \u0111\u0103ng k\u00fd t\u00e0i kho\u1ea3n m\u1edbi t\u1ea1i XM\uff08XM Global\uff09 - TariTali - L\u1ef1a ch\u1ecdn h\u00e0ng \u0111\u1ea7u cho ho\u00e0n tr\u1ea3 Forex","og_description":"&nbsp; Ch\u00fang t\u00f4i s\u1ebd h\u01b0\u1edbng d\u1eabn c\u00e1ch m\u1edf t\u00e0i kho\u1ea3n ho\u00e0n ti\u1ec1n m\u1edbi XM (XM Global) th\u00f4ng qua trang web TariTali, c\u0169ng nh\u01b0 c\u00e1ch \u0111\u0103ng k\u00fd t\u00e0i kho\u1ea3n. Khi m\u1edf t\u00e0i kho\u1ea3n, b\u1ea1n c\u1ea7n chu\u1ea9n b\u1ecb m\u1ed9t b\u1ea3n sao c\u1ee7a c\u00e1c gi\u1ea5y t\u1edd x\u00e1c minh danh t\u00ednh v\u00e0 gi\u1ea5y t\u1edd ch\u1ee9ng minh \u0111\u1ecba ch\u1ec9. Ch\u00fang t\u00f4i khuy\u1ebfn ngh\u1ecb b\u1ea1n n\u00ean chu\u1ea9n b\u1ecb s\u1eb5n nh\u1eefng gi\u1ea5y t\u1edd n\u00e0y tr\u01b0\u1edbc \u0111\u1ec3 c\u00f3 th\u1ec3 t\u1ea3i l\u00ean m\u1ed9t c\u00e1ch su\u00f4n s\u1ebb. &nbsp; H\u01b0\u1edbng d\u1eabn \u0111\u0103ng k\u00fd t\u00e0i kho\u1ea3n ho\u00e0n tr\u1ea3 Vui l\u00f2ng nh\u1ea5p v\u00e0o n\u00fat li\u00ean k\u1ebft d\u01b0\u1edbi \u0111\u00e2y \u0111\u1ec3 m\u1edf trang \u0111\u0103ng k\u00fd t\u00e0i kho\u1ea3n c\u1ee7a XM (XM Global). &nbsp; \u0110\u0103ng k\u00fd v\u00e0...","og_url":"https:\/\/taritali.com\/vi\/xm\/opening","og_site_name":"TariTali - L\u1ef1a ch\u1ecdn h\u00e0ng \u0111\u1ea7u cho ho\u00e0n tr\u1ea3 Forex","article_modified_time":"2024-11-28T04:14:27+00:00","og_image":[{"width":1345,"height":712,"url":"https:\/\/taritali.com\/vi\/wp-content\/uploads\/sites\/2\/2024\/11\/4-4.jpg","type":"image\/jpeg"}],"twitter_card":"summary_large_image","twitter_misc":{"\u01af\u1edbc t\u00ednh th\u1eddi gian \u0111\u1ecdc":"11 ph\u00fat"},"schema":{"@context":"https:\/\/schema.org","@graph":[{"@type":"WebPage","@id":"https:\/\/taritali.com\/vi\/xm\/opening","url":"https:\/\/taritali.com\/vi\/xm\/opening","name":"H\u01b0\u1edbng d\u1eabn \u0111\u0103ng k\u00fd t\u00e0i kho\u1ea3n m\u1edbi t\u1ea1i XM\uff08XM Global\uff09 - TariTali - L\u1ef1a ch\u1ecdn h\u00e0ng \u0111\u1ea7u cho ho\u00e0n tr\u1ea3 Forex","isPartOf":{"@id":"https:\/\/taritali.com\/vi\/#website"},"primaryImageOfPage":{"@id":"https:\/\/taritali.com\/vi\/xm\/opening#primaryimage"},"image":{"@id":"https:\/\/taritali.com\/vi\/xm\/opening#primaryimage"},"thumbnailUrl":"https:\/\/taritali.com\/vi\/wp-content\/uploads\/sites\/2\/2024\/11\/4-4.jpg","datePublished":"2019-05-06T01:54:40+00:00","dateModified":"2024-11-28T04:14:27+00:00","breadcrumb":{"@id":"https:\/\/taritali.com\/vi\/xm\/opening#breadcrumb"},"inLanguage":"vi","potentialAction":[{"@type":"ReadAction","target":["https:\/\/taritali.com\/vi\/xm\/opening"]}]},{"@type":"ImageObject","inLanguage":"vi","@id":"https:\/\/taritali.com\/vi\/xm\/opening#primaryimage","url":"https:\/\/taritali.com\/vi\/wp-content\/uploads\/sites\/2\/2024\/11\/4-4.jpg","contentUrl":"https:\/\/taritali.com\/vi\/wp-content\/uploads\/sites\/2\/2024\/11\/4-4.jpg","width":1345,"height":712},{"@type":"BreadcrumbList","@id":"https:\/\/taritali.com\/vi\/xm\/opening#breadcrumb","itemListElement":[{"@type":"ListItem","position":1,"name":"Trang ch\u1ee7","item":"https:\/\/taritali.com\/vi\/"},{"@type":"ListItem","position":2,"name":"\u0110\u0103ng k\u00fd t\u00e0i kho\u1ea3n ho\u00e0n tr\u1ea3 XM (XM Global)","item":"https:\/\/taritali.com\/vi\/xm"},{"@type":"ListItem","position":3,"name":"H\u01b0\u1edbng d\u1eabn \u0111\u0103ng k\u00fd t\u00e0i kho\u1ea3n m\u1edbi t\u1ea1i XM\uff08XM Global\uff09"}]},{"@type":"WebSite","@id":"https:\/\/taritali.com\/vi\/#website","url":"https:\/\/taritali.com\/vi\/","name":"TariTali - L\u1ef1a ch\u1ecdn h\u00e0ng \u0111\u1ea7u cho ho\u00e0n tr\u1ea3 Forex","description":"","publisher":{"@id":"https:\/\/taritali.com\/vi\/#organization"},"potentialAction":[{"@type":"SearchAction","target":{"@type":"EntryPoint","urlTemplate":"https:\/\/taritali.com\/vi\/?s={search_term_string}"},"query-input":"required name=search_term_string"}],"inLanguage":"vi"},{"@type":"Organization","@id":"https:\/\/taritali.com\/vi\/#organization","name":"TariTali - L\u1ef1a ch\u1ecdn h\u00e0ng \u0111\u1ea7u cho ho\u00e0n tr\u1ea3 Forex","url":"https:\/\/taritali.com\/vi\/","logo":{"@type":"ImageObject","inLanguage":"vi","@id":"https:\/\/taritali.com\/vi\/#\/schema\/logo\/image\/","url":"https:\/\/taritali.com\/vi\/wp-content\/uploads\/sites\/2\/2024\/01\/logo.png","contentUrl":"https:\/\/taritali.com\/vi\/wp-content\/uploads\/sites\/2\/2024\/01\/logo.png","width":215,"height":90,"caption":"TariTali - L\u1ef1a ch\u1ecdn h\u00e0ng \u0111\u1ea7u cho ho\u00e0n tr\u1ea3 Forex"},"image":{"@id":"https:\/\/taritali.com\/vi\/#\/schema\/logo\/image\/"}}]}},"_links":{"self":[{"href":"https:\/\/taritali.com\/vi\/wp-json\/wp\/v2\/pages\/5407"}],"collection":[{"href":"https:\/\/taritali.com\/vi\/wp-json\/wp\/v2\/pages"}],"about":[{"href":"https:\/\/taritali.com\/vi\/wp-json\/wp\/v2\/types\/page"}],"author":[{"embeddable":true,"href":"https:\/\/taritali.com\/vi\/wp-json\/wp\/v2\/users\/2"}],"replies":[{"embeddable":true,"href":"https:\/\/taritali.com\/vi\/wp-json\/wp\/v2\/comments?post=5407"}],"version-history":[{"count":10,"href":"https:\/\/taritali.com\/vi\/wp-json\/wp\/v2\/pages\/5407\/revisions"}],"predecessor-version":[{"id":34516,"href":"https:\/\/taritali.com\/vi\/wp-json\/wp\/v2\/pages\/5407\/revisions\/34516"}],"up":[{"embeddable":true,"href":"https:\/\/taritali.com\/vi\/wp-json\/wp\/v2\/pages\/5127"}],"wp:featuredmedia":[{"embeddable":true,"href":"https:\/\/taritali.com\/vi\/wp-json\/wp\/v2\/media\/34489"}],"wp:attachment":[{"href":"https:\/\/taritali.com\/vi\/wp-json\/wp\/v2\/media?parent=5407"}],"wp:term":[{"taxonomy":"post_tag","embeddable":true,"href":"https:\/\/taritali.com\/vi\/wp-json\/wp\/v2\/tags?post=5407"}],"curies":[{"name":"wp","href":"https:\/\/api.w.org\/{rel}","templated":true}]}}