{"id":5824,"date":"2019-05-29T01:52:39","date_gmt":"2019-05-28T16:52:39","guid":{"rendered":"https:\/\/www.taritali.com\/?page_id=5824"},"modified":"2024-12-05T14:34:53","modified_gmt":"2024-12-05T06:34:53","slug":"add","status":"publish","type":"page","link":"https:\/\/taritali.com\/vi\/hotforex\/add","title":{"rendered":"H\u01b0\u1edbng d\u1eabn \u0111\u0103ng k\u00fd t\u00e0i kho\u1ea3n b\u1ed5 sung t\u1ea1i HFM"},"content":{"rendered":"<p>&nbsp;<\/p>\n<p><span style=\"font-weight: 400\">T\u1ea1i HFM, b\u1ea1n kh\u00f4ng th\u1ec3 li\u00ean k\u1ebft t\u00e0i kho\u1ea3n \u0111\u01b0\u1ee3c m\u1edf qua c\u00e1c IB kh\u00e1c v\u1edbi t\u00e0i kho\u1ea3n ho\u00e0n tr\u1ea3 c\u1ee7a TariTali.<\/span><\/p>\n<p><span style=\"font-weight: 400\">Do \u0111\u00f3, \u0111\u1ec3 s\u1eed d\u1ee5ng t\u00e0i kho\u1ea3n ho\u00e0n tr\u1ea3 c\u1ee7a TariTali, b\u1ea1n c\u1ea7n m\u1edf th\u00eam m\u1ed9t t\u00e0i kho\u1ea3n m\u1edbi.<\/span><\/p>\n<p><span style=\"font-weight: 400\">Ch\u00fa \u00fd: m\u1ed7i t\u00e0i kho\u1ea3n myHF ch\u1ec9 c\u00f3 th\u1ec3 m\u1edf m\u1ed9t t\u00e0i kho\u1ea3n chuy\u00ean nghi\u1ec7p m\u1edbi, trong khi t\u00e0i kho\u1ea3n giao d\u1ecbch kh\u00f4ng c\u00f3 ch\u00eanh l\u1ec7ch (zero spread) b\u1ecb gi\u1edbi h\u1ea1n t\u1ed1i \u0111a l\u00e0 hai t\u00e0i kho\u1ea3n tr\u00ean c\u1ea3 MT4 v\u00e0 MT5.<\/span><\/p>\n<p><span style=\"font-weight: 400\">Ch\u00fang t\u00f4i s\u1ebd h\u01b0\u1edbng d\u1eabn c\u00e1c b\u01b0\u1edbc m\u1edf th\u00eam t\u00e0i kho\u1ea3n ho\u00e0n tr\u1ea3 c\u1ee7a HFM c\u0169ng nh\u01b0 quy tr\u00ecnh \u0111\u0103ng k\u00fd t\u00e0i kho\u1ea3n c\u1ee7a TariTali.<\/span><\/p>\n<h2><b>H\u01b0\u1edbng d\u1eabn \u0111\u0103ng k\u00fd t\u00e0i kho\u1ea3n ho\u00e0n tr\u1ea3 (thay \u0111\u1ed5i IB)<\/b><\/h2>\n<p><span style=\"font-weight: 400\">Vui l\u00f2ng nh\u1ea5p v\u00e0o li\u00ean k\u1ebft d\u01b0\u1edbi \u0111\u00e2y v\u00e0 \u0111\u0103ng nh\u1eadp v\u00e0o khu v\u1ef1c myHF c\u1ee7a HFM.<\/span><\/p>\n<p><span style=\"font-weight: 400\"><div class=\"su-row\"> <div class=\"su-column su-column-size-1-1 colum_center\"><div class=\"su-column-inner su-u-clearfix su-u-trim\"><a class=\"maxbutton-10 maxbutton maxbutton-xme381aee8bfbde58aa0e58fa3e5baa7e9968be8a8ad\" target=\"_blank\" rel=\"noopener\" href=\"https:\/\/my.hfm.com\/vn\/central\/main.html\"><span class='mb-text'>M\u1edf th\u00eam t\u00e0i kho\u1ea3n<\/span><\/a> <\/div><\/div><\/div><\/span><\/p>\n<p><span style=\"font-weight: 400\">\u00a0<\/span><\/p>\n<p><span style=\"font-weight: 400\">N\u1ebfu kh\u00f4ng th\u1ec3 \u0111\u0103ng nh\u1eadp, vui l\u00f2ng ki\u1ec3m tra xem \u0111\u1ecba ch\u1ec9 email v\u00e0 m\u1eadt kh\u1ea9u b\u1ea1n \u0111\u00e3 nh\u1eadp c\u00f3 ch\u00ednh x\u00e1c kh\u00f4ng, sau \u0111\u00f3 th\u1eed \u0111\u0103ng nh\u1eadp l\u1ea1i.<\/span><\/p>\n<p><span style=\"font-weight: 400\">Sau khi \u0111\u0103ng nh\u1eadp, h\u00e3y nh\u1ea5p v\u00e0o <\/span><span style=\"font-weight: 400\">\u201cTh\u00e0nh vi\u00ean myHF\u201d<\/span><span style=\"font-weight: 400\"> \u1edf ph\u00eda b\u00ean ph\u1ea3i c\u1ee7a trang ch\u00ednh v\u00e0 ch\u1ecdn\u201dM\u1edf t\u00e0i kho\u1ea3n giao d\u1ecbch\u201d.<\/span><\/p>\n<p><img decoding=\"async\" class=\"aligncenter\" src=\"https:\/\/taritali.com\/zh-tw\/wp-content\/uploads\/sites\/6\/2024\/11\/1-6.jpg\" \/><\/p>\n<p>&nbsp;<\/p>\n<p><span style=\"font-weight: 400\">Ch\u1ecdn t\u1eeb b\u1ed1n lo\u1ea1i t\u00e0i kho\u1ea3n c\u00f3 s\u1eb5n.<\/span><\/p>\n<p><img decoding=\"async\" class=\"aligncenter\" src=\"https:\/\/taritali.com\/zh-tw\/wp-content\/uploads\/sites\/6\/2024\/11\/2-6.jpg\" \/><\/p>\n<p>&nbsp;<\/p>\n<p><span style=\"font-weight: 400\">Ch\u1ecdn &#8220;N\u1ec1n t\u1ea3ng\u201d, &#8220;Ti\u1ec1n t\u1ec7\u201d v\u00e0 &#8220;\u0110\u00f2n b\u1ea9y\u201d.<\/span><\/p>\n<p><span style=\"font-weight: 400\">Trong \u00f4 &#8220;M\u00e3 gi\u1edbi thi\u1ec7u\u201d, h\u00e3y nh\u1eadp m\u00e3 gi\u1edbi thi\u1ec7u c\u1ee7a TariTali l\u00e0 &#8220;<strong>315938<\/strong>&#8220;.<\/span><\/p>\n<p><img decoding=\"async\" class=\"aligncenter\" src=\"https:\/\/taritali.com\/zh-tw\/wp-content\/uploads\/sites\/6\/2024\/11\/3-6.jpg\" \/><\/p>\n<p>&nbsp;<\/p>\n<p><span style=\"font-weight: 400\">Sau khi ho\u00e0n t\u1ea5t c\u00e1c b\u01b0\u1edbc tr\u00ean, vi\u1ec7c m\u1edf t\u00e0i kho\u1ea3n b\u1ed5 sung s\u1ebd \u0111\u01b0\u1ee3c ho\u00e0n t\u1ea5t.<\/span><\/p>\n<p><img decoding=\"async\" class=\"aligncenter\" src=\"https:\/\/taritali.com\/zh-tw\/wp-content\/uploads\/sites\/6\/2024\/11\/4-5.jpg\" \/><\/p>\n<h2><b>\u0110\u0103ng k\u00fd t\u00e0i kho\u1ea3n TariTali<\/b><\/h2>\n<p><span style=\"font-weight: 400\">Sau khi ho\u00e0n t\u1ea5t vi\u1ec7c m\u1edf t\u00e0i kho\u1ea3n, vui l\u00f2ng ti\u1ebfp t\u1ee5c v\u1edbi quy tr\u00ecnh \u0111\u0103ng k\u00fd t\u00e0i kho\u1ea3n c\u1ee7a TariTali.<\/span><\/p>\n<p><span style=\"font-weight: 400\">Vui l\u00f2ng nh\u1ea5p v\u00e0o li\u00ean k\u1ebft d\u01b0\u1edbi \u0111\u00e2y \u0111\u1ec3 m\u1edf trang \u0111\u0103ng k\u00fd ng\u01b0\u1eddi d\u00f9ng.<\/span><\/p>\n<p>&nbsp;<\/p>\n<p><span style=\"font-weight: 400\"><div class=\"su-row\"> <div class=\"su-column su-column-size-1-1 colum_center\"><div class=\"su-column-inner su-u-clearfix su-u-trim\"><a class=\"maxbutton-13 maxbutton maxbutton-xme381aee587bae98791e6898be9a086\" target=\"_blank\" rel=\"noopener\" href=\"https:\/\/taritali.com\/client\/reg.php?lang=vi\"><span class='mb-text'>\u0110\u0103ng k\u00fd t\u00e0i kho\u1ea3n TariTali<\/span><\/a><\/div><\/div> <\/div><\/span><\/p>\n<p><span style=\"font-weight: 400\">\u00a0<\/span><\/p>\n<p><span style=\"font-weight: 400\">Tr\u00ean m\u00e0n h\u00ecnh y\u00eau c\u1ea7u \u0111\u0103ng k\u00fd t\u00e0i kho\u1ea3n hi\u1ec3n th\u1ecb, nh\u1eadp &#8220;T\u00ean&#8221;, &#8220;\u0110\u1ecba ch\u1ec9 email&#8221;, &#8220;M\u1eadt kh\u1ea9u&#8221; v\u00e0 &#8220;X\u00e1c nh\u1eadn m\u1eadt kh\u1ea9u&#8221;, sau \u0111\u00f3 nh\u1ea5p v\u00e0o &#8220;X\u00e1c nh\u1eadn&#8221;.<\/span><\/p>\n<p><img decoding=\"async\" class=\"aligncenter\" src=\"https:\/\/taritali.com\/vi\/wp-content\/uploads\/sites\/2\/2024\/11\/1-1.png\" \/><\/p>\n<p>&nbsp;<\/p>\n<p><span style=\"font-weight: 400\">Sau khi ho\u00e0n t\u1ea5t \u0111\u0103ng k\u00fd, b\u1ea1n s\u1ebd nh\u1eadn \u0111\u01b0\u1ee3c email g\u1eedi \u0111\u1ebfn \u0111\u1ecba ch\u1ec9 email b\u1ea1n \u0111\u00e3 \u0111\u0103ng k\u00fd.<\/span><\/p>\n<p><span style=\"font-weight: 400\">Nh\u1ea5p v\u00e0o URL trong email \u0111\u1ec3 ho\u00e0n t\u1ea5t vi\u1ec7c x\u00e1c th\u1ef1c t\u00e0i kho\u1ea3n.<\/span><\/p>\n<p><span style=\"font-weight: 400\">Ti\u1ebfp theo, h\u00e3y \u0111\u0103ng nh\u1eadp v\u00e0o <\/span><a href=\"https:\/\/taritali.com\/client\/?lang=vi\"><span style=\"font-weight: 400\">trang th\u00e0nh vi\u00ean<\/span><\/a><span style=\"font-weight: 400\"> b\u1ea1n \u0111\u00e3 \u0111\u0103ng k\u00fd v\u00e0 \u0111\u0103ng nh\u1eadp v\u00e0o s\u1ed1 t\u00e0i kho\u1ea3n b\u1ea1n \u0111\u00e3 m\u1edf.<\/span><\/p>\n<p><span style=\"font-weight: 400\">Sau khi \u0111\u0103ng nh\u1eadp, m\u00e0n h\u00ecnh s\u1ebd hi\u1ec3n th\u1ecb n\u1ed9i dung sau, vui l\u00f2ng nh\u1ea5p v\u00e0o &#8220;Nh\u1ea5p v\u00e0o \u0111\u00e2y n\u1ebfu \u0111\u00e3 c\u00f3 t\u00e0i kho\u1ea3n ho\u00e0n tr\u1ea3&#8221;.<\/span><\/p>\n<p><span style=\"font-weight: 400\">N\u1ebfu kh\u00f4ng th\u1ea5y n\u1ed9i dung n\u00e0y, h\u00e3y nh\u1ea5p v\u00e0o tab &#8220;Qu\u1ea3n l\u00fd t\u00e0i kho\u1ea3n&#8221;.<\/span><\/p>\n<p><img decoding=\"async\" class=\"aligncenter\" src=\"https:\/\/taritali.com\/vi\/wp-content\/uploads\/sites\/2\/2024\/11\/2-1.png\" \/><\/p>\n<p>&nbsp;<\/p>\n<p><span style=\"font-weight: 400\">M\u00e0n h\u00ecnh \u0111\u0103ng nh\u1eadp t\u00e0i kho\u1ea3n s\u1ebd \u0111\u01b0\u1ee3c hi\u1ec3n th\u1ecb.<\/span><\/p>\n<p><span style=\"font-weight: 400\">Ch\u1ecdn &#8220;HFM&#8221; trong m\u1ee5c &#8220;Broker&#8221; v\u00e0 nh\u1eadp s\u1ed1 t\u00e0i kho\u1ea3n HFM b\u1ea1n \u0111\u00e3 m\u1edf v\u00e0o m\u1ee5c &#8220;S\u1ed1 t\u00e0i kho\u1ea3n giao d\u1ecbch&#8221;, sau \u0111\u00f3 nh\u1ea5p v\u00e0o \u201cX\u00e1c nh\u1eadn\u201d \u0111\u1ec3 \u0111\u0103ng k\u00fd.<\/span><\/p>\n<p><img decoding=\"async\" class=\"aligncenter\" src=\"https:\/\/taritali.com\/vi\/wp-content\/uploads\/sites\/2\/2024\/11\/3-1.png\" \/><\/p>\n<p><span style=\"font-weight: 400\">N\u1ebfu th\u00f4ng tin nh\u1eadp v\u00e0o ch\u00ednh x\u00e1c, b\u1ea1n s\u1ebd nh\u1eadn \u0111\u01b0\u1ee3c email x\u00e1c nh\u1eadn ho\u00e0n t\u1ea5t \u0111\u0103ng k\u00fd t\u00e0i kho\u1ea3n; n\u1ebfu c\u00f3 v\u1ea5n \u0111\u1ec1, b\u1ea1n s\u1ebd nh\u1eadn \u0111\u01b0\u1ee3c email th\u00f4ng b\u00e1o \u0111\u0103ng k\u00fd t\u00e0i kho\u1ea3n th\u1ea5t b\u1ea1i.<\/span><\/p>\n<p><span style=\"font-weight: 400\">N\u1ebfu nh\u1eadn \u0111\u01b0\u1ee3c email th\u00f4ng b\u00e1o \u0111\u0103ng k\u00fd t\u00e0i kho\u1ea3n th\u1ea5t b\u1ea1i, h\u00e3y l\u00e0m theo h\u01b0\u1edbng d\u1eabn trong email \u0111\u1ec3 m\u1edf th\u00eam t\u00e0i kho\u1ea3n.<\/span><\/p>\n<p><span style=\"font-weight: 400\">Tr\u00ean \u0111\u00e2y l\u00e0 h\u01b0\u1edbng d\u1eabn v\u1ec1 c\u00e1c b\u01b0\u1edbc \u0111\u0103ng k\u00fd t\u00e0i kho\u1ea3n ho\u00e0n tr\u1ea3 c\u1ee7a HFM v\u00e0 quy tr\u00ecnh \u0111\u0103ng k\u00fd t\u00e0i kho\u1ea3n c\u1ee7a TariTali.<\/span><\/p>\n<p>&nbsp;<\/p>\n<p>&nbsp;<\/p>\n<p><strong><span style=\"font-size: 10pt\" data-sheets-root=\"1\">* N\u1ed9i dung tr\u00ean \u0111\u00e2y ch\u1ec9 mang t\u00ednh ch\u1ea5t tham kh\u1ea3o. Th\u00f4ng tin m\u1edbi nh\u1ea5t vui l\u00f2ng xem t\u1ea1i trang web ch\u00ednh th\u1ee9c c\u1ee7a Broker *<\/span><\/strong><\/p>\n","protected":false},"excerpt":{"rendered":"<p>&nbsp; T\u1ea1i HFM, b\u1ea1n kh\u00f4ng th\u1ec3 li\u00ean k\u1ebft t\u00e0i kho\u1ea3n \u0111\u01b0\u1ee3c m\u1edf qua c\u00e1c IB kh\u00e1c v\u1edbi t\u00e0i kho\u1ea3n ho\u00e0n tr\u1ea3 c\u1ee7a TariTali. Do \u0111\u00f3, \u0111\u1ec3 s\u1eed d\u1ee5ng t\u00e0i kho\u1ea3n ho\u00e0n tr\u1ea3 c\u1ee7a TariTali, b\u1ea1n c\u1ea7n m\u1edf th\u00eam m\u1ed9t t\u00e0i kho\u1ea3n m\u1edbi. Ch\u00fa \u00fd: m\u1ed7i t\u00e0i kho\u1ea3n myHF ch\u1ec9 c\u00f3 th\u1ec3 m\u1edf m\u1ed9t t\u00e0i kho\u1ea3n chuy\u00ean nghi\u1ec7p m\u1edbi, trong khi t\u00e0i kho\u1ea3n giao d\u1ecbch kh\u00f4ng c\u00f3 ch\u00eanh l\u1ec7ch (zero spread) b\u1ecb gi\u1edbi h\u1ea1n t\u1ed1i \u0111a l\u00e0 hai t\u00e0i kho\u1ea3n tr\u00ean c\u1ea3 MT4 v\u00e0 MT5. Ch\u00fang t\u00f4i s\u1ebd h\u01b0\u1edbng d\u1eabn c\u00e1c b\u01b0\u1edbc m\u1edf th\u00eam t\u00e0i kho\u1ea3n ho\u00e0n tr\u1ea3 c\u1ee7a HFM c\u0169ng nh\u01b0 quy tr\u00ecnh \u0111\u0103ng k\u00fd t\u00e0i kho\u1ea3n c\u1ee7a TariTali. H\u01b0\u1edbng&#8230;<\/p>\n","protected":false},"author":2,"featured_media":5825,"parent":4418,"menu_order":0,"comment_status":"closed","ping_status":"closed","template":"","meta":{"footnotes":""},"tags":[],"yoast_head":"<!-- This site is optimized with the Yoast SEO plugin v23.1 - https:\/\/yoast.com\/wordpress\/plugins\/seo\/ -->\n<title>H\u01b0\u1edbng d\u1eabn \u0111\u0103ng k\u00fd t\u00e0i kho\u1ea3n b\u1ed5 sung t\u1ea1i HFM - TariTali - L\u1ef1a ch\u1ecdn h\u00e0ng \u0111\u1ea7u cho ho\u00e0n tr\u1ea3 Forex<\/title>\n<meta name=\"robots\" content=\"index, follow, max-snippet:-1, max-image-preview:large, max-video-preview:-1\" \/>\n<link rel=\"canonical\" href=\"https:\/\/taritali.com\/vi\/hotforex\/add\" \/>\n<meta property=\"og:locale\" content=\"vi_VN\" \/>\n<meta property=\"og:type\" content=\"article\" \/>\n<meta property=\"og:title\" content=\"H\u01b0\u1edbng d\u1eabn \u0111\u0103ng k\u00fd t\u00e0i kho\u1ea3n b\u1ed5 sung t\u1ea1i HFM - TariTali - L\u1ef1a ch\u1ecdn h\u00e0ng \u0111\u1ea7u cho ho\u00e0n tr\u1ea3 Forex\" \/>\n<meta property=\"og:description\" content=\"&nbsp; T\u1ea1i HFM, b\u1ea1n kh\u00f4ng th\u1ec3 li\u00ean k\u1ebft t\u00e0i kho\u1ea3n \u0111\u01b0\u1ee3c m\u1edf qua c\u00e1c IB kh\u00e1c v\u1edbi t\u00e0i kho\u1ea3n ho\u00e0n tr\u1ea3 c\u1ee7a TariTali. Do \u0111\u00f3, \u0111\u1ec3 s\u1eed d\u1ee5ng t\u00e0i kho\u1ea3n ho\u00e0n tr\u1ea3 c\u1ee7a TariTali, b\u1ea1n c\u1ea7n m\u1edf th\u00eam m\u1ed9t t\u00e0i kho\u1ea3n m\u1edbi. Ch\u00fa \u00fd: m\u1ed7i t\u00e0i kho\u1ea3n myHF ch\u1ec9 c\u00f3 th\u1ec3 m\u1edf m\u1ed9t t\u00e0i kho\u1ea3n chuy\u00ean nghi\u1ec7p m\u1edbi, trong khi t\u00e0i kho\u1ea3n giao d\u1ecbch kh\u00f4ng c\u00f3 ch\u00eanh l\u1ec7ch (zero spread) b\u1ecb gi\u1edbi h\u1ea1n t\u1ed1i \u0111a l\u00e0 hai t\u00e0i kho\u1ea3n tr\u00ean c\u1ea3 MT4 v\u00e0 MT5. Ch\u00fang t\u00f4i s\u1ebd h\u01b0\u1edbng d\u1eabn c\u00e1c b\u01b0\u1edbc m\u1edf th\u00eam t\u00e0i kho\u1ea3n ho\u00e0n tr\u1ea3 c\u1ee7a HFM c\u0169ng nh\u01b0 quy tr\u00ecnh \u0111\u0103ng k\u00fd t\u00e0i kho\u1ea3n c\u1ee7a TariTali. H\u01b0\u1edbng...\" \/>\n<meta property=\"og:url\" content=\"https:\/\/taritali.com\/vi\/hotforex\/add\" \/>\n<meta property=\"og:site_name\" content=\"TariTali - L\u1ef1a ch\u1ecdn h\u00e0ng \u0111\u1ea7u cho ho\u00e0n tr\u1ea3 Forex\" \/>\n<meta property=\"article:modified_time\" content=\"2024-12-05T06:34:53+00:00\" \/>\n<meta name=\"twitter:card\" content=\"summary_large_image\" \/>\n<meta name=\"twitter:label1\" content=\"\u01af\u1edbc t\u00ednh th\u1eddi gian \u0111\u1ecdc\" \/>\n\t<meta name=\"twitter:data1\" content=\"8 ph\u00fat\" \/>\n<script type=\"application\/ld+json\" class=\"yoast-schema-graph\">{\"@context\":\"https:\/\/schema.org\",\"@graph\":[{\"@type\":\"WebPage\",\"@id\":\"https:\/\/taritali.com\/vi\/hotforex\/add\",\"url\":\"https:\/\/taritali.com\/vi\/hotforex\/add\",\"name\":\"H\u01b0\u1edbng d\u1eabn \u0111\u0103ng k\u00fd t\u00e0i kho\u1ea3n b\u1ed5 sung t\u1ea1i HFM - TariTali - L\u1ef1a ch\u1ecdn h\u00e0ng \u0111\u1ea7u cho ho\u00e0n tr\u1ea3 Forex\",\"isPartOf\":{\"@id\":\"https:\/\/taritali.com\/vi\/#website\"},\"primaryImageOfPage\":{\"@id\":\"https:\/\/taritali.com\/vi\/hotforex\/add#primaryimage\"},\"image\":{\"@id\":\"https:\/\/taritali.com\/vi\/hotforex\/add#primaryimage\"},\"thumbnailUrl\":\"\",\"datePublished\":\"2019-05-28T16:52:39+00:00\",\"dateModified\":\"2024-12-05T06:34:53+00:00\",\"breadcrumb\":{\"@id\":\"https:\/\/taritali.com\/vi\/hotforex\/add#breadcrumb\"},\"inLanguage\":\"vi\",\"potentialAction\":[{\"@type\":\"ReadAction\",\"target\":[\"https:\/\/taritali.com\/vi\/hotforex\/add\"]}]},{\"@type\":\"ImageObject\",\"inLanguage\":\"vi\",\"@id\":\"https:\/\/taritali.com\/vi\/hotforex\/add#primaryimage\",\"url\":\"\",\"contentUrl\":\"\"},{\"@type\":\"BreadcrumbList\",\"@id\":\"https:\/\/taritali.com\/vi\/hotforex\/add#breadcrumb\",\"itemListElement\":[{\"@type\":\"ListItem\",\"position\":1,\"name\":\"Trang ch\u1ee7\",\"item\":\"https:\/\/taritali.com\/vi\/\"},{\"@type\":\"ListItem\",\"position\":2,\"name\":\"\u0110\u0103ng k\u00fd t\u00e0i kho\u1ea3n ho\u00e0n tr\u1ea3 HFM (HotForex)\",\"item\":\"https:\/\/taritali.com\/vi\/hotforex\"},{\"@type\":\"ListItem\",\"position\":3,\"name\":\"H\u01b0\u1edbng d\u1eabn \u0111\u0103ng k\u00fd t\u00e0i kho\u1ea3n b\u1ed5 sung t\u1ea1i HFM\"}]},{\"@type\":\"WebSite\",\"@id\":\"https:\/\/taritali.com\/vi\/#website\",\"url\":\"https:\/\/taritali.com\/vi\/\",\"name\":\"TariTali - L\u1ef1a ch\u1ecdn h\u00e0ng \u0111\u1ea7u cho ho\u00e0n tr\u1ea3 Forex\",\"description\":\"\",\"publisher\":{\"@id\":\"https:\/\/taritali.com\/vi\/#organization\"},\"potentialAction\":[{\"@type\":\"SearchAction\",\"target\":{\"@type\":\"EntryPoint\",\"urlTemplate\":\"https:\/\/taritali.com\/vi\/?s={search_term_string}\"},\"query-input\":\"required name=search_term_string\"}],\"inLanguage\":\"vi\"},{\"@type\":\"Organization\",\"@id\":\"https:\/\/taritali.com\/vi\/#organization\",\"name\":\"TariTali - L\u1ef1a ch\u1ecdn h\u00e0ng \u0111\u1ea7u cho ho\u00e0n tr\u1ea3 Forex\",\"url\":\"https:\/\/taritali.com\/vi\/\",\"logo\":{\"@type\":\"ImageObject\",\"inLanguage\":\"vi\",\"@id\":\"https:\/\/taritali.com\/vi\/#\/schema\/logo\/image\/\",\"url\":\"https:\/\/taritali.com\/vi\/wp-content\/uploads\/sites\/2\/2024\/01\/logo.png\",\"contentUrl\":\"https:\/\/taritali.com\/vi\/wp-content\/uploads\/sites\/2\/2024\/01\/logo.png\",\"width\":215,\"height\":90,\"caption\":\"TariTali - L\u1ef1a ch\u1ecdn h\u00e0ng \u0111\u1ea7u cho ho\u00e0n tr\u1ea3 Forex\"},\"image\":{\"@id\":\"https:\/\/taritali.com\/vi\/#\/schema\/logo\/image\/\"}}]}<\/script>\n<!-- \/ Yoast SEO plugin. -->","yoast_head_json":{"title":"H\u01b0\u1edbng d\u1eabn \u0111\u0103ng k\u00fd t\u00e0i kho\u1ea3n b\u1ed5 sung t\u1ea1i HFM - TariTali - L\u1ef1a ch\u1ecdn h\u00e0ng \u0111\u1ea7u cho ho\u00e0n tr\u1ea3 Forex","robots":{"index":"index","follow":"follow","max-snippet":"max-snippet:-1","max-image-preview":"max-image-preview:large","max-video-preview":"max-video-preview:-1"},"canonical":"https:\/\/taritali.com\/vi\/hotforex\/add","og_locale":"vi_VN","og_type":"article","og_title":"H\u01b0\u1edbng d\u1eabn \u0111\u0103ng k\u00fd t\u00e0i kho\u1ea3n b\u1ed5 sung t\u1ea1i HFM - TariTali - L\u1ef1a ch\u1ecdn h\u00e0ng \u0111\u1ea7u cho ho\u00e0n tr\u1ea3 Forex","og_description":"&nbsp; T\u1ea1i HFM, b\u1ea1n kh\u00f4ng th\u1ec3 li\u00ean k\u1ebft t\u00e0i kho\u1ea3n \u0111\u01b0\u1ee3c m\u1edf qua c\u00e1c IB kh\u00e1c v\u1edbi t\u00e0i kho\u1ea3n ho\u00e0n tr\u1ea3 c\u1ee7a TariTali. Do \u0111\u00f3, \u0111\u1ec3 s\u1eed d\u1ee5ng t\u00e0i kho\u1ea3n ho\u00e0n tr\u1ea3 c\u1ee7a TariTali, b\u1ea1n c\u1ea7n m\u1edf th\u00eam m\u1ed9t t\u00e0i kho\u1ea3n m\u1edbi. Ch\u00fa \u00fd: m\u1ed7i t\u00e0i kho\u1ea3n myHF ch\u1ec9 c\u00f3 th\u1ec3 m\u1edf m\u1ed9t t\u00e0i kho\u1ea3n chuy\u00ean nghi\u1ec7p m\u1edbi, trong khi t\u00e0i kho\u1ea3n giao d\u1ecbch kh\u00f4ng c\u00f3 ch\u00eanh l\u1ec7ch (zero spread) b\u1ecb gi\u1edbi h\u1ea1n t\u1ed1i \u0111a l\u00e0 hai t\u00e0i kho\u1ea3n tr\u00ean c\u1ea3 MT4 v\u00e0 MT5. Ch\u00fang t\u00f4i s\u1ebd h\u01b0\u1edbng d\u1eabn c\u00e1c b\u01b0\u1edbc m\u1edf th\u00eam t\u00e0i kho\u1ea3n ho\u00e0n tr\u1ea3 c\u1ee7a HFM c\u0169ng nh\u01b0 quy tr\u00ecnh \u0111\u0103ng k\u00fd t\u00e0i kho\u1ea3n c\u1ee7a TariTali. H\u01b0\u1edbng...","og_url":"https:\/\/taritali.com\/vi\/hotforex\/add","og_site_name":"TariTali - L\u1ef1a ch\u1ecdn h\u00e0ng \u0111\u1ea7u cho ho\u00e0n tr\u1ea3 Forex","article_modified_time":"2024-12-05T06:34:53+00:00","twitter_card":"summary_large_image","twitter_misc":{"\u01af\u1edbc t\u00ednh th\u1eddi gian \u0111\u1ecdc":"8 ph\u00fat"},"schema":{"@context":"https:\/\/schema.org","@graph":[{"@type":"WebPage","@id":"https:\/\/taritali.com\/vi\/hotforex\/add","url":"https:\/\/taritali.com\/vi\/hotforex\/add","name":"H\u01b0\u1edbng d\u1eabn \u0111\u0103ng k\u00fd t\u00e0i kho\u1ea3n b\u1ed5 sung t\u1ea1i HFM - TariTali - L\u1ef1a ch\u1ecdn h\u00e0ng \u0111\u1ea7u cho ho\u00e0n tr\u1ea3 Forex","isPartOf":{"@id":"https:\/\/taritali.com\/vi\/#website"},"primaryImageOfPage":{"@id":"https:\/\/taritali.com\/vi\/hotforex\/add#primaryimage"},"image":{"@id":"https:\/\/taritali.com\/vi\/hotforex\/add#primaryimage"},"thumbnailUrl":"","datePublished":"2019-05-28T16:52:39+00:00","dateModified":"2024-12-05T06:34:53+00:00","breadcrumb":{"@id":"https:\/\/taritali.com\/vi\/hotforex\/add#breadcrumb"},"inLanguage":"vi","potentialAction":[{"@type":"ReadAction","target":["https:\/\/taritali.com\/vi\/hotforex\/add"]}]},{"@type":"ImageObject","inLanguage":"vi","@id":"https:\/\/taritali.com\/vi\/hotforex\/add#primaryimage","url":"","contentUrl":""},{"@type":"BreadcrumbList","@id":"https:\/\/taritali.com\/vi\/hotforex\/add#breadcrumb","itemListElement":[{"@type":"ListItem","position":1,"name":"Trang ch\u1ee7","item":"https:\/\/taritali.com\/vi\/"},{"@type":"ListItem","position":2,"name":"\u0110\u0103ng k\u00fd t\u00e0i kho\u1ea3n ho\u00e0n tr\u1ea3 HFM (HotForex)","item":"https:\/\/taritali.com\/vi\/hotforex"},{"@type":"ListItem","position":3,"name":"H\u01b0\u1edbng d\u1eabn \u0111\u0103ng k\u00fd t\u00e0i kho\u1ea3n b\u1ed5 sung t\u1ea1i HFM"}]},{"@type":"WebSite","@id":"https:\/\/taritali.com\/vi\/#website","url":"https:\/\/taritali.com\/vi\/","name":"TariTali - L\u1ef1a ch\u1ecdn h\u00e0ng \u0111\u1ea7u cho ho\u00e0n tr\u1ea3 Forex","description":"","publisher":{"@id":"https:\/\/taritali.com\/vi\/#organization"},"potentialAction":[{"@type":"SearchAction","target":{"@type":"EntryPoint","urlTemplate":"https:\/\/taritali.com\/vi\/?s={search_term_string}"},"query-input":"required name=search_term_string"}],"inLanguage":"vi"},{"@type":"Organization","@id":"https:\/\/taritali.com\/vi\/#organization","name":"TariTali - L\u1ef1a ch\u1ecdn h\u00e0ng \u0111\u1ea7u cho ho\u00e0n tr\u1ea3 Forex","url":"https:\/\/taritali.com\/vi\/","logo":{"@type":"ImageObject","inLanguage":"vi","@id":"https:\/\/taritali.com\/vi\/#\/schema\/logo\/image\/","url":"https:\/\/taritali.com\/vi\/wp-content\/uploads\/sites\/2\/2024\/01\/logo.png","contentUrl":"https:\/\/taritali.com\/vi\/wp-content\/uploads\/sites\/2\/2024\/01\/logo.png","width":215,"height":90,"caption":"TariTali - L\u1ef1a ch\u1ecdn h\u00e0ng \u0111\u1ea7u cho ho\u00e0n tr\u1ea3 Forex"},"image":{"@id":"https:\/\/taritali.com\/vi\/#\/schema\/logo\/image\/"}}]}},"_links":{"self":[{"href":"https:\/\/taritali.com\/vi\/wp-json\/wp\/v2\/pages\/5824"}],"collection":[{"href":"https:\/\/taritali.com\/vi\/wp-json\/wp\/v2\/pages"}],"about":[{"href":"https:\/\/taritali.com\/vi\/wp-json\/wp\/v2\/types\/page"}],"author":[{"embeddable":true,"href":"https:\/\/taritali.com\/vi\/wp-json\/wp\/v2\/users\/2"}],"replies":[{"embeddable":true,"href":"https:\/\/taritali.com\/vi\/wp-json\/wp\/v2\/comments?post=5824"}],"version-history":[{"count":13,"href":"https:\/\/taritali.com\/vi\/wp-json\/wp\/v2\/pages\/5824\/revisions"}],"predecessor-version":[{"id":34585,"href":"https:\/\/taritali.com\/vi\/wp-json\/wp\/v2\/pages\/5824\/revisions\/34585"}],"up":[{"embeddable":true,"href":"https:\/\/taritali.com\/vi\/wp-json\/wp\/v2\/pages\/4418"}],"wp:featuredmedia":[{"embeddable":true,"href":"https:\/\/taritali.com\/vi\/wp-json\/"}],"wp:attachment":[{"href":"https:\/\/taritali.com\/vi\/wp-json\/wp\/v2\/media?parent=5824"}],"wp:term":[{"taxonomy":"post_tag","embeddable":true,"href":"https:\/\/taritali.com\/vi\/wp-json\/wp\/v2\/tags?post=5824"}],"curies":[{"name":"wp","href":"https:\/\/api.w.org\/{rel}","templated":true}]}}