{"id":59,"date":"2016-01-15T07:17:42","date_gmt":"2016-01-14T22:17:42","guid":{"rendered":"http:\/\/taritali.com\/?page_id=59"},"modified":"2024-12-04T20:47:23","modified_gmt":"2024-12-04T12:47:23","slug":"usermanual","status":"publish","type":"page","link":"https:\/\/taritali.com\/vi\/usermanual","title":{"rendered":"H\u01b0\u1edbng d\u1eabn s\u1eed d\u1ee5ng trang th\u00e0nh vi\u00ean"},"content":{"rendered":"<h2><b>\u0110\u0103ng k\u00fd t\u00e0i kho\u1ea3n m\u1edbi<\/b><\/h2>\n<p><span style=\"font-weight: 400\">\u0110\u1ed1i v\u1edbi kh\u00e1ch h\u00e0ng l\u1ea7n \u0111\u1ea7u s\u1eed d\u1ee5ng TariTali, vui l\u00f2ng \u0111\u0103ng k\u00fd ng\u01b0\u1eddi d\u00f9ng qua li\u00ean k\u1ebft sau: <\/span><a href=\"https:\/\/taritali.com\/client\/reg.php?lang=vi\"><span style=\"font-weight: 400\">https:\/\/taritali.com\/client\/reg.php?lang=vi<\/span><\/a><\/p>\n<p><span style=\"font-weight: 400\">Th\u00f4ng tin c\u1ea7n \u0111i\u1ec1n bao g\u1ed3m h\u1ecd t\u00ean, \u0111\u1ecba ch\u1ec9 email v\u00e0 m\u1eadt kh\u1ea9u.<\/span><\/p>\n<p><span style=\"font-weight: 400\">Sau khi ho\u00e0n t\u1ea5t \u0111\u0103ng k\u00fd, h\u1ec7 th\u1ed1ng s\u1ebd g\u1eedi email x\u00e1c th\u1ef1c \u0111\u1ebfn \u0111\u1ecba ch\u1ec9 email b\u1ea1n \u0111\u00e3 cung c\u1ea5p. Vui l\u00f2ng nh\u1ea5p v\u00e0o li\u00ean k\u1ebft x\u00e1c th\u1ef1c trong email \u0111\u1ec3 ho\u00e0n t\u1ea5t quy tr\u00ecnh.<\/span><\/p>\n<p><span style=\"font-weight: 400\">\u203bN\u1ebfu kh\u00f4ng nh\u1eadn \u0111\u01b0\u1ee3c email, h\u00e3y ki\u1ec3m tra xem \u0111\u1ecba ch\u1ec9 email \u0111\u00e3 nh\u1eadp c\u00f3 ch\u00ednh x\u00e1c kh\u00f4ng v\u00e0 ki\u1ec3m tra th\u01b0 m\u1ee5c spam.<\/span><\/p>\n<h2><b>\u0110\u0103ng k\u00fd t\u00e0i kho\u1ea3n<\/b><\/h2>\n<p><span style=\"font-weight: 400\">Vui l\u00f2ng ch\u1ecdn c\u00f4ng ty m\u00f4i gi\u1edbi ngo\u1ea1i h\u1ed1i t\u1eeb <\/span><a href=\"https:\/\/taritali.com\/vi\/broker\"><span style=\"font-weight: 400\">danh s\u00e1ch Broker ho\u00e0n tr\u1ea3 ti\u1ec1n m\u1eb7t<\/span><\/a><span style=\"font-weight: 400\"> v\u00e0 th\u1ef1c hi\u1ec7n m\u1edf t\u00e0i kho\u1ea3n t\u1ea1i \u0111\u00f3.<\/span><\/p>\n<h2><b>\u0110\u0103ng k\u00fd s\u1ed1 t\u00e0i kho\u1ea3n<\/b><\/h2>\n<p><span style=\"font-weight: 400\">Sau khi ho\u00e0n t\u1ea5t vi\u1ec7c m\u1edf t\u00e0i kho\u1ea3n, vui l\u00f2ng \u0111\u0103ng k\u00fd s\u1ed1 t\u00e0i kho\u1ea3n c\u1ee7a b\u1ea1n t\u1eeb trang th\u00e0nh vi\u00ean.<\/span><\/p>\n<p>&nbsp;<\/p>\n<p><span style=\"font-weight: 400\">Vui l\u00f2ng nh\u1eadp t\u00ean Broker v\u00e0 s\u1ed1 t\u00e0i kho\u1ea3n v\u00e0o ph\u1ea7n \u00f4 \u0111\u1ecf \u0111\u1ec3 th\u1ef1c hi\u1ec7n \u0111\u0103ng k\u00fd.<\/span><\/p>\n<p><span style=\"font-weight: 400\">S\u1ed1 t\u00e0i kho\u1ea3n b\u1ea1n \u0111\u0103ng k\u00fd s\u1ebd \u0111\u01b0\u1ee3c TariTali g\u1eedi y\u00eau c\u1ea7u x\u00e1c minh v\u1edbi c\u00f4ng ty m\u00f4i gi\u1edbi ngo\u1ea1i h\u1ed1i.<\/span><\/p>\n<p><span style=\"font-weight: 400;font-family: georgia, palatino, serif\">Tr\u1ea1ng th\u00e1i c\u1ee7a ph\u1ea7n \u00f4 xanh s\u1ebd hi\u1ec3n th\u1ecb l\u00e0 &#8220;\u0110ang x\u00e1c nh\u1eadn&#8221; cho \u0111\u1ebfn khi qu\u00e1 tr\u00ecnh x\u00e1c minh ho\u00e0n t\u1ea5t.<\/span><\/p>\n<p><span style=\"font-weight: 400\">Sau khi ho\u00e0n t\u1ea5t x\u00e1c minh, h\u1ec7 th\u1ed1ng s\u1ebd g\u1eedi email th\u00f4ng b\u00e1o \u0111\u1ebfn b\u1ea1n.<\/span><\/p>\n<p><span style=\"font-weight: 400\">N\u1ebfu t\u00e0i kho\u1ea3n \u0111\u01b0\u1ee3c x\u00e1c minh th\u00e0nh c\u00f4ng, ph\u1ea7n \u00f4 xanh s\u1ebd hi\u1ec3n th\u1ecb t\u00e0i kho\u1ea3n \u0111\u00e3 \u0111\u01b0\u1ee3c k\u00edch ho\u1ea1t.<\/span><\/p>\n<h2><b>\u0110\u0103ng k\u00fd t\u00e0i kho\u1ea3n nh\u1eadn ti\u1ec1n ho\u00e0n tr\u1ea3<\/b><\/h2>\n<p>&nbsp;<\/p>\n<p><span style=\"font-weight: 400\">Vui l\u00f2ng \u0111i\u1ec1n ph\u01b0\u01a1ng th\u1ee9c nh\u1eadn ti\u1ec1n ho\u00e0n tr\u1ea3 v\u00e0 th\u00f4ng tin v\u1ec1 t\u1ed5 ch\u1ee9c t\u00e0i ch\u00ednh v\u00e0o ph\u1ea7n \u00f4 trong khung \u0111\u1ecf.<\/span><\/p>\n<p><span style=\"font-weight: 400\">Th\u00f4ng tin t\u00e0i kho\u1ea3n th\u1ee5 h\u01b0\u1edfng b\u1ea1n \u0111\u0103ng k\u00fd s\u1ebd \u0111\u01b0\u1ee3c s\u1eed d\u1ee5ng \u0111\u1ec3 nh\u1eadn ti\u1ec1n ho\u00e0n tr\u1ea3.<\/span><\/p>\n<h2><b>B\u1eaft \u0111\u1ea7u giao d\u1ecbch<\/b><\/h2>\n<p>&nbsp;<\/p>\n<p><span style=\"font-weight: 400\">B\u00e2y gi\u1edd b\u1ea1n c\u00f3 th\u1ec3 b\u1eaft \u0111\u1ea7u giao d\u1ecbch v\u00e0 nh\u1eadn ti\u1ec1n ho\u00e0n tr\u1ea3 t\u1eeb TariTali.<\/span><\/p>\n<h2><b>Y\u00eau c\u1ea7u r\u00fat ti\u1ec1n<\/b><\/h2>\n<p><span style=\"font-weight: 400\">Khi b\u1ea1n th\u1ef1c hi\u1ec7n giao d\u1ecbch, ti\u1ec1n ho\u00e0n ti\u1ec1n s\u1ebd d\u1ea7n t\u00edch l\u0169y. Khi t\u1ed5ng s\u1ed1 ti\u1ec1n \u0111\u1ea1t 10 \u0111\u00f4 la M\u1ef9 (USD) tr\u1edf l\u00ean, b\u1ea1n c\u00f3 th\u1ec3 y\u00eau c\u1ea7u r\u00fat ti\u1ec1n ho\u00e0n ti\u1ec1n.<\/span><\/p>\n<p><span style=\"font-weight: 400\">H\u00ecnh d\u01b0\u1edbi \u0111\u00e2y l\u00e0 m\u00e0n h\u00ecnh c\u1ee7a trang ng\u01b0\u1eddi d\u00f9ng, sau khi nh\u1ea5p v\u00e0o n\u00fat &#8220;R\u00fat ti\u1ec1n&#8221; trong ph\u1ea7n &#8220;L\u1ecbch s\u1eed&#8221;.<\/span><\/p>\n<p>&nbsp;<\/p>\n<p><span style=\"font-weight: 400\">Khi s\u1ed1 ti\u1ec1n r\u00fat \u0111\u1ea1t 10 USD tr\u1edf l\u00ean, b\u1ea1n c\u00f3 th\u1ec3 r\u00fat ti\u1ec1n mi\u1ec5n ph\u00ed.<\/span><\/p>\n<p><span style=\"font-weight: 400\">Vui l\u00f2ng nh\u1eadp s\u1ed1 ti\u1ec1n b\u1ea1n mu\u1ed1n r\u00fat b\u1eb1ng ch\u1eef s\u1ed1 n\u1eeda r\u1ed9ng, sau \u0111\u00f3 nh\u1ea5p v\u00e0o n\u00fat &#8220;G\u1eedi y\u00eau c\u1ea7u&#8221;. Y\u00eau c\u1ea7u r\u00fat ti\u1ec1n s\u1ebd \u0111\u01b0\u1ee3c thanh to\u00e1n v\u00e0o t\u00e0i kho\u1ea3n nh\u1eadn ti\u1ec1n c\u1ee7a b\u1ea1n trong v\u00f2ng 3 ng\u00e0y l\u00e0m vi\u1ec7c k\u1ec3 t\u1eeb ng\u00e0y y\u00eau c\u1ea7u.<\/span><\/p>\n<h2><b>N\u1ebfu c\u00f3 b\u1ea5t k\u1ef3 th\u1eafc m\u1eafc n\u00e0o<\/b><\/h2>\n<p><span style=\"font-weight: 400\">TariTali s\u1ebd n\u1ed7 l\u1ef1c gi\u1ea3i \u0111\u00e1p m\u1ecdi th\u1eafc m\u1eafc c\u1ee7a b\u1ea1n.<\/span><\/p>\n<p><span style=\"font-weight: 400\">N\u1ebfu c\u00f3 c\u00e2u h\u1ecfi, vui l\u00f2ng ki\u1ec3m tra ph\u1ea7n <\/span><a href=\"https:\/\/taritali.com\/vi\/contact\/faq\"><span style=\"font-weight: 400\">C\u00e2u h\u1ecfi th\u01b0\u1eddng g\u1eb7p<\/span><\/a><span style=\"font-weight: 400\"> tr\u01b0\u1edbc. N\u1ebfu v\u1ea5n \u0111\u1ec1 c\u1ee7a b\u1ea1n ch\u01b0a \u0111\u01b0\u1ee3c gi\u1ea3i quy\u1ebft, h\u00e3y li\u00ean h\u1ec7 v\u1edbi ch\u00fang t\u00f4i qua <\/span><a href=\"https:\/\/taritali.com\/vi\/contact\"><span style=\"font-weight: 400\">Bi\u1ec3u m\u1eabu li\u00ean h\u1ec7<\/span><\/a><span style=\"font-weight: 400\">.<\/span><\/p>\n","protected":false},"excerpt":{"rendered":"<p>\u0110\u0103ng k\u00fd t\u00e0i kho\u1ea3n m\u1edbi \u0110\u1ed1i v\u1edbi kh\u00e1ch h\u00e0ng l\u1ea7n \u0111\u1ea7u s\u1eed d\u1ee5ng TariTali, vui l\u00f2ng \u0111\u0103ng k\u00fd ng\u01b0\u1eddi d\u00f9ng qua li\u00ean k\u1ebft sau: https:\/\/taritali.com\/client\/reg.php?lang=vi Th\u00f4ng tin c\u1ea7n \u0111i\u1ec1n bao g\u1ed3m h\u1ecd t\u00ean, \u0111\u1ecba ch\u1ec9 email v\u00e0 m\u1eadt kh\u1ea9u. Sau khi ho\u00e0n t\u1ea5t \u0111\u0103ng k\u00fd, h\u1ec7 th\u1ed1ng s\u1ebd g\u1eedi email x\u00e1c th\u1ef1c \u0111\u1ebfn \u0111\u1ecba ch\u1ec9 email b\u1ea1n \u0111\u00e3 cung c\u1ea5p. Vui l\u00f2ng nh\u1ea5p v\u00e0o li\u00ean k\u1ebft x\u00e1c th\u1ef1c trong email \u0111\u1ec3 ho\u00e0n t\u1ea5t quy tr\u00ecnh. \u203bN\u1ebfu kh\u00f4ng nh\u1eadn \u0111\u01b0\u1ee3c email, h\u00e3y ki\u1ec3m tra xem \u0111\u1ecba ch\u1ec9 email \u0111\u00e3 nh\u1eadp c\u00f3 ch\u00ednh x\u00e1c kh\u00f4ng v\u00e0 ki\u1ec3m tra th\u01b0 m\u1ee5c spam. \u0110\u0103ng k\u00fd t\u00e0i kho\u1ea3n Vui l\u00f2ng ch\u1ecdn c\u00f4ng ty m\u00f4i gi\u1edbi&#8230;<\/p>\n","protected":false},"author":2,"featured_media":114,"parent":0,"menu_order":0,"comment_status":"closed","ping_status":"closed","template":"","meta":{"footnotes":""},"tags":[],"yoast_head":"<!-- This site is optimized with the Yoast SEO plugin v23.1 - https:\/\/yoast.com\/wordpress\/plugins\/seo\/ -->\n<title>H\u01b0\u1edbng d\u1eabn s\u1eed d\u1ee5ng trang th\u00e0nh vi\u00ean - TariTali - L\u1ef1a ch\u1ecdn h\u00e0ng \u0111\u1ea7u cho ho\u00e0n tr\u1ea3 Forex<\/title>\n<meta name=\"robots\" content=\"index, follow, max-snippet:-1, max-image-preview:large, max-video-preview:-1\" \/>\n<link rel=\"canonical\" href=\"https:\/\/taritali.com\/vi\/usermanual\" \/>\n<meta property=\"og:locale\" content=\"vi_VN\" \/>\n<meta property=\"og:type\" content=\"article\" \/>\n<meta property=\"og:title\" content=\"H\u01b0\u1edbng d\u1eabn s\u1eed d\u1ee5ng trang th\u00e0nh vi\u00ean - TariTali - L\u1ef1a ch\u1ecdn h\u00e0ng \u0111\u1ea7u cho ho\u00e0n tr\u1ea3 Forex\" \/>\n<meta property=\"og:description\" content=\"\u0110\u0103ng k\u00fd t\u00e0i kho\u1ea3n m\u1edbi \u0110\u1ed1i v\u1edbi kh\u00e1ch h\u00e0ng l\u1ea7n \u0111\u1ea7u s\u1eed d\u1ee5ng TariTali, vui l\u00f2ng \u0111\u0103ng k\u00fd ng\u01b0\u1eddi d\u00f9ng qua li\u00ean k\u1ebft sau: https:\/\/taritali.com\/client\/reg.php?lang=vi Th\u00f4ng tin c\u1ea7n \u0111i\u1ec1n bao g\u1ed3m h\u1ecd t\u00ean, \u0111\u1ecba ch\u1ec9 email v\u00e0 m\u1eadt kh\u1ea9u. Sau khi ho\u00e0n t\u1ea5t \u0111\u0103ng k\u00fd, h\u1ec7 th\u1ed1ng s\u1ebd g\u1eedi email x\u00e1c th\u1ef1c \u0111\u1ebfn \u0111\u1ecba ch\u1ec9 email b\u1ea1n \u0111\u00e3 cung c\u1ea5p. Vui l\u00f2ng nh\u1ea5p v\u00e0o li\u00ean k\u1ebft x\u00e1c th\u1ef1c trong email \u0111\u1ec3 ho\u00e0n t\u1ea5t quy tr\u00ecnh. \u203bN\u1ebfu kh\u00f4ng nh\u1eadn \u0111\u01b0\u1ee3c email, h\u00e3y ki\u1ec3m tra xem \u0111\u1ecba ch\u1ec9 email \u0111\u00e3 nh\u1eadp c\u00f3 ch\u00ednh x\u00e1c kh\u00f4ng v\u00e0 ki\u1ec3m tra th\u01b0 m\u1ee5c spam. \u0110\u0103ng k\u00fd t\u00e0i kho\u1ea3n Vui l\u00f2ng ch\u1ecdn c\u00f4ng ty m\u00f4i gi\u1edbi...\" \/>\n<meta property=\"og:url\" content=\"https:\/\/taritali.com\/vi\/usermanual\" \/>\n<meta property=\"og:site_name\" content=\"TariTali - L\u1ef1a ch\u1ecdn h\u00e0ng \u0111\u1ea7u cho ho\u00e0n tr\u1ea3 Forex\" \/>\n<meta property=\"article:modified_time\" content=\"2024-12-04T12:47:23+00:00\" \/>\n<meta name=\"twitter:card\" content=\"summary_large_image\" \/>\n<meta name=\"twitter:label1\" content=\"\u01af\u1edbc t\u00ednh th\u1eddi gian \u0111\u1ecdc\" \/>\n\t<meta name=\"twitter:data1\" content=\"5 ph\u00fat\" \/>\n<script type=\"application\/ld+json\" class=\"yoast-schema-graph\">{\"@context\":\"https:\/\/schema.org\",\"@graph\":[{\"@type\":\"WebPage\",\"@id\":\"https:\/\/taritali.com\/vi\/usermanual\",\"url\":\"https:\/\/taritali.com\/vi\/usermanual\",\"name\":\"H\u01b0\u1edbng d\u1eabn s\u1eed d\u1ee5ng trang th\u00e0nh vi\u00ean - TariTali - L\u1ef1a ch\u1ecdn h\u00e0ng \u0111\u1ea7u cho ho\u00e0n tr\u1ea3 Forex\",\"isPartOf\":{\"@id\":\"https:\/\/taritali.com\/vi\/#website\"},\"primaryImageOfPage\":{\"@id\":\"https:\/\/taritali.com\/vi\/usermanual#primaryimage\"},\"image\":{\"@id\":\"https:\/\/taritali.com\/vi\/usermanual#primaryimage\"},\"thumbnailUrl\":\"\",\"datePublished\":\"2016-01-14T22:17:42+00:00\",\"dateModified\":\"2024-12-04T12:47:23+00:00\",\"breadcrumb\":{\"@id\":\"https:\/\/taritali.com\/vi\/usermanual#breadcrumb\"},\"inLanguage\":\"vi\",\"potentialAction\":[{\"@type\":\"ReadAction\",\"target\":[\"https:\/\/taritali.com\/vi\/usermanual\"]}]},{\"@type\":\"ImageObject\",\"inLanguage\":\"vi\",\"@id\":\"https:\/\/taritali.com\/vi\/usermanual#primaryimage\",\"url\":\"\",\"contentUrl\":\"\"},{\"@type\":\"BreadcrumbList\",\"@id\":\"https:\/\/taritali.com\/vi\/usermanual#breadcrumb\",\"itemListElement\":[{\"@type\":\"ListItem\",\"position\":1,\"name\":\"Trang ch\u1ee7\",\"item\":\"https:\/\/taritali.com\/vi\/\"},{\"@type\":\"ListItem\",\"position\":2,\"name\":\"H\u01b0\u1edbng d\u1eabn s\u1eed d\u1ee5ng trang th\u00e0nh vi\u00ean\"}]},{\"@type\":\"WebSite\",\"@id\":\"https:\/\/taritali.com\/vi\/#website\",\"url\":\"https:\/\/taritali.com\/vi\/\",\"name\":\"TariTali - L\u1ef1a ch\u1ecdn h\u00e0ng \u0111\u1ea7u cho ho\u00e0n tr\u1ea3 Forex\",\"description\":\"\",\"publisher\":{\"@id\":\"https:\/\/taritali.com\/vi\/#organization\"},\"potentialAction\":[{\"@type\":\"SearchAction\",\"target\":{\"@type\":\"EntryPoint\",\"urlTemplate\":\"https:\/\/taritali.com\/vi\/?s={search_term_string}\"},\"query-input\":\"required name=search_term_string\"}],\"inLanguage\":\"vi\"},{\"@type\":\"Organization\",\"@id\":\"https:\/\/taritali.com\/vi\/#organization\",\"name\":\"TariTali - L\u1ef1a ch\u1ecdn h\u00e0ng \u0111\u1ea7u cho ho\u00e0n tr\u1ea3 Forex\",\"url\":\"https:\/\/taritali.com\/vi\/\",\"logo\":{\"@type\":\"ImageObject\",\"inLanguage\":\"vi\",\"@id\":\"https:\/\/taritali.com\/vi\/#\/schema\/logo\/image\/\",\"url\":\"https:\/\/taritali.com\/vi\/wp-content\/uploads\/sites\/2\/2024\/01\/logo.png\",\"contentUrl\":\"https:\/\/taritali.com\/vi\/wp-content\/uploads\/sites\/2\/2024\/01\/logo.png\",\"width\":215,\"height\":90,\"caption\":\"TariTali - L\u1ef1a ch\u1ecdn h\u00e0ng \u0111\u1ea7u cho ho\u00e0n tr\u1ea3 Forex\"},\"image\":{\"@id\":\"https:\/\/taritali.com\/vi\/#\/schema\/logo\/image\/\"}}]}<\/script>\n<!-- \/ Yoast SEO plugin. -->","yoast_head_json":{"title":"H\u01b0\u1edbng d\u1eabn s\u1eed d\u1ee5ng trang th\u00e0nh vi\u00ean - TariTali - L\u1ef1a ch\u1ecdn h\u00e0ng \u0111\u1ea7u cho ho\u00e0n tr\u1ea3 Forex","robots":{"index":"index","follow":"follow","max-snippet":"max-snippet:-1","max-image-preview":"max-image-preview:large","max-video-preview":"max-video-preview:-1"},"canonical":"https:\/\/taritali.com\/vi\/usermanual","og_locale":"vi_VN","og_type":"article","og_title":"H\u01b0\u1edbng d\u1eabn s\u1eed d\u1ee5ng trang th\u00e0nh vi\u00ean - TariTali - L\u1ef1a ch\u1ecdn h\u00e0ng \u0111\u1ea7u cho ho\u00e0n tr\u1ea3 Forex","og_description":"\u0110\u0103ng k\u00fd t\u00e0i kho\u1ea3n m\u1edbi \u0110\u1ed1i v\u1edbi kh\u00e1ch h\u00e0ng l\u1ea7n \u0111\u1ea7u s\u1eed d\u1ee5ng TariTali, vui l\u00f2ng \u0111\u0103ng k\u00fd ng\u01b0\u1eddi d\u00f9ng qua li\u00ean k\u1ebft sau: https:\/\/taritali.com\/client\/reg.php?lang=vi Th\u00f4ng tin c\u1ea7n \u0111i\u1ec1n bao g\u1ed3m h\u1ecd t\u00ean, \u0111\u1ecba ch\u1ec9 email v\u00e0 m\u1eadt kh\u1ea9u. Sau khi ho\u00e0n t\u1ea5t \u0111\u0103ng k\u00fd, h\u1ec7 th\u1ed1ng s\u1ebd g\u1eedi email x\u00e1c th\u1ef1c \u0111\u1ebfn \u0111\u1ecba ch\u1ec9 email b\u1ea1n \u0111\u00e3 cung c\u1ea5p. Vui l\u00f2ng nh\u1ea5p v\u00e0o li\u00ean k\u1ebft x\u00e1c th\u1ef1c trong email \u0111\u1ec3 ho\u00e0n t\u1ea5t quy tr\u00ecnh. \u203bN\u1ebfu kh\u00f4ng nh\u1eadn \u0111\u01b0\u1ee3c email, h\u00e3y ki\u1ec3m tra xem \u0111\u1ecba ch\u1ec9 email \u0111\u00e3 nh\u1eadp c\u00f3 ch\u00ednh x\u00e1c kh\u00f4ng v\u00e0 ki\u1ec3m tra th\u01b0 m\u1ee5c spam. \u0110\u0103ng k\u00fd t\u00e0i kho\u1ea3n Vui l\u00f2ng ch\u1ecdn c\u00f4ng ty m\u00f4i gi\u1edbi...","og_url":"https:\/\/taritali.com\/vi\/usermanual","og_site_name":"TariTali - L\u1ef1a ch\u1ecdn h\u00e0ng \u0111\u1ea7u cho ho\u00e0n tr\u1ea3 Forex","article_modified_time":"2024-12-04T12:47:23+00:00","twitter_card":"summary_large_image","twitter_misc":{"\u01af\u1edbc t\u00ednh th\u1eddi gian \u0111\u1ecdc":"5 ph\u00fat"},"schema":{"@context":"https:\/\/schema.org","@graph":[{"@type":"WebPage","@id":"https:\/\/taritali.com\/vi\/usermanual","url":"https:\/\/taritali.com\/vi\/usermanual","name":"H\u01b0\u1edbng d\u1eabn s\u1eed d\u1ee5ng trang th\u00e0nh vi\u00ean - TariTali - L\u1ef1a ch\u1ecdn h\u00e0ng \u0111\u1ea7u cho ho\u00e0n tr\u1ea3 Forex","isPartOf":{"@id":"https:\/\/taritali.com\/vi\/#website"},"primaryImageOfPage":{"@id":"https:\/\/taritali.com\/vi\/usermanual#primaryimage"},"image":{"@id":"https:\/\/taritali.com\/vi\/usermanual#primaryimage"},"thumbnailUrl":"","datePublished":"2016-01-14T22:17:42+00:00","dateModified":"2024-12-04T12:47:23+00:00","breadcrumb":{"@id":"https:\/\/taritali.com\/vi\/usermanual#breadcrumb"},"inLanguage":"vi","potentialAction":[{"@type":"ReadAction","target":["https:\/\/taritali.com\/vi\/usermanual"]}]},{"@type":"ImageObject","inLanguage":"vi","@id":"https:\/\/taritali.com\/vi\/usermanual#primaryimage","url":"","contentUrl":""},{"@type":"BreadcrumbList","@id":"https:\/\/taritali.com\/vi\/usermanual#breadcrumb","itemListElement":[{"@type":"ListItem","position":1,"name":"Trang ch\u1ee7","item":"https:\/\/taritali.com\/vi\/"},{"@type":"ListItem","position":2,"name":"H\u01b0\u1edbng d\u1eabn s\u1eed d\u1ee5ng trang th\u00e0nh vi\u00ean"}]},{"@type":"WebSite","@id":"https:\/\/taritali.com\/vi\/#website","url":"https:\/\/taritali.com\/vi\/","name":"TariTali - L\u1ef1a ch\u1ecdn h\u00e0ng \u0111\u1ea7u cho ho\u00e0n tr\u1ea3 Forex","description":"","publisher":{"@id":"https:\/\/taritali.com\/vi\/#organization"},"potentialAction":[{"@type":"SearchAction","target":{"@type":"EntryPoint","urlTemplate":"https:\/\/taritali.com\/vi\/?s={search_term_string}"},"query-input":"required name=search_term_string"}],"inLanguage":"vi"},{"@type":"Organization","@id":"https:\/\/taritali.com\/vi\/#organization","name":"TariTali - L\u1ef1a ch\u1ecdn h\u00e0ng \u0111\u1ea7u cho ho\u00e0n tr\u1ea3 Forex","url":"https:\/\/taritali.com\/vi\/","logo":{"@type":"ImageObject","inLanguage":"vi","@id":"https:\/\/taritali.com\/vi\/#\/schema\/logo\/image\/","url":"https:\/\/taritali.com\/vi\/wp-content\/uploads\/sites\/2\/2024\/01\/logo.png","contentUrl":"https:\/\/taritali.com\/vi\/wp-content\/uploads\/sites\/2\/2024\/01\/logo.png","width":215,"height":90,"caption":"TariTali - L\u1ef1a ch\u1ecdn h\u00e0ng \u0111\u1ea7u cho ho\u00e0n tr\u1ea3 Forex"},"image":{"@id":"https:\/\/taritali.com\/vi\/#\/schema\/logo\/image\/"}}]}},"_links":{"self":[{"href":"https:\/\/taritali.com\/vi\/wp-json\/wp\/v2\/pages\/59"}],"collection":[{"href":"https:\/\/taritali.com\/vi\/wp-json\/wp\/v2\/pages"}],"about":[{"href":"https:\/\/taritali.com\/vi\/wp-json\/wp\/v2\/types\/page"}],"author":[{"embeddable":true,"href":"https:\/\/taritali.com\/vi\/wp-json\/wp\/v2\/users\/2"}],"replies":[{"embeddable":true,"href":"https:\/\/taritali.com\/vi\/wp-json\/wp\/v2\/comments?post=59"}],"version-history":[{"count":12,"href":"https:\/\/taritali.com\/vi\/wp-json\/wp\/v2\/pages\/59\/revisions"}],"predecessor-version":[{"id":34560,"href":"https:\/\/taritali.com\/vi\/wp-json\/wp\/v2\/pages\/59\/revisions\/34560"}],"wp:featuredmedia":[{"embeddable":true,"href":"https:\/\/taritali.com\/vi\/wp-json\/"}],"wp:attachment":[{"href":"https:\/\/taritali.com\/vi\/wp-json\/wp\/v2\/media?parent=59"}],"wp:term":[{"taxonomy":"post_tag","embeddable":true,"href":"https:\/\/taritali.com\/vi\/wp-json\/wp\/v2\/tags?post=59"}],"curies":[{"name":"wp","href":"https:\/\/api.w.org\/{rel}","templated":true}]}}