{"id":6097,"date":"2019-06-08T04:41:18","date_gmt":"2019-06-07T19:41:18","guid":{"rendered":"https:\/\/www.taritali.com\/?page_id=6097"},"modified":"2026-04-15T15:23:33","modified_gmt":"2026-04-15T07:23:33","slug":"add","status":"publish","type":"page","link":"https:\/\/taritali.com\/vi\/fxpro\/add","title":{"rendered":"H\u01b0\u1edbng d\u1eabn \u0111\u0103ng k\u00fd t\u00e0i kho\u1ea3n b\u1ed5 sung t\u1ea1i FxPro"},"content":{"rendered":"<p><span style=\"font-weight: 400\">Trong FxPro, b\u1ea1n kh\u00f4ng th\u1ec3 li\u00ean k\u1ebft t\u00e0i kho\u1ea3n \u0111\u00e3 m\u1edf th\u00f4ng qua c\u00e1c IB kh\u00e1c v\u1edbi t\u00e0i kho\u1ea3n ho\u00e0n tr\u1ea3 c\u1ee7a TariTali. Do \u0111\u00f3, \u0111\u1ec3 m\u1edf t\u00e0i kho\u1ea3n ho\u00e0n tr\u1ea3 b\u1ea1n c\u1ea7n m\u1edf th\u00eam m\u1ed9t t\u00e0i kho\u1ea3n kh\u00e1c trong trang th\u00e0nh vi\u00ean.<\/span><\/p>\n<p><span style=\"font-weight: 400\">N\u1ebfu t\u00e0i kho\u1ea3n ban \u0111\u1ea7u c\u1ee7a b\u1ea1n \u0111\u01b0\u1ee3c m\u1edf th\u00f4ng qua TariTali, b\u1ea1n c\u0169ng c\u00f3 th\u1ec3 s\u1eed d\u1ee5ng c\u00f9ng ph\u01b0\u01a1ng ph\u00e1p \u0111\u1ec3 m\u1edf th\u00eam t\u00e0i kho\u1ea3n. Sau khi m\u1edf t\u00e0i kho\u1ea3n b\u1ed5 sung, h\u00e3y nh\u1edb \u0111\u0103ng k\u00fd t\u00e0i kho\u1ea3n trong h\u1ec7 th\u1ed1ng c\u1ee7a TariTali.<\/span><\/p>\n<h2><b>H\u01b0\u1edbng d\u1eabn \u0111\u0103ng k\u00fd t\u00e0i kho\u1ea3n ho\u00e0n tr\u1ea3<\/b><\/h2>\n<p><span style=\"font-weight: 400\">Vui l\u00f2ng nh\u1ea5p v\u00e0o n\u00fat li\u00ean k\u1ebft d\u01b0\u1edbi \u0111\u00e2y v\u00e0 \u0111\u0103ng nh\u1eadp v\u00e0o FxPro Direct.<\/span><\/p>\n<p>&nbsp;<\/p>\n<div class=\"su-row\"> <div class=\"su-column su-column-size-1-1 colum_center\"><div class=\"su-column-inner su-u-clearfix su-u-trim\"><a class=\"maxbutton-10 maxbutton maxbutton-xme381aee8bfbde58aa0e58fa3e5baa7e9968be8a8ad\" target=\"_blank\" rel=\"noopener\" href=\"https:\/\/direct.fxpro.financial\/vi\/register\/vn\/stl\/2qm3eUyi\"><span class='mb-text'>M\u1edf th\u00eam t\u00e0i kho\u1ea3n<\/span><\/a> <\/div><\/div> <\/div>\n<p>&nbsp;<\/p>\n<p><span style=\"font-weight: 400\">Trong FxPro Direct, h\u00e3y nh\u1ea5p v\u00e0o \u201c+ M\u1edf t\u00e0i kho\u1ea3n m\u1edbi\u201d \u1edf g\u00f3c tr\u00ean b\u00ean ph\u1ea3i c\u1ee7a m\u00e0n h\u00ecnh &#8220;T\u00e0i kho\u1ea3n&#8221;.<\/span><\/p>\n<p><img decoding=\"async\" class=\"aligncenter\" src=\"https:\/\/taritali.com\/zh-tw\/wp-content\/uploads\/sites\/6\/2024\/11\/1-8.jpg\" \/><\/p>\n<p>Ch\u1ecdn lo\u1ea1i t\u00e0i kho\u1ea3n m\u00e0 b\u1ea1n mu\u1ed1n s\u1eed d\u1ee5ng.<\/p>\n<p><img decoding=\"async\" class=\"aligncenter\" src=\"https:\/\/taritali.com\/zh-tw\/wp-content\/uploads\/sites\/6\/2024\/11\/2-8.jpg\" \/><\/p>\n<p>&nbsp;<\/p>\n<p><span style=\"font-weight: 400\">Tr\u00ean m\u00e0n h\u00ecnh &#8220;T\u1ea1o t\u00e0i kho\u1ea3n&#8221;, ch\u1ecdn c\u00e1c th\u00f4ng s\u1ed1 c\u1ee7a t\u00e0i kho\u1ea3n.\u00a0<\/span><\/p>\n<p><span style=\"font-weight: 400\">H\u00e3y ki\u1ec3m tra xem m\u1ee5c &#8220;\u0110\u1ed1i t\u00e1c&#8221; c\u00f3 hi\u1ec3n th\u1ecb m\u00e3 IB c\u1ee7a ch\u00fang t\u00f4i l\u00e0 &#8220;2006946&#8221; hay kh\u00f4ng.\u00a0<\/span><\/p>\n<p><span style=\"font-weight: 400\">Sau khi ch\u1ecdn m\u00e3 n\u00e0y, b\u1ea1n c\u00f3 th\u1ec3 m\u1edf t\u00e0i kho\u1ea3n ho\u00e0n tr\u1ea3 c\u1ee7a ch\u00fang t\u00f4i.\u00a0<\/span><\/p>\n<p><span style=\"font-weight: 400\">Sau \u0111\u00f3 nh\u1ea5p v\u00e0o &#8220;T\u1ea1o t\u00e0i kho\u1ea3n&#8221;.<\/span><\/p>\n<p><img decoding=\"async\" class=\"aligncenter\" src=\"https:\/\/taritali.com\/zh-tw\/wp-content\/uploads\/sites\/6\/2024\/11\/3-8.jpg\" \/><\/p>\n<p>&nbsp;<\/p>\n<p><span style=\"font-weight: 400\">Sau khi ho\u00e0n t\u1ea5t c\u00e1c b\u01b0\u1edbc tr\u00ean, vi\u1ec7c t\u1ea1o th\u00eam t\u00e0i kho\u1ea3n s\u1ebd ho\u00e0n th\u00e0nh. Khi FXPro ho\u00e0n t\u1ea5t x\u00e1c th\u1ef1c, tr\u1ea1ng th\u00e1i t\u00e0i kho\u1ea3n s\u1ebd chuy\u1ec3n sang hi\u1ec7u l\u1ef1c v\u00e0 b\u1ea1n c\u00f3 th\u1ec3 b\u1eaft \u0111\u1ea7u giao d\u1ecbch.<\/span><\/p>\n<h2><b>\u0110\u0103ng k\u00fd t\u00e0i kho\u1ea3n TariTali<\/b><\/h2>\n<p><span style=\"font-weight: 400\">Sau khi ho\u00e0n t\u1ea5t m\u1edf t\u00e0i kho\u1ea3n, vui l\u00f2ng ti\u1ebfp t\u1ee5c \u0111\u0103ng k\u00fd t\u00e0i kho\u1ea3n c\u1ee7a c\u00f4ng ty ch\u00fang t\u00f4i. Vui l\u00f2ng nh\u1ea5p v\u00e0o n\u00fat li\u00ean k\u1ebft d\u01b0\u1edbi \u0111\u00e2y \u0111\u1ec3 m\u1edf trang \u0111\u0103ng k\u00fd t\u00e0i kho\u1ea3n.<\/span><\/p>\n<p><span style=\"font-weight: 400\">\u00a0<\/span><\/p>\n<p><span style=\"font-weight: 400\"><div class=\"su-row\"> <div class=\"su-column su-column-size-1-1 colum_center\"><div class=\"su-column-inner su-u-clearfix su-u-trim\"><a class=\"maxbutton-2 maxbutton maxbutton-e7b0a1e58d98e58fa3e5baa7e9968be8a8ade382b5e3839de383bce38388e382b5e383bce38393e382b9\" target=\"_blank\" rel=\"noopener\" href=\"https:\/\/taritali.com\/client\/reg.php?lang=vi\"><span class='mb-text'>\u0110\u0103ng k\u00fd t\u00e0i kho\u1ea3n TariTali<\/span><\/a><\/div><\/div> <\/div><\/span><\/p>\n<p><span style=\"font-weight: 400\">\u00a0<\/span><\/p>\n<p><span style=\"font-weight: 400\">Tr\u00ean m\u00e0n h\u00ecnh \u0111\u0103ng k\u00fd t\u00e0i kho\u1ea3n hi\u1ec3n th\u1ecb, nh\u1eadp &#8220;H\u1ecd t\u00ean&#8221;, &#8220;\u0110\u1ecba ch\u1ec9 email&#8221;, &#8220;M\u1eadt kh\u1ea9u&#8221; v\u00e0 &#8220;X\u00e1c nh\u1eadn m\u1eadt kh\u1ea9u&#8221;, sau \u0111\u00f3 nh\u1ea5p v\u00e0o &#8220;X\u00e1c nh\u1eadn&#8221;.<\/span><\/p>\n<p><img decoding=\"async\" class=\"aligncenter\" src=\"https:\/\/taritali.com\/vi\/wp-content\/uploads\/sites\/2\/2024\/11\/1-1.png\" \/><\/p>\n<p>&nbsp;<\/p>\n<p><span style=\"font-weight: 400\">Sau khi \u0111\u0103ng k\u00fd xong, b\u1ea1n s\u1ebd nh\u1eadn \u0111\u01b0\u1ee3c m\u1ed9t email g\u1eedi \u0111\u1ebfn \u0111\u1ecba ch\u1ec9 email m\u00e0 b\u1ea1n \u0111\u00e3 \u0111\u0103ng k\u00fd.\u00a0<\/span><\/p>\n<p><span style=\"font-weight: 400\">Nh\u1ea5p v\u00e0o URL trong email \u0111\u1ec3 ho\u00e0n t\u1ea5t vi\u1ec7c \u0111\u0103ng k\u00fd t\u00e0i kho\u1ea3n.<\/span><\/p>\n<p><span style=\"font-weight: 400\">Vui l\u00f2ng \u0111\u0103ng nh\u1eadp v\u00e0o <\/span><a href=\"https:\/\/taritali.com\/client\/?lang=vi\"><span style=\"font-weight: 400\">trang th\u00e0nh vi\u00ean<\/span><\/a><span style=\"font-weight: 400\"> \u0111\u00e3 \u0111\u0103ng k\u00fd v\u00e0 \u0111\u0103ng nh\u1eadp v\u00e0o s\u1ed1 t\u00e0i kho\u1ea3n b\u1ea1n \u0111\u00e3 m\u1edf.<\/span><\/p>\n<p><span style=\"font-weight: 400\">Sau khi \u0111\u0103ng nh\u1eadp, m\u00e0n h\u00ecnh s\u1ebd hi\u1ec3n th\u1ecb c\u00e1c n\u1ed9i dung sau, h\u00e3y ch\u1ecdn v\u00e0o &#8220;Nh\u1ea5p v\u00e0o \u0111\u00e2y n\u1ebfu \u0111\u00e3 c\u00f3 t\u00e0i kho\u1ea3n ho\u00e0n tr\u1ea3&#8221;.\u00a0<\/span><\/p>\n<p><span style=\"font-weight: 400\">N\u1ebfu kh\u00f4ng th\u1ea5y n\u1ed9i dung \u0111\u00f3, h\u00e3y nh\u1ea5p v\u00e0o th\u1ebb &#8220;Qu\u1ea3n l\u00fd t\u00e0i kho\u1ea3n&#8221;.<\/span><\/p>\n<p><img decoding=\"async\" class=\"aligncenter\" src=\"https:\/\/taritali.com\/vi\/wp-content\/uploads\/sites\/2\/2024\/11\/2-1.png\" \/><\/p>\n<p>&nbsp;<\/p>\n<p><span style=\"font-weight: 400\">M\u00e0n h\u00ecnh \u0111\u0103ng nh\u1eadp t\u00e0i kho\u1ea3n s\u1ebd hi\u1ec3n th\u1ecb.\u00a0<\/span><\/p>\n<p><span style=\"font-weight: 400\">Trong ph\u1ea7n &#8220;Broker&#8221;, ch\u1ecdn FXPro, sau \u0111\u00f3 nh\u1eadp s\u1ed1 t\u00e0i kho\u1ea3n FXPro m\u00e0 b\u1ea1n \u0111\u00e3 m\u1edf v\u00e0o \u00f4 &#8220;S\u1ed1 t\u00e0i kho\u1ea3n giao d\u1ecbch&#8221;, v\u00e0 cu\u1ed1i c\u00f9ng <\/span>nh\u1ea5p v\u00e0o \u201cX\u00e1c nh\u1eadn\u201d \u0111\u1ec3 \u0111\u0103ng k\u00fd.<\/p>\n<p><img decoding=\"async\" class=\"aligncenter\" src=\"https:\/\/taritali.com\/vi\/wp-content\/uploads\/sites\/2\/2024\/11\/3-1.png\" \/><\/p>\n<p><span style=\"font-weight: 400\">N\u1ebfu th\u00f4ng tin nh\u1eadp v\u00e0o kh\u00f4ng c\u00f3 v\u1ea5n \u0111\u1ec1, b\u1ea1n s\u1ebd nh\u1eadn \u0111\u01b0\u1ee3c email x\u00e1c nh\u1eadn vi\u1ec7c \u0111\u0103ng k\u00fd t\u00e0i kho\u1ea3n \u0111\u00e3 ho\u00e0n t\u1ea5t; n\u1ebfu c\u00f3 b\u1ea5t k\u1ef3 v\u1ea5n \u0111\u1ec1 n\u00e0o, b\u1ea1n s\u1ebd nh\u1eadn \u0111\u01b0\u1ee3c email th\u00f4ng b\u00e1o \u0111\u0103ng k\u00fd t\u00e0i kho\u1ea3n th\u1ea5t b\u1ea1i.<\/span><\/p>\n<p><span style=\"font-weight: 400\">N\u1ebfu nh\u1eadn \u0111\u01b0\u1ee3c email th\u00f4ng b\u00e1o \u0111\u0103ng k\u00fd t\u00e0i kho\u1ea3n th\u1ea5t b\u1ea1i, vui l\u00f2ng l\u00e0m theo h\u01b0\u1edbng d\u1eabn trong email \u0111\u1ec3 m\u1edf t\u00e0i kho\u1ea3n b\u1ed5 sung.<\/span><\/p>\n<p><span style=\"font-weight: 400\">Tr\u00ean \u0111\u00e2y l\u00e0 c\u00e1c h\u01b0\u1edbng d\u1eabn \u0111\u0103ng k\u00fd th\u00eam t\u00e0i kho\u1ea3n ho\u00e0n tr\u1ea3 FXPro v\u00e0 h\u01b0\u1edbng d\u1eabn \u0111\u0103ng k\u00fd t\u00e0i kho\u1ea3n c\u1ee7a TariTali.<\/span><\/p>\n","protected":false},"excerpt":{"rendered":"<p>Trong FxPro, b\u1ea1n kh\u00f4ng th\u1ec3 li\u00ean k\u1ebft t\u00e0i kho\u1ea3n \u0111\u00e3 m\u1edf th\u00f4ng qua c\u00e1c IB kh\u00e1c v\u1edbi t\u00e0i kho\u1ea3n ho\u00e0n tr\u1ea3 c\u1ee7a TariTali. Do \u0111\u00f3, \u0111\u1ec3 m\u1edf t\u00e0i kho\u1ea3n ho\u00e0n tr\u1ea3 b\u1ea1n c\u1ea7n m\u1edf th\u00eam m\u1ed9t t\u00e0i kho\u1ea3n kh\u00e1c trong trang th\u00e0nh vi\u00ean. N\u1ebfu t\u00e0i kho\u1ea3n ban \u0111\u1ea7u c\u1ee7a b\u1ea1n \u0111\u01b0\u1ee3c m\u1edf th\u00f4ng qua TariTali, b\u1ea1n c\u0169ng c\u00f3 th\u1ec3 s\u1eed d\u1ee5ng c\u00f9ng ph\u01b0\u01a1ng ph\u00e1p \u0111\u1ec3 m\u1edf th\u00eam t\u00e0i kho\u1ea3n. Sau khi m\u1edf t\u00e0i kho\u1ea3n b\u1ed5 sung, h\u00e3y nh\u1edb \u0111\u0103ng k\u00fd t\u00e0i kho\u1ea3n trong h\u1ec7 th\u1ed1ng c\u1ee7a TariTali. H\u01b0\u1edbng d\u1eabn \u0111\u0103ng k\u00fd t\u00e0i kho\u1ea3n ho\u00e0n tr\u1ea3 Vui l\u00f2ng nh\u1ea5p v\u00e0o n\u00fat li\u00ean k\u1ebft d\u01b0\u1edbi \u0111\u00e2y v\u00e0 \u0111\u0103ng nh\u1eadp v\u00e0o FxPro Direct&#8230;.<\/p>\n","protected":false},"author":2,"featured_media":6098,"parent":551,"menu_order":0,"comment_status":"closed","ping_status":"closed","template":"","meta":{"footnotes":""},"tags":[],"yoast_head":"<!-- This site is optimized with the Yoast SEO plugin v23.1 - https:\/\/yoast.com\/wordpress\/plugins\/seo\/ -->\n<title>H\u01b0\u1edbng d\u1eabn \u0111\u0103ng k\u00fd t\u00e0i kho\u1ea3n b\u1ed5 sung t\u1ea1i FxPro - TariTali - L\u1ef1a ch\u1ecdn h\u00e0ng \u0111\u1ea7u cho ho\u00e0n tr\u1ea3 Forex<\/title>\n<meta name=\"robots\" content=\"index, follow, max-snippet:-1, max-image-preview:large, max-video-preview:-1\" \/>\n<link rel=\"canonical\" href=\"https:\/\/taritali.com\/vi\/fxpro\/add\" \/>\n<meta property=\"og:locale\" content=\"vi_VN\" \/>\n<meta property=\"og:type\" content=\"article\" \/>\n<meta property=\"og:title\" content=\"H\u01b0\u1edbng d\u1eabn \u0111\u0103ng k\u00fd t\u00e0i kho\u1ea3n b\u1ed5 sung t\u1ea1i FxPro - TariTali - L\u1ef1a ch\u1ecdn h\u00e0ng \u0111\u1ea7u cho ho\u00e0n tr\u1ea3 Forex\" \/>\n<meta property=\"og:description\" content=\"Trong FxPro, b\u1ea1n kh\u00f4ng th\u1ec3 li\u00ean k\u1ebft t\u00e0i kho\u1ea3n \u0111\u00e3 m\u1edf th\u00f4ng qua c\u00e1c IB kh\u00e1c v\u1edbi t\u00e0i kho\u1ea3n ho\u00e0n tr\u1ea3 c\u1ee7a TariTali. Do \u0111\u00f3, \u0111\u1ec3 m\u1edf t\u00e0i kho\u1ea3n ho\u00e0n tr\u1ea3 b\u1ea1n c\u1ea7n m\u1edf th\u00eam m\u1ed9t t\u00e0i kho\u1ea3n kh\u00e1c trong trang th\u00e0nh vi\u00ean. N\u1ebfu t\u00e0i kho\u1ea3n ban \u0111\u1ea7u c\u1ee7a b\u1ea1n \u0111\u01b0\u1ee3c m\u1edf th\u00f4ng qua TariTali, b\u1ea1n c\u0169ng c\u00f3 th\u1ec3 s\u1eed d\u1ee5ng c\u00f9ng ph\u01b0\u01a1ng ph\u00e1p \u0111\u1ec3 m\u1edf th\u00eam t\u00e0i kho\u1ea3n. Sau khi m\u1edf t\u00e0i kho\u1ea3n b\u1ed5 sung, h\u00e3y nh\u1edb \u0111\u0103ng k\u00fd t\u00e0i kho\u1ea3n trong h\u1ec7 th\u1ed1ng c\u1ee7a TariTali. H\u01b0\u1edbng d\u1eabn \u0111\u0103ng k\u00fd t\u00e0i kho\u1ea3n ho\u00e0n tr\u1ea3 Vui l\u00f2ng nh\u1ea5p v\u00e0o n\u00fat li\u00ean k\u1ebft d\u01b0\u1edbi \u0111\u00e2y v\u00e0 \u0111\u0103ng nh\u1eadp v\u00e0o FxPro Direct....\" \/>\n<meta property=\"og:url\" content=\"https:\/\/taritali.com\/vi\/fxpro\/add\" \/>\n<meta property=\"og:site_name\" content=\"TariTali - L\u1ef1a ch\u1ecdn h\u00e0ng \u0111\u1ea7u cho ho\u00e0n tr\u1ea3 Forex\" \/>\n<meta property=\"article:modified_time\" content=\"2026-04-15T07:23:33+00:00\" \/>\n<meta name=\"twitter:card\" content=\"summary_large_image\" \/>\n<meta name=\"twitter:label1\" content=\"\u01af\u1edbc t\u00ednh th\u1eddi gian \u0111\u1ecdc\" \/>\n\t<meta name=\"twitter:data1\" content=\"5 ph\u00fat\" \/>\n<script type=\"application\/ld+json\" class=\"yoast-schema-graph\">{\"@context\":\"https:\/\/schema.org\",\"@graph\":[{\"@type\":\"WebPage\",\"@id\":\"https:\/\/taritali.com\/vi\/fxpro\/add\",\"url\":\"https:\/\/taritali.com\/vi\/fxpro\/add\",\"name\":\"H\u01b0\u1edbng d\u1eabn \u0111\u0103ng k\u00fd t\u00e0i kho\u1ea3n b\u1ed5 sung t\u1ea1i FxPro - TariTali - L\u1ef1a ch\u1ecdn h\u00e0ng \u0111\u1ea7u cho ho\u00e0n tr\u1ea3 Forex\",\"isPartOf\":{\"@id\":\"https:\/\/taritali.com\/vi\/#website\"},\"primaryImageOfPage\":{\"@id\":\"https:\/\/taritali.com\/vi\/fxpro\/add#primaryimage\"},\"image\":{\"@id\":\"https:\/\/taritali.com\/vi\/fxpro\/add#primaryimage\"},\"thumbnailUrl\":\"\",\"datePublished\":\"2019-06-07T19:41:18+00:00\",\"dateModified\":\"2026-04-15T07:23:33+00:00\",\"breadcrumb\":{\"@id\":\"https:\/\/taritali.com\/vi\/fxpro\/add#breadcrumb\"},\"inLanguage\":\"vi\",\"potentialAction\":[{\"@type\":\"ReadAction\",\"target\":[\"https:\/\/taritali.com\/vi\/fxpro\/add\"]}]},{\"@type\":\"ImageObject\",\"inLanguage\":\"vi\",\"@id\":\"https:\/\/taritali.com\/vi\/fxpro\/add#primaryimage\",\"url\":\"\",\"contentUrl\":\"\"},{\"@type\":\"BreadcrumbList\",\"@id\":\"https:\/\/taritali.com\/vi\/fxpro\/add#breadcrumb\",\"itemListElement\":[{\"@type\":\"ListItem\",\"position\":1,\"name\":\"Trang ch\u1ee7\",\"item\":\"https:\/\/taritali.com\/vi\/\"},{\"@type\":\"ListItem\",\"position\":2,\"name\":\"\u0110\u0103ng k\u00fd t\u00e0i kho\u1ea3n ho\u00e0n tr\u1ea3 FxPro\",\"item\":\"https:\/\/taritali.com\/vi\/fxpro\"},{\"@type\":\"ListItem\",\"position\":3,\"name\":\"H\u01b0\u1edbng d\u1eabn \u0111\u0103ng k\u00fd t\u00e0i kho\u1ea3n b\u1ed5 sung t\u1ea1i FxPro\"}]},{\"@type\":\"WebSite\",\"@id\":\"https:\/\/taritali.com\/vi\/#website\",\"url\":\"https:\/\/taritali.com\/vi\/\",\"name\":\"TariTali - L\u1ef1a ch\u1ecdn h\u00e0ng \u0111\u1ea7u cho ho\u00e0n tr\u1ea3 Forex\",\"description\":\"\",\"publisher\":{\"@id\":\"https:\/\/taritali.com\/vi\/#organization\"},\"potentialAction\":[{\"@type\":\"SearchAction\",\"target\":{\"@type\":\"EntryPoint\",\"urlTemplate\":\"https:\/\/taritali.com\/vi\/?s={search_term_string}\"},\"query-input\":\"required name=search_term_string\"}],\"inLanguage\":\"vi\"},{\"@type\":\"Organization\",\"@id\":\"https:\/\/taritali.com\/vi\/#organization\",\"name\":\"TariTali - L\u1ef1a ch\u1ecdn h\u00e0ng \u0111\u1ea7u cho ho\u00e0n tr\u1ea3 Forex\",\"url\":\"https:\/\/taritali.com\/vi\/\",\"logo\":{\"@type\":\"ImageObject\",\"inLanguage\":\"vi\",\"@id\":\"https:\/\/taritali.com\/vi\/#\/schema\/logo\/image\/\",\"url\":\"https:\/\/taritali.com\/vi\/wp-content\/uploads\/sites\/2\/2024\/01\/logo.png\",\"contentUrl\":\"https:\/\/taritali.com\/vi\/wp-content\/uploads\/sites\/2\/2024\/01\/logo.png\",\"width\":215,\"height\":90,\"caption\":\"TariTali - L\u1ef1a ch\u1ecdn h\u00e0ng \u0111\u1ea7u cho ho\u00e0n tr\u1ea3 Forex\"},\"image\":{\"@id\":\"https:\/\/taritali.com\/vi\/#\/schema\/logo\/image\/\"}}]}<\/script>\n<!-- \/ Yoast SEO plugin. -->","yoast_head_json":{"title":"H\u01b0\u1edbng d\u1eabn \u0111\u0103ng k\u00fd t\u00e0i kho\u1ea3n b\u1ed5 sung t\u1ea1i FxPro - TariTali - L\u1ef1a ch\u1ecdn h\u00e0ng \u0111\u1ea7u cho ho\u00e0n tr\u1ea3 Forex","robots":{"index":"index","follow":"follow","max-snippet":"max-snippet:-1","max-image-preview":"max-image-preview:large","max-video-preview":"max-video-preview:-1"},"canonical":"https:\/\/taritali.com\/vi\/fxpro\/add","og_locale":"vi_VN","og_type":"article","og_title":"H\u01b0\u1edbng d\u1eabn \u0111\u0103ng k\u00fd t\u00e0i kho\u1ea3n b\u1ed5 sung t\u1ea1i FxPro - TariTali - L\u1ef1a ch\u1ecdn h\u00e0ng \u0111\u1ea7u cho ho\u00e0n tr\u1ea3 Forex","og_description":"Trong FxPro, b\u1ea1n kh\u00f4ng th\u1ec3 li\u00ean k\u1ebft t\u00e0i kho\u1ea3n \u0111\u00e3 m\u1edf th\u00f4ng qua c\u00e1c IB kh\u00e1c v\u1edbi t\u00e0i kho\u1ea3n ho\u00e0n tr\u1ea3 c\u1ee7a TariTali. Do \u0111\u00f3, \u0111\u1ec3 m\u1edf t\u00e0i kho\u1ea3n ho\u00e0n tr\u1ea3 b\u1ea1n c\u1ea7n m\u1edf th\u00eam m\u1ed9t t\u00e0i kho\u1ea3n kh\u00e1c trong trang th\u00e0nh vi\u00ean. N\u1ebfu t\u00e0i kho\u1ea3n ban \u0111\u1ea7u c\u1ee7a b\u1ea1n \u0111\u01b0\u1ee3c m\u1edf th\u00f4ng qua TariTali, b\u1ea1n c\u0169ng c\u00f3 th\u1ec3 s\u1eed d\u1ee5ng c\u00f9ng ph\u01b0\u01a1ng ph\u00e1p \u0111\u1ec3 m\u1edf th\u00eam t\u00e0i kho\u1ea3n. Sau khi m\u1edf t\u00e0i kho\u1ea3n b\u1ed5 sung, h\u00e3y nh\u1edb \u0111\u0103ng k\u00fd t\u00e0i kho\u1ea3n trong h\u1ec7 th\u1ed1ng c\u1ee7a TariTali. H\u01b0\u1edbng d\u1eabn \u0111\u0103ng k\u00fd t\u00e0i kho\u1ea3n ho\u00e0n tr\u1ea3 Vui l\u00f2ng nh\u1ea5p v\u00e0o n\u00fat li\u00ean k\u1ebft d\u01b0\u1edbi \u0111\u00e2y v\u00e0 \u0111\u0103ng nh\u1eadp v\u00e0o FxPro Direct....","og_url":"https:\/\/taritali.com\/vi\/fxpro\/add","og_site_name":"TariTali - L\u1ef1a ch\u1ecdn h\u00e0ng \u0111\u1ea7u cho ho\u00e0n tr\u1ea3 Forex","article_modified_time":"2026-04-15T07:23:33+00:00","twitter_card":"summary_large_image","twitter_misc":{"\u01af\u1edbc t\u00ednh th\u1eddi gian \u0111\u1ecdc":"5 ph\u00fat"},"schema":{"@context":"https:\/\/schema.org","@graph":[{"@type":"WebPage","@id":"https:\/\/taritali.com\/vi\/fxpro\/add","url":"https:\/\/taritali.com\/vi\/fxpro\/add","name":"H\u01b0\u1edbng d\u1eabn \u0111\u0103ng k\u00fd t\u00e0i kho\u1ea3n b\u1ed5 sung t\u1ea1i FxPro - TariTali - L\u1ef1a ch\u1ecdn h\u00e0ng \u0111\u1ea7u cho ho\u00e0n tr\u1ea3 Forex","isPartOf":{"@id":"https:\/\/taritali.com\/vi\/#website"},"primaryImageOfPage":{"@id":"https:\/\/taritali.com\/vi\/fxpro\/add#primaryimage"},"image":{"@id":"https:\/\/taritali.com\/vi\/fxpro\/add#primaryimage"},"thumbnailUrl":"","datePublished":"2019-06-07T19:41:18+00:00","dateModified":"2026-04-15T07:23:33+00:00","breadcrumb":{"@id":"https:\/\/taritali.com\/vi\/fxpro\/add#breadcrumb"},"inLanguage":"vi","potentialAction":[{"@type":"ReadAction","target":["https:\/\/taritali.com\/vi\/fxpro\/add"]}]},{"@type":"ImageObject","inLanguage":"vi","@id":"https:\/\/taritali.com\/vi\/fxpro\/add#primaryimage","url":"","contentUrl":""},{"@type":"BreadcrumbList","@id":"https:\/\/taritali.com\/vi\/fxpro\/add#breadcrumb","itemListElement":[{"@type":"ListItem","position":1,"name":"Trang ch\u1ee7","item":"https:\/\/taritali.com\/vi\/"},{"@type":"ListItem","position":2,"name":"\u0110\u0103ng k\u00fd t\u00e0i kho\u1ea3n ho\u00e0n tr\u1ea3 FxPro","item":"https:\/\/taritali.com\/vi\/fxpro"},{"@type":"ListItem","position":3,"name":"H\u01b0\u1edbng d\u1eabn \u0111\u0103ng k\u00fd t\u00e0i kho\u1ea3n b\u1ed5 sung t\u1ea1i FxPro"}]},{"@type":"WebSite","@id":"https:\/\/taritali.com\/vi\/#website","url":"https:\/\/taritali.com\/vi\/","name":"TariTali - L\u1ef1a ch\u1ecdn h\u00e0ng \u0111\u1ea7u cho ho\u00e0n tr\u1ea3 Forex","description":"","publisher":{"@id":"https:\/\/taritali.com\/vi\/#organization"},"potentialAction":[{"@type":"SearchAction","target":{"@type":"EntryPoint","urlTemplate":"https:\/\/taritali.com\/vi\/?s={search_term_string}"},"query-input":"required name=search_term_string"}],"inLanguage":"vi"},{"@type":"Organization","@id":"https:\/\/taritali.com\/vi\/#organization","name":"TariTali - L\u1ef1a ch\u1ecdn h\u00e0ng \u0111\u1ea7u cho ho\u00e0n tr\u1ea3 Forex","url":"https:\/\/taritali.com\/vi\/","logo":{"@type":"ImageObject","inLanguage":"vi","@id":"https:\/\/taritali.com\/vi\/#\/schema\/logo\/image\/","url":"https:\/\/taritali.com\/vi\/wp-content\/uploads\/sites\/2\/2024\/01\/logo.png","contentUrl":"https:\/\/taritali.com\/vi\/wp-content\/uploads\/sites\/2\/2024\/01\/logo.png","width":215,"height":90,"caption":"TariTali - L\u1ef1a ch\u1ecdn h\u00e0ng \u0111\u1ea7u cho ho\u00e0n tr\u1ea3 Forex"},"image":{"@id":"https:\/\/taritali.com\/vi\/#\/schema\/logo\/image\/"}}]}},"_links":{"self":[{"href":"https:\/\/taritali.com\/vi\/wp-json\/wp\/v2\/pages\/6097"}],"collection":[{"href":"https:\/\/taritali.com\/vi\/wp-json\/wp\/v2\/pages"}],"about":[{"href":"https:\/\/taritali.com\/vi\/wp-json\/wp\/v2\/types\/page"}],"author":[{"embeddable":true,"href":"https:\/\/taritali.com\/vi\/wp-json\/wp\/v2\/users\/2"}],"replies":[{"embeddable":true,"href":"https:\/\/taritali.com\/vi\/wp-json\/wp\/v2\/comments?post=6097"}],"version-history":[{"count":11,"href":"https:\/\/taritali.com\/vi\/wp-json\/wp\/v2\/pages\/6097\/revisions"}],"predecessor-version":[{"id":34866,"href":"https:\/\/taritali.com\/vi\/wp-json\/wp\/v2\/pages\/6097\/revisions\/34866"}],"up":[{"embeddable":true,"href":"https:\/\/taritali.com\/vi\/wp-json\/wp\/v2\/pages\/551"}],"wp:featuredmedia":[{"embeddable":true,"href":"https:\/\/taritali.com\/vi\/wp-json\/"}],"wp:attachment":[{"href":"https:\/\/taritali.com\/vi\/wp-json\/wp\/v2\/media?parent=6097"}],"wp:term":[{"taxonomy":"post_tag","embeddable":true,"href":"https:\/\/taritali.com\/vi\/wp-json\/wp\/v2\/tags?post=6097"}],"curies":[{"name":"wp","href":"https:\/\/api.w.org\/{rel}","templated":true}]}}