{"id":6403,"date":"2019-07-01T16:58:37","date_gmt":"2019-07-01T07:58:37","guid":{"rendered":"https:\/\/www.taritali.com\/?page_id=6403"},"modified":"2024-11-29T11:22:21","modified_gmt":"2024-11-29T03:22:21","slug":"withdrawal","status":"publish","type":"page","link":"https:\/\/taritali.com\/vi\/fxpro\/withdrawal","title":{"rendered":"H\u01b0\u1edbng d\u1eabn r\u00fat ti\u1ec1n t\u1ea1i FxPro"},"content":{"rendered":"<p>&nbsp;<\/p>\n<p>Ph\u01b0\u01a1ng th\u1ee9c r\u00fat ti\u1ec1n g\u1ea7n nh\u01b0 gi\u1ed1ng v\u1edbi ph\u01b0\u01a1ng th\u1ee9c n\u1ea1p ti\u1ec1n.<\/p>\n<p><span style=\"font-weight: 400\">Xin l\u01b0u \u00fd: khi y\u00eau c\u1ea7u r\u00fat ti\u1ec1n, b\u1ea1n ph\u1ea3i chuy\u1ec3n ti\u1ec1n t\u1eeb t\u00e0i kho\u1ea3n giao d\u1ecbch sang t\u00e0i kho\u1ea3n v\u00ed tr\u01b0\u1edbc.<\/span><\/p>\n<table>\n<tbody>\n<tr>\n<td><b>Ph\u01b0\u01a1ng th\u1ee9c r\u00fat ti\u1ec1n<\/b><\/td>\n<td><b>Th\u1eddi gian x\u1eed l\u00fd<\/b><\/td>\n<td><b>Ph\u00ed x\u1eed l\u00fd\u00a0\u00a0\u00a0\u00a0\u00a0\u00a0\u00a0\u00a0\u00a0\u00a0\u00a0\u00a0\u00a0\u00a0\u00a0\u00a0\u00a0\u00a0\u00a0\u00a0\u00a0\u00a0\u00a0\u00a0\u00a0\u00a0\u00a0\u00a0\u00a0\u00a0\u00a0\u00a0\u00a0\u00a0\u00a0\u00a0\u00a0\u00a0<\/b><\/td>\n<\/tr>\n<tr>\n<td><b>Chuy\u1ec3n kho\u1ea3n ng\u00e2n h\u00e0ng<\/b><\/td>\n<td><span style=\"font-weight: 400\">1\uff5e5 ng\u00e0y l\u00e0m vi\u1ec7c<\/span><\/td>\n<td><span style=\"font-weight: 400\">Mi\u1ec5n ph\u00ed<\/span><\/td>\n<\/tr>\n<tr>\n<td><b>Th\u1ebb t\u00edn d\u1ee5ng\u30fbTh\u1ebb ghi n\u1ee3<\/b><\/p>\n<p><b>\uff08VISA,Master\uff09<\/b><\/td>\n<td><span style=\"font-weight: 400\">3\uff5e5 ng\u00e0y l\u00e0m vi\u1ec7c\u203b<\/span><\/td>\n<td><span style=\"font-weight: 400\">Mi\u1ec5n ph\u00ed<\/span><\/td>\n<\/tr>\n<tr>\n<td><b>bitwallet<\/b><\/td>\n<td><span style=\"font-weight: 400\">Trong 24 gi\u1edd<\/span><\/td>\n<td><span style=\"font-weight: 400\">Mi\u1ec5n ph\u00ed<\/span><\/td>\n<\/tr>\n<tr>\n<td><b>STICPAY<\/b><\/td>\n<td><span style=\"font-weight: 400\">Trong 24 gi\u1edd<\/span><\/td>\n<td><span style=\"font-weight: 400\">Mi\u1ec5n ph\u00ed<\/span><\/td>\n<\/tr>\n<tr>\n<td><b>Ti\u1ec1n \u0111i\u1ec7n t\u1eed<\/b><\/p>\n<p><b>\uff08BTC\u3001USDT\u3001ETH\u3001LTC\uff09<\/b><\/td>\n<td><span style=\"font-weight: 400\">Trong 24 gi\u1edd<\/span><\/td>\n<td><span style=\"font-weight: 400\">Mi\u1ec5n ph\u00ed<\/span><\/td>\n<\/tr>\n<\/tbody>\n<\/table>\n<p><span style=\"font-weight: 400\">\u203bT\u00f9y thu\u1ed9c v\u00e0o c\u00f4ng ty th\u1ebb, th\u1eddi gian x\u1eed l\u00fd c\u00f3 th\u1ec3 m\u1ea5t nhi\u1ec1u ng\u00e0y h\u01a1n.<\/span><\/p>\n<h2><b>R\u00fat ti\u1ec1n qua chuy\u1ec3n kho\u1ea3n ng\u00e2n h\u00e0ng<\/b><\/h2>\n<p><span style=\"font-weight: 400\">N\u1ebfu b\u1ea1n mu\u1ed1n th\u1ef1c hi\u1ec7n vi\u1ec7c r\u00fat ti\u1ec1n qua chuy\u1ec3n kho\u1ea3n ng\u00e2n h\u00e0ng, tr\u01b0\u1edbc ti\u00ean h\u00e3y \u0111\u0103ng nh\u1eadp v\u00e0o FxPro Direct. Trong menu b\u00ean tr\u00e1i, nh\u1ea5p v\u00e0o &#8220;V\u00ed&#8221;, sau \u0111\u00f3 nh\u1ea5p v\u00e0o &#8220;R\u00fat ti\u1ec1n&#8221;.<\/span><\/p>\n<p><img decoding=\"async\" class=\"aligncenter\" src=\"https:\/\/taritali.com\/zh-tw\/wp-content\/uploads\/sites\/6\/2024\/11\/1732758902745.jpg\" \/><\/p>\n<p>&nbsp;<\/p>\n<p><span style=\"font-weight: 400\">Nh\u1eadp &#8220;S\u1ed1 ti\u1ec1n mu\u1ed1n r\u00fat&#8221;, ch\u1ecdn &#8220;Chuy\u1ec3n kho\u1ea3n ng\u00e2n h\u00e0ng&#8221;.<\/span><\/p>\n<p><span style=\"font-weight: 400\">N\u1ebfu xu\u1ea5t hi\u1ec7n th\u00f4ng b\u00e1o &#8220;Ch\u01b0a \u0111\u0103ng k\u00fd th\u00f4ng tin ng\u00e2n h\u00e0ng. Vui l\u00f2ng nh\u1ea5p v\u00e0o \u0111\u00e2y \u0111\u1ec3 ho\u00e0n t\u1ea5t \u0111\u0103ng k\u00fd&#8221;, h\u00e3y l\u00e0m theo h\u01b0\u1edbng d\u1eabn \u0111\u1ec3 nh\u1eadp th\u00f4ng tin ng\u00e2n h\u00e0ng tr\u01b0\u1edbc khi ti\u1ebfp t\u1ee5c y\u00eau c\u1ea7u r\u00fat ti\u1ec1n.<\/span><\/p>\n<p><span style=\"font-weight: 400\">Cu\u1ed1i c\u00f9ng, nh\u1ea5p v\u00e0o &#8220;R\u00fat ti\u1ec1n&#8221; \u0111\u1ec3 ho\u00e0n t\u1ea5t th\u1ee7 t\u1ee5c r\u00fat ti\u1ec1n qua chuy\u1ec3n kho\u1ea3n ng\u00e2n h\u00e0ng.<\/span><\/p>\n<p><img decoding=\"async\" class=\"aligncenter\" src=\"https:\/\/taritali.com\/zh-tw\/wp-content\/uploads\/sites\/6\/2024\/11\/1732759034019.jpg\" \/><\/p>\n<h2><b>R\u00fat ti\u1ec1n qua th\u1ebb t\u00edn d\u1ee5ng ho\u1eb7c th\u1ebb ghi n\u1ee3<\/b><\/h2>\n<p><span style=\"font-weight: 400\">Xin l\u01b0u \u00fd: gi\u1edbi h\u1ea1n r\u00fat ti\u1ec1n qua th\u1ebb t\u00edn d\u1ee5ng ho\u1eb7c th\u1ebb ghi n\u1ee3 b\u1eb1ng s\u1ed1 ti\u1ec1n \u0111\u00e3 n\u1ea1p.<\/span><\/p>\n<p><span style=\"font-weight: 400\">Tr\u01b0\u1edbc ti\u00ean, h\u00e3y \u0111\u0103ng nh\u1eadp v\u00e0o FxPro Direct, sau \u0111\u00f3 trong menu b\u00ean tr\u00e1i, nh\u1ea5p v\u00e0o &#8220;V\u00ed&#8221;, r\u1ed3i nh\u1ea5p v\u00e0o &#8220;R\u00fat ti\u1ec1n&#8221;.<\/span><\/p>\n<p><img decoding=\"async\" class=\"aligncenter\" src=\"https:\/\/taritali.com\/zh-tw\/wp-content\/uploads\/sites\/6\/2024\/11\/1732758902745.jpg\" \/><\/p>\n<p>&nbsp;<\/p>\n<p><span style=\"font-weight: 400\">\u00a0Nh\u1eadp &#8220;S\u1ed1 ti\u1ec1n mu\u1ed1n r\u00fat&#8221;, ch\u1ecdn &#8220;Th\u1ebb ng\u00e2n h\u00e0ng&#8221;.<\/span><\/p>\n<p><span style=\"font-weight: 400\">Cu\u1ed1i c\u00f9ng, nh\u1ea5p v\u00e0o &#8220;R\u00fat ti\u1ec1n&#8221; \u0111\u1ec3 ho\u00e0n t\u1ea5t th\u1ee7 t\u1ee5c r\u00fat ti\u1ec1n qua th\u1ebb t\u00edn d\u1ee5ng ho\u1eb7c th\u1ebb ghi n\u1ee3.<\/span><\/p>\n<p><img decoding=\"async\" class=\"aligncenter\" src=\"https:\/\/taritali.com\/zh-tw\/wp-content\/uploads\/sites\/6\/2024\/11\/1732758741552.jpg\" \/><\/p>\n<p>&nbsp;<\/p>\n<p><strong><span style=\"font-size: 10pt\" data-sheets-root=\"1\">* N\u1ed9i dung tr\u00ean \u0111\u00e2y ch\u1ec9 mang t\u00ednh ch\u1ea5t tham kh\u1ea3o. Th\u00f4ng tin m\u1edbi nh\u1ea5t vui l\u00f2ng xem t\u1ea1i trang web ch\u00ednh th\u1ee9c c\u1ee7a Broker *<\/span><\/strong><\/p>\n","protected":false},"excerpt":{"rendered":"<p>&nbsp; Ph\u01b0\u01a1ng th\u1ee9c r\u00fat ti\u1ec1n g\u1ea7n nh\u01b0 gi\u1ed1ng v\u1edbi ph\u01b0\u01a1ng th\u1ee9c n\u1ea1p ti\u1ec1n. Xin l\u01b0u \u00fd: khi y\u00eau c\u1ea7u r\u00fat ti\u1ec1n, b\u1ea1n ph\u1ea3i chuy\u1ec3n ti\u1ec1n t\u1eeb t\u00e0i kho\u1ea3n giao d\u1ecbch sang t\u00e0i kho\u1ea3n v\u00ed tr\u01b0\u1edbc. Ph\u01b0\u01a1ng th\u1ee9c r\u00fat ti\u1ec1n Th\u1eddi gian x\u1eed l\u00fd Ph\u00ed x\u1eed l\u00fd\u00a0\u00a0\u00a0\u00a0\u00a0\u00a0\u00a0\u00a0\u00a0\u00a0\u00a0\u00a0\u00a0\u00a0\u00a0\u00a0\u00a0\u00a0\u00a0\u00a0\u00a0\u00a0\u00a0\u00a0\u00a0\u00a0\u00a0\u00a0\u00a0\u00a0\u00a0\u00a0\u00a0\u00a0\u00a0\u00a0\u00a0\u00a0 Chuy\u1ec3n kho\u1ea3n ng\u00e2n h\u00e0ng 1\uff5e5 ng\u00e0y l\u00e0m vi\u1ec7c Mi\u1ec5n ph\u00ed Th\u1ebb t\u00edn d\u1ee5ng\u30fbTh\u1ebb ghi n\u1ee3 \uff08VISA,Master\uff09 3\uff5e5 ng\u00e0y l\u00e0m vi\u1ec7c\u203b Mi\u1ec5n ph\u00ed bitwallet Trong 24 gi\u1edd Mi\u1ec5n ph\u00ed STICPAY Trong 24 gi\u1edd Mi\u1ec5n ph\u00ed Ti\u1ec1n \u0111i\u1ec7n t\u1eed \uff08BTC\u3001USDT\u3001ETH\u3001LTC\uff09 Trong 24 gi\u1edd Mi\u1ec5n ph\u00ed \u203bT\u00f9y thu\u1ed9c v\u00e0o c\u00f4ng ty th\u1ebb, th\u1eddi gian x\u1eed l\u00fd c\u00f3 th\u1ec3 m\u1ea5t nhi\u1ec1u ng\u00e0y h\u01a1n. R\u00fat ti\u1ec1n qua chuy\u1ec3n kho\u1ea3n&#8230;<\/p>\n","protected":false},"author":2,"featured_media":6404,"parent":551,"menu_order":0,"comment_status":"closed","ping_status":"closed","template":"","meta":{"footnotes":""},"tags":[],"yoast_head":"<!-- This site is optimized with the Yoast SEO plugin v23.1 - https:\/\/yoast.com\/wordpress\/plugins\/seo\/ -->\n<title>H\u01b0\u1edbng d\u1eabn r\u00fat ti\u1ec1n t\u1ea1i FxPro - TariTali - L\u1ef1a ch\u1ecdn h\u00e0ng \u0111\u1ea7u cho ho\u00e0n tr\u1ea3 Forex<\/title>\n<meta name=\"robots\" content=\"index, follow, max-snippet:-1, max-image-preview:large, max-video-preview:-1\" \/>\n<link rel=\"canonical\" href=\"https:\/\/taritali.com\/vi\/fxpro\/withdrawal\" \/>\n<meta property=\"og:locale\" content=\"vi_VN\" \/>\n<meta property=\"og:type\" content=\"article\" \/>\n<meta property=\"og:title\" content=\"H\u01b0\u1edbng d\u1eabn r\u00fat ti\u1ec1n t\u1ea1i FxPro - TariTali - L\u1ef1a ch\u1ecdn h\u00e0ng \u0111\u1ea7u cho ho\u00e0n tr\u1ea3 Forex\" \/>\n<meta property=\"og:description\" content=\"&nbsp; Ph\u01b0\u01a1ng th\u1ee9c r\u00fat ti\u1ec1n g\u1ea7n nh\u01b0 gi\u1ed1ng v\u1edbi ph\u01b0\u01a1ng th\u1ee9c n\u1ea1p ti\u1ec1n. Xin l\u01b0u \u00fd: khi y\u00eau c\u1ea7u r\u00fat ti\u1ec1n, b\u1ea1n ph\u1ea3i chuy\u1ec3n ti\u1ec1n t\u1eeb t\u00e0i kho\u1ea3n giao d\u1ecbch sang t\u00e0i kho\u1ea3n v\u00ed tr\u01b0\u1edbc. Ph\u01b0\u01a1ng th\u1ee9c r\u00fat ti\u1ec1n Th\u1eddi gian x\u1eed l\u00fd Ph\u00ed x\u1eed l\u00fd\u00a0\u00a0\u00a0\u00a0\u00a0\u00a0\u00a0\u00a0\u00a0\u00a0\u00a0\u00a0\u00a0\u00a0\u00a0\u00a0\u00a0\u00a0\u00a0\u00a0\u00a0\u00a0\u00a0\u00a0\u00a0\u00a0\u00a0\u00a0\u00a0\u00a0\u00a0\u00a0\u00a0\u00a0\u00a0\u00a0\u00a0\u00a0 Chuy\u1ec3n kho\u1ea3n ng\u00e2n h\u00e0ng 1\uff5e5 ng\u00e0y l\u00e0m vi\u1ec7c Mi\u1ec5n ph\u00ed Th\u1ebb t\u00edn d\u1ee5ng\u30fbTh\u1ebb ghi n\u1ee3 \uff08VISA,Master\uff09 3\uff5e5 ng\u00e0y l\u00e0m vi\u1ec7c\u203b Mi\u1ec5n ph\u00ed bitwallet Trong 24 gi\u1edd Mi\u1ec5n ph\u00ed STICPAY Trong 24 gi\u1edd Mi\u1ec5n ph\u00ed Ti\u1ec1n \u0111i\u1ec7n t\u1eed \uff08BTC\u3001USDT\u3001ETH\u3001LTC\uff09 Trong 24 gi\u1edd Mi\u1ec5n ph\u00ed \u203bT\u00f9y thu\u1ed9c v\u00e0o c\u00f4ng ty th\u1ebb, th\u1eddi gian x\u1eed l\u00fd c\u00f3 th\u1ec3 m\u1ea5t nhi\u1ec1u ng\u00e0y h\u01a1n. R\u00fat ti\u1ec1n qua chuy\u1ec3n kho\u1ea3n...\" \/>\n<meta property=\"og:url\" content=\"https:\/\/taritali.com\/vi\/fxpro\/withdrawal\" \/>\n<meta property=\"og:site_name\" content=\"TariTali - L\u1ef1a ch\u1ecdn h\u00e0ng \u0111\u1ea7u cho ho\u00e0n tr\u1ea3 Forex\" \/>\n<meta property=\"article:modified_time\" content=\"2024-11-29T03:22:21+00:00\" \/>\n<meta name=\"twitter:card\" content=\"summary_large_image\" \/>\n<meta name=\"twitter:label1\" content=\"\u01af\u1edbc t\u00ednh th\u1eddi gian \u0111\u1ecdc\" \/>\n\t<meta name=\"twitter:data1\" content=\"5 ph\u00fat\" \/>\n<script type=\"application\/ld+json\" class=\"yoast-schema-graph\">{\"@context\":\"https:\/\/schema.org\",\"@graph\":[{\"@type\":\"WebPage\",\"@id\":\"https:\/\/taritali.com\/vi\/fxpro\/withdrawal\",\"url\":\"https:\/\/taritali.com\/vi\/fxpro\/withdrawal\",\"name\":\"H\u01b0\u1edbng d\u1eabn r\u00fat ti\u1ec1n t\u1ea1i FxPro - TariTali - L\u1ef1a ch\u1ecdn h\u00e0ng \u0111\u1ea7u cho ho\u00e0n tr\u1ea3 Forex\",\"isPartOf\":{\"@id\":\"https:\/\/taritali.com\/vi\/#website\"},\"primaryImageOfPage\":{\"@id\":\"https:\/\/taritali.com\/vi\/fxpro\/withdrawal#primaryimage\"},\"image\":{\"@id\":\"https:\/\/taritali.com\/vi\/fxpro\/withdrawal#primaryimage\"},\"thumbnailUrl\":\"\",\"datePublished\":\"2019-07-01T07:58:37+00:00\",\"dateModified\":\"2024-11-29T03:22:21+00:00\",\"breadcrumb\":{\"@id\":\"https:\/\/taritali.com\/vi\/fxpro\/withdrawal#breadcrumb\"},\"inLanguage\":\"vi\",\"potentialAction\":[{\"@type\":\"ReadAction\",\"target\":[\"https:\/\/taritali.com\/vi\/fxpro\/withdrawal\"]}]},{\"@type\":\"ImageObject\",\"inLanguage\":\"vi\",\"@id\":\"https:\/\/taritali.com\/vi\/fxpro\/withdrawal#primaryimage\",\"url\":\"\",\"contentUrl\":\"\"},{\"@type\":\"BreadcrumbList\",\"@id\":\"https:\/\/taritali.com\/vi\/fxpro\/withdrawal#breadcrumb\",\"itemListElement\":[{\"@type\":\"ListItem\",\"position\":1,\"name\":\"Trang ch\u1ee7\",\"item\":\"https:\/\/taritali.com\/vi\/\"},{\"@type\":\"ListItem\",\"position\":2,\"name\":\"\u0110\u0103ng k\u00fd t\u00e0i kho\u1ea3n ho\u00e0n tr\u1ea3 FxPro\",\"item\":\"https:\/\/taritali.com\/vi\/fxpro\"},{\"@type\":\"ListItem\",\"position\":3,\"name\":\"H\u01b0\u1edbng d\u1eabn r\u00fat ti\u1ec1n t\u1ea1i FxPro\"}]},{\"@type\":\"WebSite\",\"@id\":\"https:\/\/taritali.com\/vi\/#website\",\"url\":\"https:\/\/taritali.com\/vi\/\",\"name\":\"TariTali - L\u1ef1a ch\u1ecdn h\u00e0ng \u0111\u1ea7u cho ho\u00e0n tr\u1ea3 Forex\",\"description\":\"\",\"publisher\":{\"@id\":\"https:\/\/taritali.com\/vi\/#organization\"},\"potentialAction\":[{\"@type\":\"SearchAction\",\"target\":{\"@type\":\"EntryPoint\",\"urlTemplate\":\"https:\/\/taritali.com\/vi\/?s={search_term_string}\"},\"query-input\":\"required name=search_term_string\"}],\"inLanguage\":\"vi\"},{\"@type\":\"Organization\",\"@id\":\"https:\/\/taritali.com\/vi\/#organization\",\"name\":\"TariTali - L\u1ef1a ch\u1ecdn h\u00e0ng \u0111\u1ea7u cho ho\u00e0n tr\u1ea3 Forex\",\"url\":\"https:\/\/taritali.com\/vi\/\",\"logo\":{\"@type\":\"ImageObject\",\"inLanguage\":\"vi\",\"@id\":\"https:\/\/taritali.com\/vi\/#\/schema\/logo\/image\/\",\"url\":\"https:\/\/taritali.com\/vi\/wp-content\/uploads\/sites\/2\/2024\/01\/logo.png\",\"contentUrl\":\"https:\/\/taritali.com\/vi\/wp-content\/uploads\/sites\/2\/2024\/01\/logo.png\",\"width\":215,\"height\":90,\"caption\":\"TariTali - L\u1ef1a ch\u1ecdn h\u00e0ng \u0111\u1ea7u cho ho\u00e0n tr\u1ea3 Forex\"},\"image\":{\"@id\":\"https:\/\/taritali.com\/vi\/#\/schema\/logo\/image\/\"}}]}<\/script>\n<!-- \/ Yoast SEO plugin. -->","yoast_head_json":{"title":"H\u01b0\u1edbng d\u1eabn r\u00fat ti\u1ec1n t\u1ea1i FxPro - TariTali - L\u1ef1a ch\u1ecdn h\u00e0ng \u0111\u1ea7u cho ho\u00e0n tr\u1ea3 Forex","robots":{"index":"index","follow":"follow","max-snippet":"max-snippet:-1","max-image-preview":"max-image-preview:large","max-video-preview":"max-video-preview:-1"},"canonical":"https:\/\/taritali.com\/vi\/fxpro\/withdrawal","og_locale":"vi_VN","og_type":"article","og_title":"H\u01b0\u1edbng d\u1eabn r\u00fat ti\u1ec1n t\u1ea1i FxPro - TariTali - L\u1ef1a ch\u1ecdn h\u00e0ng \u0111\u1ea7u cho ho\u00e0n tr\u1ea3 Forex","og_description":"&nbsp; Ph\u01b0\u01a1ng th\u1ee9c r\u00fat ti\u1ec1n g\u1ea7n nh\u01b0 gi\u1ed1ng v\u1edbi ph\u01b0\u01a1ng th\u1ee9c n\u1ea1p ti\u1ec1n. Xin l\u01b0u \u00fd: khi y\u00eau c\u1ea7u r\u00fat ti\u1ec1n, b\u1ea1n ph\u1ea3i chuy\u1ec3n ti\u1ec1n t\u1eeb t\u00e0i kho\u1ea3n giao d\u1ecbch sang t\u00e0i kho\u1ea3n v\u00ed tr\u01b0\u1edbc. Ph\u01b0\u01a1ng th\u1ee9c r\u00fat ti\u1ec1n Th\u1eddi gian x\u1eed l\u00fd Ph\u00ed x\u1eed l\u00fd\u00a0\u00a0\u00a0\u00a0\u00a0\u00a0\u00a0\u00a0\u00a0\u00a0\u00a0\u00a0\u00a0\u00a0\u00a0\u00a0\u00a0\u00a0\u00a0\u00a0\u00a0\u00a0\u00a0\u00a0\u00a0\u00a0\u00a0\u00a0\u00a0\u00a0\u00a0\u00a0\u00a0\u00a0\u00a0\u00a0\u00a0\u00a0 Chuy\u1ec3n kho\u1ea3n ng\u00e2n h\u00e0ng 1\uff5e5 ng\u00e0y l\u00e0m vi\u1ec7c Mi\u1ec5n ph\u00ed Th\u1ebb t\u00edn d\u1ee5ng\u30fbTh\u1ebb ghi n\u1ee3 \uff08VISA,Master\uff09 3\uff5e5 ng\u00e0y l\u00e0m vi\u1ec7c\u203b Mi\u1ec5n ph\u00ed bitwallet Trong 24 gi\u1edd Mi\u1ec5n ph\u00ed STICPAY Trong 24 gi\u1edd Mi\u1ec5n ph\u00ed Ti\u1ec1n \u0111i\u1ec7n t\u1eed \uff08BTC\u3001USDT\u3001ETH\u3001LTC\uff09 Trong 24 gi\u1edd Mi\u1ec5n ph\u00ed \u203bT\u00f9y thu\u1ed9c v\u00e0o c\u00f4ng ty th\u1ebb, th\u1eddi gian x\u1eed l\u00fd c\u00f3 th\u1ec3 m\u1ea5t nhi\u1ec1u ng\u00e0y h\u01a1n. R\u00fat ti\u1ec1n qua chuy\u1ec3n kho\u1ea3n...","og_url":"https:\/\/taritali.com\/vi\/fxpro\/withdrawal","og_site_name":"TariTali - L\u1ef1a ch\u1ecdn h\u00e0ng \u0111\u1ea7u cho ho\u00e0n tr\u1ea3 Forex","article_modified_time":"2024-11-29T03:22:21+00:00","twitter_card":"summary_large_image","twitter_misc":{"\u01af\u1edbc t\u00ednh th\u1eddi gian \u0111\u1ecdc":"5 ph\u00fat"},"schema":{"@context":"https:\/\/schema.org","@graph":[{"@type":"WebPage","@id":"https:\/\/taritali.com\/vi\/fxpro\/withdrawal","url":"https:\/\/taritali.com\/vi\/fxpro\/withdrawal","name":"H\u01b0\u1edbng d\u1eabn r\u00fat ti\u1ec1n t\u1ea1i FxPro - TariTali - L\u1ef1a ch\u1ecdn h\u00e0ng \u0111\u1ea7u cho ho\u00e0n tr\u1ea3 Forex","isPartOf":{"@id":"https:\/\/taritali.com\/vi\/#website"},"primaryImageOfPage":{"@id":"https:\/\/taritali.com\/vi\/fxpro\/withdrawal#primaryimage"},"image":{"@id":"https:\/\/taritali.com\/vi\/fxpro\/withdrawal#primaryimage"},"thumbnailUrl":"","datePublished":"2019-07-01T07:58:37+00:00","dateModified":"2024-11-29T03:22:21+00:00","breadcrumb":{"@id":"https:\/\/taritali.com\/vi\/fxpro\/withdrawal#breadcrumb"},"inLanguage":"vi","potentialAction":[{"@type":"ReadAction","target":["https:\/\/taritali.com\/vi\/fxpro\/withdrawal"]}]},{"@type":"ImageObject","inLanguage":"vi","@id":"https:\/\/taritali.com\/vi\/fxpro\/withdrawal#primaryimage","url":"","contentUrl":""},{"@type":"BreadcrumbList","@id":"https:\/\/taritali.com\/vi\/fxpro\/withdrawal#breadcrumb","itemListElement":[{"@type":"ListItem","position":1,"name":"Trang ch\u1ee7","item":"https:\/\/taritali.com\/vi\/"},{"@type":"ListItem","position":2,"name":"\u0110\u0103ng k\u00fd t\u00e0i kho\u1ea3n ho\u00e0n tr\u1ea3 FxPro","item":"https:\/\/taritali.com\/vi\/fxpro"},{"@type":"ListItem","position":3,"name":"H\u01b0\u1edbng d\u1eabn r\u00fat ti\u1ec1n t\u1ea1i FxPro"}]},{"@type":"WebSite","@id":"https:\/\/taritali.com\/vi\/#website","url":"https:\/\/taritali.com\/vi\/","name":"TariTali - L\u1ef1a ch\u1ecdn h\u00e0ng \u0111\u1ea7u cho ho\u00e0n tr\u1ea3 Forex","description":"","publisher":{"@id":"https:\/\/taritali.com\/vi\/#organization"},"potentialAction":[{"@type":"SearchAction","target":{"@type":"EntryPoint","urlTemplate":"https:\/\/taritali.com\/vi\/?s={search_term_string}"},"query-input":"required name=search_term_string"}],"inLanguage":"vi"},{"@type":"Organization","@id":"https:\/\/taritali.com\/vi\/#organization","name":"TariTali - L\u1ef1a ch\u1ecdn h\u00e0ng \u0111\u1ea7u cho ho\u00e0n tr\u1ea3 Forex","url":"https:\/\/taritali.com\/vi\/","logo":{"@type":"ImageObject","inLanguage":"vi","@id":"https:\/\/taritali.com\/vi\/#\/schema\/logo\/image\/","url":"https:\/\/taritali.com\/vi\/wp-content\/uploads\/sites\/2\/2024\/01\/logo.png","contentUrl":"https:\/\/taritali.com\/vi\/wp-content\/uploads\/sites\/2\/2024\/01\/logo.png","width":215,"height":90,"caption":"TariTali - L\u1ef1a ch\u1ecdn h\u00e0ng \u0111\u1ea7u cho ho\u00e0n tr\u1ea3 Forex"},"image":{"@id":"https:\/\/taritali.com\/vi\/#\/schema\/logo\/image\/"}}]}},"_links":{"self":[{"href":"https:\/\/taritali.com\/vi\/wp-json\/wp\/v2\/pages\/6403"}],"collection":[{"href":"https:\/\/taritali.com\/vi\/wp-json\/wp\/v2\/pages"}],"about":[{"href":"https:\/\/taritali.com\/vi\/wp-json\/wp\/v2\/types\/page"}],"author":[{"embeddable":true,"href":"https:\/\/taritali.com\/vi\/wp-json\/wp\/v2\/users\/2"}],"replies":[{"embeddable":true,"href":"https:\/\/taritali.com\/vi\/wp-json\/wp\/v2\/comments?post=6403"}],"version-history":[{"count":4,"href":"https:\/\/taritali.com\/vi\/wp-json\/wp\/v2\/pages\/6403\/revisions"}],"predecessor-version":[{"id":34537,"href":"https:\/\/taritali.com\/vi\/wp-json\/wp\/v2\/pages\/6403\/revisions\/34537"}],"up":[{"embeddable":true,"href":"https:\/\/taritali.com\/vi\/wp-json\/wp\/v2\/pages\/551"}],"wp:featuredmedia":[{"embeddable":true,"href":"https:\/\/taritali.com\/vi\/wp-json\/"}],"wp:attachment":[{"href":"https:\/\/taritali.com\/vi\/wp-json\/wp\/v2\/media?parent=6403"}],"wp:term":[{"taxonomy":"post_tag","embeddable":true,"href":"https:\/\/taritali.com\/vi\/wp-json\/wp\/v2\/tags?post=6403"}],"curies":[{"name":"wp","href":"https:\/\/api.w.org\/{rel}","templated":true}]}}