{"id":9307,"date":"2020-03-03T13:25:10","date_gmt":"2020-03-03T04:25:10","guid":{"rendered":"https:\/\/taritali.com\/?page_id=9307"},"modified":"2026-04-22T08:11:52","modified_gmt":"2026-04-22T00:11:52","slug":"opening","status":"publish","type":"page","link":"https:\/\/taritali.com\/vi\/fxgt\/opening","title":{"rendered":"H\u01b0\u1edbng d\u1eabn \u0111\u0103ng k\u00fd t\u00e0i kho\u1ea3n m\u1edbi t\u1ea1i FXGT"},"content":{"rendered":"<p>&nbsp;<\/p>\n<p><span style=\"font-weight: 400\">Ch\u00fang t\u00f4i s\u1ebd h\u01b0\u1edbng d\u1eabn b\u1ea1n c\u00e1ch m\u1edf t\u00e0i kho\u1ea3n ho\u00e0n tr\u1ea3 FXGT m\u1edbi th\u00f4ng qua trang web c\u1ee7a TariTali, c\u0169ng nh\u01b0 c\u00e1ch \u0111\u0103ng k\u00fd t\u00e0i kho\u1ea3n c\u1ee7a TariTali.<\/span><\/p>\n<p><span style=\"font-weight: 400\">Khi m\u1edf t\u00e0i kho\u1ea3n, b\u1ea1n c\u1ea7n chu\u1ea9n b\u1ecb m\u1ed7i lo\u1ea1i m\u1ed9t b\u1ea3n gi\u1ea5y t\u1edd ch\u1ee9ng minh danh t\u00ednh v\u00e0 ch\u1ee9ng minh \u0111\u1ecba ch\u1ec9.<\/span><\/p>\n<p><span style=\"font-weight: 400\">Ch\u00fang t\u00f4i khuy\u1ebfn ngh\u1ecb b\u1ea1n chu\u1ea9n b\u1ecb tr\u01b0\u1edbc c\u00e1c t\u00e0i li\u1ec7u n\u00e0y \u0111\u1ec3 c\u00f3 th\u1ec3 t\u1ea3i l\u00ean m\u1ed9t c\u00e1ch thu\u1eadn l\u1ee3i.<\/span><\/p>\n<p>&nbsp;<\/p>\n<div class=\"su-row\"> <div class=\"su-column su-column-size-1-2 colum_center\"><div class=\"su-column-inner su-u-clearfix su-u-trim\">\n<div style=\"padding: 10px;border-radius: 10px;background: #EEE\">\n<p><b>Gi\u1ea5y t\u1edd ch\u1ee9ng minh danh t\u00ednh (b\u1ea3n m\u00e0u c\u00f2n hi\u1ec7u l\u1ef1c)<\/b><\/p>\n<ul>\n<li style=\"font-weight: 400\"><span style=\"font-weight: 400\">H\u1ed9 chi\u1ebfu<\/span><\/li>\n<li style=\"font-weight: 400\"><span style=\"font-weight: 400\">Th\u1ebb c\u0103n c\u01b0\u1edbc c\u00f4ng d\u00e2n (hai m\u1eb7t)<\/span><\/li>\n<li style=\"font-weight: 400\"><span style=\"font-weight: 400\">Gi\u1ea5y ph\u00e9p l\u00e1i xe (hai m\u1eb7t)<\/span><\/li>\n<\/ul>\n<\/div>\n<\/div><\/div> <div class=\"su-column su-column-size-1-2 colum_center\"><div class=\"su-column-inner su-u-clearfix su-u-trim\">\n<div style=\"padding: 10px;border-radius: 10px;background: #EEE\">\n<p><b>Gi\u1ea5y t\u1edd ch\u1ee9ng minh \u0111\u1ecba ch\u1ec9 (ph\u00e1t h\u00e0nh trong 6 th\u00e1ng)<\/b><\/p>\n<ul>\n<li style=\"font-weight: 400\"><span style=\"font-weight: 400\">H\u00f3a \u0111\u01a1n ti\u1ec7n \u00edch<\/span><\/li>\n<li style=\"font-weight: 400\"><span style=\"font-weight: 400\">Sao k\u00ea giao d\u1ecbch ng\u00e2n h\u00e0ng\/X\u00e1c nh\u1eadn t\u1eeb ng\u00e2n h\u00e0ng<\/span><\/li>\n<li style=\"font-weight: 400\"><span style=\"font-weight: 400\">Gi\u1ea5y tr\u00edch l\u1ee5c h\u1ed9 kh\u1ea9u<\/span><\/li>\n<\/ul>\n<\/div>\n<\/div><\/div> <\/div>\n<h2><b>H\u01b0\u1edbng d\u1eabn \u0111\u0103ng k\u00fd t\u00e0i kho\u1ea3n ho\u00e0n tr\u1ea3<\/b><\/h2>\n<p><span style=\"font-weight: 400\">Tr\u01b0\u1edbc ti\u00ean, h\u00e3y nh\u1ea5p v\u00e0o n\u00fat li\u00ean k\u1ebft d\u01b0\u1edbi \u0111\u00e2y \u0111\u1ec3 m\u1edf trang \u0111\u0103ng k\u00fd t\u00e0i kho\u1ea3n c\u1ee7a FXGT.<\/span><\/p>\n<p>&nbsp;<\/p>\n<p>&nbsp;<\/p>\n<div class=\"su-row\"> <div class=\"su-column su-column-size-1-1 colum_center\"><div class=\"su-column-inner su-u-clearfix su-u-trim\"><a class=\"maxbutton-5 maxbutton maxbutton-xme381aee696b0e8a68fe58fa3e5baa7e9968be8a8ad\" target=\"_blank\" rel=\"noopener\" href=\"https:\/\/fxgt.link\/register?refid=taritali\"><span class='mb-text'>\u0110\u0103ng k\u00fd t\u00e0i kho\u1ea3n<\/span><\/a> <\/div><\/div> <\/div>\n<h3><b>Nh\u1eadp th\u00f4ng tin c\u00e1 nh\u00e2n<\/b><\/h3>\n<p><span style=\"font-weight: 400\">Tr\u00ean m\u00e0n h\u00ecnh sau, nh\u1eadp &#8220;H\u1ecd t\u00ean&#8221;, &#8220;\u0110\u1ecba ch\u1ec9 email&#8221;, &#8220;M\u1eadt kh\u1ea9u&#8221;, &#8220;Qu\u1ed1c gia c\u01b0 tr\u00fa&#8221;, v\u00e0 &#8220;S\u1ed1 \u0111i\u1ec7n tho\u1ea1i di \u0111\u1ed9ng&#8221;.\u00a0<\/span><\/p>\n<p><span style=\"font-weight: 400\">Ch\u1ecdn &#8220;T\u00e0i kho\u1ea3n th\u1ef1c&#8221;, \u0111\u00e1nh d\u1ea5u v\u00e0o \u00f4 ki\u1ec3m v\u00e0 nh\u1ea5p v\u00e0o &#8220;Giao d\u1ecbch ngay&#8221;.<\/span><\/p>\n<p><img decoding=\"async\" class=\"aligncenter\" src=\"https:\/\/taritali.com\/zh-tw\/wp-content\/uploads\/sites\/6\/2024\/11\/1-4.jpg\" \/><\/p>\n<p>&nbsp;<\/p>\n<p><span style=\"font-weight: 400\">\u0110\u1ecba ch\u1ec9 email \u0111\u00e3 \u0111\u0103ng k\u00fd s\u1ebd nh\u1eadn \u0111\u01b0\u1ee3c m\u1ed9t email x\u00e1c th\u1ef1c. Vui l\u00f2ng nh\u1ea5p v\u00e0o &#8220;X\u00e1c th\u1ef1c \u0111\u1ecba ch\u1ec9 email&#8221; trong email trong v\u00f2ng 1 ng\u00e0y, tr\u01b0\u1edbc khi li\u00ean k\u1ebft h\u1ebft h\u1ea1n.<\/span><\/p>\n<p><img decoding=\"async\" class=\"aligncenter\" src=\"https:\/\/taritali.com\/zh-tw\/wp-content\/uploads\/sites\/6\/2024\/11\/2-4.jpg\" \/><\/p>\n<p>&nbsp;<\/p>\n<p><span style=\"font-weight: 400\">Sau khi ho\u00e0n t\u1ea5t x\u00e1c th\u1ef1c email v\u00e0 k\u00edch ho\u1ea1t t\u00e0i kho\u1ea3n, h\u00e3y \u0111\u0103ng nh\u1eadp v\u00e0o c\u1ed5ng th\u00f4ng tin kh\u00e1ch h\u00e0ng.<\/span><\/p>\n<p><img decoding=\"async\" class=\"aligncenter\" src=\"https:\/\/taritali.com\/zh-tw\/wp-content\/uploads\/sites\/6\/2024\/11\/3-4.jpg\" \/><\/p>\n<p>&nbsp;<\/p>\n<p><span style=\"font-weight: 400\">M\u1ed9t c\u1eeda s\u1ed5 b\u1eadt l\u00ean v\u1edbi c\u00e1c \u0111i\u1ec1u kho\u1ea3n s\u1eed d\u1ee5ng s\u1ebd hi\u1ec7n ra. Vui l\u00f2ng ki\u1ec3m tra n\u1ed9i dung, \u0111\u00e1nh d\u1ea5u v\u00e0o \u00f4 \u201cT\u00f4i \u0111\u1ed3ng \u00fd\u2026\u201d v\u00e0 nh\u1ea5p v\u00e0o &#8220;Ti\u1ebfp t\u1ee5c&#8221;.<\/span><\/p>\n<p><img decoding=\"async\" class=\"aligncenter\" src=\"https:\/\/taritali.com\/zh-tw\/wp-content\/uploads\/sites\/6\/2024\/11\/4-4.jpg\" \/><\/p>\n<p>&nbsp;<\/p>\n<p><span style=\"font-weight: 400\">Ch\u1ecdn n\u1ec1n t\u1ea3ng t\u00e0i kho\u1ea3n (MT4\/MT5) v\u00e0 lo\u1ea1i t\u00e0i kho\u1ea3n b\u1ea1n mu\u1ed1n m\u1edf.<\/span><\/p>\n<p><img decoding=\"async\" class=\"aligncenter\" src=\"https:\/\/taritali.com\/zh-tw\/wp-content\/uploads\/sites\/6\/2024\/11\/5-3.jpg\" \/><\/p>\n<p>&nbsp;<\/p>\n<p><span style=\"font-weight: 400\">Ch\u1ecdn lo\u1ea1i ti\u1ec1n t\u1ec7 c\u1ee7a t\u00e0i kho\u1ea3n v\u00e0 \u0111\u00f2n b\u1ea9y t\u1eeb 5 l\u1ea7n \u0111\u1ebfn 1000 l\u1ea7n b\u1ea1n mu\u1ed1n thi\u1ebft l\u1eadp.<\/span><\/p>\n<p><span style=\"font-weight: 400\">Thi\u1ebft l\u1eadp m\u1eadt kh\u1ea9u cho n\u1ec1n t\u1ea3ng giao d\u1ecbch: b\u1ea1n c\u00f3 th\u1ec3 ch\u1ecdn t\u1ef1 t\u1ea1o m\u1eadt kh\u1ea9u ho\u1eb7c \u0111\u1ec3 h\u1ec7 th\u1ed1ng t\u1ef1 \u0111\u1ed9ng t\u1ea1o m\u1eadt kh\u1ea9u, r\u1ed3i nh\u1ea5p v\u00e0o &#8220;Ti\u1ebfp t\u1ee5c&#8221;.<\/span><\/p>\n<p><span style=\"font-weight: 400\">Sau khi ho\u00e0n t\u1ea5t thi\u1ebft l\u1eadp t\u00e0i kho\u1ea3n, vui l\u00f2ng nh\u1ea5p v\u00e0o &#8220;Ti\u1ebfn h\u00e0nh x\u00e1c th\u1ef1c t\u00e0i kho\u1ea3n t\u1eeb \u0111\u00e2y&#8221; v\u00e0 th\u1ef1c hi\u1ec7n c\u00e1c b\u01b0\u1edbc x\u00e1c th\u1ef1c.<\/span><\/p>\n<p><img decoding=\"async\" class=\"aligncenter\" src=\"https:\/\/taritali.com\/zh-tw\/wp-content\/uploads\/sites\/6\/2024\/11\/6-3.jpg\" \/><\/p>\n<p>&nbsp;<\/p>\n<h3><b>T\u1ea3i l\u00ean c\u00e1c t\u00e0i li\u1ec7u c\u1ea7n thi\u1ebft<\/b><\/h3>\n<p><span style=\"font-weight: 400\">Nh\u1eadp ng\u00e0y sinh, \u0111\u1ecba ch\u1ec9, qu\u1ed1c t\u1ecbch v\u00e0 c\u00e1c th\u00f4ng tin b\u1ed5 sung kh\u00e1c, sau \u0111\u00f3 nh\u1ea5p v\u00e0o &#8220;T\u1ea3i l\u00ean t\u00e0i li\u1ec7u&#8221;.<\/span><\/p>\n<p><img decoding=\"async\" class=\"aligncenter\" src=\"https:\/\/taritali.com\/zh-tw\/wp-content\/uploads\/sites\/6\/2024\/11\/7-3.jpg\" \/><\/p>\n<p>&nbsp;<\/p>\n<p><span style=\"font-weight: 400\">Ho\u00e0n t\u1ea5t c\u00e1c th\u00f4ng tin c\u1ea7n thi\u1ebft.<\/span><\/p>\n<p><img decoding=\"async\" class=\"aligncenter\" src=\"https:\/\/taritali.com\/zh-tw\/wp-content\/uploads\/sites\/6\/2024\/11\/8-3.jpg\" \/><\/p>\n<p>&nbsp;<\/p>\n<p>T\u1ea3i l\u00ean t\u1eebng b\u1ea3n c\u1ee7a \u201cGi\u1ea5y t\u1edd ch\u1ee9ng minh danh t\u00ednh\u201d v\u00e0 \u201cGi\u1ea5y t\u1edd ch\u1ee9ng minh \u0111\u1ecba ch\u1ec9\u201d, sau \u0111\u00f3 nh\u1ea5p v\u00e0o \u201cG\u1eedi x\u00e1c th\u1ef1c\u201d.<\/p>\n<p><span style=\"font-weight: 400\">Qu\u00e1 tr\u00ecnh x\u00e1c th\u1ef1c c\u1ee7a FXGT th\u01b0\u1eddng m\u1ea5t kho\u1ea3ng 30 ph\u00fat \u0111\u1ebfn 1 ng\u00e0y \u0111\u1ec3 ho\u00e0n t\u1ea5t.\u00a0<\/span><\/p>\n<p><img decoding=\"async\" class=\"aligncenter\" src=\"https:\/\/taritali.com\/zh-tw\/wp-content\/uploads\/sites\/6\/2024\/11\/9-2.jpg\" \/><\/p>\n<h2><b>C\u00e1c b\u01b0\u1edbc \u0111\u0103ng k\u00fd t\u00e0i kho\u1ea3n c\u1ee7a c\u00f4ng ty ch\u00fang t\u00f4i (TariTali)<\/b><\/h2>\n<p><span style=\"font-weight: 400\">Sau khi ho\u00e0n t\u1ea5t vi\u1ec7c m\u1edf t\u00e0i kho\u1ea3n, vui l\u00f2ng ti\u1ebfp t\u1ee5c th\u1ef1c hi\u1ec7n \u0111\u0103ng k\u00fd t\u00e0i kho\u1ea3n c\u1ee7a c\u00f4ng ty ch\u00fang t\u00f4i. Tr\u01b0\u1edbc ti\u00ean, h\u00e3y nh\u1ea5p v\u00e0o li\u00ean k\u1ebft d\u01b0\u1edbi \u0111\u00e2y \u0111\u1ec3 m\u1edf trang \u0111\u0103ng k\u00fd t\u00e0i kho\u1ea3n.<\/span><\/p>\n<p>&nbsp;<\/p>\n<div class=\"su-row\"> <div class=\"su-column su-column-size-1-1 colum_center\"><div class=\"su-column-inner su-u-clearfix su-u-trim\"><a class=\"maxbutton-2 maxbutton maxbutton-e7b0a1e58d98e58fa3e5baa7e9968be8a8ade382b5e3839de383bce38388e382b5e383bce38393e382b9\" target=\"_blank\" rel=\"noopener\" href=\"https:\/\/taritali.com\/client\/reg.php?lang=vi\"><span class='mb-text'>\u0110\u0103ng k\u00fd t\u00e0i kho\u1ea3n TariTali<\/span><\/a> <\/div><\/div> <\/div>\n<p>&nbsp;<\/p>\n<p>Trong m\u00e0n h\u00ecnh \u0111\u0103ng k\u00fd t\u00e0i kho\u1ea3n hi\u1ec3n th\u1ecb, nh\u1eadp \u201cH\u1ecd t\u00ean\u201d, \u201c\u0110\u1ecba ch\u1ec9 email\u201d, \u201cM\u1eadt kh\u1ea9u\u201d, \u201cX\u00e1c nh\u1eadn m\u1eadt kh\u1ea9u\u201d, sau \u0111\u00f3 nh\u1ea5p v\u00e0o \u201cX\u00e1c nh\u1eadn\u201d.<\/p>\n<p><img decoding=\"async\" class=\"aligncenter\" src=\"https:\/\/taritali.com\/vi\/wp-content\/uploads\/sites\/2\/2024\/11\/1-1.png\" \/><\/p>\n<p>&nbsp;<\/p>\n<p><span style=\"font-weight: 400\">Sau khi \u0111\u0103ng k\u00fd ho\u00e0n t\u1ea5t, b\u1ea1n s\u1ebd nh\u1eadn \u0111\u01b0\u1ee3c m\u1ed9t email g\u1eedi \u0111\u1ebfn \u0111\u1ecba ch\u1ec9 email b\u1ea1n \u0111\u00e3 cung c\u1ea5p.<\/span><\/p>\n<p><span style=\"font-weight: 400\">Nh\u1ea5p v\u00e0o li\u00ean k\u1ebft trong email \u0111\u1ec3 ho\u00e0n t\u1ea5t vi\u1ec7c \u0111\u0103ng k\u00fd t\u00e0i kho\u1ea3n.\u00a0<\/span><\/p>\n<p><span style=\"font-weight: 400\">Ti\u1ebfp theo, h\u00e3y \u0111\u0103ng nh\u1eadp v\u00e0o <\/span><a href=\"https:\/\/taritali.com\/client\/\"><span style=\"font-weight: 400\">trang th\u00e0nh vi\u00ean<\/span><\/a><span style=\"font-weight: 400\"> \u0111\u00e3 \u0111\u0103ng k\u00fd v\u00e0 \u0111\u0103ng k\u00fd s\u1ed1 t\u00e0i kho\u1ea3n c\u1ee7a b\u1ea1n.<\/span><\/p>\n<p><span style=\"font-weight: 400\">Sau khi \u0111\u0103ng nh\u1eadp, m\u00e0n h\u00ecnh sau \u0111\u00e2y s\u1ebd hi\u1ec3n th\u1ecb, h\u00e3y ch\u1ecdn &#8220;Nh\u1ea5p v\u00e0o \u0111\u00e2y n\u1ebfu b\u1ea1n \u0111\u00e3 c\u00f3 t\u00e0i kho\u1ea3n ho\u00e0n tr\u1ea3&#8221;.\u00a0<\/span><\/p>\n<p><span style=\"font-weight: 400\">N\u1ebfu kh\u00f4ng th\u1ea5y, h\u00e3y nh\u1ea5p v\u00e0o tab &#8220;Qu\u1ea3n l\u00fd t\u00e0i kho\u1ea3n&#8221;.<\/span><\/p>\n<p><img decoding=\"async\" class=\"aligncenter\" src=\"https:\/\/taritali.com\/vi\/wp-content\/uploads\/sites\/2\/2024\/11\/2-1.png\" \/><\/p>\n<p>&nbsp;<\/p>\n<p><span style=\"font-weight: 400\">M\u00e0n h\u00ecnh \u0111\u0103ng k\u00fd t\u00e0i kho\u1ea3n s\u1ebd hi\u1ec3n th\u1ecb. Ch\u1ecdn &#8220;Broker&#8221; l\u00e0 FXGT, v\u00e0 nh\u1eadp s\u1ed1 t\u00e0i kho\u1ea3n FXGT b\u1ea1n \u0111\u00e3 m\u1edf, sau \u0111\u00f3 <\/span>nh\u1ea5p v\u00e0o \u201cX\u00e1c nh\u1eadn\u201d \u0111\u1ec3 \u0111\u0103ng k\u00fd.<\/p>\n<p><img decoding=\"async\" class=\"aligncenter\" src=\"https:\/\/taritali.com\/vi\/wp-content\/uploads\/sites\/2\/2024\/11\/3-1.png\" \/><\/p>\n<p>&nbsp;<\/p>\n<p><span style=\"font-weight: 400\">N\u1ebfu nh\u1eadp \u0111\u00fang, b\u1ea1n s\u1ebd nh\u1eadn \u0111\u01b0\u1ee3c email x\u00e1c nh\u1eadn \u0111\u0103ng k\u00fd th\u00e0nh c\u00f4ng; n\u1ebfu c\u00f3 v\u1ea5n \u0111\u1ec1, b\u1ea1n s\u1ebd nh\u1eadn \u0111\u01b0\u1ee3c email th\u00f4ng b\u00e1o \u0111\u0103ng k\u00fd t\u00e0i kho\u1ea3n th\u1ea5t b\u1ea1i.\u00a0<\/span><\/p>\n<p><span style=\"font-weight: 400\">N\u1ebfu nh\u1eadn \u0111\u01b0\u1ee3c email th\u00f4ng b\u00e1o \u0111\u0103ng k\u00fd t\u00e0i kho\u1ea3n th\u1ea5t b\u1ea1i, vui l\u00f2ng l\u00e0m theo c\u00e1c b\u01b0\u1edbc trong email \u0111\u1ec3 m\u1edf t\u00e0i kho\u1ea3n b\u1ed5 sung.<\/span><\/p>\n<p><span style=\"font-weight: 400\">Tr\u00ean \u0111\u00e2y l\u00e0 h\u01b0\u1edbng d\u1eabn c\u00e1cg \u0111\u0103ng k\u00fd t\u00e0i kho\u1ea3n ho\u00e0n tr\u1ea3 FXGT v\u00e0 \u0111\u0103ng k\u00fd t\u00e0i kho\u1ea3n c\u1ee7a TariTali.<\/span><\/p>\n<p>&nbsp;<\/p>\n<p><strong><span data-sheets-root=\"1\">* N\u1ed9i dung tr\u00ean \u0111\u00e2y ch\u1ec9 mang t\u00ednh ch\u1ea5t tham kh\u1ea3o. Th\u00f4ng tin m\u1edbi nh\u1ea5t vui l\u00f2ng xem t\u1ea1i trang web ch\u00ednh th\u1ee9c c\u1ee7a Broker *<\/span><\/strong><\/p>\n","protected":false},"excerpt":{"rendered":"<p>&nbsp; Ch\u00fang t\u00f4i s\u1ebd h\u01b0\u1edbng d\u1eabn b\u1ea1n c\u00e1ch m\u1edf t\u00e0i kho\u1ea3n ho\u00e0n tr\u1ea3 FXGT m\u1edbi th\u00f4ng qua trang web c\u1ee7a TariTali, c\u0169ng nh\u01b0 c\u00e1ch \u0111\u0103ng k\u00fd t\u00e0i kho\u1ea3n c\u1ee7a TariTali. Khi m\u1edf t\u00e0i kho\u1ea3n, b\u1ea1n c\u1ea7n chu\u1ea9n b\u1ecb m\u1ed7i lo\u1ea1i m\u1ed9t b\u1ea3n gi\u1ea5y t\u1edd ch\u1ee9ng minh danh t\u00ednh v\u00e0 ch\u1ee9ng minh \u0111\u1ecba ch\u1ec9. Ch\u00fang t\u00f4i khuy\u1ebfn ngh\u1ecb b\u1ea1n chu\u1ea9n b\u1ecb tr\u01b0\u1edbc c\u00e1c t\u00e0i li\u1ec7u n\u00e0y \u0111\u1ec3 c\u00f3 th\u1ec3 t\u1ea3i l\u00ean m\u1ed9t c\u00e1ch thu\u1eadn l\u1ee3i. &nbsp; H\u01b0\u1edbng d\u1eabn \u0111\u0103ng k\u00fd t\u00e0i kho\u1ea3n ho\u00e0n tr\u1ea3 Tr\u01b0\u1edbc ti\u00ean, h\u00e3y nh\u1ea5p v\u00e0o n\u00fat li\u00ean k\u1ebft d\u01b0\u1edbi \u0111\u00e2y \u0111\u1ec3 m\u1edf trang \u0111\u0103ng k\u00fd t\u00e0i kho\u1ea3n c\u1ee7a FXGT. &nbsp; &nbsp; Nh\u1eadp th\u00f4ng tin c\u00e1 nh\u00e2n Tr\u00ean&#8230;<\/p>\n","protected":false},"author":2,"featured_media":9309,"parent":9076,"menu_order":0,"comment_status":"closed","ping_status":"closed","template":"","meta":{"footnotes":""},"tags":[],"yoast_head":"<!-- This site is optimized with the Yoast SEO plugin v23.1 - https:\/\/yoast.com\/wordpress\/plugins\/seo\/ -->\n<title>H\u01b0\u1edbng d\u1eabn \u0111\u0103ng k\u00fd t\u00e0i kho\u1ea3n m\u1edbi t\u1ea1i FXGT - TariTali - L\u1ef1a ch\u1ecdn h\u00e0ng \u0111\u1ea7u cho ho\u00e0n tr\u1ea3 Forex<\/title>\n<meta name=\"robots\" content=\"index, follow, max-snippet:-1, max-image-preview:large, max-video-preview:-1\" \/>\n<link rel=\"canonical\" href=\"https:\/\/taritali.com\/vi\/fxgt\/opening\" \/>\n<meta property=\"og:locale\" content=\"vi_VN\" \/>\n<meta property=\"og:type\" content=\"article\" \/>\n<meta property=\"og:title\" content=\"H\u01b0\u1edbng d\u1eabn \u0111\u0103ng k\u00fd t\u00e0i kho\u1ea3n m\u1edbi t\u1ea1i FXGT - TariTali - L\u1ef1a ch\u1ecdn h\u00e0ng \u0111\u1ea7u cho ho\u00e0n tr\u1ea3 Forex\" \/>\n<meta property=\"og:description\" content=\"&nbsp; Ch\u00fang t\u00f4i s\u1ebd h\u01b0\u1edbng d\u1eabn b\u1ea1n c\u00e1ch m\u1edf t\u00e0i kho\u1ea3n ho\u00e0n tr\u1ea3 FXGT m\u1edbi th\u00f4ng qua trang web c\u1ee7a TariTali, c\u0169ng nh\u01b0 c\u00e1ch \u0111\u0103ng k\u00fd t\u00e0i kho\u1ea3n c\u1ee7a TariTali. Khi m\u1edf t\u00e0i kho\u1ea3n, b\u1ea1n c\u1ea7n chu\u1ea9n b\u1ecb m\u1ed7i lo\u1ea1i m\u1ed9t b\u1ea3n gi\u1ea5y t\u1edd ch\u1ee9ng minh danh t\u00ednh v\u00e0 ch\u1ee9ng minh \u0111\u1ecba ch\u1ec9. Ch\u00fang t\u00f4i khuy\u1ebfn ngh\u1ecb b\u1ea1n chu\u1ea9n b\u1ecb tr\u01b0\u1edbc c\u00e1c t\u00e0i li\u1ec7u n\u00e0y \u0111\u1ec3 c\u00f3 th\u1ec3 t\u1ea3i l\u00ean m\u1ed9t c\u00e1ch thu\u1eadn l\u1ee3i. &nbsp; H\u01b0\u1edbng d\u1eabn \u0111\u0103ng k\u00fd t\u00e0i kho\u1ea3n ho\u00e0n tr\u1ea3 Tr\u01b0\u1edbc ti\u00ean, h\u00e3y nh\u1ea5p v\u00e0o n\u00fat li\u00ean k\u1ebft d\u01b0\u1edbi \u0111\u00e2y \u0111\u1ec3 m\u1edf trang \u0111\u0103ng k\u00fd t\u00e0i kho\u1ea3n c\u1ee7a FXGT. &nbsp; &nbsp; Nh\u1eadp th\u00f4ng tin c\u00e1 nh\u00e2n Tr\u00ean...\" \/>\n<meta property=\"og:url\" content=\"https:\/\/taritali.com\/vi\/fxgt\/opening\" \/>\n<meta property=\"og:site_name\" content=\"TariTali - L\u1ef1a ch\u1ecdn h\u00e0ng \u0111\u1ea7u cho ho\u00e0n tr\u1ea3 Forex\" \/>\n<meta property=\"article:modified_time\" content=\"2026-04-22T00:11:52+00:00\" \/>\n<meta name=\"twitter:card\" content=\"summary_large_image\" \/>\n<meta name=\"twitter:label1\" content=\"\u01af\u1edbc t\u00ednh th\u1eddi gian \u0111\u1ecdc\" \/>\n\t<meta name=\"twitter:data1\" content=\"7 ph\u00fat\" \/>\n<script type=\"application\/ld+json\" class=\"yoast-schema-graph\">{\"@context\":\"https:\/\/schema.org\",\"@graph\":[{\"@type\":\"WebPage\",\"@id\":\"https:\/\/taritali.com\/vi\/fxgt\/opening\",\"url\":\"https:\/\/taritali.com\/vi\/fxgt\/opening\",\"name\":\"H\u01b0\u1edbng d\u1eabn \u0111\u0103ng k\u00fd t\u00e0i kho\u1ea3n m\u1edbi t\u1ea1i FXGT - TariTali - L\u1ef1a ch\u1ecdn h\u00e0ng \u0111\u1ea7u cho ho\u00e0n tr\u1ea3 Forex\",\"isPartOf\":{\"@id\":\"https:\/\/taritali.com\/vi\/#website\"},\"primaryImageOfPage\":{\"@id\":\"https:\/\/taritali.com\/vi\/fxgt\/opening#primaryimage\"},\"image\":{\"@id\":\"https:\/\/taritali.com\/vi\/fxgt\/opening#primaryimage\"},\"thumbnailUrl\":\"\",\"datePublished\":\"2020-03-03T04:25:10+00:00\",\"dateModified\":\"2026-04-22T00:11:52+00:00\",\"breadcrumb\":{\"@id\":\"https:\/\/taritali.com\/vi\/fxgt\/opening#breadcrumb\"},\"inLanguage\":\"vi\",\"potentialAction\":[{\"@type\":\"ReadAction\",\"target\":[\"https:\/\/taritali.com\/vi\/fxgt\/opening\"]}]},{\"@type\":\"ImageObject\",\"inLanguage\":\"vi\",\"@id\":\"https:\/\/taritali.com\/vi\/fxgt\/opening#primaryimage\",\"url\":\"\",\"contentUrl\":\"\"},{\"@type\":\"BreadcrumbList\",\"@id\":\"https:\/\/taritali.com\/vi\/fxgt\/opening#breadcrumb\",\"itemListElement\":[{\"@type\":\"ListItem\",\"position\":1,\"name\":\"Trang ch\u1ee7\",\"item\":\"https:\/\/taritali.com\/vi\/\"},{\"@type\":\"ListItem\",\"position\":2,\"name\":\"\u0110\u0103ng k\u00fd t\u00e0i kho\u1ea3n ho\u00e0n tr\u1ea3 FXGT\",\"item\":\"https:\/\/taritali.com\/vi\/fxgt\"},{\"@type\":\"ListItem\",\"position\":3,\"name\":\"H\u01b0\u1edbng d\u1eabn \u0111\u0103ng k\u00fd t\u00e0i kho\u1ea3n m\u1edbi t\u1ea1i FXGT\"}]},{\"@type\":\"WebSite\",\"@id\":\"https:\/\/taritali.com\/vi\/#website\",\"url\":\"https:\/\/taritali.com\/vi\/\",\"name\":\"TariTali - L\u1ef1a ch\u1ecdn h\u00e0ng \u0111\u1ea7u cho ho\u00e0n tr\u1ea3 Forex\",\"description\":\"\",\"publisher\":{\"@id\":\"https:\/\/taritali.com\/vi\/#organization\"},\"potentialAction\":[{\"@type\":\"SearchAction\",\"target\":{\"@type\":\"EntryPoint\",\"urlTemplate\":\"https:\/\/taritali.com\/vi\/?s={search_term_string}\"},\"query-input\":\"required name=search_term_string\"}],\"inLanguage\":\"vi\"},{\"@type\":\"Organization\",\"@id\":\"https:\/\/taritali.com\/vi\/#organization\",\"name\":\"TariTali - L\u1ef1a ch\u1ecdn h\u00e0ng \u0111\u1ea7u cho ho\u00e0n tr\u1ea3 Forex\",\"url\":\"https:\/\/taritali.com\/vi\/\",\"logo\":{\"@type\":\"ImageObject\",\"inLanguage\":\"vi\",\"@id\":\"https:\/\/taritali.com\/vi\/#\/schema\/logo\/image\/\",\"url\":\"https:\/\/taritali.com\/vi\/wp-content\/uploads\/sites\/2\/2024\/01\/logo.png\",\"contentUrl\":\"https:\/\/taritali.com\/vi\/wp-content\/uploads\/sites\/2\/2024\/01\/logo.png\",\"width\":215,\"height\":90,\"caption\":\"TariTali - L\u1ef1a ch\u1ecdn h\u00e0ng \u0111\u1ea7u cho ho\u00e0n tr\u1ea3 Forex\"},\"image\":{\"@id\":\"https:\/\/taritali.com\/vi\/#\/schema\/logo\/image\/\"}}]}<\/script>\n<!-- \/ Yoast SEO plugin. -->","yoast_head_json":{"title":"H\u01b0\u1edbng d\u1eabn \u0111\u0103ng k\u00fd t\u00e0i kho\u1ea3n m\u1edbi t\u1ea1i FXGT - TariTali - L\u1ef1a ch\u1ecdn h\u00e0ng \u0111\u1ea7u cho ho\u00e0n tr\u1ea3 Forex","robots":{"index":"index","follow":"follow","max-snippet":"max-snippet:-1","max-image-preview":"max-image-preview:large","max-video-preview":"max-video-preview:-1"},"canonical":"https:\/\/taritali.com\/vi\/fxgt\/opening","og_locale":"vi_VN","og_type":"article","og_title":"H\u01b0\u1edbng d\u1eabn \u0111\u0103ng k\u00fd t\u00e0i kho\u1ea3n m\u1edbi t\u1ea1i FXGT - TariTali - L\u1ef1a ch\u1ecdn h\u00e0ng \u0111\u1ea7u cho ho\u00e0n tr\u1ea3 Forex","og_description":"&nbsp; Ch\u00fang t\u00f4i s\u1ebd h\u01b0\u1edbng d\u1eabn b\u1ea1n c\u00e1ch m\u1edf t\u00e0i kho\u1ea3n ho\u00e0n tr\u1ea3 FXGT m\u1edbi th\u00f4ng qua trang web c\u1ee7a TariTali, c\u0169ng nh\u01b0 c\u00e1ch \u0111\u0103ng k\u00fd t\u00e0i kho\u1ea3n c\u1ee7a TariTali. Khi m\u1edf t\u00e0i kho\u1ea3n, b\u1ea1n c\u1ea7n chu\u1ea9n b\u1ecb m\u1ed7i lo\u1ea1i m\u1ed9t b\u1ea3n gi\u1ea5y t\u1edd ch\u1ee9ng minh danh t\u00ednh v\u00e0 ch\u1ee9ng minh \u0111\u1ecba ch\u1ec9. Ch\u00fang t\u00f4i khuy\u1ebfn ngh\u1ecb b\u1ea1n chu\u1ea9n b\u1ecb tr\u01b0\u1edbc c\u00e1c t\u00e0i li\u1ec7u n\u00e0y \u0111\u1ec3 c\u00f3 th\u1ec3 t\u1ea3i l\u00ean m\u1ed9t c\u00e1ch thu\u1eadn l\u1ee3i. &nbsp; H\u01b0\u1edbng d\u1eabn \u0111\u0103ng k\u00fd t\u00e0i kho\u1ea3n ho\u00e0n tr\u1ea3 Tr\u01b0\u1edbc ti\u00ean, h\u00e3y nh\u1ea5p v\u00e0o n\u00fat li\u00ean k\u1ebft d\u01b0\u1edbi \u0111\u00e2y \u0111\u1ec3 m\u1edf trang \u0111\u0103ng k\u00fd t\u00e0i kho\u1ea3n c\u1ee7a FXGT. &nbsp; &nbsp; Nh\u1eadp th\u00f4ng tin c\u00e1 nh\u00e2n Tr\u00ean...","og_url":"https:\/\/taritali.com\/vi\/fxgt\/opening","og_site_name":"TariTali - L\u1ef1a ch\u1ecdn h\u00e0ng \u0111\u1ea7u cho ho\u00e0n tr\u1ea3 Forex","article_modified_time":"2026-04-22T00:11:52+00:00","twitter_card":"summary_large_image","twitter_misc":{"\u01af\u1edbc t\u00ednh th\u1eddi gian \u0111\u1ecdc":"7 ph\u00fat"},"schema":{"@context":"https:\/\/schema.org","@graph":[{"@type":"WebPage","@id":"https:\/\/taritali.com\/vi\/fxgt\/opening","url":"https:\/\/taritali.com\/vi\/fxgt\/opening","name":"H\u01b0\u1edbng d\u1eabn \u0111\u0103ng k\u00fd t\u00e0i kho\u1ea3n m\u1edbi t\u1ea1i FXGT - TariTali - L\u1ef1a ch\u1ecdn h\u00e0ng \u0111\u1ea7u cho ho\u00e0n tr\u1ea3 Forex","isPartOf":{"@id":"https:\/\/taritali.com\/vi\/#website"},"primaryImageOfPage":{"@id":"https:\/\/taritali.com\/vi\/fxgt\/opening#primaryimage"},"image":{"@id":"https:\/\/taritali.com\/vi\/fxgt\/opening#primaryimage"},"thumbnailUrl":"","datePublished":"2020-03-03T04:25:10+00:00","dateModified":"2026-04-22T00:11:52+00:00","breadcrumb":{"@id":"https:\/\/taritali.com\/vi\/fxgt\/opening#breadcrumb"},"inLanguage":"vi","potentialAction":[{"@type":"ReadAction","target":["https:\/\/taritali.com\/vi\/fxgt\/opening"]}]},{"@type":"ImageObject","inLanguage":"vi","@id":"https:\/\/taritali.com\/vi\/fxgt\/opening#primaryimage","url":"","contentUrl":""},{"@type":"BreadcrumbList","@id":"https:\/\/taritali.com\/vi\/fxgt\/opening#breadcrumb","itemListElement":[{"@type":"ListItem","position":1,"name":"Trang ch\u1ee7","item":"https:\/\/taritali.com\/vi\/"},{"@type":"ListItem","position":2,"name":"\u0110\u0103ng k\u00fd t\u00e0i kho\u1ea3n ho\u00e0n tr\u1ea3 FXGT","item":"https:\/\/taritali.com\/vi\/fxgt"},{"@type":"ListItem","position":3,"name":"H\u01b0\u1edbng d\u1eabn \u0111\u0103ng k\u00fd t\u00e0i kho\u1ea3n m\u1edbi t\u1ea1i FXGT"}]},{"@type":"WebSite","@id":"https:\/\/taritali.com\/vi\/#website","url":"https:\/\/taritali.com\/vi\/","name":"TariTali - L\u1ef1a ch\u1ecdn h\u00e0ng \u0111\u1ea7u cho ho\u00e0n tr\u1ea3 Forex","description":"","publisher":{"@id":"https:\/\/taritali.com\/vi\/#organization"},"potentialAction":[{"@type":"SearchAction","target":{"@type":"EntryPoint","urlTemplate":"https:\/\/taritali.com\/vi\/?s={search_term_string}"},"query-input":"required name=search_term_string"}],"inLanguage":"vi"},{"@type":"Organization","@id":"https:\/\/taritali.com\/vi\/#organization","name":"TariTali - L\u1ef1a ch\u1ecdn h\u00e0ng \u0111\u1ea7u cho ho\u00e0n tr\u1ea3 Forex","url":"https:\/\/taritali.com\/vi\/","logo":{"@type":"ImageObject","inLanguage":"vi","@id":"https:\/\/taritali.com\/vi\/#\/schema\/logo\/image\/","url":"https:\/\/taritali.com\/vi\/wp-content\/uploads\/sites\/2\/2024\/01\/logo.png","contentUrl":"https:\/\/taritali.com\/vi\/wp-content\/uploads\/sites\/2\/2024\/01\/logo.png","width":215,"height":90,"caption":"TariTali - L\u1ef1a ch\u1ecdn h\u00e0ng \u0111\u1ea7u cho ho\u00e0n tr\u1ea3 Forex"},"image":{"@id":"https:\/\/taritali.com\/vi\/#\/schema\/logo\/image\/"}}]}},"_links":{"self":[{"href":"https:\/\/taritali.com\/vi\/wp-json\/wp\/v2\/pages\/9307"}],"collection":[{"href":"https:\/\/taritali.com\/vi\/wp-json\/wp\/v2\/pages"}],"about":[{"href":"https:\/\/taritali.com\/vi\/wp-json\/wp\/v2\/types\/page"}],"author":[{"embeddable":true,"href":"https:\/\/taritali.com\/vi\/wp-json\/wp\/v2\/users\/2"}],"replies":[{"embeddable":true,"href":"https:\/\/taritali.com\/vi\/wp-json\/wp\/v2\/comments?post=9307"}],"version-history":[{"count":9,"href":"https:\/\/taritali.com\/vi\/wp-json\/wp\/v2\/pages\/9307\/revisions"}],"predecessor-version":[{"id":34887,"href":"https:\/\/taritali.com\/vi\/wp-json\/wp\/v2\/pages\/9307\/revisions\/34887"}],"up":[{"embeddable":true,"href":"https:\/\/taritali.com\/vi\/wp-json\/wp\/v2\/pages\/9076"}],"wp:featuredmedia":[{"embeddable":true,"href":"https:\/\/taritali.com\/vi\/wp-json\/"}],"wp:attachment":[{"href":"https:\/\/taritali.com\/vi\/wp-json\/wp\/v2\/media?parent=9307"}],"wp:term":[{"taxonomy":"post_tag","embeddable":true,"href":"https:\/\/taritali.com\/vi\/wp-json\/wp\/v2\/tags?post=9307"}],"curies":[{"name":"wp","href":"https:\/\/api.w.org\/{rel}","templated":true}]}}